{"id":68261791,"date":"2022-02-05T14:48:55","date_gmt":"2022-02-05T13:48:55","guid":{"rendered":"https:\/\/kraftwerk-shop.cc\/?post_type=product&#038;p=68261791"},"modified":"2026-02-15T00:45:55","modified_gmt":"2026-02-14T23:45:55","slug":"cometic-5-warstwowe-uszczelki-glowicy-cylindrow-chrysler-dodge-jeep-ram-57-040","status":"publish","type":"product","link":"https:\/\/kraftwerk-shop.cc\/pl\/produkt\/cometic-5-schichtige-zylinderkopfdichtungen-chrysler-dodge-jeep-ram-57-040\/","title":{"rendered":"5-warstwowe uszczelki g\u0142owicy cylindr\u00f3w Cometic 5.7 Hemi"},"content":{"rendered":"<h1>5-warstwowe uszczelki g\u0142owicy cylindr\u00f3w Cometic 5.7 Hemi do Chrysler 300C, Dodge Challenger, Charger, Durango Magnum, Jeep Commander, Grand Cherokee i RAM<\/h1>\n<p>&nbsp;<\/p>\n<p>Uszczelki Cometic MLX sk\u0142adaj\u0105 si\u0119 z kilku warstw stali nierdzewnej, kt\u00f3ra charakteryzuje si\u0119 wi\u0119ksz\u0105 wytrzyma\u0142o\u015bci\u0105, spr\u0119\u017cysto\u015bci\u0105 i odporno\u015bci\u0105 na korozj\u0119.<br \/>\nZewn\u0119trzne warstwy uszczelek s\u0105 wyt\u0142aczane i obustronnie powlekane Vitonem - materia\u0142em na bazie kauczuku fluoroelastomerowego, kt\u00f3ry jest odporny na temperatur\u0119 do 250 \u00b0C. Viton zosta\u0142 zaprojektowany tak, aby spe\u0142nia\u0107 wymagania szerokiego zakresu trudnych \u015brodowisk uszczelniania, warunk\u00f3w obci\u0105\u017cenia i wyko\u0144czenia powierzchni.<br \/>\nWarstwa \u015brodkowa lub warstwa po\u015brednia to niepowlekana warstwa ze stali nierdzewnej, kt\u00f3ra jest sk\u0142adana z powrotem na siebie, tworz\u0105c cz\u0119\u015b\u0107 blokuj\u0105c\u0105 uszczelnienia otworu.<\/p>\n<p>&nbsp;<\/p>\n<p><strong>Zakres dostawy:<\/strong><\/p>\n<ul>\n<li>2 uszczelki g\u0142owicy cylindr\u00f3w, grubo\u015b\u0107 uszczelki 0,040\u2033, otw\u00f3r 4,000\u2033<\/li>\n<\/ul>\n<p>&nbsp;<\/p>\n<p><strong>Odpowiedni dla:<\/strong><\/p>\n<table width=\"562\">\n<tbody>\n<tr>\n<td width=\"136\">Chrysler<\/td>\n<td width=\"230\">300C<\/td>\n<td width=\"196\">5.7<\/td>\n<\/tr>\n<tr>\n<td>Dodge<\/td>\n<td>Challenger<\/td>\n<td>5.7<\/td>\n<\/tr>\n<tr>\n<td>Dodge<\/td>\n<td>Charger<\/td>\n<td>5.7<\/td>\n<\/tr>\n<tr>\n<td>Dodge<\/td>\n<td>Magnum<\/td>\n<td>5.7<\/td>\n<\/tr>\n<tr>\n<td>Dodge<\/td>\n<td>Durango<\/td>\n<td>5.7<\/td>\n<\/tr>\n<tr>\n<td>Jeep<\/td>\n<td>Grand Cherokee<\/td>\n<td>5.7<\/td>\n<\/tr>\n<tr>\n<td>Jeep<\/td>\n<td>Commander<\/td>\n<td>5.7<\/td>\n<\/tr>\n<tr>\n<td>RAM<\/td>\n<td>1500<\/td>\n<td>5.7<\/td>\n<\/tr>\n<\/tbody>\n<\/table>\n<p>&nbsp;<\/p>\n<p><strong>UWAGA:<\/strong> Zdecydowanie zalecamy stosowanie \u015brub g\u0142owicy ARP do monta\u017cu tych wielowarstwowych uszczelek g\u0142owicy cylindr\u00f3w.<\/p>","protected":false},"excerpt":{"rendered":"<p>Grubo\u015b\u0107 uszczelki 0,040\u2033, otw\u00f3r 4,000\u2033<\/p>","protected":false},"featured_media":68278151,"comment_status":"open","ping_status":"closed","template":"","meta":{"_acf_changed":false},"product_brand":[19063],"product_cat":[6710,6706,6725,6721,6730,6726,6715,6711,6735,6731,6740,6736,8094,8090,19346,19350,6720,6716,6745,6741,6750,6746,6755,6751,9963,9959],"product_tag":[3443,52,91,54,53,48,536,3448,604,7222,94,571,49,3853,3854,56,126,50,4425,608,36,382,55,3432,3433,86,391,607,609,610],"class_list":{"0":"post-68261791","1":"product","2":"type-product","3":"status-publish","4":"has-post-thumbnail","6":"product_brand-cometic","7":"product_cat-300c-57-2005-2010-dichtungen-hardware","8":"product_cat-300c-57-2005-2010-zylinderkopf","9":"product_cat-300c-57-2011-2023-dichtungen-hardware","10":"product_cat-300c-57-2011-2023-zylinderkopf","11":"product_cat-challenger-57-dichtungen-hardware","12":"product_cat-challenger-57-zylinderkopf","13":"product_cat-charger-57-dichtungen-hardware","14":"product_cat-charger-57-zylinderkopf","15":"product_cat-charger-57-2011-2023-dichtungen-hardware","16":"product_cat-charger-57-2011-2023-zylinderkopf","17":"product_cat-durango-57-dichtungen-hardware","18":"product_cat-durango-57-zylinderkopf","19":"product_cat-magnum-57-dichtungen-hardware","20":"product_cat-magnum-57-zylinderkopf","21":"product_cat-commander-57-dichtungen-hardware","22":"product_cat-commander-57-zylinderkopf","23":"product_cat-jeep-grand-cherokee-5-7-2005-2010-dichtungen-hardware","24":"product_cat-grand-cherokee-57-2005-2010-zylinderkopf","25":"product_cat-grand-cherokee-57-2011-2021-dichtungen-hardware","26":"product_cat-grand-cherokee-57-2011-2021-zylinderkopf","27":"product_cat-1500-57-2009-2018-classic-dichtungen-hardware","28":"product_cat-1500-57-2009-2018-classic-zylinderkopf","29":"product_cat-1500-57-dt-dichtungen-hardware","30":"product_cat-1500-57-dt-zylinderkopf","31":"product_cat-2500-3500-57-zylinderkopf","32":"product_cat-2500-3500-57-dichtungen-hardware","33":"product_tag-0-040","34":"product_tag-300c","35":"product_tag-5-7","36":"product_tag-challenger","37":"product_tag-charger","38":"product_tag-chrysler","39":"product_tag-chrysler-300c","40":"product_tag-cmt-5lyrgskt-57040","41":"product_tag-cometic","42":"product_tag-cometic10","43":"product_tag-commander","44":"product_tag-dichtung","45":"product_tag-dodge","46":"product_tag-dodge-challenger","47":"product_tag-dodge-charger","48":"product_tag-grand-cherokee","49":"product_tag-hemi","50":"product_tag-jeep","51":"product_tag-jeep-grand-cherokee","52":"product_tag-kopf","53":"product_tag-kraftwerk","54":"product_tag-ladedruck","55":"product_tag-magnum","56":"product_tag-mehrschichtig","57":"product_tag-metalldichtung","58":"product_tag-ram","59":"product_tag-verstaerkt","60":"product_tag-zylinder","61":"product_tag-zylinderkopf","62":"product_tag-zylinderkopfdichtung","64":"first","65":"onbackorder","66":"taxable","67":"shipping-taxable","68":"purchasable","69":"product-type-simple"},"bundled_by":[],"bundle_stock_status":"onbackorder","bundle_stock_quantity":0,"bundle_virtual":false,"bundle_layout":"","bundle_add_to_cart_form_location":"","bundle_editable_in_cart":false,"bundle_sold_individually_context":"","bundle_item_grouping":"","bundle_min_size":"","bundle_max_size":"","bundle_price":[],"bundled_items":[],"bundle_sell_ids":[],"exclude_global_add_ons":[],"addons":[],"acf":[],"_links":{"self":[{"href":"https:\/\/kraftwerk-shop.cc\/pl\/wp-json\/wp\/v2\/product\/68261791","targetHints":{"allow":["GET"]}}],"collection":[{"href":"https:\/\/kraftwerk-shop.cc\/pl\/wp-json\/wp\/v2\/product"}],"about":[{"href":"https:\/\/kraftwerk-shop.cc\/pl\/wp-json\/wp\/v2\/types\/product"}],"replies":[{"embeddable":true,"href":"https:\/\/kraftwerk-shop.cc\/pl\/wp-json\/wp\/v2\/comments?post=68261791"}],"version-history":[{"count":0,"href":"https:\/\/kraftwerk-shop.cc\/pl\/wp-json\/wp\/v2\/product\/68261791\/revisions"}],"wp:featuredmedia":[{"embeddable":true,"href":"https:\/\/kraftwerk-shop.cc\/pl\/wp-json\/wp\/v2\/media\/68278151"}],"wp:attachment":[{"href":"https:\/\/kraftwerk-shop.cc\/pl\/wp-json\/wp\/v2\/media?parent=68261791"}],"wp:term":[{"taxonomy":"product_brand","embeddable":true,"href":"https:\/\/kraftwerk-shop.cc\/pl\/wp-json\/wp\/v2\/product_brand?post=68261791"},{"taxonomy":"product_cat","embeddable":true,"href":"https:\/\/kraftwerk-shop.cc\/pl\/wp-json\/wp\/v2\/product_cat?post=68261791"},{"taxonomy":"product_tag","embeddable":true,"href":"https:\/\/kraftwerk-shop.cc\/pl\/wp-json\/wp\/v2\/product_tag?post=68261791"}],"curies":[{"name":"wp","href":"https:\/\/api.w.org\/{rel}","templated":true}]}}