{"id":68261866,"date":"2022-02-06T01:23:50","date_gmt":"2022-02-06T00:23:50","guid":{"rendered":"https:\/\/kraftwerk-shop.cc\/?post_type=product&#038;p=68261866"},"modified":"2026-03-18T19:06:06","modified_gmt":"2026-03-18T18:06:06","slug":"klocki-hamulcowe-ebc-bluestuff-dp51853ndx","status":"publish","type":"product","link":"https:\/\/kraftwerk-shop.cc\/pl\/produkt\/ebc-bluestuff-bremsbelaege-dp51853ndx\/","title":{"rendered":"Klocki hamulcowe EBC Bluestuff DP51853NDX"},"content":{"rendered":"<h1>Klocki hamulcowe EBC Bluestuff do Chrysler 300C, Dodge Challenger i Charger 6.2 Hellcat i 6.4 SRT, Dodge Durango 6.4 SRT i Jeep Grand Cherokee 6.4 SRT (przednia o\u015b)<\/h1>\n<p>&nbsp;<\/p>\n<p><span style=\"color: #000000;\">Bluestuff to 4 kategoria sportowych klock\u00f3w hamulcowych EBC.<\/span><\/p>\n<p><span style=\"color: #000000;\">Jako idealny po\u015bredni krok mi\u0119dzy klockami szosowymi i wy\u015bcigowymi, klocek hamulcowy Bluestuff jest wyborem numer jeden dla wielu rowerzyst\u00f3w, kt\u00f3rzy potrzebuj\u0105 klocka zar\u00f3wno do szybkich zastosowa\u0144 drogowych, trackday (jazda wolna) lub kr\u00f3tszych wy\u015bcig\u00f3w.<\/span><\/p>\n<p><span style=\"color: #000000;\"> Kierowcy, kt\u00f3rzy maj\u0105 ju\u017c do\u015bwiadczenie z klockami szosowymi Yellowstuff, mog\u0105 por\u00f3wna\u0107 Bluestuff z klockami EBC Yellowstuff, ale z nieco wy\u017cszym wsp\u00f3\u0142czynnikiem tarcia i odrobin\u0105 dodatkowego \"ugryzienia\" na g\u00f3rze.<\/span><\/p>\n<p><span style=\"color: #000000;\"> Bluestuff ma nieco wy\u017cszy wsp\u00f3\u0142czynnik tarcia, ale zapewnia doskona\u0142e wyczucie peda\u0142u zar\u00f3wno na drodze, jak i na torze oraz ma wy\u017csz\u0105 odporno\u015b\u0107 na zanikanie hamulc\u00f3w.<\/span><\/p>\n<p><span style=\"color: #000000;\"> Jednak EBC Brakes Bluestuff to klocki hamulcowe przeznaczone na tor, co oznacza, \u017ce w przeciwie\u0144stwie do Yellowstuff, powstaje wi\u0119cej py\u0142u hamulcowego i mo\u017ce wyst\u0105pi\u0107 ha\u0142as podczas hamowania, co cz\u0119sto mo\u017ce si\u0119 zdarzy\u0107 w przypadku materia\u0142\u00f3w ciernych zorientowanych na osi\u0105gi i klock\u00f3w wy\u015bcigowych.<\/span><\/p>\n<p><span style=\"color: #000000;\"> G\u0142\u0119bokie rowki w kszta\u0142cie litery V zapewniaj\u0105 optymaln\u0105 wentylacj\u0119 i wychwytuj\u0105 brud, kurz i \u015bcieranie. Nowy materia\u0142 cierny NDX firmy EBC Brakes jest po\u0142\u0105czony z p\u0142ytk\u0105 no\u015bn\u0105 za pomoc\u0105 dodatkowej chemicznej warstwy po\u015bredniej. Zwi\u0119ksza to 5-krotnie przyczepno\u015b\u0107 i odporno\u015b\u0107 na si\u0142y \u015bcinaj\u0105ce. Klocek hamulcowy jest \"wst\u0119pnie docierany\", \u017ce tak powiem, za pomoc\u0105 pog\u0142\u0119bienia powierzchni, co umo\u017cliwia faz\u0119 docierania obejmuj\u0105c\u0105 tylko 3-4 hamowania na torze wy\u015bcigowym.<\/span><\/p>\n<p>&nbsp;<\/p>\n<p>&nbsp;<\/p>\n<p><img decoding=\"async\" class=\"alignnone wp-image-68256974\" src=\"https:\/\/kraftwerk-shop.cc\/wp-content\/uploads\/2021\/10\/EBC_Bluestuff_Eigenschaften-300x229.jpg\" alt=\"\" width=\"450\" height=\"343\" \/><\/p>\n<p>&nbsp;<\/p>\n<p>Numer OE (tylko do cel\u00f3w por\u00f3wnawczych): 68248384AA, 68248384AB, 68248384AC , 68248384AD, 68144427AA, 68144427AB, 68303052AA<br \/>\nZatwierdzenie: REG90<\/p>\n<p>Miejsce instalacji: O\u015b przednia<\/p>\n<p>&nbsp;<\/p>\n<p><strong>Odpowiedni dla:<\/strong><\/p>\n<table width=\"905\">\n<tbody>\n<tr>\n<td width=\"209\">Chrysler<\/td>\n<td width=\"165\">300C<\/td>\n<td width=\"206\">6.4<\/td>\n<td width=\"325\">2015-2020 z tarczami hamulcowymi 390 mm<\/td>\n<\/tr>\n<tr>\n<td width=\"209\">Chrysler<\/td>\n<td width=\"165\">300C<\/td>\n<td width=\"206\">6.4<\/td>\n<td width=\"325\">2021 - 2023 z tarczami hamulcowymi 400 mm<\/td>\n<\/tr>\n<tr>\n<td width=\"209\">Dodge<\/td>\n<td width=\"165\">Challenger<\/td>\n<td width=\"206\">6.4<\/td>\n<td width=\"325\">2015-2020 z tarczami hamulcowymi 390 mm<\/td>\n<\/tr>\n<tr>\n<td width=\"209\">Dodge<\/td>\n<td width=\"165\">Challenger<\/td>\n<td width=\"206\">6.4<\/td>\n<td width=\"325\">2021 - 2023 z tarczami hamulcowymi 400 mm<\/td>\n<\/tr>\n<tr>\n<td width=\"209\">Dodge<\/td>\n<td width=\"165\">Challenger Hellcat<\/td>\n<td width=\"206\">6.2<\/td>\n<td width=\"325\">2015-2020 z tarczami hamulcowymi 390 mm<\/td>\n<\/tr>\n<tr>\n<td width=\"209\">Dodge<\/td>\n<td width=\"165\">Challenger Hellcat<\/td>\n<td width=\"206\">6.2<\/td>\n<td width=\"325\">2021 - 2023 z tarczami hamulcowymi 400 mm<\/td>\n<\/tr>\n<tr>\n<td width=\"209\">Dodge<\/td>\n<td width=\"165\">Charger<\/td>\n<td width=\"206\">6.4<\/td>\n<td width=\"325\">2015-2020 z tarczami hamulcowymi 390 mm<\/td>\n<\/tr>\n<tr>\n<td width=\"209\">Dodge<\/td>\n<td width=\"165\">Charger<\/td>\n<td width=\"206\">6.4<\/td>\n<td width=\"325\">2021 - 2023 z tarczami hamulcowymi 400 mm<\/td>\n<\/tr>\n<tr>\n<td width=\"209\">Dodge<\/td>\n<td width=\"165\">Charger Hellcat<\/td>\n<td width=\"206\">6.2<\/td>\n<td width=\"325\">2015-2020 z tarczami hamulcowymi 390 mm<\/td>\n<\/tr>\n<tr>\n<td width=\"209\">Dodge<\/td>\n<td width=\"165\">Charger Hellcat<\/td>\n<td width=\"206\">6.2<\/td>\n<td width=\"325\">2021 - 2023 z tarczami hamulcowymi 400 mm<\/td>\n<\/tr>\n<tr>\n<td width=\"209\">Jeep<\/td>\n<td width=\"165\">Grand Cherokee<\/td>\n<td width=\"206\">6.4<\/td>\n<td width=\"325\">2011 - 2021 z tarczami hamulcowymi 380 mm<\/td>\n<\/tr>\n<tr>\n<td width=\"209\">Dodge<\/td>\n<td width=\"165\">Durango<\/td>\n<td width=\"206\">6.4<\/td>\n<td width=\"325\">2018 - 2024 z tarczami hamulcowymi 380 mm<\/td>\n<\/tr>\n<\/tbody>\n<\/table>\n<p>&nbsp;<\/p>\n<p><strong>Zakres dostawy: <\/strong><\/p>\n<p>- 1 zestaw klock\u00f3w hamulcowych EBC Bluestuff (DP51853NDX) na przedni\u0105 o\u015b<\/p>","protected":false},"excerpt":{"rendered":"<p>Nadaje si\u0119 do tarcz hamulcowych 380, 390 i 400 mm<\/p>","protected":false},"featured_media":68274446,"comment_status":"open","ping_status":"closed","template":"","meta":{"_acf_changed":false},"product_brand":[16875],"product_cat":[17735,17691,17687,17759,17763,17932,17966],"product_tag":[52,2176,2194,217,101,93,929,930,945,943,944,6821,931,1046,2491,590,10803,10805,795,840,54,53,48,536,49,3853,3854,3484,95,964,2442,16877,16876,16878,56,100,126,50,4425,36,2492,2138,970,96,2139,842,841,673,2135,2137],"class_list":{"0":"post-68261866","1":"product","2":"type-product","3":"status-publish","4":"has-post-thumbnail","6":"product_brand-ebc-brakes","7":"product_cat-300c-64-bremsbelaege-vorne","8":"product_cat-challenger-hellcat-bremsbelaege-vorne","9":"product_cat-challenger-64-bremsbelaege-vorne","10":"product_cat-charger-hellcat-bremsbelaege-vorne","11":"product_cat-charger-64-bremsbelaege-vorne","12":"product_cat-durango-64-bremsbelaege-vorne","13":"product_cat-grand-cherokee-64-bremsbelaege-vorne","14":"product_tag-300c","15":"product_tag-380-mm","16":"product_tag-390-mm","17":"product_tag-217","18":"product_tag-6-2","19":"product_tag-6-4","20":"product_tag-68144427aa","21":"product_tag-68144427ab","22":"product_tag-68248384aa","23":"product_tag-68248384ab","24":"product_tag-68248384ac","25":"product_tag-68248384ad","26":"product_tag-68303052aa","27":"product_tag-abe","28":"product_tag-bluestuff","29":"product_tag-bremsbelaege","30":"product_tag-bremsbelaege-fuer-dodge-challenger-6-4","31":"product_tag-bremsbelaege-fuer-jeep-grand-cherokee-6-4-srt","32":"product_tag-bremse","33":"product_tag-bremskloetze","34":"product_tag-challenger","35":"product_tag-charger","36":"product_tag-chrysler","37":"product_tag-chrysler-300c","38":"product_tag-dodge","39":"product_tag-dodge-challenger","40":"product_tag-dodge-charger","41":"product_tag-dp51853ndx","42":"product_tag-durango","43":"product_tag-ebc","44":"product_tag-ebc-brakes","45":"product_tag-ebc-bremsbelaege","46":"product_tag-ebc-bremsen","47":"product_tag-ebc-bremsscheiben","48":"product_tag-grand-cherokee","49":"product_tag-hellcat","50":"product_tag-hemi","51":"product_tag-jeep","52":"product_tag-jeep-grand-cherokee","53":"product_tag-kraftwerk","54":"product_tag-ndx","55":"product_tag-reg90","56":"product_tag-sportbremsbelaege","57":"product_tag-srt","58":"product_tag-tuev","59":"product_tag-vorderachse","60":"product_tag-vorne","61":"product_tag-zubehoer","62":"product_tag-zubehoerbremsbelaege","63":"product_tag-zulassung","65":"first","66":"instock","67":"taxable","68":"shipping-taxable","69":"purchasable","70":"product-type-simple"},"bundled_by":[],"bundle_stock_status":"instock","bundle_stock_quantity":2,"bundle_virtual":false,"bundle_layout":"","bundle_add_to_cart_form_location":"","bundle_editable_in_cart":false,"bundle_sold_individually_context":"","bundle_item_grouping":"","bundle_min_size":"","bundle_max_size":"","bundle_price":[],"bundled_items":[],"bundle_sell_ids":[],"exclude_global_add_ons":[],"addons":[],"acf":[],"_links":{"self":[{"href":"https:\/\/kraftwerk-shop.cc\/pl\/wp-json\/wp\/v2\/product\/68261866","targetHints":{"allow":["GET"]}}],"collection":[{"href":"https:\/\/kraftwerk-shop.cc\/pl\/wp-json\/wp\/v2\/product"}],"about":[{"href":"https:\/\/kraftwerk-shop.cc\/pl\/wp-json\/wp\/v2\/types\/product"}],"replies":[{"embeddable":true,"href":"https:\/\/kraftwerk-shop.cc\/pl\/wp-json\/wp\/v2\/comments?post=68261866"}],"version-history":[{"count":0,"href":"https:\/\/kraftwerk-shop.cc\/pl\/wp-json\/wp\/v2\/product\/68261866\/revisions"}],"wp:featuredmedia":[{"embeddable":true,"href":"https:\/\/kraftwerk-shop.cc\/pl\/wp-json\/wp\/v2\/media\/68274446"}],"wp:attachment":[{"href":"https:\/\/kraftwerk-shop.cc\/pl\/wp-json\/wp\/v2\/media?parent=68261866"}],"wp:term":[{"taxonomy":"product_brand","embeddable":true,"href":"https:\/\/kraftwerk-shop.cc\/pl\/wp-json\/wp\/v2\/product_brand?post=68261866"},{"taxonomy":"product_cat","embeddable":true,"href":"https:\/\/kraftwerk-shop.cc\/pl\/wp-json\/wp\/v2\/product_cat?post=68261866"},{"taxonomy":"product_tag","embeddable":true,"href":"https:\/\/kraftwerk-shop.cc\/pl\/wp-json\/wp\/v2\/product_tag?post=68261866"}],"curies":[{"name":"wp","href":"https:\/\/api.w.org\/{rel}","templated":true}]}}