{"id":68261877,"date":"2022-02-06T11:47:24","date_gmt":"2022-02-06T10:47:24","guid":{"rendered":"https:\/\/kraftwerk-shop.cc\/?post_type=product&#038;p=68261877"},"modified":"2026-03-18T19:06:07","modified_gmt":"2026-03-18T18:06:07","slug":"klocki-hamulcowe-ebc-bluestuff-dp51788ndx","status":"publish","type":"product","link":"https:\/\/kraftwerk-shop.cc\/pl\/produkt\/ebc-bluestuff-bremsbelaege-dp51788ndx\/","title":{"rendered":"Klocki hamulcowe EBC Bluestuff DP51788NDX"},"content":{"rendered":"<h1>Klocki hamulcowe EBC Bluestuff do Chrysler 300C, Dodge Challenger, Charger, Magnum, Durango, Jeep Grand Cherokee 6.1 SRT8, 6.2 Hellcat, 6.4 SRT i Chevrolet Camaro SS (tylna o\u015b)<\/h1>\n<p>&nbsp;<\/p>\n<p><span style=\"color: #000000;\">Bluestuff to 4 kategoria sportowych klock\u00f3w hamulcowych EBC.<\/span><\/p>\n<p><span style=\"color: #000000;\">Jako idealny po\u015bredni krok mi\u0119dzy klockami szosowymi i wy\u015bcigowymi, klocek hamulcowy Bluestuff jest wyborem numer jeden dla wielu rowerzyst\u00f3w, kt\u00f3rzy potrzebuj\u0105 klocka zar\u00f3wno do szybkich zastosowa\u0144 drogowych, trackday (jazda wolna) lub kr\u00f3tszych wy\u015bcig\u00f3w.<\/span><\/p>\n<p><span style=\"color: #000000;\"> Kierowcy, kt\u00f3rzy maj\u0105 ju\u017c do\u015bwiadczenie z klockami szosowymi Yellowstuff, mog\u0105 por\u00f3wna\u0107 Bluestuff z klockami EBC Yellowstuff, ale z nieco wy\u017cszym wsp\u00f3\u0142czynnikiem tarcia i odrobin\u0105 dodatkowego \"ugryzienia\" na g\u00f3rze.<\/span><\/p>\n<p><span style=\"color: #000000;\"> Bluestuff ma nieco wy\u017cszy wsp\u00f3\u0142czynnik tarcia, ale zapewnia doskona\u0142e wyczucie peda\u0142u zar\u00f3wno na drodze, jak i na torze oraz ma wy\u017csz\u0105 odporno\u015b\u0107 na zanikanie hamulc\u00f3w.<\/span><\/p>\n<p><span style=\"color: #000000;\"> Jednak EBC Brakes Bluestuff to klocki hamulcowe przeznaczone na tor, co oznacza, \u017ce w przeciwie\u0144stwie do Yellowstuff, powstaje wi\u0119cej py\u0142u hamulcowego i mo\u017ce wyst\u0105pi\u0107 ha\u0142as podczas hamowania, co cz\u0119sto mo\u017ce si\u0119 zdarzy\u0107 w przypadku materia\u0142\u00f3w ciernych zorientowanych na osi\u0105gi i klock\u00f3w wy\u015bcigowych.<\/span><\/p>\n<p><span style=\"color: #000000;\"> G\u0142\u0119bokie rowki w kszta\u0142cie litery V zapewniaj\u0105 optymaln\u0105 wentylacj\u0119 i wychwytuj\u0105 brud, kurz i \u015bcieranie. Nowy materia\u0142 cierny NDX firmy EBC Brakes jest po\u0142\u0105czony z p\u0142ytk\u0105 no\u015bn\u0105 za pomoc\u0105 dodatkowej chemicznej warstwy po\u015bredniej. Zwi\u0119ksza to 5-krotnie przyczepno\u015b\u0107 i odporno\u015b\u0107 na si\u0142y \u015bcinaj\u0105ce. Klocek hamulcowy jest \"wst\u0119pnie docierany\", \u017ce tak powiem, za pomoc\u0105 pog\u0142\u0119bienia powierzchni, co umo\u017cliwia faz\u0119 docierania obejmuj\u0105c\u0105 tylko 3-4 hamowania na torze wy\u015bcigowym.<\/span><\/p>\n<p>&nbsp;<\/p>\n<p>&nbsp;<\/p>\n<p><img decoding=\"async\" class=\"alignnone wp-image-68256974\" src=\"https:\/\/kraftwerk-shop.cc\/wp-content\/uploads\/2021\/10\/EBC_Bluestuff_Eigenschaften-300x229.jpg\" alt=\"\" width=\"450\" height=\"343\" \/><\/p>\n<p>&nbsp;<\/p>\n<p>Numer OE (tylko do cel\u00f3w por\u00f3wnawczych): 68144432AA, 5174327AA, 5174327AB, 5174327AC, 68144223AA, 68144223AB, 68144223AC<br \/>\nZatwierdzenie: REG90<\/p>\n<p>Miejsce instalacji: Tylna o\u015b<\/p>\n<p>&nbsp;<\/p>\n<p>&nbsp;<\/p>\n<p><strong>Odpowiedni dla:<\/strong><\/p>\n<table width=\"582\">\n<tbody>\n<tr>\n<td width=\"165\">Chrysler<\/td>\n<td width=\"195\">300C<\/td>\n<td width=\"222\">6.1, 6.4<\/td>\n<\/tr>\n<tr>\n<td width=\"165\">Dodge<\/td>\n<td width=\"195\">Challenger<\/td>\n<td width=\"222\">6.1, 6.2 Hellcat, 6.4<\/td>\n<\/tr>\n<tr>\n<td width=\"165\">Dodge<\/td>\n<td width=\"195\">Charger<\/td>\n<td width=\"222\">6.1, 6.2 Hellcat, 6.4<\/td>\n<\/tr>\n<tr>\n<td width=\"165\">Dodge<\/td>\n<td width=\"195\">Durango<\/td>\n<td width=\"222\">6.2 Hellcat, 6.4<\/td>\n<\/tr>\n<tr>\n<td width=\"165\">Dodge<\/td>\n<td width=\"195\">Magnum<\/td>\n<td width=\"222\">6.1<\/td>\n<\/tr>\n<tr>\n<td width=\"165\">Jeep<\/td>\n<td width=\"195\">Grand Cherokee<\/td>\n<td width=\"222\">6.1, 6.2 Trackhawk, 6.4<\/td>\n<\/tr>\n<tr>\n<td width=\"165\">Chevrolet<\/td>\n<td width=\"195\">Camaro<\/td>\n<td width=\"222\">6.2 L99 (405 KM), 6.2 LS3 (432 KM)<\/td>\n<\/tr>\n<\/tbody>\n<\/table>\n<p>&nbsp;<\/p>\n<p><strong>Zakres dostawy: <\/strong><\/p>\n<p>- 1 zestaw klock\u00f3w hamulcowych EBC Bluestuff (DP51788NDX) na tyln\u0105 o\u015b<\/p>\n<p>&nbsp;<\/p>","protected":false},"excerpt":{"rendered":"<p>Klocki hamulcowe EBC Bluestuff dla Chrysler 300C, Dodge Challenger, Charger, Magnum, Durango, Jeep Grand Cherokee 6.1 SRT8, 6.2 Hellcat, 6.4 SRT<\/p>","protected":false},"featured_media":68274443,"comment_status":"open","ping_status":"closed","template":"","meta":{"_acf_changed":false},"product_brand":[16875],"product_cat":[2680,17732,17736,17696,17692,17688,17756,17760,17764,17929,17933,17776,17957,17962,17967],"product_tag":[846,951,952,52,217,844,845,843,92,101,93,928,949,950,933,1046,2491,590,10803,795,840,54,53,48,536,49,3853,3854,3485,95,964,2442,16877,16876,16878,56,100,126,798,799,50,4425,4427,4426,36,2492,2138,970,96,102,2139,673,2135,2137],"class_list":{"0":"post-68261877","1":"product","2":"type-product","3":"status-publish","4":"has-post-thumbnail","6":"product_brand-ebc-brakes","7":"product_cat-camaro-62-2010-2015-bremsen-hinten","8":"product_cat-300c-61-bremsbelaege-hinten","9":"product_cat-300c-64-bremsbelaege-hinten","10":"product_cat-challenger-61-bremsbelaege-hinten","11":"product_cat-challenger-hellcat-bremsbelaege-hinten","12":"product_cat-challenger-64-bremsbelaege-hinten","13":"product_cat-charger-61-bremsbelaege-hinten","14":"product_cat-charger-hellcat-bremsbelaege-hinten","15":"product_cat-charger-64-bremsbelaege-hinten","16":"product_cat-durango-hellcat-bremsbelaege-hinten","17":"product_cat-durango-64-bremsbelaege-hinten","18":"product_cat-magnum-61-bremsbelaege-hinten","19":"product_cat-grand-cherokee-61-bremsbelaege-hinten","20":"product_cat-trackhawk-bremsbelaege-hinten","21":"product_cat-grand-cherokee-64-bremsbelaege-hinten","22":"product_tag-05174327aa","23":"product_tag-05174327ab","24":"product_tag-05174327ac","25":"product_tag-300c","26":"product_tag-217","27":"product_tag-5174327aa","28":"product_tag-5174327ab","29":"product_tag-5174327ac","30":"product_tag-6-1","31":"product_tag-6-2","32":"product_tag-6-4","33":"product_tag-68144223aa","34":"product_tag-68144223ab","35":"product_tag-68144223ac","36":"product_tag-68144432aa","37":"product_tag-abe","38":"product_tag-bluestuff","39":"product_tag-bremsbelaege","40":"product_tag-bremsbelaege-fuer-dodge-challenger-6-4","41":"product_tag-bremse","42":"product_tag-bremskloetze","43":"product_tag-challenger","44":"product_tag-charger","45":"product_tag-chrysler","46":"product_tag-chrysler-300c","47":"product_tag-dodge","48":"product_tag-dodge-challenger","49":"product_tag-dodge-charger","50":"product_tag-dp51788ndx","51":"product_tag-durango","52":"product_tag-ebc","53":"product_tag-ebc-brakes","54":"product_tag-ebc-bremsbelaege","55":"product_tag-ebc-bremsen","56":"product_tag-ebc-bremsscheiben","57":"product_tag-grand-cherokee","58":"product_tag-hellcat","59":"product_tag-hemi","60":"product_tag-hinten","61":"product_tag-hinterachse","62":"product_tag-jeep","63":"product_tag-jeep-grand-cherokee","64":"product_tag-jeep-grand-cherokee-trackhawk","65":"product_tag-jeep-trackhawk","66":"product_tag-kraftwerk","67":"product_tag-ndx","68":"product_tag-reg90","69":"product_tag-sportbremsbelaege","70":"product_tag-srt","71":"product_tag-trackhawk","72":"product_tag-tuev","73":"product_tag-zubehoer","74":"product_tag-zubehoerbremsbelaege","75":"product_tag-zulassung","77":"first","78":"instock","79":"taxable","80":"shipping-taxable","81":"purchasable","82":"product-type-simple"},"bundled_by":[],"bundle_stock_status":"instock","bundle_stock_quantity":2,"bundle_virtual":false,"bundle_layout":"","bundle_add_to_cart_form_location":"","bundle_editable_in_cart":false,"bundle_sold_individually_context":"","bundle_item_grouping":"","bundle_min_size":"","bundle_max_size":"","bundle_price":[],"bundled_items":[],"bundle_sell_ids":[],"exclude_global_add_ons":[],"addons":[],"acf":[],"_links":{"self":[{"href":"https:\/\/kraftwerk-shop.cc\/pl\/wp-json\/wp\/v2\/product\/68261877","targetHints":{"allow":["GET"]}}],"collection":[{"href":"https:\/\/kraftwerk-shop.cc\/pl\/wp-json\/wp\/v2\/product"}],"about":[{"href":"https:\/\/kraftwerk-shop.cc\/pl\/wp-json\/wp\/v2\/types\/product"}],"replies":[{"embeddable":true,"href":"https:\/\/kraftwerk-shop.cc\/pl\/wp-json\/wp\/v2\/comments?post=68261877"}],"version-history":[{"count":0,"href":"https:\/\/kraftwerk-shop.cc\/pl\/wp-json\/wp\/v2\/product\/68261877\/revisions"}],"wp:featuredmedia":[{"embeddable":true,"href":"https:\/\/kraftwerk-shop.cc\/pl\/wp-json\/wp\/v2\/media\/68274443"}],"wp:attachment":[{"href":"https:\/\/kraftwerk-shop.cc\/pl\/wp-json\/wp\/v2\/media?parent=68261877"}],"wp:term":[{"taxonomy":"product_brand","embeddable":true,"href":"https:\/\/kraftwerk-shop.cc\/pl\/wp-json\/wp\/v2\/product_brand?post=68261877"},{"taxonomy":"product_cat","embeddable":true,"href":"https:\/\/kraftwerk-shop.cc\/pl\/wp-json\/wp\/v2\/product_cat?post=68261877"},{"taxonomy":"product_tag","embeddable":true,"href":"https:\/\/kraftwerk-shop.cc\/pl\/wp-json\/wp\/v2\/product_tag?post=68261877"}],"curies":[{"name":"wp","href":"https:\/\/api.w.org\/{rel}","templated":true}]}}