{"id":68261899,"date":"2022-02-06T14:32:46","date_gmt":"2022-02-06T13:32:46","guid":{"rendered":"https:\/\/kraftwerk-shop.cc\/?post_type=product&#038;p=68261899"},"modified":"2026-02-15T00:06:02","modified_gmt":"2026-02-14T23:06:02","slug":"ebc-bluestuff-klocki-hamulcowe-dp52400ndx-jeep-trackhawk-dode-durango-hellcat","status":"publish","type":"product","link":"https:\/\/kraftwerk-shop.cc\/pl\/produkt\/ebc-bluestuff-bremsbelaege-dp52400ndx-jeep-trackhawk-dode-durango-hellcat\/","title":{"rendered":"Klocki hamulcowe EBC Bluestuff DP52400NDX"},"content":{"rendered":"<h1>Klocki hamulcowe EBC Bluestuff do Dodge Durango 6.2 Hellcat i Jeep Grand Cherokee 6.2 Trackhawk (przednia o\u015b)<\/h1>\n<p>&nbsp;<\/p>\n<p><span style=\"color: #000000;\">Bluestuff to 4 kategoria sportowych klock\u00f3w hamulcowych EBC.<\/span><\/p>\n<p><span style=\"color: #000000;\">Jako idealny po\u015bredni krok mi\u0119dzy klockami szosowymi i wy\u015bcigowymi, klocek hamulcowy Bluestuff jest wyborem numer jeden dla wielu rowerzyst\u00f3w, kt\u00f3rzy potrzebuj\u0105 klocka zar\u00f3wno do szybkich zastosowa\u0144 drogowych, trackday (jazda wolna) lub kr\u00f3tszych wy\u015bcig\u00f3w.<\/span><\/p>\n<p><span style=\"color: #000000;\"> Kierowcy, kt\u00f3rzy maj\u0105 ju\u017c do\u015bwiadczenie z klockami szosowymi Yellowstuff, mog\u0105 por\u00f3wna\u0107 Bluestuff z klockami EBC Yellowstuff, ale z nieco wy\u017cszym wsp\u00f3\u0142czynnikiem tarcia i odrobin\u0105 dodatkowego \"ugryzienia\" na g\u00f3rze.<\/span><\/p>\n<p><span style=\"color: #000000;\"> Bluestuff ma nieco wy\u017cszy wsp\u00f3\u0142czynnik tarcia, ale zapewnia doskona\u0142e wyczucie peda\u0142u zar\u00f3wno na drodze, jak i na torze oraz ma wy\u017csz\u0105 odporno\u015b\u0107 na zanikanie hamulc\u00f3w.<\/span><\/p>\n<p><span style=\"color: #000000;\"> Jednak EBC Brakes Bluestuff to klocki hamulcowe przeznaczone na tor, co oznacza, \u017ce w przeciwie\u0144stwie do Yellowstuff, powstaje wi\u0119cej py\u0142u hamulcowego i mo\u017ce wyst\u0105pi\u0107 ha\u0142as podczas hamowania, co cz\u0119sto mo\u017ce si\u0119 zdarzy\u0107 w przypadku materia\u0142\u00f3w ciernych zorientowanych na osi\u0105gi i klock\u00f3w wy\u015bcigowych.<\/span><\/p>\n<p><span style=\"color: #000000;\"> G\u0142\u0119bokie rowki w kszta\u0142cie litery V zapewniaj\u0105 optymaln\u0105 wentylacj\u0119 i wychwytuj\u0105 brud, kurz i \u015bcieranie. Nowy materia\u0142 cierny NDX firmy EBC Brakes jest po\u0142\u0105czony z p\u0142ytk\u0105 no\u015bn\u0105 za pomoc\u0105 dodatkowej chemicznej warstwy po\u015bredniej. Zwi\u0119ksza to 5-krotnie przyczepno\u015b\u0107 i odporno\u015b\u0107 na si\u0142y \u015bcinaj\u0105ce. Klocek hamulcowy jest \"wst\u0119pnie docierany\", \u017ce tak powiem, za pomoc\u0105 pog\u0142\u0119bienia powierzchni, co umo\u017cliwia faz\u0119 docierania obejmuj\u0105c\u0105 tylko 3-4 hamowania na torze wy\u015bcigowym.<\/span><\/p>\n<p>&nbsp;<\/p>\n<p>&nbsp;<\/p>\n<p><img decoding=\"async\" class=\"alignnone wp-image-68256974\" src=\"https:\/\/kraftwerk-shop.cc\/wp-content\/uploads\/2021\/10\/EBC_Bluestuff_Eigenschaften-300x229.jpg\" alt=\"\" width=\"450\" height=\"343\" \/><\/p>\n<p>&nbsp;<\/p>\n<p>&nbsp;<\/p>\n<p>Numer OE (tylko do cel\u00f3w por\u00f3wnawczych): 68399095AA, 68399095AB, 68399095AC<br \/>\nZatwierdzenie: REG90<\/p>\n<p>Miejsce instalacji: O\u015b przednia<\/p>\n<p>&nbsp;<\/p>\n<p><strong>Odpowiedni dla:<\/strong><\/p>\n<table width=\"426\">\n<tbody>\n<tr>\n<td width=\"94\">Dodge<\/td>\n<td width=\"110\">Durango<\/td>\n<td width=\"138\">6.2 Hellcat<\/td>\n<td width=\"84\">2021\u20132025<\/td>\n<\/tr>\n<tr>\n<td width=\"94\">Jeep<\/td>\n<td width=\"110\">Grand Cherokee<\/td>\n<td width=\"138\">6.2 Trackhawk<\/td>\n<td width=\"84\">2018\u20132021<\/td>\n<\/tr>\n<\/tbody>\n<\/table>\n<p>&nbsp;<\/p>\n<p><strong>Zakres dostawy: <\/strong><\/p>\n<p>- 1 zestaw klock\u00f3w hamulcowych EBC Bluestuff (DP52400NDX) na przedni\u0105 o\u015b<\/p>","protected":false},"excerpt":{"rendered":"<p>EBC Bluestuff Bremsbel\u00e4ge f\u00fcr Dodge Durango 6.2 Hellcat und Jeep Grand Cherokee 6.2 Trackhawk (Vorderachse) &nbsp; Bluestuff ist die 4.<\/p>","protected":false},"featured_media":68274441,"comment_status":"open","ping_status":"closed","template":"","meta":{"_acf_changed":false},"product_brand":[16875],"product_cat":[17928,17961],"product_tag":[101,2751,2752,2753,1046,2491,590,10806,795,840,49,3487,95,2442,16877,16876,16878,56,100,50,4425,4427,4426,36,2492,2138,970,291,102,2139,842,841,673,2135,2137],"class_list":{"0":"post-68261899","1":"product","2":"type-product","3":"status-publish","4":"has-post-thumbnail","6":"product_brand-ebc-brakes","7":"product_cat-durango-hellcat-bremsbelaege-vorne","8":"product_cat-trackhawk-bremsbelaege-vorne","9":"product_tag-6-2","10":"product_tag-68399095aa","11":"product_tag-68399095ab","12":"product_tag-68399095ac","13":"product_tag-abe","14":"product_tag-bluestuff","15":"product_tag-bremsbelaege","16":"product_tag-bremsbelaege-fuer-jeep-trackhawk","17":"product_tag-bremse","18":"product_tag-bremskloetze","19":"product_tag-dodge","20":"product_tag-dp52400ndx","21":"product_tag-durango","22":"product_tag-ebc-brakes","23":"product_tag-ebc-bremsbelaege","24":"product_tag-ebc-bremsen","25":"product_tag-ebc-bremsscheiben","26":"product_tag-grand-cherokee","27":"product_tag-hellcat","28":"product_tag-jeep","29":"product_tag-jeep-grand-cherokee","30":"product_tag-jeep-grand-cherokee-trackhawk","31":"product_tag-jeep-trackhawk","32":"product_tag-kraftwerk","33":"product_tag-ndx","34":"product_tag-reg90","35":"product_tag-sportbremsbelaege","36":"product_tag-ss","37":"product_tag-trackhawk","38":"product_tag-tuev","39":"product_tag-vorderachse","40":"product_tag-vorne","41":"product_tag-zubehoer","42":"product_tag-zubehoerbremsbelaege","43":"product_tag-zulassung","45":"first","46":"instock","47":"taxable","48":"shipping-taxable","49":"purchasable","50":"product-type-simple"},"bundled_by":[],"bundle_stock_status":"instock","bundle_stock_quantity":1,"bundle_virtual":false,"bundle_layout":"","bundle_add_to_cart_form_location":"","bundle_editable_in_cart":false,"bundle_sold_individually_context":"","bundle_item_grouping":"","bundle_min_size":"","bundle_max_size":"","bundle_price":[],"bundled_items":[],"bundle_sell_ids":[],"exclude_global_add_ons":[],"addons":[],"acf":[],"_links":{"self":[{"href":"https:\/\/kraftwerk-shop.cc\/pl\/wp-json\/wp\/v2\/product\/68261899","targetHints":{"allow":["GET"]}}],"collection":[{"href":"https:\/\/kraftwerk-shop.cc\/pl\/wp-json\/wp\/v2\/product"}],"about":[{"href":"https:\/\/kraftwerk-shop.cc\/pl\/wp-json\/wp\/v2\/types\/product"}],"replies":[{"embeddable":true,"href":"https:\/\/kraftwerk-shop.cc\/pl\/wp-json\/wp\/v2\/comments?post=68261899"}],"version-history":[{"count":0,"href":"https:\/\/kraftwerk-shop.cc\/pl\/wp-json\/wp\/v2\/product\/68261899\/revisions"}],"wp:featuredmedia":[{"embeddable":true,"href":"https:\/\/kraftwerk-shop.cc\/pl\/wp-json\/wp\/v2\/media\/68274441"}],"wp:attachment":[{"href":"https:\/\/kraftwerk-shop.cc\/pl\/wp-json\/wp\/v2\/media?parent=68261899"}],"wp:term":[{"taxonomy":"product_brand","embeddable":true,"href":"https:\/\/kraftwerk-shop.cc\/pl\/wp-json\/wp\/v2\/product_brand?post=68261899"},{"taxonomy":"product_cat","embeddable":true,"href":"https:\/\/kraftwerk-shop.cc\/pl\/wp-json\/wp\/v2\/product_cat?post=68261899"},{"taxonomy":"product_tag","embeddable":true,"href":"https:\/\/kraftwerk-shop.cc\/pl\/wp-json\/wp\/v2\/product_tag?post=68261899"}],"curies":[{"name":"wp","href":"https:\/\/api.w.org\/{rel}","templated":true}]}}