{"id":68261984,"date":"2022-02-06T22:42:39","date_gmt":"2022-02-06T21:42:39","guid":{"rendered":"https:\/\/kraftwerk-shop.cc\/?post_type=product&#038;p=68261984"},"modified":"2026-03-14T17:48:08","modified_gmt":"2026-03-14T16:48:08","slug":"rugged-ridge-amfib-snorkel-intake-jeep-wrangler-gladiator","status":"publish","type":"product","link":"https:\/\/kraftwerk-shop.cc\/pl\/produkt\/rugged-ridge-amfib-schnorchel-ansaugung-jeep-wrangler-gladiator\/","title":{"rendered":"Rugged Ridge AmFib snorkel system dla Jeep Wrangler JL i Gladiator JT"},"content":{"rendered":"<p>Wystarczy jedno spojrzenie na system snorkelingu Rugged Ridge AmFib dla modeli Wrangler JL i Gladiator JT, aby wiedzie\u0107, \u017ce nie jest to zwyk\u0142y snorkel.<\/p>\n<p>Rugged Ridge zaprojektowa\u0142 nisko montowany snorkel, aby by\u0142 wizualnie osza\u0142amiaj\u0105cy, opracowuj\u0105c podstaw\u0119, kt\u00f3ra p\u0142ynnie wtapia si\u0119 w fabryczn\u0105 os\u0142on\u0119, a nast\u0119pnie uzupe\u0142niaj\u0105c j\u0105 niskim uk\u0142adem dolotowym, kt\u00f3ry natychmiast staje si\u0119 centralnym punktem, od kt\u00f3rego nie mo\u017cna oderwa\u0107 wzroku.<\/p>\n<p>Mimo, \u017ce fajka taka jak ta przyci\u0105ga wzrok, poszukiwanie lepszej fajki wykracza\u0142o daleko poza wygl\u0105d. Rugged Ridge zaprojektowa\u0142 ca\u0142\u0105 fajk\u0119 AmFib wewn\u0105trz Jeepa, aby by\u0142a mniej inwazyjna, dzia\u0142a\u0142a lepiej i by\u0142a \u0142atwiejsza w instalacji ni\u017c jakikolwiek inny system wlotowy fajki zbudowany do tej pory.<\/p>\n<p>Ca\u0142y system i jego komponenty wygl\u0105daj\u0105 tak, jakby by\u0142y cz\u0119\u015bci\u0105 oryginalnego projektu Jeepa.<\/p>\n<p>&nbsp;<\/p>\n<ul>\n<li>Wysokiej jako\u015bci system snorkelingu dla modeli Wrangler JL i Gladiator JT<\/li>\n<li>Modu\u0142owa funkcjonalno\u015b\u0107 pozwala w kilka minut przekszta\u0142ci\u0107 fajk\u0119 z wersji niskiej w wysok\u0105.<\/li>\n<li>Unikalny design, kt\u00f3ry doskonale komponuje si\u0119 z wygl\u0105dem serii<\/li>\n<li>Innowacyjna konstrukcja chroni\u0105ca silnik podczas jazdy w wodzie<\/li>\n<li>Szybki i \u0142atwy monta\u017c bez wiercenia<\/li>\n<\/ul>\n<p>&nbsp;<\/p>\n<p><strong>Odpowiedni dla:<\/strong><\/p>\n<table width=\"567\">\n<tbody>\n<tr>\n<td width=\"140\"><strong>Producent<\/strong><\/td>\n<td width=\"98\"><strong>Model<\/strong><\/td>\n<td width=\"114\"><strong>Rok<\/strong><\/td>\n<td width=\"215\"><strong>Silnik<\/strong><\/td>\n<\/tr>\n<tr>\n<td>Jeep<\/td>\n<td>Wrangler<\/td>\n<td>2018\u20132026<\/td>\n<td>2.0<\/td>\n<\/tr>\n<tr>\n<td>Jeep<\/td>\n<td>Wrangler<\/td>\n<td>2018\u20132026<\/td>\n<td>3.6<\/td>\n<\/tr>\n<tr>\n<td>Jeep<\/td>\n<td>Wrangler<\/td>\n<td>2022 - 2026<\/td>\n<td>2.0 Turbo + Hybrid<\/td>\n<\/tr>\n<tr>\n<td>Jeep<\/td>\n<td>Gladiator<\/td>\n<td>2020\u20132026<\/td>\n<td>3.6 (nie Mojave)<\/td>\n<\/tr>\n<\/tbody>\n<\/table>\n<p>&nbsp;<\/p>","protected":false},"excerpt":{"rendered":"<p>Wystarczy jedno spojrzenie na system Rugged Ridge AmFib dla modeli Wrangler JL i Gladiator JT, aby wiedzie\u0107, \u017ce<\/p>","protected":false},"featured_media":68261994,"comment_status":"open","ping_status":"closed","template":"","meta":{"_acf_changed":false},"product_brand":[],"product_cat":[3008,2939,2946],"product_tag":[3502,3501,619,169,3500,2741,826,2217,3499,1094,50,903,2218,57,3497,3496,3503,3504,2227,3498,258,175],"class_list":{"0":"post-68261984","1":"product","2":"type-product","3":"status-publish","4":"has-post-thumbnail","6":"product_cat-gladiator-36-ansaugung","7":"product_cat-wrangler-20-turbo-ansaugung","8":"product_cat-wrangler-36-ansaugung","9":"product_tag-17756-31","10":"product_tag-17756-35","11":"product_tag-2-0","12":"product_tag-3-6","13":"product_tag-amfib","14":"product_tag-ansaugsystem","15":"product_tag-ansaugung","16":"product_tag-gladiator","17":"product_tag-hybrid","18":"product_tag-intake","19":"product_tag-jeep","20":"product_tag-jl","21":"product_tag-jt","22":"product_tag-luftfilter","23":"product_tag-ridge","24":"product_tag-rugged","25":"product_tag-rugged-ridge","26":"product_tag-ruggedridge","27":"product_tag-schnorchel","28":"product_tag-snorkel","29":"product_tag-turbo","30":"product_tag-wrangler","32":"first","33":"onbackorder","34":"taxable","35":"shipping-taxable","36":"purchasable","37":"product-type-variable"},"bundled_by":[],"bundle_stock_status":"onbackorder","bundle_stock_quantity":0,"bundle_virtual":false,"bundle_layout":"","bundle_add_to_cart_form_location":"","bundle_editable_in_cart":false,"bundle_sold_individually_context":"","bundle_item_grouping":"","bundle_min_size":"","bundle_max_size":"","bundle_price":[],"bundled_items":[],"bundle_sell_ids":[],"exclude_global_add_ons":[],"addons":[],"acf":[],"_links":{"self":[{"href":"https:\/\/kraftwerk-shop.cc\/pl\/wp-json\/wp\/v2\/product\/68261984","targetHints":{"allow":["GET"]}}],"collection":[{"href":"https:\/\/kraftwerk-shop.cc\/pl\/wp-json\/wp\/v2\/product"}],"about":[{"href":"https:\/\/kraftwerk-shop.cc\/pl\/wp-json\/wp\/v2\/types\/product"}],"replies":[{"embeddable":true,"href":"https:\/\/kraftwerk-shop.cc\/pl\/wp-json\/wp\/v2\/comments?post=68261984"}],"version-history":[{"count":0,"href":"https:\/\/kraftwerk-shop.cc\/pl\/wp-json\/wp\/v2\/product\/68261984\/revisions"}],"wp:featuredmedia":[{"embeddable":true,"href":"https:\/\/kraftwerk-shop.cc\/pl\/wp-json\/wp\/v2\/media\/68261994"}],"wp:attachment":[{"href":"https:\/\/kraftwerk-shop.cc\/pl\/wp-json\/wp\/v2\/media?parent=68261984"}],"wp:term":[{"taxonomy":"product_brand","embeddable":true,"href":"https:\/\/kraftwerk-shop.cc\/pl\/wp-json\/wp\/v2\/product_brand?post=68261984"},{"taxonomy":"product_cat","embeddable":true,"href":"https:\/\/kraftwerk-shop.cc\/pl\/wp-json\/wp\/v2\/product_cat?post=68261984"},{"taxonomy":"product_tag","embeddable":true,"href":"https:\/\/kraftwerk-shop.cc\/pl\/wp-json\/wp\/v2\/product_tag?post=68261984"}],"curies":[{"name":"wp","href":"https:\/\/api.w.org\/{rel}","templated":true}]}}