{"id":68262409,"date":"2022-02-12T19:55:47","date_gmt":"2022-02-12T18:55:47","guid":{"rendered":"https:\/\/kraftwerk-shop.cc\/?post_type=product&#038;p=68262409"},"modified":"2026-02-15T00:43:44","modified_gmt":"2026-02-14T23:43:44","slug":"miernik-temperatury-spalin-serii-aem-x","status":"publish","type":"product","link":"https:\/\/kraftwerk-shop.cc\/pl\/produkt\/aem-x-series-abgastemperaturanzeige\/","title":{"rendered":"Wska\u017anik temperatury spalin AEM serii X"},"content":{"rendered":"<h1>Wska\u017anik temperatury spalin AEM serii X<\/h1>\n<p>&nbsp;<\/p>\n<p>Cyfrowy miernik temperatury spalin AEM \u0142\u0105czy w sobie niesamowity wygl\u0105d, lepsz\u0105 czytelno\u015b\u0107 i wiele nowych, \u0142atwych w u\u017cyciu funkcji.<br \/>\nJest to pozycja obowi\u0105zkowa dla u\u017cytkownik\u00f3w, kt\u00f3rzy chc\u0105 precyzyjnego wy\u015bwietlacza temperatury spalin w swoim poje\u017adzie o wysokich osi\u0105gach.<\/p>\n<p>&nbsp;<\/p>\n<p><strong>Doskona\u0142a czytelno\u015b\u0107<\/strong><br \/>\nUlepszenia wizualne obejmuj\u0105 jasny wy\u015bwietlacz LED na \u015brodku, kt\u00f3ry jest wi\u0119kszy ni\u017c w oryginalnych manometrach cyfrowych i zapewnia lepsz\u0105 czytelno\u015b\u0107. Zakrzywiona zielona \"ig\u0142a LED\" biegnie wzd\u0142u\u017c kraw\u0119dzi obszaru wy\u015bwietlania, umo\u017cliwiaj\u0105c szybk\u0105 orientacj\u0119. Wi\u0119kszy wy\u015bwietlacz 33 % u\u0142atwia odczyt na pierwszy rzut oka.<\/p>\n<p><strong>Prosty monta\u017c<\/strong><br \/>\nPomimo wi\u0119kszego wy\u015bwietlacza, urz\u0105dzenia pomiarowe serii X s\u0105 umieszczone w standardowej obudowie o \u015brednicy 52 mm, kt\u00f3r\u0105 mo\u017cna zamontowa\u0107 w standardowej obudowie urz\u0105dzenia pomiarowego.<br \/>\nDzi\u0119ki zaawansowanej konstrukcji jednop\u0142ytkowej, mierniki serii X maj\u0105 niewiarygodnie ma\u0142\u0105 g\u0142\u0119boko\u015b\u0107 ca\u0142kowit\u0105 wynosz\u0105c\u0105 mniej ni\u017c 20 mm, przy g\u0142\u0119boko\u015bci obudowy wynosz\u0105cej zaledwie 5 mm. Dzi\u0119ki tak niewielkiej g\u0142\u0119boko\u015bci obudowy, mierniki cyfrowe serii X mog\u0105 by\u0107 montowane praktycznie wsz\u0119dzie.<\/p>\n<p><strong>Inteligentny interfejs<\/strong><br \/>\nCyfrowe urz\u0105dzenia pomiarowe z serii X maj\u0105 nowe funkcje techniczne, kt\u00f3re u\u0142atwiaj\u0105 ich obs\u0142ug\u0119. Dwa przyciski na panelu przednim umo\u017cliwiaj\u0105 programowanie warto\u015bci szczytowych i powtarzalnych, centralny wy\u015bwietlacz LED w jednostkach standardowych lub metrycznych, obrotow\u0105 ig\u0142\u0119 LED i ostrze\u017cenia progowe wybierane przez u\u017cytkownika.<br \/>\nMierniki obs\u0142uguj\u0105 magistral\u0119 AEMnet CAN, dzi\u0119ki czemu mo\u017cna je \u0142\u0105czy\u0107 \u0142a\u0144cuchowo w celu u\u017cycia z kontrolerem Infinity, EMS serii 2, rejestratorem danych AQ-1 lub EMS lub rejestratorem innej firmy, kt\u00f3ry akceptuje AEMnet.<br \/>\nDost\u0119pne s\u0105 r\u00f3wnie\u017c wyj\u015bcia analogowe 0-5 V do wprowadzania danych do rejestrator\u00f3w danych i system\u00f3w zarz\u0105dzania silnikiem.<\/p>\n<p>&nbsp;<\/p>\n<p><strong>W\u0142a\u015bciwo\u015bci:<\/strong><\/p>\n<ul>\n<li>\u015arednica 52 mm<\/li>\n<li>Niewielka g\u0142\u0119boko\u015b\u0107 ca\u0142kowita wynosz\u0105ca 20 mm i g\u0142\u0119boko\u015b\u0107 5 mm - mo\u017cliwo\u015b\u0107 monta\u017cu praktycznie wsz\u0119dzie<\/li>\n<li>Programowalna \u015brodkowa dioda LED jest o 87% wi\u0119ksza ni\u017c w oryginalnych wska\u017anikach AEM.<\/li>\n<li>24 zielone zewn\u0119trzne diody LED do szybkiego wy\u015bwietlania parametr\u00f3w silnika<\/li>\n<li>Warto\u015b\u0107 szczytowa\/wywo\u0142anie za pomoc\u0105 przycisk\u00f3w na wy\u015bwietlaczu<\/li>\n<li>Ostrze\u017cenia progowe wybierane przez u\u017cytkownika<\/li>\n<li>Opcjonalna srebrna ramka i bia\u0142y panel przedni dost\u0119pne jako akcesoria<\/li>\n<li>AEMnet z obs\u0142ug\u0105 magistrali CANbus do przesy\u0142ania danych do EMS lub rejestrator\u00f3w danych<\/li>\n<li>Wyj\u015bcia analogowe 0-5 V do przesy\u0142ania danych do EMS lub rejestratora danych<\/li>\n<li>Automatyczny czujnik przyciemniania zapewnia idealn\u0105 jasno\u015b\u0107 wy\u015bwietlacza<\/li>\n<li>Pozytywne po\u0142\u0105czenia blokuj\u0105ce zapewniaj\u0105 bezpieczne po\u0142\u0105czenie<\/li>\n<\/ul>\n<p>&nbsp;<\/p>\n<p><strong>Zakres dostawy:<\/strong><\/p>\n<ul>\n<li>Wy\u015bwietlacz temperatury spalin AEM<\/li>\n<li>Czujnik temperatury spalin<\/li>\n<li>Pier\u015bcie\u0144 do wspawania dla czujnika temperatury<\/li>\n<li>Wi\u0105zka przewod\u00f3w<\/li>\n<li>Materia\u0142 instalacyjny<\/li>\n<\/ul>\n<p>&nbsp;<\/p>\n<p>Uwaga: Wy\u015bwietlacz jest dostarczany z czarn\u0105 ramk\u0105 i czarn\u0105 tarcz\u0105 EGT z odwracalnym wy\u015bwietlaczem Fahrenheita\/Celsjusza. Mo\u017cna zakupi\u0107 opcjonalny zestaw akcesori\u00f3w 30-0305-ACC dla srebrnej ramki i bia\u0142ej tarczy EGT.<br \/>\nKalibracja dla wy\u015bwietlacza standardowego lub metrycznego jest po prostu przeprowadzana za pomoc\u0105 przycisk\u00f3w z przodu urz\u0105dzenia.<\/p>\n<p>&nbsp;<\/p>","protected":false},"excerpt":{"rendered":"<p>Cyfrowy miernik temperatury spalin AEM serii X \u0142\u0105czy w sobie niesamowity wygl\u0105d, lepsz\u0105 czytelno\u015b\u0107 i szereg nowych, \u0142atwych w u\u017cyciu funkcji.<\/p>","protected":false},"featured_media":68277883,"comment_status":"open","ping_status":"closed","template":"","meta":{"_acf_changed":false},"product_brand":[],"product_cat":[1537,3083,3124,3135,3144,1559,1567,1575,4986,1583,1591,1425,1430,1440,1435,1672,1680,1688,1696,1704,1599,1607,1615,5164,1623,1631,1639,1648,1656,3002,1664,1712,1720,1728,1483,1780,1500,3016,1744,4811,1752,1760,1768,1776,1487,1504,2943,2953,2960,4762,19692,1515,5022,9955,2923,3541],"product_tag":[3571,123,3572,3542,3553,3569,3562,3563,3559,3555,3573,242,3554,3561,3560,3552,3570,3564,3550,270,3545,3543],"class_list":{"0":"post-68262409","1":"product","2":"type-product","3":"status-publish","4":"has-post-thumbnail","6":"product_cat-camaro-62-2010-2015-zubehoer","7":"product_cat-camaro-62-2016-zubehoer","8":"product_cat-corvette-c6-zubehoer","9":"product_cat-corvette-c7-zubehoer","10":"product_cat-corvette-c8-zubehoer","11":"product_cat-300c-35-zubehoer","12":"product_cat-300c-36-zubehoer","13":"product_cat-300c-57-2005-2010-zubehoer","14":"product_cat-300c-57-2011-2023-zubehoer","15":"product_cat-300c-61-zubehoer","16":"product_cat-300c-64-zubehoer","17":"product_cat-pacifica-zubehoer","18":"product_cat-pt-cruiser-zubehoer","19":"product_cat-sebring-zubehoer","20":"product_cat-voyager-zubehoer","21":"product_cat-challenger-36-zubehoer","22":"product_cat-challenger-57-zubehoer","23":"product_cat-challenger-61-zubehoer","24":"product_cat-challenger-hellcat-zubehoer","25":"product_cat-challenger-64-zubehoer","26":"product_cat-charger-35-zubehoer","27":"product_cat-charger-36-zubehoer","28":"product_cat-charger-57-zubehoer","29":"product_cat-dodge-charger-57-2011-2023-zubehoer","30":"product_cat-charger-61-zubehoer","31":"product_cat-charger-hellcat-zubehoer","32":"product_cat-charger-64-zubehoer","33":"product_cat-durango-36-zubehoer","34":"product_cat-durango-57-zubehoer","35":"product_cat-durango-hellcat-zubehoer","36":"product_cat-durango-64-zubehoer","37":"product_cat-magnum-35-zubehoer","38":"product_cat-magnum-57-zubehoer","39":"product_cat-magnum-61-zubehoer","40":"product_cat-cherokee-zubehoer","41":"product_cat-commander-zubehoer","42":"product_cat-compass-zubehoer","43":"product_cat-gladiator-36-zubehoer","44":"product_cat-grand-cherokee-36-zubehoer","45":"product_cat-grand-cherokee-57-2005-2010-zubehoer","46":"product_cat-grand-cherokee-57-2011-2021-zubehoer","47":"product_cat-grand-cherokee-61-zubehoer","48":"product_cat-trackhawk-zubehoer","49":"product_cat-grand-cherokee-64-zubehoer","50":"product_cat-liberty-zubehoer","51":"product_cat-patriot-zubehoer","52":"product_cat-wrangler-20-turbo-zubehoer","53":"product_cat-wrangler-36-zubehoer","54":"product_cat-wrangler-64-zubehoer","55":"product_cat-1500-36-zubehoer","56":"product_cat-1500-36-dt-zubehoer","57":"product_cat-1500-57-2009-2018-classic-zubehoer","58":"product_cat-1500-57-dt-zubehoer","59":"product_cat-2500-3500-57-zubehoer","60":"product_cat-2500-3500-64-zubehoer","61":"product_cat-trx-zubehoer","62":"product_tag-30-0305","63":"product_tag-abgas","64":"product_tag-abgastemperatur","65":"product_tag-aem","66":"product_tag-anzeige","67":"product_tag-aufladung","68":"product_tag-aufzeichnen","69":"product_tag-aufzeichnung","70":"product_tag-daten","71":"product_tag-display","72":"product_tag-egt","73":"product_tag-kompressor","74":"product_tag-kontrolle","75":"product_tag-loggen","76":"product_tag-logger","77":"product_tag-messen","78":"product_tag-messgeraet","79":"product_tag-messung","80":"product_tag-sonde","81":"product_tag-temperatur","82":"product_tag-uego","83":"product_tag-x-series","84":"product_shipping_class-deutschlandohne","86":"first","87":"onbackorder","88":"taxable","89":"shipping-taxable","90":"purchasable","91":"product-type-simple"},"bundled_by":[],"bundle_stock_status":"onbackorder","bundle_stock_quantity":0,"bundle_virtual":false,"bundle_layout":"","bundle_add_to_cart_form_location":"","bundle_editable_in_cart":false,"bundle_sold_individually_context":"","bundle_item_grouping":"","bundle_min_size":"","bundle_max_size":"","bundle_price":[],"bundled_items":[],"bundle_sell_ids":[],"exclude_global_add_ons":[],"addons":[],"acf":[],"_links":{"self":[{"href":"https:\/\/kraftwerk-shop.cc\/pl\/wp-json\/wp\/v2\/product\/68262409","targetHints":{"allow":["GET"]}}],"collection":[{"href":"https:\/\/kraftwerk-shop.cc\/pl\/wp-json\/wp\/v2\/product"}],"about":[{"href":"https:\/\/kraftwerk-shop.cc\/pl\/wp-json\/wp\/v2\/types\/product"}],"replies":[{"embeddable":true,"href":"https:\/\/kraftwerk-shop.cc\/pl\/wp-json\/wp\/v2\/comments?post=68262409"}],"version-history":[{"count":0,"href":"https:\/\/kraftwerk-shop.cc\/pl\/wp-json\/wp\/v2\/product\/68262409\/revisions"}],"wp:featuredmedia":[{"embeddable":true,"href":"https:\/\/kraftwerk-shop.cc\/pl\/wp-json\/wp\/v2\/media\/68277883"}],"wp:attachment":[{"href":"https:\/\/kraftwerk-shop.cc\/pl\/wp-json\/wp\/v2\/media?parent=68262409"}],"wp:term":[{"taxonomy":"product_brand","embeddable":true,"href":"https:\/\/kraftwerk-shop.cc\/pl\/wp-json\/wp\/v2\/product_brand?post=68262409"},{"taxonomy":"product_cat","embeddable":true,"href":"https:\/\/kraftwerk-shop.cc\/pl\/wp-json\/wp\/v2\/product_cat?post=68262409"},{"taxonomy":"product_tag","embeddable":true,"href":"https:\/\/kraftwerk-shop.cc\/pl\/wp-json\/wp\/v2\/product_tag?post=68262409"}],"curies":[{"name":"wp","href":"https:\/\/api.w.org\/{rel}","templated":true}]}}