{"id":68262446,"date":"2022-02-13T11:30:19","date_gmt":"2022-02-13T10:30:19","guid":{"rendered":"https:\/\/kraftwerk-shop.cc\/?post_type=product&#038;p=68262446"},"modified":"2026-02-15T00:47:48","modified_gmt":"2026-02-14T23:47:48","slug":"walek-rozrzadu-ram-2500-64","status":"publish","type":"product","link":"https:\/\/kraftwerk-shop.cc\/pl\/produkt\/ram-2500-64-drop-in-nockenwelle\/","title":{"rendered":"Wa\u0142ek rozrz\u0105du RAM 6.4 typu drop-in"},"content":{"rendered":"<h1>Wa\u0142ek rozrz\u0105du RAM 6.4 typu drop-in - nie wymaga dostosowywania oprogramowania<\/h1>\n<p>&nbsp;<\/p>\n<p>Ten wa\u0142ek rozrz\u0105du zosta\u0142 opracowany jako zamiennik 1:1 oryginalnego wa\u0142ka rozrz\u0105du w RAM 6.4.<\/p>\n<ul>\n<li>Nie jest wymagana adaptacja jednostki steruj\u0105cej silnika<\/li>\n<li>Nie s\u0105 wymagane \u017cadne inne spr\u0119\u017cyny zaworowe<\/li>\n<li>Nie jest wymagany ogranicznik fazy<\/li>\n<li>Nie jest wymagana modernizacja popychacza<\/li>\n<li>MDS pozostaje nienaruszony<\/li>\n<li>Do monta\u017cu nie jest wymagany demonta\u017c g\u0142owic cylindr\u00f3w<\/li>\n<\/ul>\n<p>&nbsp;<\/p>\n<p>Ten wa\u0142ek rozrz\u0105du mo\u017ce by\u0107 u\u017cywany tylko w po\u0142\u0105czeniu z popychaczami hydraulicznymi MDS, nie jest kompatybilny z popychaczami hydraulicznymi innymi ni\u017c MDS (popychacze Hellcat itp.).<\/p>\n<p>Prawdziwe rozwi\u0105zanie typu \"drop-in\", nie wymaga dostrajania jednostki steruj\u0105cej silnika.<\/p>\n<p>Wa\u0142ek rozrz\u0105du zosta\u0142 zaprojektowany specjalnie dla w\u0142a\u015bcicieli silnik\u00f3w HEMI, kt\u00f3rzy chc\u0105 dokona\u0107 wymiany wa\u0142ka rozrz\u0105du bez konieczno\u015bci demonta\u017cu g\u0142owic, instalowania dodatkowych spr\u0119\u017cyn zaworowych, demonta\u017cu MDS, przeprogramowywania jednostki steruj\u0105cej silnika lub instalowania innych cz\u0119\u015bci niezb\u0119dnych do wymiany wa\u0142ka rozrz\u0105du.<\/p>\n<p>Wsp\u00f3\u0142pracuje z fabrycznymi spr\u0119\u017cynami zaworowymi, popychaczami i popychaczami MDS i nie wymaga ogranicznika fazy rozrz\u0105du.<br \/>\nPo\u015bwi\u0119cili\u015bmy niezliczone godziny bada\u0144 i rozwoju, aby udoskonali\u0107 ten wa\u0142ek rozrz\u0105du i zapewni\u0107 jego kompatybilno\u015b\u0107 ze wszystkimi komponentami fabrycznymi.<\/p>\n<p>Wa\u0142ek rozrz\u0105du zwi\u0119ksza moc wyj\u015bciow\u0105 Ram 2500 6.4 z 2021 r. o 25 KM i zauwa\u017calnie poprawia reakcj\u0119 przepustnicy.<br \/>\nZosta\u0142 on zaprojektowany w taki spos\u00f3b, aby nie trzeba by\u0142o wprowadza\u0107 \u017cadnych zmian w jednostce steruj\u0105cej silnika.<\/p>\n<p>Ten wa\u0142ek rozrz\u0105du mo\u017ce by\u0107 u\u017cywany wy\u0142\u0105cznie z fabrycznymi popychaczami hydraulicznymi MDS.<br \/>\nMa dwa r\u00f3\u017cne profile krzywek MDS i krzywek innych ni\u017c MDS, kt\u00f3re zosta\u0142y specjalnie opracowane do wsp\u00f3\u0142pracy z hydraulicznymi popychaczami MDS.<\/p>\n<p>&nbsp;<\/p>\n<p>&nbsp;<\/p>\n<p><strong>Odpowiedni dla:<\/strong><\/p>\n<table width=\"761\">\n<tbody>\n<tr>\n<td width=\"136\"><strong>Rok<\/strong><\/td>\n<td width=\"230\"><strong>Marka<\/strong><\/td>\n<td width=\"196\"><strong>Model<\/strong><\/td>\n<td width=\"84\"><strong>Wariant<\/strong><\/td>\n<td width=\"115\"><strong>Silnik<\/strong><\/td>\n<\/tr>\n<tr>\n<td width=\"136\">2014-2021<\/td>\n<td width=\"230\">RAM<\/td>\n<td width=\"196\">2500<\/td>\n<td width=\"84\">HEMI<\/td>\n<td width=\"115\">V8 6.4L<\/td>\n<\/tr>\n<tr>\n<td width=\"136\">2014-2021<\/td>\n<td width=\"230\">RAM<\/td>\n<td width=\"196\">2500 Power Wagon<\/td>\n<td width=\"84\">HEMI<\/td>\n<td width=\"115\">V8 6.4L<\/td>\n<\/tr>\n<tr>\n<td width=\"136\">2014-2021<\/td>\n<td width=\"230\">RAM<\/td>\n<td width=\"196\">3500<\/td>\n<td width=\"84\">HEMI<\/td>\n<td width=\"115\">V8 6.4L<\/td>\n<\/tr>\n<\/tbody>\n<\/table>\n<p>&nbsp;<\/p>\n<p><strong>Zakres dostawy:<\/strong><\/p>\n<ul>\n<li>Wa\u0142ek rozrz\u0105du Comp Cams RAM 6.4 Kraftwerk zgodnie z naszymi specyfikacjami<\/li>\n<\/ul>\n<p>&nbsp;<\/p>\n<p>&nbsp;<\/p>\n<p>&nbsp;<\/p>\n<p>&nbsp;<\/p>","protected":false},"excerpt":{"rendered":"<p>Wa\u0142ek rozrz\u0105du RAM 6.4 typu \"drop-in\" - nie wymaga dostosowywania oprogramowania Ten wa\u0142ek rozrz\u0105du zosta\u0142 opracowany jako zamiennik 1:1 oryginalnego wa\u0142ka rozrz\u0105du w silnikach z silnikami o pojemno\u015bci 6,4 litra.<\/p>","protected":false},"featured_media":68277875,"comment_status":"open","ping_status":"closed","template":"","meta":{"_acf_changed":false},"product_brand":[],"product_cat":[19353],"product_tag":[506,507,93,3578,365,340,339,341,2329,738,3579,3581,222,36,2455,3580,336,2449,552,86,338,233,180,818,319],"class_list":{"0":"post-68262446","1":"product","2":"type-product","3":"status-publish","4":"has-post-thumbnail","6":"product_cat-2500-3500-64-nockenwelle-ventiltrieb","7":"product_tag-506","8":"product_tag-507","9":"product_tag-6-4","10":"product_tag-big-gas","11":"product_tag-cam","12":"product_tag-cams","13":"product_tag-comp","14":"product_tag-compcam","15":"product_tag-compcams","16":"product_tag-hd","17":"product_tag-heavy-duty","18":"product_tag-kein","19":"product_tag-kit","20":"product_tag-kraftwerk","21":"product_tag-mm5","22":"product_tag-no-tune","23":"product_tag-nockenwelle","24":"product_tag-nockenwellenkit","25":"product_tag-ohne","26":"product_tag-ram","27":"product_tag-standgas","28":"product_tag-tuning","29":"product_tag-umbau","30":"product_tag-umbausatz","31":"product_tag-ventilfedern","32":"product_shipping_class-deutschlandohne","34":"first","35":"onbackorder","36":"taxable","37":"shipping-taxable","38":"purchasable","39":"product-type-simple"},"bundled_by":[],"bundle_stock_status":"onbackorder","bundle_stock_quantity":0,"bundle_virtual":false,"bundle_layout":"","bundle_add_to_cart_form_location":"","bundle_editable_in_cart":false,"bundle_sold_individually_context":"","bundle_item_grouping":"","bundle_min_size":"","bundle_max_size":"","bundle_price":[],"bundled_items":[],"bundle_sell_ids":[],"exclude_global_add_ons":[],"addons":[],"acf":[],"_links":{"self":[{"href":"https:\/\/kraftwerk-shop.cc\/pl\/wp-json\/wp\/v2\/product\/68262446","targetHints":{"allow":["GET"]}}],"collection":[{"href":"https:\/\/kraftwerk-shop.cc\/pl\/wp-json\/wp\/v2\/product"}],"about":[{"href":"https:\/\/kraftwerk-shop.cc\/pl\/wp-json\/wp\/v2\/types\/product"}],"replies":[{"embeddable":true,"href":"https:\/\/kraftwerk-shop.cc\/pl\/wp-json\/wp\/v2\/comments?post=68262446"}],"version-history":[{"count":0,"href":"https:\/\/kraftwerk-shop.cc\/pl\/wp-json\/wp\/v2\/product\/68262446\/revisions"}],"wp:featuredmedia":[{"embeddable":true,"href":"https:\/\/kraftwerk-shop.cc\/pl\/wp-json\/wp\/v2\/media\/68277875"}],"wp:attachment":[{"href":"https:\/\/kraftwerk-shop.cc\/pl\/wp-json\/wp\/v2\/media?parent=68262446"}],"wp:term":[{"taxonomy":"product_brand","embeddable":true,"href":"https:\/\/kraftwerk-shop.cc\/pl\/wp-json\/wp\/v2\/product_brand?post=68262446"},{"taxonomy":"product_cat","embeddable":true,"href":"https:\/\/kraftwerk-shop.cc\/pl\/wp-json\/wp\/v2\/product_cat?post=68262446"},{"taxonomy":"product_tag","embeddable":true,"href":"https:\/\/kraftwerk-shop.cc\/pl\/wp-json\/wp\/v2\/product_tag?post=68262446"}],"curies":[{"name":"wp","href":"https:\/\/api.w.org\/{rel}","templated":true}]}}