{"id":68265513,"date":"2022-03-26T16:29:25","date_gmt":"2022-03-26T15:29:25","guid":{"rendered":"https:\/\/kraftwerk-shop.cc\/?post_type=product&#038;p=68265513"},"modified":"2026-02-15T00:00:36","modified_gmt":"2026-02-14T23:00:36","slug":"tarcze-hamulcowe-ebc-premium-d7242","status":"publish","type":"product","link":"https:\/\/kraftwerk-shop.cc\/pl\/produkt\/ebc-premium-bremsscheiben-d7242\/","title":{"rendered":"Tarcze hamulcowe EBC Premium D7242"},"content":{"rendered":"<h1>Tarcze hamulcowe EBC Premium do Chrysler 300C, Dodge Challenger, Charger, Magnum i Lancia Thema 3.0 CRD, 3.5, 3.6 i 5.7 (tylna o\u015b)<\/h1>\n<p>&nbsp;<\/p>\n<p>EBC oferuje najwy\u017cszej jako\u015bci tarcze hamulcowe jako cz\u0119\u015bci zamienne OE. EBC przywi\u0105zuje r\u00f3wnie\u017c du\u017c\u0105 wag\u0119 do wytwarzania wysokiej jako\u015bci produkt\u00f3w w sektorze cz\u0119\u015bci zamiennych OE, aby zagwarantowa\u0107 bezpiecze\u0144stwo u\u017cytkownika.<\/p>\n<p>Wszystkie tarcze hamulcowe EBC Premium s\u0105 wykonane z \u017celiwa szarego i maj\u0105 wytrzyma\u0142o\u015b\u0107 na rozci\u0105ganie 150N\/m2 z odchyleniem twardo\u015bci powierzchni maks. 20HB.<\/p>\n<p>Tarcze hamulcowe EBC Premium s\u0105 frezowane CNC z tolerancj\u0105 powierzchni 0,01 mm.<\/p>\n<p>Nie jest to zatem tani produkt importowany, ale wysokiej jako\u015bci cz\u0119\u015b\u0107 zamienna OE, kt\u00f3ra w \u017caden spos\u00f3b nie ust\u0119puje jako\u015bci\u0105 oryginalnym tarczom hamulcowym.<\/p>\n<p>Czarna pow\u0142oka proszkowa tarcz hamulcowych zapewnia najlepsz\u0105 mo\u017cliw\u0105 ochron\u0119 przed korozj\u0105 i jest szczeg\u00f3lnie odpowiednia dla pojazd\u00f3w z otwart\u0105 konstrukcj\u0105 obr\u0119czy.<\/p>\n<p>&nbsp;<\/p>\n<p><strong>Cechy produktu:<\/strong><\/p>\n<p>320x10mm \/ wysoko\u015b\u0107: 67mm \/ liczba otwor\u00f3w: 5 \/ okr\u0105g \u015bruby: 114.3mm \/ niewentylowane \/ zamontowane: ty\u0142<br \/>\nZatwierdzenie: bez rejestracji<\/p>\n<p>Numer OE (tylko do cel\u00f3w por\u00f3wnawczych): <span class=\"text1\">4779208AA<\/span>, <span class=\"text1\">4779208AB, 4779208AC, 4779208AD, 4779208AE, 4779208AF, 4779208AG, 4779208AH, 68368070AA\u00a0<\/span><\/p>\n<p>&nbsp;<\/p>\n<p><strong>Odpowiedni dla:<\/strong><\/p>\n<table width=\"0\">\n<tbody>\n<tr>\n<td width=\"64\">Chrysler<\/td>\n<td width=\"100\">300C<\/td>\n<td width=\"163\">3.0 CRD, 3.5, 3.6, 5.7<\/td>\n<td width=\"305\">Wszystkie lata modelowe z niewentylowanymi tarczami hamulcowymi<\/td>\n<\/tr>\n<tr>\n<td width=\"64\">Dodge<\/td>\n<td width=\"100\">Challenger<\/td>\n<td width=\"163\">3.5, 3.6, 5.7<\/td>\n<td width=\"305\">Wszystkie lata modelowe z niewentylowanymi tarczami hamulcowymi<\/td>\n<\/tr>\n<tr>\n<td width=\"64\">Dodge<\/td>\n<td width=\"100\">Charger<\/td>\n<td width=\"163\">3.5, 3.6, 5.7<\/td>\n<td width=\"305\">Wszystkie lata modelowe z niewentylowanymi tarczami hamulcowymi<\/td>\n<\/tr>\n<tr>\n<td width=\"64\">Dodge<\/td>\n<td width=\"100\">Magnum<\/td>\n<td width=\"163\">3.5, 5.7<\/td>\n<td width=\"305\">Wszystkie lata modelowe z niewentylowanymi tarczami hamulcowymi<\/td>\n<\/tr>\n<tr>\n<td width=\"64\">Lancia<\/td>\n<td width=\"100\">Temat<\/td>\n<td width=\"163\">3.0 MultiJet, 3.6<\/td>\n<td width=\"305\">Wszystkie lata modelowe z niewentylowanymi tarczami hamulcowymi<\/td>\n<\/tr>\n<\/tbody>\n<\/table>\n<p><strong><br \/>\nZakres dostawy: <\/strong><\/p>\n<p>- 2 tarcze hamulcowe EBC Premium (D7242) na tyln\u0105 o\u015b<\/p>\n<p>&nbsp;<\/p>\n<p><strong>Uwaga:<\/strong><\/p>\n<p>Przed z\u0142o\u017ceniem zam\u00f3wienia nale\u017cy sprawdzi\u0107, czy pojazd jest wyposa\u017cony w wentylowane czy niewentylowane tarcze hamulcowe.<br \/>\nTylko nieliczne pojazdy maj\u0105 niewentylowane tarcze hamulcowe z ty\u0142u. Pojazdy te maj\u0105 zwykle ma\u0142e tarcze hamulcowe 320 mm na przedniej osi.<\/p>","protected":false},"excerpt":{"rendered":"<p>Wentylowane tarcze hamulcowe<\/p>","protected":false},"featured_media":68274266,"comment_status":"open","ping_status":"closed","template":"","meta":{"_acf_changed":false},"product_brand":[16875],"product_cat":[17713,17718,17722,17726,17730,17708,17706,17700,17742,17746,17750,17754,17770,17774],"product_tag":[18261,18262,18263,18264,18265,18266,18267,18268,87,572,88,52,3632,3633,3634,3635,3636,3637,3638,3639,91,3640,795,796,54,53,48,536,3643,49,3853,3854,964,2442,16877,16876,16878,692,126,36,173,55,794,797,174,216,842,841,673],"class_list":{"0":"post-68265513","1":"product","2":"type-product","3":"status-publish","4":"has-post-thumbnail","6":"product_brand-ebc-brakes","7":"product_cat-300c-30-diesel-bremsscheiben-hinten","8":"product_cat-300c-35-bremsscheiben-hinten","9":"product_cat-300c-36-bremsscheiben-hinten","10":"product_cat-300c-57-2005-2010-bremsscheiben-hinten","11":"product_cat-300c-57-2011-2023-bremsscheiben-hinten","12":"product_cat-challenger-35-bremsscheiben-hinten","13":"product_cat-challenger-36-bremsscheiben-hinten","14":"product_cat-challenger-57-bremsscheiben-hinten","15":"product_cat-charger-35-bremsscheiben-hinten","16":"product_cat-charger-36-bremsscheiben-hinten","17":"product_cat-charger-57-bremsscheiben-hinten","18":"product_cat-charger-57-2011-2023-bremsscheiben-hinten","19":"product_cat-magnum-35-bremsscheiben-hinten","20":"product_cat-magnum-57-bremsscheiben-hinten","21":"product_tag-04779208aa","22":"product_tag-04779208ab","23":"product_tag-04779208ac","24":"product_tag-04779208ad","25":"product_tag-04779208ae","26":"product_tag-04779208af","27":"product_tag-04779208ag","28":"product_tag-04779208ah","29":"product_tag-2-7","30":"product_tag-3-0-crd","31":"product_tag-3-5","32":"product_tag-300c","33":"product_tag-4779208aa","34":"product_tag-4779208ab","35":"product_tag-4779208ac","36":"product_tag-4779208ad","37":"product_tag-4779208ae","38":"product_tag-4779208af","39":"product_tag-4779208ag","40":"product_tag-4779208ah","41":"product_tag-5-7","42":"product_tag-68368070aa","43":"product_tag-bremse","44":"product_tag-bremsscheibe","45":"product_tag-challenger","46":"product_tag-charger","47":"product_tag-chrysler","48":"product_tag-chrysler-300c","49":"product_tag-d7242","50":"product_tag-dodge","51":"product_tag-dodge-challenger","52":"product_tag-dodge-charger","53":"product_tag-ebc","54":"product_tag-ebc-brakes","55":"product_tag-ebc-bremsbelaege","56":"product_tag-ebc-bremsen","57":"product_tag-ebc-bremsscheiben","58":"product_tag-ersatzteil","59":"product_tag-hemi","60":"product_tag-kraftwerk","61":"product_tag-lancia","62":"product_tag-magnum","63":"product_tag-premium","64":"product_tag-sportbremsscheibe","65":"product_tag-thema","66":"product_tag-upgrade","67":"product_tag-vorderachse","68":"product_tag-vorne","69":"product_tag-zubehoer","71":"first","72":"onbackorder","73":"taxable","74":"shipping-taxable","75":"purchasable","76":"product-type-simple"},"bundled_by":[],"bundle_stock_status":"onbackorder","bundle_stock_quantity":0,"bundle_virtual":false,"bundle_layout":"","bundle_add_to_cart_form_location":"","bundle_editable_in_cart":false,"bundle_sold_individually_context":"","bundle_item_grouping":"","bundle_min_size":"","bundle_max_size":"","bundle_price":[],"bundled_items":[],"bundle_sell_ids":[],"exclude_global_add_ons":[],"addons":[],"acf":[],"_links":{"self":[{"href":"https:\/\/kraftwerk-shop.cc\/pl\/wp-json\/wp\/v2\/product\/68265513","targetHints":{"allow":["GET"]}}],"collection":[{"href":"https:\/\/kraftwerk-shop.cc\/pl\/wp-json\/wp\/v2\/product"}],"about":[{"href":"https:\/\/kraftwerk-shop.cc\/pl\/wp-json\/wp\/v2\/types\/product"}],"replies":[{"embeddable":true,"href":"https:\/\/kraftwerk-shop.cc\/pl\/wp-json\/wp\/v2\/comments?post=68265513"}],"version-history":[{"count":0,"href":"https:\/\/kraftwerk-shop.cc\/pl\/wp-json\/wp\/v2\/product\/68265513\/revisions"}],"wp:featuredmedia":[{"embeddable":true,"href":"https:\/\/kraftwerk-shop.cc\/pl\/wp-json\/wp\/v2\/media\/68274266"}],"wp:attachment":[{"href":"https:\/\/kraftwerk-shop.cc\/pl\/wp-json\/wp\/v2\/media?parent=68265513"}],"wp:term":[{"taxonomy":"product_brand","embeddable":true,"href":"https:\/\/kraftwerk-shop.cc\/pl\/wp-json\/wp\/v2\/product_brand?post=68265513"},{"taxonomy":"product_cat","embeddable":true,"href":"https:\/\/kraftwerk-shop.cc\/pl\/wp-json\/wp\/v2\/product_cat?post=68265513"},{"taxonomy":"product_tag","embeddable":true,"href":"https:\/\/kraftwerk-shop.cc\/pl\/wp-json\/wp\/v2\/product_tag?post=68265513"}],"curies":[{"name":"wp","href":"https:\/\/api.w.org\/{rel}","templated":true}]}}