{"id":68265895,"date":"2022-04-14T18:28:11","date_gmt":"2022-04-14T16:28:11","guid":{"rendered":"https:\/\/kraftwerk-shop.cc\/?post_type=product&#038;p=68265895"},"modified":"2026-02-15T00:02:54","modified_gmt":"2026-02-14T23:02:54","slug":"klocki-hamulcowe-ebc-greenstuff-dp63022","status":"publish","type":"product","link":"https:\/\/kraftwerk-shop.cc\/pl\/produkt\/ebc-greenstuff-bremsbelaege-dp63022\/","title":{"rendered":"Klocki hamulcowe EBC Greenstuff DP63022"},"content":{"rendered":"<h1>Klocki hamulcowe EBC Greenstuff do Cadillac Escalde, Chevrolet Avalanche, Silverado, Suburban, Tahoe, GMC Savana, Sierra i Yukon (tylna o\u015b)<\/h1>\n<p>&nbsp;<\/p>\n<p>Nowa mieszanka klock\u00f3w Greenstuff zapewnia znaczn\u0105 popraw\u0119 si\u0142y hamowania.<br \/>\nSportowe klocki hamulcowe Greenstuff zapewniaj\u0105 wyj\u0105tkow\u0105 skuteczno\u015b\u0107 hamowania, nawet gdy uk\u0142ad hamulcowy jest zimny.<br \/>\nEfektywny zakres roboczy tej pow\u0142oki rozci\u0105ga si\u0119 do temperatury 650\u00b0C.<br \/>\nPodobnie jak wszystkie klocki hamulcowe EBC w sektorze motoryzacyjnym, wszystkie sportowe klocki hamulcowe EBC Greenstuff maj\u0105 pow\u0142ok\u0119 docieraj\u0105c\u0105, \u0142amane kraw\u0119dzie, rowek termiczny i pow\u0142ok\u0119 proszkow\u0105.<\/p>\n<p>&nbsp;<\/p>\n<p>Cechy:<\/p>\n<p>- Zmniejszona ilo\u015b\u0107 py\u0142u hamulcowego<br \/>\n- \u015aredni okres u\u017cytkowania<br \/>\n- Delikatny dla tarcz hamulcowych<br \/>\n- Ekonomiczna poprawa skuteczno\u015bci hamowania<\/p>\n<p>&nbsp;<\/p>\n<div id=\"attachment_68255968\" style=\"width: 460px\" class=\"wp-caption alignnone\"><img decoding=\"async\" aria-describedby=\"caption-attachment-68255968\" class=\"wp-image-68255968\" src=\"https:\/\/kraftwerk-shop.cc\/wp-content\/uploads\/2021\/09\/EBC_Greenstuff_Info-300x229.png\" alt=\"Cechy klock\u00f3w hamulcowych EBC Greenstuff do samochod\u00f3w Chrysler, Dodge i Jeep\" width=\"450\" height=\"343\" \/><p id=\"caption-attachment-68255968\" class=\"wp-caption-text\">Charakterystyka klock\u00f3w hamulcowych EBC Greenstuff<\/p><\/div>\n<p>&nbsp;<\/p>\n<p>Numer OE (wy\u0142\u0105cznie do cel\u00f3w por\u00f3wnawczych): -<br \/>\nAutoryzacja: -<\/p>\n<p>Miejsce instalacji: Tylna o\u015b<\/p>\n<p><strong>Odpowiedni dla:<\/strong><\/p>\n<table class=\"table table-striped table-condensed\">\n<thead>\n<tr>\n<th><span class=\"hidden-xs\">Marka<\/span><\/th>\n<th class=\"hidden-xs\">Model<\/th>\n<th class=\"hidden-xs\">Wariant<\/th>\n<th class=\"hidden-xs\">Rok<\/th>\n<th>Silnik<\/th>\n<th>Uwaga<\/th>\n<\/tr>\n<\/thead>\n<tbody>\n<tr>\n<td>Cadillac<\/td>\n<td class=\"hidden-xs\">Escalade<\/td>\n<td class=\"hidden-xs\"><\/td>\n<td class=\"hidden-xs\">2015-2020<\/td>\n<td>6,2 litra<\/td>\n<td><\/td>\n<\/tr>\n<tr>\n<td>Cadillac<\/td>\n<td class=\"hidden-xs\">Escalade<\/td>\n<td class=\"hidden-xs\"><\/td>\n<td class=\"hidden-xs\">2016-2020<\/td>\n<td>6,2 litra<\/td>\n<td>Brembo<\/td>\n<\/tr>\n<tr>\n<td>Cadillac<\/td>\n<td class=\"hidden-xs\">Escalade ESV<\/td>\n<td class=\"hidden-xs\"><\/td>\n<td class=\"hidden-xs\">2015-2020<\/td>\n<td>6,2 litra<\/td>\n<td><\/td>\n<\/tr>\n<tr>\n<td>Chevrolet<\/td>\n<td class=\"hidden-xs\">Silverado 1500<\/td>\n<td class=\"hidden-xs\"><\/td>\n<td class=\"hidden-xs\">2014-2020<\/td>\n<td><\/td>\n<td><\/td>\n<\/tr>\n<tr>\n<td>Chevrolet<\/td>\n<td class=\"hidden-xs\">Tahoe<\/td>\n<td class=\"hidden-xs\"><\/td>\n<td class=\"hidden-xs\">2015-2020<\/td>\n<td><\/td>\n<td>6-t\u0142oczkowy Brembo<\/td>\n<\/tr>\n<tr>\n<td>Chevrolet<\/td>\n<td class=\"hidden-xs\">Tahoe<\/td>\n<td class=\"hidden-xs\"><\/td>\n<td class=\"hidden-xs\">2015-2019<\/td>\n<td><\/td>\n<td><\/td>\n<\/tr>\n<tr>\n<td>GMC<\/td>\n<td class=\"hidden-xs\">Sierra 1500<\/td>\n<td class=\"hidden-xs\"><\/td>\n<td class=\"hidden-xs\">2014-2019<\/td>\n<td><\/td>\n<td>1\/2 tonu<\/td>\n<\/tr>\n<tr>\n<td>GMC<\/td>\n<td class=\"hidden-xs\">Yukon<\/td>\n<td class=\"hidden-xs\"><\/td>\n<td class=\"hidden-xs\">2015-2019<\/td>\n<td><\/td>\n<td><\/td>\n<\/tr>\n<tr>\n<td>GMC<\/td>\n<td class=\"hidden-xs\">Yukon<\/td>\n<td class=\"hidden-xs\"><\/td>\n<td class=\"hidden-xs\">2015-2019<\/td>\n<td><\/td>\n<td>6-t\u0142oczkowy Brembo<\/td>\n<\/tr>\n<\/tbody>\n<\/table>\n<p>&nbsp;<\/p>\n<p><strong>Zakres dostawy: <\/strong><\/p>\n<p>- 1 zestaw klock\u00f3w hamulcowych EBC Greenstuff (DP63022) na tyln\u0105 o\u015b<\/p>\n<p>&nbsp;<\/p>","protected":false},"excerpt":{"rendered":"<p>Klocki hamulcowe EBC Greenstuff do pojazd\u00f3w Cadillac Escalde, Chevrolet, Avalanche, Silverado, Suburban, Tahoe, GMC Savana, Sierra i Yukon (tylna o\u015b) Ze wzgl\u0119du na<\/p>","protected":false},"featured_media":68274329,"comment_status":"open","ping_status":"closed","template":"","meta":{"_acf_changed":false},"product_brand":[16875],"product_cat":[3669,3694,3703],"product_tag":[1046,838,590,795,840,278,189,3674,964,2442,16877,16876,16878,288,971,798,799,36,2138,3518,970,293,2139,673,2135,2137],"class_list":{"0":"post-68265895","1":"product","2":"type-product","3":"status-publish","4":"has-post-thumbnail","6":"product_brand-ebc-brakes","7":"product_cat-escalade-bremsen-hinten","8":"product_cat-silverado-bremsen-hinten","9":"product_cat-tahoe-bremsen-hinten","10":"product_tag-abe","11":"product_tag-bremsbelag","12":"product_tag-bremsbelaege","13":"product_tag-bremse","14":"product_tag-bremskloetze","15":"product_tag-cadillac","16":"product_tag-chevrolet","17":"product_tag-dp63022","18":"product_tag-ebc","19":"product_tag-ebc-brakes","20":"product_tag-ebc-bremsbelaege","21":"product_tag-ebc-bremsen","22":"product_tag-ebc-bremsscheiben","23":"product_tag-escalade","24":"product_tag-greenstuff","25":"product_tag-hinten","26":"product_tag-hinterachse","27":"product_tag-kraftwerk","28":"product_tag-reg90","29":"product_tag-sportbremsbelag","30":"product_tag-sportbremsbelaege","31":"product_tag-tahoe","32":"product_tag-tuev","33":"product_tag-zubehoer","34":"product_tag-zubehoerbremsbelaege","35":"product_tag-zulassung","37":"first","38":"onbackorder","39":"taxable","40":"shipping-taxable","41":"purchasable","42":"product-type-simple"},"bundled_by":[],"bundle_stock_status":"onbackorder","bundle_stock_quantity":0,"bundle_virtual":false,"bundle_layout":"","bundle_add_to_cart_form_location":"","bundle_editable_in_cart":false,"bundle_sold_individually_context":"","bundle_item_grouping":"","bundle_min_size":"","bundle_max_size":"","bundle_price":[],"bundled_items":[],"bundle_sell_ids":[],"exclude_global_add_ons":[],"addons":[],"acf":[],"_links":{"self":[{"href":"https:\/\/kraftwerk-shop.cc\/pl\/wp-json\/wp\/v2\/product\/68265895","targetHints":{"allow":["GET"]}}],"collection":[{"href":"https:\/\/kraftwerk-shop.cc\/pl\/wp-json\/wp\/v2\/product"}],"about":[{"href":"https:\/\/kraftwerk-shop.cc\/pl\/wp-json\/wp\/v2\/types\/product"}],"replies":[{"embeddable":true,"href":"https:\/\/kraftwerk-shop.cc\/pl\/wp-json\/wp\/v2\/comments?post=68265895"}],"version-history":[{"count":0,"href":"https:\/\/kraftwerk-shop.cc\/pl\/wp-json\/wp\/v2\/product\/68265895\/revisions"}],"wp:featuredmedia":[{"embeddable":true,"href":"https:\/\/kraftwerk-shop.cc\/pl\/wp-json\/wp\/v2\/media\/68274329"}],"wp:attachment":[{"href":"https:\/\/kraftwerk-shop.cc\/pl\/wp-json\/wp\/v2\/media?parent=68265895"}],"wp:term":[{"taxonomy":"product_brand","embeddable":true,"href":"https:\/\/kraftwerk-shop.cc\/pl\/wp-json\/wp\/v2\/product_brand?post=68265895"},{"taxonomy":"product_cat","embeddable":true,"href":"https:\/\/kraftwerk-shop.cc\/pl\/wp-json\/wp\/v2\/product_cat?post=68265895"},{"taxonomy":"product_tag","embeddable":true,"href":"https:\/\/kraftwerk-shop.cc\/pl\/wp-json\/wp\/v2\/product_tag?post=68265895"}],"curies":[{"name":"wp","href":"https:\/\/api.w.org\/{rel}","templated":true}]}}