{"id":68265899,"date":"2022-04-14T18:28:50","date_gmt":"2022-04-14T16:28:50","guid":{"rendered":"https:\/\/kraftwerk-shop.cc\/?post_type=product&#038;p=68265899"},"modified":"2026-02-15T00:56:01","modified_gmt":"2026-02-14T23:56:01","slug":"klocki-hamulcowe-ebc-yellowstuff-dp43022r","status":"publish","type":"product","link":"https:\/\/kraftwerk-shop.cc\/pl\/produkt\/ebc-yellowstuff-bremsbelaege-dp43022r\/","title":{"rendered":"Klocki hamulcowe EBC Yellowstuff DP43022R"},"content":{"rendered":"<h1>Klocki hamulcowe EBC Yellowstuff do Cadillac Escalde, Chevrolet Avalanche, Silverado, Suburban, Tahoe, GMC Savana, Sierra i Yukon (tylna o\u015b)<\/h1>\n<p>&nbsp;<\/p>\n<p>Yellowstuff to 3 kategoria sportowych klock\u00f3w hamulcowych EBC.<\/p>\n<p>Ta mieszanka klock\u00f3w hamulcowych oparta jest na w\u0142\u00f3knach aramidowych.<br \/>\nOgromny zakres roboczy (do 900\u00b0C) umo\u017cliwia u\u017cytkowanie zar\u00f3wno w ruchu drogowym, jak i na torze wy\u015bcigowym.<br \/>\nDzi\u0119ki swoim w\u0142a\u015bciwo\u015bciom nawierzchnia ta jest r\u00f3wnie\u017c idealna dla bardzo ci\u0119\u017ckich pojazd\u00f3w lub pojazd\u00f3w, kt\u00f3re s\u0105 nap\u0119dzane dodatkowymi \u0142adunkami (np. przyczepy).<\/p>\n<p>Ten klocek hamulcowy zapewnia doskona\u0142e warto\u015bci op\u00f3\u017anienia, nawet gdy hamulce s\u0105 zimne.<br \/>\nJednak wraz ze wzrostem temperatury \"ugryzienie\" tego sportowego klocka hamulcowego staje si\u0119 znacznie bardziej agresywne, co prowadzi do jeszcze lepszych warto\u015bci hamowania.<br \/>\nDzi\u0119ki \"mi\u0119kkiej\" mieszance klock\u00f3w, sportowe klocki hamulcowe Yellowstuff mog\u0105 by\u0107 szybko docierane i s\u0105 wyj\u0105tkowo delikatne dla tarcz hamulcowych.<\/p>\n<p>Pomimo d\u0142ugiej \u017cywotno\u015bci ten sportowy klocek hamulcowy powoduje wysoki poziom py\u0142u hamulcowego, ale podobnie jak w przypadku wszystkich klock\u00f3w hamulcowych EBC, nie powstaje agresywny py\u0142 hamulcowy.<\/p>\n<p>Podobnie jak wszystkie klocki hamulcowe EBC w sektorze motoryzacyjnym, wszystkie sportowe klocki hamulcowe EBC Greenstuff maj\u0105 pow\u0142ok\u0119 docieraj\u0105c\u0105, \u0142amane kraw\u0119dzie, rowek termiczny i pow\u0142ok\u0119 proszkow\u0105.<\/p>\n<p>&nbsp;<\/p>\n<div id=\"attachment_68256022\" style=\"width: 460px\" class=\"wp-caption alignnone\"><img decoding=\"async\" aria-describedby=\"caption-attachment-68256022\" class=\"wp-image-68256022\" src=\"https:\/\/kraftwerk-shop.cc\/wp-content\/uploads\/2021\/09\/EBC_Yellowstuff_Info-300x229.jpg\" alt=\"EBC Yellowstuff Chrysler, Dodge, Jeep\" width=\"450\" height=\"343\" \/><p id=\"caption-attachment-68256022\" class=\"wp-caption-text\">Charakterystyka klock\u00f3w hamulcowych EBC Yellowstuff<\/p><\/div>\n<p>&nbsp;<\/p>\n<p>Numer OE (wy\u0142\u0105cznie do cel\u00f3w por\u00f3wnawczych): -<br \/>\nAutoryzacja: -<\/p>\n<p>Miejsce instalacji: Tylna o\u015b<\/p>\n<p>&nbsp;<\/p>\n<p><strong>Odpowiedni dla:<\/strong><\/p>\n<table class=\"table table-striped table-condensed\">\n<thead>\n<tr>\n<th><span class=\"hidden-xs\">Marka<\/span><\/th>\n<th class=\"hidden-xs\">Model<\/th>\n<th class=\"hidden-xs\">Wariant<\/th>\n<th class=\"hidden-xs\">Rok<\/th>\n<th>Silnik<\/th>\n<th>Uwaga<\/th>\n<\/tr>\n<\/thead>\n<tbody>\n<tr>\n<td>Cadillac<\/td>\n<td class=\"hidden-xs\">Escalade<\/td>\n<td class=\"hidden-xs\"><\/td>\n<td class=\"hidden-xs\">2015-2020<\/td>\n<td>6,2 litra<\/td>\n<td><\/td>\n<\/tr>\n<tr>\n<td>Cadillac<\/td>\n<td class=\"hidden-xs\">Escalade<\/td>\n<td class=\"hidden-xs\"><\/td>\n<td class=\"hidden-xs\">2016-2020<\/td>\n<td>6,2 litra<\/td>\n<td>Brembo<\/td>\n<\/tr>\n<tr>\n<td>Cadillac<\/td>\n<td class=\"hidden-xs\">Escalade ESV<\/td>\n<td class=\"hidden-xs\"><\/td>\n<td class=\"hidden-xs\">2015-2020<\/td>\n<td>6,2 litra<\/td>\n<td><\/td>\n<\/tr>\n<tr>\n<td>Chevrolet<\/td>\n<td class=\"hidden-xs\">Silverado 1500<\/td>\n<td class=\"hidden-xs\"><\/td>\n<td class=\"hidden-xs\">2014-2020<\/td>\n<td><\/td>\n<td><\/td>\n<\/tr>\n<tr>\n<td>Chevrolet<\/td>\n<td class=\"hidden-xs\">Tahoe<\/td>\n<td class=\"hidden-xs\"><\/td>\n<td class=\"hidden-xs\">2015-2020<\/td>\n<td><\/td>\n<td>6-t\u0142oczkowy Brembo<\/td>\n<\/tr>\n<tr>\n<td>Chevrolet<\/td>\n<td class=\"hidden-xs\">Tahoe<\/td>\n<td class=\"hidden-xs\"><\/td>\n<td class=\"hidden-xs\">2015-2019<\/td>\n<td><\/td>\n<td><\/td>\n<\/tr>\n<tr>\n<td>GMC<\/td>\n<td class=\"hidden-xs\">Sierra 1500<\/td>\n<td class=\"hidden-xs\"><\/td>\n<td class=\"hidden-xs\">2014-2019<\/td>\n<td><\/td>\n<td>1\/2 tonu<\/td>\n<\/tr>\n<tr>\n<td>GMC<\/td>\n<td class=\"hidden-xs\">Yukon<\/td>\n<td class=\"hidden-xs\"><\/td>\n<td class=\"hidden-xs\">2015-2019<\/td>\n<td><\/td>\n<td><\/td>\n<\/tr>\n<tr>\n<td>GMC<\/td>\n<td class=\"hidden-xs\">Yukon<\/td>\n<td class=\"hidden-xs\"><\/td>\n<td class=\"hidden-xs\">2015-2019<\/td>\n<td><\/td>\n<td>6-t\u0142oczkowy Brembo<\/td>\n<\/tr>\n<\/tbody>\n<\/table>\n<p>&nbsp;<\/p>\n<p><strong>Zakres dostawy: <\/strong><\/p>\n<p>- 1 zestaw klock\u00f3w hamulcowych EBC Yellowstuff (DP43022R) na tyln\u0105 o\u015b<\/p>","protected":false},"excerpt":{"rendered":"<p>Klocki hamulcowe EBC Yellowstuff dla Cadillac Escalde, Chevrolet, Avalanche, Silverado, Suburban, Tahoe, GMC Savana, Sierra i Yukon (tylna o\u015b) Yellowstuff jest<\/p>","protected":false},"featured_media":68274393,"comment_status":"open","ping_status":"closed","template":"","meta":{"_acf_changed":false},"product_brand":[16875],"product_cat":[3669,3694,3703],"product_tag":[1046,590,795,840,278,189,3675,964,2442,16877,16876,16878,288,798,799,36,2138,3518,970,592,293,2139,974,673,2135,2137],"class_list":{"0":"post-68265899","1":"product","2":"type-product","3":"status-publish","4":"has-post-thumbnail","6":"product_brand-ebc-brakes","7":"product_cat-escalade-bremsen-hinten","8":"product_cat-silverado-bremsen-hinten","9":"product_cat-tahoe-bremsen-hinten","10":"product_tag-abe","11":"product_tag-bremsbelaege","12":"product_tag-bremse","13":"product_tag-bremskloetze","14":"product_tag-cadillac","15":"product_tag-chevrolet","16":"product_tag-dp43022r","17":"product_tag-ebc","18":"product_tag-ebc-brakes","19":"product_tag-ebc-bremsbelaege","20":"product_tag-ebc-bremsen","21":"product_tag-ebc-bremsscheiben","22":"product_tag-escalade","23":"product_tag-hinten","24":"product_tag-hinterachse","25":"product_tag-kraftwerk","26":"product_tag-reg90","27":"product_tag-sportbremsbelag","28":"product_tag-sportbremsbelaege","29":"product_tag-sportbremse","30":"product_tag-tahoe","31":"product_tag-tuev","32":"product_tag-yellowstuff","33":"product_tag-zubehoer","34":"product_tag-zubehoerbremsbelaege","35":"product_tag-zulassung","36":"product_shipping_class-deutschlandohne","38":"first","39":"onbackorder","40":"taxable","41":"shipping-taxable","42":"purchasable","43":"product-type-simple"},"bundled_by":[],"bundle_stock_status":"onbackorder","bundle_stock_quantity":0,"bundle_virtual":false,"bundle_layout":"","bundle_add_to_cart_form_location":"","bundle_editable_in_cart":false,"bundle_sold_individually_context":"","bundle_item_grouping":"","bundle_min_size":"","bundle_max_size":"","bundle_price":[],"bundled_items":[],"bundle_sell_ids":[],"exclude_global_add_ons":[],"addons":[],"acf":[],"_links":{"self":[{"href":"https:\/\/kraftwerk-shop.cc\/pl\/wp-json\/wp\/v2\/product\/68265899","targetHints":{"allow":["GET"]}}],"collection":[{"href":"https:\/\/kraftwerk-shop.cc\/pl\/wp-json\/wp\/v2\/product"}],"about":[{"href":"https:\/\/kraftwerk-shop.cc\/pl\/wp-json\/wp\/v2\/types\/product"}],"replies":[{"embeddable":true,"href":"https:\/\/kraftwerk-shop.cc\/pl\/wp-json\/wp\/v2\/comments?post=68265899"}],"version-history":[{"count":0,"href":"https:\/\/kraftwerk-shop.cc\/pl\/wp-json\/wp\/v2\/product\/68265899\/revisions"}],"wp:featuredmedia":[{"embeddable":true,"href":"https:\/\/kraftwerk-shop.cc\/pl\/wp-json\/wp\/v2\/media\/68274393"}],"wp:attachment":[{"href":"https:\/\/kraftwerk-shop.cc\/pl\/wp-json\/wp\/v2\/media?parent=68265899"}],"wp:term":[{"taxonomy":"product_brand","embeddable":true,"href":"https:\/\/kraftwerk-shop.cc\/pl\/wp-json\/wp\/v2\/product_brand?post=68265899"},{"taxonomy":"product_cat","embeddable":true,"href":"https:\/\/kraftwerk-shop.cc\/pl\/wp-json\/wp\/v2\/product_cat?post=68265899"},{"taxonomy":"product_tag","embeddable":true,"href":"https:\/\/kraftwerk-shop.cc\/pl\/wp-json\/wp\/v2\/product_tag?post=68265899"}],"curies":[{"name":"wp","href":"https:\/\/api.w.org\/{rel}","templated":true}]}}