{"id":68265903,"date":"2022-04-14T18:29:48","date_gmt":"2022-04-14T16:29:48","guid":{"rendered":"https:\/\/kraftwerk-shop.cc\/?post_type=product&#038;p=68265903"},"modified":"2026-02-15T00:46:37","modified_gmt":"2026-02-14T23:46:37","slug":"tarcze-hamulcowe-ebc-premium-d7373","status":"publish","type":"product","link":"https:\/\/kraftwerk-shop.cc\/pl\/produkt\/ebc-premium-bremsscheiben-d7373\/","title":{"rendered":"Tarcze hamulcowe EBC Premium D7373"},"content":{"rendered":"<h1>Tarcze hamulcowe EBC Premium do Cadillac Escalde, Chevrolet Avalanche, Silverado, Suburban, Tahoe, GMC Savana, Sierra i Yukon<\/h1>\n<p>&nbsp;<\/p>\n<p>EBC oferuje najwy\u017cszej jako\u015bci tarcze hamulcowe jako cz\u0119\u015bci zamienne OE. EBC przywi\u0105zuje r\u00f3wnie\u017c du\u017c\u0105 wag\u0119 do wytwarzania wysokiej jako\u015bci produkt\u00f3w w sektorze cz\u0119\u015bci zamiennych OE, aby zagwarantowa\u0107 bezpiecze\u0144stwo u\u017cytkownika.<\/p>\n<p>Wszystkie tarcze hamulcowe EBC Premium s\u0105 wykonane z \u017celiwa szarego i maj\u0105 wytrzyma\u0142o\u015b\u0107 na rozci\u0105ganie 150N\/m2 z odchyleniem twardo\u015bci powierzchni maks. 20HB.<\/p>\n<p>Tarcze hamulcowe EBC Premium s\u0105 frezowane CNC z tolerancj\u0105 powierzchni 0,01 mm.<\/p>\n<p>Nie jest to zatem tani produkt importowany, ale wysokiej jako\u015bci cz\u0119\u015b\u0107 zamienna OE, kt\u00f3ra w \u017caden spos\u00f3b nie ust\u0119puje jako\u015bci\u0105 oryginalnym tarczom hamulcowym.<\/p>\n<p>Czarna pow\u0142oka proszkowa tarcz hamulcowych zapewnia najlepsz\u0105 mo\u017cliw\u0105 ochron\u0119 przed korozj\u0105 i jest szczeg\u00f3lnie odpowiednia dla pojazd\u00f3w z otwart\u0105 konstrukcj\u0105 obr\u0119czy.<\/p>\n<p>&nbsp;<\/p>\n<p><strong>Cechy produktu:<\/strong><\/p>\n<p><span class=\"text1\">345x20mm \/ wysoko\u015b\u0107: 85mm \/ liczba otwor\u00f3w: 6 \/ okr\u0105g \u015bruby: 139.7mm \/ wentylowany \/ zamontowany: ty\u0142<\/span><strong><br \/>\n<\/strong>Autoryzacja: -<\/p>\n<p>Numer OE (wy\u0142\u0105cznie do cel\u00f3w por\u00f3wnawczych): -<\/p>\n<p>&nbsp;<\/p>\n<p><strong>Odpowiedni dla:<\/strong><\/p>\n<table class=\"table table-striped table-condensed\">\n<thead>\n<tr>\n<th style=\"text-align: left;\"><span class=\"hidden-xs\">Marka<\/span><\/th>\n<th class=\"hidden-xs\" style=\"text-align: left;\">Model<\/th>\n<th class=\"hidden-xs\" style=\"text-align: left;\">Wersja<\/th>\n<th class=\"hidden-xs\" style=\"text-align: left;\">Rok<\/th>\n<th style=\"text-align: left;\">Silnik<\/th>\n<th style=\"text-align: left;\">Wskaz\u00f3wka<\/th>\n<\/tr>\n<\/thead>\n<tbody>\n<tr>\n<td>Cadillac<\/td>\n<td class=\"hidden-xs\">Escalade<\/td>\n<td class=\"hidden-xs\"><\/td>\n<td class=\"hidden-xs\">2007-2020<\/td>\n<td>6,2 litra<\/td>\n<td><\/td>\n<\/tr>\n<tr>\n<td>Cadillac<\/td>\n<td class=\"hidden-xs\">Escalade<\/td>\n<td class=\"hidden-xs\"><\/td>\n<td class=\"hidden-xs\">2016-2020<\/td>\n<td>6,2 litra<\/td>\n<td>Brembo<\/td>\n<\/tr>\n<tr>\n<td>Cadillac<\/td>\n<td class=\"hidden-xs\">Escalade<\/td>\n<td class=\"hidden-xs\">Hybryda<\/td>\n<td class=\"hidden-xs\">2009-2013<\/td>\n<td>6,0 litr\u00f3w<\/td>\n<td><\/td>\n<\/tr>\n<tr>\n<td>Cadillac<\/td>\n<td class=\"hidden-xs\">Escalade ESV<\/td>\n<td class=\"hidden-xs\"><\/td>\n<td class=\"hidden-xs\">2008-2020<\/td>\n<td>6,2 litra<\/td>\n<td><\/td>\n<\/tr>\n<tr>\n<td>Chevrolet<\/td>\n<td class=\"hidden-xs\">Avalanche<\/td>\n<td class=\"hidden-xs\"><\/td>\n<td class=\"hidden-xs\">2007-2013<\/td>\n<td>5,3 litra<\/td>\n<td><\/td>\n<\/tr>\n<tr>\n<td>Chevrolet<\/td>\n<td class=\"hidden-xs\">Avalanche<\/td>\n<td class=\"hidden-xs\"><\/td>\n<td class=\"hidden-xs\">2007-2009<\/td>\n<td>6,0 litr\u00f3w<\/td>\n<td><\/td>\n<\/tr>\n<tr>\n<td>Chevrolet<\/td>\n<td class=\"hidden-xs\">Silverado 1500<\/td>\n<td class=\"hidden-xs\"><\/td>\n<td class=\"hidden-xs\">2014-2019<\/td>\n<td><\/td>\n<td><\/td>\n<\/tr>\n<tr>\n<td>Chevrolet<\/td>\n<td class=\"hidden-xs\">Silverado 1500<\/td>\n<td class=\"hidden-xs\"><\/td>\n<td class=\"hidden-xs\">2007-2013<\/td>\n<td><\/td>\n<td>z tylnymi hamulcami tarczowymi<\/td>\n<\/tr>\n<tr>\n<td>Chevrolet<\/td>\n<td class=\"hidden-xs\">Suburban 1500<\/td>\n<td class=\"hidden-xs\"><\/td>\n<td class=\"hidden-xs\">2007-2014<\/td>\n<td>5,3 litra<\/td>\n<td><\/td>\n<\/tr>\n<tr>\n<td>Chevrolet<\/td>\n<td class=\"hidden-xs\">Suburban 1500<\/td>\n<td class=\"hidden-xs\"><\/td>\n<td class=\"hidden-xs\">2008-2013<\/td>\n<td>6,0 litr\u00f3w<\/td>\n<td><\/td>\n<\/tr>\n<tr>\n<td>Chevrolet<\/td>\n<td class=\"hidden-xs\">Tahoe<\/td>\n<td class=\"hidden-xs\"><\/td>\n<td class=\"hidden-xs\">2007-2019<\/td>\n<td><\/td>\n<td><\/td>\n<\/tr>\n<tr>\n<td>Chevrolet<\/td>\n<td class=\"hidden-xs\">Tahoe<\/td>\n<td class=\"hidden-xs\">Hybryda<\/td>\n<td class=\"hidden-xs\">2008-2013<\/td>\n<td>6,0 litr\u00f3w<\/td>\n<td><\/td>\n<\/tr>\n<tr>\n<td>GMC<\/td>\n<td class=\"hidden-xs\">Sierra 1500<\/td>\n<td class=\"hidden-xs\"><\/td>\n<td class=\"hidden-xs\">2014-2019<\/td>\n<td><\/td>\n<td>\n<ul>\n<li>1\/2 tonu<\/li>\n<\/ul>\n<\/td>\n<\/tr>\n<tr>\n<td>GMC<\/td>\n<td class=\"hidden-xs\">Sierra 1500<\/td>\n<td class=\"hidden-xs\"><\/td>\n<td class=\"hidden-xs\">2007-2013<\/td>\n<td><\/td>\n<td>z tylnymi hamulcami tarczowymi<\/td>\n<\/tr>\n<tr>\n<td>GMC<\/td>\n<td class=\"hidden-xs\">Yukon<\/td>\n<td class=\"hidden-xs\"><\/td>\n<td class=\"hidden-xs\">2007-2019<\/td>\n<td><\/td>\n<td><\/td>\n<\/tr>\n<tr>\n<td>GMC<\/td>\n<td class=\"hidden-xs\">Yukon<\/td>\n<td class=\"hidden-xs\">Hybryda<\/td>\n<td class=\"hidden-xs\">2008-2013<\/td>\n<td>6,0 litr\u00f3w<\/td>\n<td><\/td>\n<\/tr>\n<tr>\n<td>GMC<\/td>\n<td class=\"hidden-xs\">Yukon XL 1500<\/td>\n<td class=\"hidden-xs\"><\/td>\n<td class=\"hidden-xs\">2007-2014<\/td>\n<td><\/td>\n<\/tr>\n<\/tbody>\n<\/table>\n<p><strong>\u00a0<\/strong><\/p>\n<p><strong><br \/>\nZakres dostawy: <\/strong><\/p>\n<p>- 2 tarcze hamulcowe dla tylnej osi<\/p>","protected":false},"excerpt":{"rendered":"<p>Tarcze hamulcowe EBC Premium do Cadillac Escalde, Chevrolet, Avalanche, Silverado, Suburban, Tahoe, GMC Savana, Sierra i Yukon Tarcze hamulcowe Premium<\/p>","protected":false},"featured_media":68274055,"comment_status":"open","ping_status":"closed","template":"","meta":{"_acf_changed":false},"product_brand":[16875],"product_cat":[3669,3686,3694,3711,3703],"product_tag":[1205,795,796,278,189,3679,964,2442,16877,16876,16878,692,288,3091,1201,798,799,36,794,1216,299,797,298,293,216,1217,673],"class_list":{"0":"post-68265903","1":"product","2":"type-product","3":"status-publish","4":"has-post-thumbnail","6":"product_brand-ebc-brakes","7":"product_cat-escalade-bremsen-hinten","8":"product_cat-avalanche-bremsen-hinten","9":"product_cat-silverado-bremsen-hinten","10":"product_cat-suburban-bremsen-hinten","11":"product_cat-tahoe-bremsen-hinten","12":"product_tag-avalanche","13":"product_tag-bremse","14":"product_tag-bremsscheibe","15":"product_tag-cadillac","16":"product_tag-chevrolet","17":"product_tag-d7373","18":"product_tag-ebc","19":"product_tag-ebc-brakes","20":"product_tag-ebc-bremsbelaege","21":"product_tag-ebc-bremsen","22":"product_tag-ebc-bremsscheiben","23":"product_tag-ersatzteil","24":"product_tag-escalade","25":"product_tag-esv","26":"product_tag-gmc","27":"product_tag-hinten","28":"product_tag-hinterachse","29":"product_tag-kraftwerk","30":"product_tag-premium","31":"product_tag-sierra","32":"product_tag-silverado","33":"product_tag-sportbremsscheibe","34":"product_tag-suburban","35":"product_tag-tahoe","36":"product_tag-upgrade","37":"product_tag-yukon","38":"product_tag-zubehoer","39":"product_shipping_class-deutschlandohne","41":"first","42":"onbackorder","43":"taxable","44":"shipping-taxable","45":"purchasable","46":"product-type-simple"},"bundled_by":[],"bundle_stock_status":"onbackorder","bundle_stock_quantity":0,"bundle_virtual":false,"bundle_layout":"","bundle_add_to_cart_form_location":"","bundle_editable_in_cart":false,"bundle_sold_individually_context":"","bundle_item_grouping":"","bundle_min_size":"","bundle_max_size":"","bundle_price":[],"bundled_items":[],"bundle_sell_ids":[],"exclude_global_add_ons":[],"addons":[],"acf":[],"_links":{"self":[{"href":"https:\/\/kraftwerk-shop.cc\/pl\/wp-json\/wp\/v2\/product\/68265903","targetHints":{"allow":["GET"]}}],"collection":[{"href":"https:\/\/kraftwerk-shop.cc\/pl\/wp-json\/wp\/v2\/product"}],"about":[{"href":"https:\/\/kraftwerk-shop.cc\/pl\/wp-json\/wp\/v2\/types\/product"}],"replies":[{"embeddable":true,"href":"https:\/\/kraftwerk-shop.cc\/pl\/wp-json\/wp\/v2\/comments?post=68265903"}],"version-history":[{"count":0,"href":"https:\/\/kraftwerk-shop.cc\/pl\/wp-json\/wp\/v2\/product\/68265903\/revisions"}],"wp:featuredmedia":[{"embeddable":true,"href":"https:\/\/kraftwerk-shop.cc\/pl\/wp-json\/wp\/v2\/media\/68274055"}],"wp:attachment":[{"href":"https:\/\/kraftwerk-shop.cc\/pl\/wp-json\/wp\/v2\/media?parent=68265903"}],"wp:term":[{"taxonomy":"product_brand","embeddable":true,"href":"https:\/\/kraftwerk-shop.cc\/pl\/wp-json\/wp\/v2\/product_brand?post=68265903"},{"taxonomy":"product_cat","embeddable":true,"href":"https:\/\/kraftwerk-shop.cc\/pl\/wp-json\/wp\/v2\/product_cat?post=68265903"},{"taxonomy":"product_tag","embeddable":true,"href":"https:\/\/kraftwerk-shop.cc\/pl\/wp-json\/wp\/v2\/product_tag?post=68265903"}],"curies":[{"name":"wp","href":"https:\/\/api.w.org\/{rel}","templated":true}]}}