{"id":68266224,"date":"2022-04-23T19:13:54","date_gmt":"2022-04-23T17:13:54","guid":{"rendered":"https:\/\/kraftwerk-shop.cc\/?post_type=product&#038;p=68266224"},"modified":"2026-02-15T00:47:49","modified_gmt":"2026-02-14T23:47:49","slug":"tarcze-hamulcowe-girodisc-chrysler-300-dodge-challenger-charger-srt-hellcat","status":"publish","type":"product","link":"https:\/\/kraftwerk-shop.cc\/pl\/produkt\/girodisc-bremsscheiben-chrysler-300-dodge-challenger-charger-srt-hellcat\/","title":{"rendered":"Tarcze hamulcowe GiroDisc SRT i Hellcat"},"content":{"rendered":"<h1>Wysokowydajne tarcze hamulcowe GiroDisc 390 mm (2-cz\u0119\u015bciowe) do Chrysler 300, Dodge Charger i Challenger SRT i Hellcat 2015-2020 z 6-t\u0142oczkowym uk\u0142adem hamulcowym Brembo<\/h1>\n<p>&nbsp;<\/p>\n<p>Tarcze hamulcowe GiroDisc \"Demon Performance\" o \u015brednicy 390 mm s\u0105 bezpo\u015brednim zamiennikiem oryginalnych tarcz hamulcowych Chrysler 300C, Dodge Challenger i Charger SRT oraz Hellcat z 6-t\u0142oczkowym uk\u0142adem hamulcowym Brembo od 2015 r. Nie wymagaj\u0105 \u017cadnych modyfikacji.<br \/>\nPrzednie tarcze hamulcowe wa\u017c\u0105 10,9 kg ka\u017cda w por\u00f3wnaniu do 15,1 kg w przypadku oryginalnych tarcz.<br \/>\nZmniejszenie masy obrotowej i nieresorowanej o oko\u0142o 2 kg na ko\u0142o umo\u017cliwia szybsze przyspieszanie i lepsz\u0105 reakcj\u0119 podwozia.<\/p>\n<p>\u015arodkowa cz\u0119\u015b\u0107 tarczy hamulcowej wykonana jest z aluminium lotniczego 6061-T6, kt\u00f3re pochodzi wy\u0142\u0105cznie z USA.<br \/>\nTarcza jest wykonana z \u017celiwa, odlewana w USA i obrabiana od pocz\u0105tku do ko\u0144ca specjalnie dla GiroDisc.<br \/>\nTarcze hamulcowe maj\u0105 zakrzywion\u0105 konstrukcj\u0119 skrzyd\u0142a, kt\u00f3ra zosta\u0142a opracowana w wy\u015bcigach i dzia\u0142a jak pompa od\u015brodkowa do przepychania powietrza ch\u0142odz\u0105cego przez tarcze.<\/p>\n<p>Pier\u015bcienie cierne i kielich s\u0105 zamontowane na \u0142o\u017cyskach p\u0142ywaj\u0105cych za pomoc\u0105 12 wysokowytrzyma\u0142ych \u015brub gwintowanych, kt\u00f3re zosta\u0142y pokryte kadmem w celu zapewnienia d\u0142ugotrwa\u0142ej odporno\u015bci na korozj\u0119. \u015aruby te przejmuj\u0105 obci\u0105\u017cenie zwi\u0105zane z operacjami hamowania, utrzymuj\u0105c jednocze\u015bnie luz osiowy i promieniowy mi\u0119dzy miseczk\u0105 a pier\u015bcieniem ciernym.<br \/>\n\u015aruby s\u0105 mocowane za pomoc\u0105 \u015brub klasy 12 i hartowanych podk\u0142adek. Aby zapobiec ha\u0142asowi tarcz hamulcowych, gdy s\u0105 zimne, s\u0105 one wyposa\u017cone w t\u0142umi\u0105ce ha\u0142as podk\u0142adki spr\u0119\u017cynowe po stronie wirnika, kt\u00f3re umo\u017cliwiaj\u0105 rozszerzanie si\u0119 tarczy hamulcowej po podgrzaniu, ale zapobiegaj\u0105 grzechotaniu i ha\u0142asowi zwi\u0105zanemu z p\u0142ywaj\u0105cymi tarczami hamulcowymi. To p\u0142ywaj\u0105ce \u0142o\u017cysko pozwala r\u00f3wnie\u017c tarczy hamulcowej wy\u015brodkowa\u0107 si\u0119 mi\u0119dzy klockami.<\/p>\n<p>Je\u015bli tarcze hamulcowe GiroDisc musz\u0105 zosta\u0107 wymienione z powodu zu\u017cycia, nie wymaga to ca\u0142kowicie nowych tarcz hamulcowych.<br \/>\nWystarczy wymieni\u0107 pier\u015bcie\u0144 cierny, kt\u00f3ry jest dost\u0119pny osobno. Zmniejsza to koszty zu\u017cycia hamulc\u00f3w w d\u0142u\u017cszej perspektywie.<\/p>\n<p>&nbsp;<\/p>\n<p>Numer cz\u0119\u015bci Mopar do cel\u00f3w por\u00f3wnawczych:<br \/>\n68184587AE (stare numery cz\u0119\u015bci 68184587AA, 68184587AB, 68184587AC, 68184587AD)<\/p>\n<p>&nbsp;<\/p>\n<p><strong>Odpowiedni dla:<br \/>\n<\/strong><\/p>\n<table width=\"0\">\n<tbody>\n<tr>\n<td width=\"143\">Chrysler<\/td>\n<td width=\"160\">300C<\/td>\n<td width=\"64\">6.4 SRT<\/td>\n<td width=\"312\">2015-2020 z tarczami hamulcowymi 390 mm<\/td>\n<\/tr>\n<tr>\n<td width=\"143\">Dodge<\/td>\n<td width=\"160\">Challenger<\/td>\n<td width=\"64\">6.4 SRT<\/td>\n<td width=\"312\">2015-2020 z tarczami hamulcowymi 390 mm<\/td>\n<\/tr>\n<tr>\n<td width=\"143\">Dodge<\/td>\n<td width=\"160\">Challenger Hellcat<\/td>\n<td width=\"64\">6.2<\/td>\n<td width=\"312\">2015\u20132020<\/td>\n<\/tr>\n<tr>\n<td width=\"143\">Dodge<\/td>\n<td width=\"160\">Charger<\/td>\n<td width=\"64\">6.4 SRT<\/td>\n<td width=\"312\">2015-2020 z tarczami hamulcowymi 390 mm<\/td>\n<\/tr>\n<tr>\n<td width=\"143\">Dodge<\/td>\n<td width=\"160\">Charger Hellcat<\/td>\n<td width=\"64\">6.2<\/td>\n<td width=\"312\">wszystkie lata budowy<\/td>\n<\/tr>\n<\/tbody>\n<\/table>\n<p>&nbsp;<\/p>\n<p>Cena dotyczy zestawu sk\u0142adaj\u0105cego si\u0119 z 2 tarcz (lewej i prawej) na przedni\u0105 o\u015b.<\/p>","protected":false},"excerpt":{"rendered":"<p>Tarcze hamulcowe 390 mm, 2-cz\u0119\u015bciowe, 2015-2020 (1 para)<\/p>","protected":false},"featured_media":68266230,"comment_status":"open","ping_status":"closed","template":"","meta":{"_acf_changed":false},"product_brand":[],"product_cat":[17737,17693,17689,17761,17765],"product_tag":[52,2324,936,938,937,939,795,796,3946,10802,54,53,48,536,152,3743,3739,49,3853,3854,692,3738,3740,3741,3742,100,36,186,797,96,842,841,673],"class_list":{"0":"post-68266224","1":"product","2":"type-product","3":"status-publish","4":"has-post-thumbnail","6":"product_cat-300c-64-bremsscheiben-vorne","7":"product_cat-challenger-hellcat-bremsscheiben-vorne","8":"product_cat-challenger-64-bremsscheiben-vorne","9":"product_cat-charger-hellcat-bremsscheiben-vorne","10":"product_cat-charger-64-bremsscheiben-vorne","11":"product_tag-300c","12":"product_tag-68184587aa","13":"product_tag-68184587ab","14":"product_tag-68184587ac","15":"product_tag-68184587ad","16":"product_tag-68184587ae","17":"product_tag-bremse","18":"product_tag-bremsscheibe","19":"product_tag-bremsscheiben-fuer-dodge-challenger","20":"product_tag-bremsscheiben-fuer-dodge-challenger-6-4","21":"product_tag-challenger","22":"product_tag-charger","23":"product_tag-chrysler","24":"product_tag-chrysler-300c","25":"product_tag-demon","26":"product_tag-demon-performance","27":"product_tag-disc","28":"product_tag-dodge","29":"product_tag-dodge-challenger","30":"product_tag-dodge-charger","31":"product_tag-ersatzteil","32":"product_tag-giro","33":"product_tag-giro-disc","34":"product_tag-girodisc","35":"product_tag-girodisc-brakes","36":"product_tag-hellcat","37":"product_tag-kraftwerk","38":"product_tag-performance","39":"product_tag-sportbremsscheibe","40":"product_tag-srt","41":"product_tag-vorderachse","42":"product_tag-vorne","43":"product_tag-zubehoer","45":"first","46":"onbackorder","47":"taxable","48":"shipping-taxable","49":"purchasable","50":"product-type-simple"},"bundled_by":[],"bundle_stock_status":"onbackorder","bundle_stock_quantity":0,"bundle_virtual":false,"bundle_layout":"","bundle_add_to_cart_form_location":"","bundle_editable_in_cart":false,"bundle_sold_individually_context":"","bundle_item_grouping":"","bundle_min_size":"","bundle_max_size":"","bundle_price":[],"bundled_items":[],"bundle_sell_ids":[],"exclude_global_add_ons":[],"addons":[],"acf":[],"_links":{"self":[{"href":"https:\/\/kraftwerk-shop.cc\/pl\/wp-json\/wp\/v2\/product\/68266224","targetHints":{"allow":["GET"]}}],"collection":[{"href":"https:\/\/kraftwerk-shop.cc\/pl\/wp-json\/wp\/v2\/product"}],"about":[{"href":"https:\/\/kraftwerk-shop.cc\/pl\/wp-json\/wp\/v2\/types\/product"}],"replies":[{"embeddable":true,"href":"https:\/\/kraftwerk-shop.cc\/pl\/wp-json\/wp\/v2\/comments?post=68266224"}],"version-history":[{"count":0,"href":"https:\/\/kraftwerk-shop.cc\/pl\/wp-json\/wp\/v2\/product\/68266224\/revisions"}],"wp:featuredmedia":[{"embeddable":true,"href":"https:\/\/kraftwerk-shop.cc\/pl\/wp-json\/wp\/v2\/media\/68266230"}],"wp:attachment":[{"href":"https:\/\/kraftwerk-shop.cc\/pl\/wp-json\/wp\/v2\/media?parent=68266224"}],"wp:term":[{"taxonomy":"product_brand","embeddable":true,"href":"https:\/\/kraftwerk-shop.cc\/pl\/wp-json\/wp\/v2\/product_brand?post=68266224"},{"taxonomy":"product_cat","embeddable":true,"href":"https:\/\/kraftwerk-shop.cc\/pl\/wp-json\/wp\/v2\/product_cat?post=68266224"},{"taxonomy":"product_tag","embeddable":true,"href":"https:\/\/kraftwerk-shop.cc\/pl\/wp-json\/wp\/v2\/product_tag?post=68266224"}],"curies":[{"name":"wp","href":"https:\/\/api.w.org\/{rel}","templated":true}]}}