{"id":68266270,"date":"2022-04-24T15:51:26","date_gmt":"2022-04-24T13:51:26","guid":{"rendered":"https:\/\/kraftwerk-shop.cc\/?post_type=product&#038;p=68266270"},"modified":"2026-02-15T00:43:48","modified_gmt":"2026-02-14T23:43:48","slug":"tarcze-hamulcowe-girodisc-grand-cherokee-trackhawk-durango-hellcat-68305562ab","status":"publish","type":"product","link":"https:\/\/kraftwerk-shop.cc\/pl\/produkt\/girodisc-bremsscheiben-grand-cherokee-trackhawk-durango-hellcat-68305562ab\/","title":{"rendered":"Tarcze hamulcowe GiroDisc Grand Cherokee Trackhawk &amp; Durango Hellcat"},"content":{"rendered":"<h1>Wysokowydajne tarcze hamulcowe GiroDisc 400 mm do Jeep Grand Cherokee 6.2 Trackhawk i Dodge Durango 6.2 Hellcat<\/h1>\n<p>&nbsp;<\/p>\n<p>400 mm tarcze hamulcowe GiroDisc \"Demon Performance\" s\u0105 bezpo\u015brednim zamiennikiem oryginalnych przednich tarcz hamulcowych w Jeep Grand Cherokee Trackhawk i Durango Hellcat.<br \/>\n\u017badne zmiany nie s\u0105 konieczne.<br \/>\nKa\u017cda z przednich tarcz hamulcowych wa\u017cy ok. 3 kg mniej ni\u017c oryginalne.<br \/>\nZmniejszenie masy obrotowej i nieresorowanej o oko\u0142o 2 kg na ko\u0142o umo\u017cliwia szybsze przyspieszanie i lepsz\u0105 reakcj\u0119 podwozia.<\/p>\n<p>\u015arodkowa cz\u0119\u015b\u0107 tarczy hamulcowej wykonana jest z aluminium lotniczego 6061-T6, kt\u00f3re pochodzi wy\u0142\u0105cznie z USA.<br \/>\nTarcza jest wykonana z \u017celiwa, odlewana w USA i obrabiana od pocz\u0105tku do ko\u0144ca specjalnie dla GiroDisc.<br \/>\nTarcze hamulcowe maj\u0105 zakrzywion\u0105 konstrukcj\u0119 skrzyd\u0142a, kt\u00f3ra zosta\u0142a opracowana w wy\u015bcigach i dzia\u0142a jak pompa od\u015brodkowa do przepychania powietrza ch\u0142odz\u0105cego przez tarcze.<\/p>\n<p>Pier\u015bcienie cierne i kielich s\u0105 zamontowane na \u0142o\u017cyskach p\u0142ywaj\u0105cych za pomoc\u0105 12 wysokowytrzyma\u0142ych \u015brub gwintowanych, kt\u00f3re zosta\u0142y pokryte kadmem w celu zapewnienia d\u0142ugotrwa\u0142ej odporno\u015bci na korozj\u0119. \u015aruby te przejmuj\u0105 obci\u0105\u017cenie zwi\u0105zane z operacjami hamowania, utrzymuj\u0105c jednocze\u015bnie luz osiowy i promieniowy mi\u0119dzy miseczk\u0105 a pier\u015bcieniem ciernym.<br \/>\n\u015aruby s\u0105 mocowane za pomoc\u0105 \u015brub klasy 12 i hartowanych podk\u0142adek. Aby zapobiec ha\u0142asowi tarcz hamulcowych, gdy s\u0105 zimne, s\u0105 one wyposa\u017cone w t\u0142umi\u0105ce ha\u0142as podk\u0142adki spr\u0119\u017cynowe po stronie wirnika, kt\u00f3re umo\u017cliwiaj\u0105 rozszerzanie si\u0119 tarczy hamulcowej po podgrzaniu, ale zapobiegaj\u0105 grzechotaniu i ha\u0142asowi zwi\u0105zanemu z p\u0142ywaj\u0105cymi tarczami hamulcowymi. To p\u0142ywaj\u0105ce \u0142o\u017cysko pozwala r\u00f3wnie\u017c tarczy hamulcowej wy\u015brodkowa\u0107 si\u0119 mi\u0119dzy klockami.<\/p>\n<p>Je\u015bli tarcze hamulcowe GiroDisc musz\u0105 zosta\u0107 wymienione z powodu zu\u017cycia, nie wymaga to ca\u0142kowicie nowych tarcz hamulcowych.<br \/>\nWystarczy wymieni\u0107 pier\u015bcie\u0144 cierny, kt\u00f3ry jest dost\u0119pny osobno. Zmniejsza to koszty zu\u017cycia hamulc\u00f3w w d\u0142u\u017cszej perspektywie.<\/p>\n<p>&nbsp;<\/p>\n<p>Numer cz\u0119\u015bci Mopar dla cel\u00f3w por\u00f3wnawczych: 68305562AB<br \/>\nStary numer cz\u0119\u015bci 68305562AA<\/p>\n<p>\u015arednica 400 mm.<\/p>\n<p>&nbsp;<\/p>\n<p><strong>Odpowiedni dla:<\/strong><\/p>\n<table width=\"403\">\n<tbody>\n<tr>\n<td width=\"67\">Dodge<\/td>\n<td width=\"116\">Durango<\/td>\n<td width=\"123\">6.2 Hellcat<\/td>\n<td width=\"97\">2021\u20132026<\/td>\n<\/tr>\n<tr>\n<td width=\"67\">Jeep<\/td>\n<td width=\"116\">Grand Cherokee<\/td>\n<td width=\"123\">6.2 Trackhawk<\/td>\n<td width=\"97\">2018\u20132021<\/td>\n<\/tr>\n<\/tbody>\n<\/table>\n<p>&nbsp;<\/p>\n<p>Cena dotyczy zestawu sk\u0142adaj\u0105cego si\u0119 z 2 tarcz (lewej i prawej) na przedni\u0105 o\u015b.<\/p>","protected":false},"excerpt":{"rendered":"<p>2-cz\u0119\u015bciowe tarcze hamulcowe (1 para)<\/p>","protected":false},"featured_media":68266274,"comment_status":"open","ping_status":"closed","template":"","meta":{"_acf_changed":false},"product_brand":[],"product_cat":[17930,17963],"product_tag":[2330,2758,2759,2757,2756,795,796,10807,152,3743,3739,49,95,692,3738,3740,3741,3742,56,50,4425,4427,4426,36,31,34,2425,186,797,96,842,841,673],"class_list":{"0":"post-68266270","1":"product","2":"type-product","3":"status-publish","4":"has-post-thumbnail","6":"product_cat-durango-hellcat-bremsscheiben-vorne","7":"product_cat-trackhawk-bremsscheiben-vorne","8":"product_tag-2-teilig","9":"product_tag-400-mm","10":"product_tag-400mm","11":"product_tag-68305562aa","12":"product_tag-68305562ab","13":"product_tag-bremse","14":"product_tag-bremsscheibe","15":"product_tag-bremsscheiben-fuer-jeep-trackhawk","16":"product_tag-demon","17":"product_tag-demon-performance","18":"product_tag-disc","19":"product_tag-dodge","20":"product_tag-durango","21":"product_tag-ersatzteil","22":"product_tag-giro","23":"product_tag-giro-disc","24":"product_tag-girodisc","25":"product_tag-girodisc-brakes","26":"product_tag-grand-cherokee","27":"product_tag-jeep","28":"product_tag-jeep-grand-cherokee","29":"product_tag-jeep-grand-cherokee-trackhawk","30":"product_tag-jeep-trackhawk","31":"product_tag-kraftwerk","32":"product_tag-mopar","33":"product_tag-original","34":"product_tag-originalteil","35":"product_tag-performance","36":"product_tag-sportbremsscheibe","37":"product_tag-srt","38":"product_tag-vorderachse","39":"product_tag-vorne","40":"product_tag-zubehoer","42":"first","43":"onbackorder","44":"taxable","45":"shipping-taxable","46":"purchasable","47":"product-type-simple"},"bundled_by":[],"bundle_stock_status":"onbackorder","bundle_stock_quantity":0,"bundle_virtual":false,"bundle_layout":"","bundle_add_to_cart_form_location":"","bundle_editable_in_cart":false,"bundle_sold_individually_context":"","bundle_item_grouping":"","bundle_min_size":"","bundle_max_size":"","bundle_price":[],"bundled_items":[],"bundle_sell_ids":[],"exclude_global_add_ons":[],"addons":[],"acf":[],"_links":{"self":[{"href":"https:\/\/kraftwerk-shop.cc\/pl\/wp-json\/wp\/v2\/product\/68266270","targetHints":{"allow":["GET"]}}],"collection":[{"href":"https:\/\/kraftwerk-shop.cc\/pl\/wp-json\/wp\/v2\/product"}],"about":[{"href":"https:\/\/kraftwerk-shop.cc\/pl\/wp-json\/wp\/v2\/types\/product"}],"replies":[{"embeddable":true,"href":"https:\/\/kraftwerk-shop.cc\/pl\/wp-json\/wp\/v2\/comments?post=68266270"}],"version-history":[{"count":0,"href":"https:\/\/kraftwerk-shop.cc\/pl\/wp-json\/wp\/v2\/product\/68266270\/revisions"}],"wp:featuredmedia":[{"embeddable":true,"href":"https:\/\/kraftwerk-shop.cc\/pl\/wp-json\/wp\/v2\/media\/68266274"}],"wp:attachment":[{"href":"https:\/\/kraftwerk-shop.cc\/pl\/wp-json\/wp\/v2\/media?parent=68266270"}],"wp:term":[{"taxonomy":"product_brand","embeddable":true,"href":"https:\/\/kraftwerk-shop.cc\/pl\/wp-json\/wp\/v2\/product_brand?post=68266270"},{"taxonomy":"product_cat","embeddable":true,"href":"https:\/\/kraftwerk-shop.cc\/pl\/wp-json\/wp\/v2\/product_cat?post=68266270"},{"taxonomy":"product_tag","embeddable":true,"href":"https:\/\/kraftwerk-shop.cc\/pl\/wp-json\/wp\/v2\/product_tag?post=68266270"}],"curies":[{"name":"wp","href":"https:\/\/api.w.org\/{rel}","templated":true}]}}