{"id":68267246,"date":"2022-05-22T13:26:04","date_gmt":"2022-05-22T11:26:04","guid":{"rendered":"https:\/\/kraftwerk-shop.cc\/?post_type=product&#038;p=68267246"},"modified":"2026-04-13T15:47:24","modified_gmt":"2026-04-13T13:47:24","slug":"kabel-obejsciowy-obd-t-dlugi","status":"publish","type":"product","link":"https:\/\/kraftwerk-shop.cc\/pl\/produkt\/obd-t-bypass-kabel-lang\/","title":{"rendered":"Kabel OBD T-Bypass (d\u0142ugi)"},"content":{"rendered":"<h1>Kabel OBD T-Bypass (d\u0142ugi)<\/h1>\n<p>&nbsp;<\/p>\n<p>Proste, \u0142atwe w instalacji rozwi\u0105zanie umo\u017cliwiaj\u0105ce dodanie portu OBD2, kt\u00f3ry omija bramk\u0119 bezpiecze\u0144stwa w wi\u0119kszo\u015bci pojazd\u00f3w FCA.<br \/>\nWystarczy wyci\u0105gn\u0105\u0107 fabryczn\u0105 wtyczk\u0119 OBDII z uchwytu i pod\u0142\u0105czy\u0107 jedn\u0105 z wtyczek OBDII z tej wi\u0105zki przewod\u00f3w.<br \/>\nZapewnia to dodatkowe po\u0142\u0105czenie OBD2 bezpo\u015brednio za po\u0142\u0105czeniem fabrycznym, kt\u00f3re nie jest blokowane przez bramk\u0119 bezpiecze\u0144stwa.<br \/>\nZ\u0142\u0105cze nie mo\u017ce komunikowa\u0107 si\u0119 z radiem za pomoc\u0105 tej wi\u0105zki przewod\u00f3w. Je\u015bli wi\u0119c korzystasz z urz\u0105dzenia Tazer, nawigacja w ruchu i kamera TurnCam nie b\u0119d\u0105 dzia\u0142a\u0107.<\/p>\n<p>&nbsp;<\/p>\n<p>&nbsp;<\/p>\n<p><strong>Odpowiedni dla:<\/strong><\/p>\n<table width=\"366\">\n<tbody>\n<tr>\n<td width=\"115\"><strong>Marka<\/strong><\/td>\n<td width=\"145\"><strong>Model<\/strong><\/td>\n<td width=\"106\"><strong>Rok<\/strong><\/td>\n<\/tr>\n<tr>\n<td>RAM<\/td>\n<td>1500 Classic<\/td>\n<td>2018\u20132021<\/td>\n<\/tr>\n<tr>\n<td>RAM<\/td>\n<td>2500<\/td>\n<td>2018\u20132021<\/td>\n<\/tr>\n<tr>\n<td>RAM<\/td>\n<td>3500<\/td>\n<td>2018\u20132021<\/td>\n<\/tr>\n<\/tbody>\n<\/table>\n<p>&nbsp;<\/p>\n<p>To obej\u015bcie jest wymagane do korzystania z Tazer Ram w poje\u017adzie z powy\u017cszej listy.<\/p>\n<ul>\n<li>Nie jest kompatybilny z RAM 1500 DT lub TRX.<\/li>\n<li>Nie jest kompatybilny z Dodge Charger, Challenger lub Chrysler 300<\/li>\n<\/ul>","protected":false},"excerpt":{"rendered":"<p>OBD T-Bypass Kabel (lang) &nbsp; Eine einfache, leicht zu installierende L\u00f6sung, um einen OBD2-Anschluss hinzuzuf\u00fcgen, der das Sicherheits-Gateway der meisten<\/p>","protected":false},"featured_media":68267252,"comment_status":"open","ping_status":"closed","template":"","meta":{"_acf_changed":false},"product_brand":[17480],"product_cat":[4241,4760,1518],"product_tag":[475,455,456,460,452,431,2219,462,429,49,3853,477,461,447,115,454,453,441,36,3862,450,451,3861,457,445,449,448,444,459,86,446,463,443,3860,442,464,470,2991,440,458],"class_list":{"0":"post-68267246","1":"product","2":"type-product","3":"status-publish","4":"has-post-thumbnail","6":"product_brand-z-automotive","7":"product_cat-1500-ecodiesel-programmiergeraete","8":"product_cat-1500-36-programmiergeraete","9":"product_cat-1500-57-2009-2018-classic-programmiergeraete","10":"product_tag-475","11":"product_tag-adaption","12":"product_tag-adaptionswerte","13":"product_tag-aktivieren","14":"product_tag-allrad","15":"product_tag-burnout","16":"product_tag-classic","17":"product_tag-codieren","18":"product_tag-deutschland","19":"product_tag-dodge","20":"product_tag-dodge-challenger","21":"product_tag-ds","22":"product_tag-einschalten","23":"product_tag-evic","24":"product_tag-getriebe","25":"product_tag-getriebesteuerung","26":"product_tag-heckantrieb","27":"product_tag-kaufen","28":"product_tag-kraftwerk","29":"product_tag-lang","30":"product_tag-lenkradschaltung","31":"product_tag-line-lock","32":"product_tag-long","33":"product_tag-loeschen","34":"product_tag-nebelleuchten","35":"product_tag-paddle-shifter","36":"product_tag-paddles","37":"product_tag-performance-pages","38":"product_tag-programmieren","39":"product_tag-ram","40":"product_tag-rueckfahrkamera","41":"product_tag-shop","42":"product_tag-sport-modus","43":"product_tag-t-bypass","44":"product_tag-tazer","45":"product_tag-webshop","46":"product_tag-z-auto","47":"product_tag-zauto","48":"product_tag-zautotech","49":"product_tag-zuruecksetzen","51":"first","52":"instock","53":"taxable","54":"shipping-taxable","55":"purchasable","56":"product-type-simple"},"bundled_by":[],"bundle_stock_status":"instock","bundle_stock_quantity":2,"bundle_virtual":false,"bundle_layout":"","bundle_add_to_cart_form_location":"","bundle_editable_in_cart":false,"bundle_sold_individually_context":"","bundle_item_grouping":"","bundle_min_size":"","bundle_max_size":"","bundle_price":[],"bundled_items":[],"bundle_sell_ids":[],"exclude_global_add_ons":[],"addons":[],"acf":[],"_links":{"self":[{"href":"https:\/\/kraftwerk-shop.cc\/pl\/wp-json\/wp\/v2\/product\/68267246","targetHints":{"allow":["GET"]}}],"collection":[{"href":"https:\/\/kraftwerk-shop.cc\/pl\/wp-json\/wp\/v2\/product"}],"about":[{"href":"https:\/\/kraftwerk-shop.cc\/pl\/wp-json\/wp\/v2\/types\/product"}],"replies":[{"embeddable":true,"href":"https:\/\/kraftwerk-shop.cc\/pl\/wp-json\/wp\/v2\/comments?post=68267246"}],"version-history":[{"count":0,"href":"https:\/\/kraftwerk-shop.cc\/pl\/wp-json\/wp\/v2\/product\/68267246\/revisions"}],"wp:featuredmedia":[{"embeddable":true,"href":"https:\/\/kraftwerk-shop.cc\/pl\/wp-json\/wp\/v2\/media\/68267252"}],"wp:attachment":[{"href":"https:\/\/kraftwerk-shop.cc\/pl\/wp-json\/wp\/v2\/media?parent=68267246"}],"wp:term":[{"taxonomy":"product_brand","embeddable":true,"href":"https:\/\/kraftwerk-shop.cc\/pl\/wp-json\/wp\/v2\/product_brand?post=68267246"},{"taxonomy":"product_cat","embeddable":true,"href":"https:\/\/kraftwerk-shop.cc\/pl\/wp-json\/wp\/v2\/product_cat?post=68267246"},{"taxonomy":"product_tag","embeddable":true,"href":"https:\/\/kraftwerk-shop.cc\/pl\/wp-json\/wp\/v2\/product_tag?post=68267246"}],"curies":[{"name":"wp","href":"https:\/\/api.w.org\/{rel}","templated":true}]}}