{"id":68267397,"date":"2022-05-26T22:21:50","date_gmt":"2022-05-26T20:21:50","guid":{"rendered":"https:\/\/kraftwerk-shop.cc\/?post_type=product&#038;p=68267397"},"modified":"2025-05-31T15:48:24","modified_gmt":"2025-05-31T13:48:24","slug":"zestaw-stabilizatorow-eibach-chrysler-300c-dodge-challenger-charger","status":"publish","type":"product","link":"https:\/\/kraftwerk-shop.cc\/pl\/produkt\/eibach-anti-roll-kit-performance-stabilisatoren-chrysler-300c-dodge-challenger-charger\/","title":{"rendered":"Zestaw stabilizator\u00f3w Eibach dla 300C, Challenger i Charger"},"content":{"rendered":"<h1>Zestaw stabilizator\u00f3w Eibach dla Chrysler 300C, Dodge Challenger i Charger<\/h1>\n<p>&nbsp;<\/p>\n<p>Dopracuj swoje zawieszenie za pomoc\u0105 zestawu stabilizatora poprzecznego Eibach.  Zestaw antypo\u015blizgowy Eibach precyzyjnie dostraja prowadzenie samochodu.<\/p>\n<p>Zestawy antypo\u015blizgowe Eibach zmniejszaj\u0105 tendencj\u0119 nadwozia do przechylania si\u0119 poprzez zwi\u0119kszenie sztywno\u015bci i zapewniaj\u0105 wi\u0119ksz\u0105 stabilno\u015b\u0107.<br \/>\nRezultat: lepsze prowadzenie i lepsza przyczepno\u015b\u0107 w ka\u017cdej sportowej pozycji za kierownic\u0105.<\/p>\n<p>Zestaw antypo\u015blizgowy jest wykonany z formowanego na zimno drutu ze stali spr\u0119\u017cynowej i pokryty trwa\u0142\u0105 pow\u0142ok\u0105 proszkow\u0105 zapewniaj\u0105c\u0105 wysok\u0105 precyzj\u0119 dzia\u0142ania.<\/p>\n<p>&nbsp;<\/p>\n<ul>\n<li>Stabilizatory s\u0142u\u017c\u0105 do kontrolowania si\u0142 bocznych, takich jak si\u0142y od\u015brodkowe, w uk\u0142adzie podwozia<\/li>\n<li>Ogranicza to ruchy toczne i ko\u0142ysanie - a tym samym nachylenie boczne - podczas pokonywania zakr\u0119t\u00f3w i innych gwa\u0142townych zmian kierunku.<\/li>\n<li>System zaczyna si\u0119 od jednostronnego ugi\u0119cia, a nast\u0119pnie dodaje wsp\u00f3\u0142czynniki spr\u0119\u017cyny i stabilizatora<\/li>\n<li>Podczas pokonywania zakr\u0119t\u00f3w i w podobnych sytuacjach \u015brodek ci\u0119\u017cko\u015bci (CoG) pojazdu jest przesuwany z powrotem w kierunku idealnego punktu \u015brodkowego dzi\u0119ki dzia\u0142aniu stabilizator\u00f3w<\/li>\n<li>R\u00f3\u017cnice w obci\u0105\u017ceniu mi\u0119dzy zewn\u0119trznym i wewn\u0119trznym ko\u0142em na zakr\u0119cie s\u0105 r\u00f3wnie\u017c zmniejszone<\/li>\n<li>Idealnie, wszystko to skutkuje wra\u017ceniami z jazdy, kt\u00f3re s\u0105 \"jak podr\u00f3\u017cowanie po szynach<\/li>\n<li>Przy jednoczesnej kompresji po obu stronach, stabilizatory pozostaj\u0105 neutralne, a oryginalna charakterystyka zawieszenia pozostaje niezmieniona<\/li>\n<li>Stabilizatory mog\u0105 by\u0107 r\u00f3wnie\u017c wykorzystywane do wp\u0142ywania na samosterowno\u015b\u0107 pojazdu, tj. podsterowno\u015b\u0107 lub nadsterowno\u015b\u0107.<\/li>\n<li>Przednie i tylne stabilizatory s\u0105 regulowane w 2 kierunkach<\/li>\n<li>\u015arednica rury z przodu 35 mm, z ty\u0142u 19 mm<\/li>\n<\/ul>\n<p>&nbsp;<\/p>\n<p><strong>Odpowiedni dla:<\/strong><\/p>\n<table width=\"529\">\n<tbody>\n<tr>\n<td width=\"115\"><strong>Marka<\/strong><\/td>\n<td width=\"145\"><strong>Model<\/strong><\/td>\n<td width=\"106\"><strong>Silnik<\/strong><\/td>\n<td width=\"163\"><strong>Rok<\/strong><\/td>\n<\/tr>\n<tr>\n<td>Chrysler<\/td>\n<td>300C<\/td>\n<td>3.6<\/td>\n<td>2011\u20132014<\/td>\n<\/tr>\n<tr>\n<td>Chrysler<\/td>\n<td>300C<\/td>\n<td>5.7<\/td>\n<td>2011\u20132014<\/td>\n<\/tr>\n<tr>\n<td width=\"115\">Chrysler<\/td>\n<td width=\"145\">300C<\/td>\n<td>6.4<\/td>\n<td width=\"163\">2011\u20132014<\/td>\n<\/tr>\n<tr>\n<td>Dodge<\/td>\n<td>Challenger<\/td>\n<td>3.5<\/td>\n<td>2008\u20132010<\/td>\n<\/tr>\n<tr>\n<td width=\"115\">Dodge<\/td>\n<td width=\"145\">Challenger<\/td>\n<td>3.6<\/td>\n<td width=\"163\">2011\u20132014<\/td>\n<\/tr>\n<tr>\n<td width=\"115\">Dodge<\/td>\n<td width=\"145\">Challenger<\/td>\n<td>5.7<\/td>\n<td>2008\u20132014<\/td>\n<\/tr>\n<tr>\n<td width=\"115\">Dodge<\/td>\n<td width=\"145\">Challenger<\/td>\n<td>6.1<\/td>\n<td>2008\u20132010<\/td>\n<\/tr>\n<tr>\n<td width=\"115\">Dodge<\/td>\n<td width=\"145\">Challenger<\/td>\n<td>6.4<\/td>\n<td>2011\u20132014<\/td>\n<\/tr>\n<tr>\n<td>Dodge<\/td>\n<td>Charger<\/td>\n<td>3.6<\/td>\n<td>2011\u20132014<\/td>\n<\/tr>\n<tr>\n<td>Dodge<\/td>\n<td>Charger<\/td>\n<td>5.7<\/td>\n<td>2011\u20132014<\/td>\n<\/tr>\n<tr>\n<td width=\"115\">Dodge<\/td>\n<td width=\"145\">Charger<\/td>\n<td>6.4<\/td>\n<td>2011\u20132014<\/td>\n<\/tr>\n<\/tbody>\n<\/table>\n<div class=\"product-teaser\">\n<p>Nie nadaje si\u0119 do pojazd\u00f3w z nap\u0119dem na wszystkie ko\u0142a (AWD).<\/p>\n<\/div>","protected":false},"excerpt":{"rendered":"<p>2008 - 2014 (Challenger)<br \/>\n2011 - 2014 (300C + Charger)<\/p>","protected":false},"featured_media":68267410,"comment_status":"open","ping_status":"closed","template":"","meta":{"_acf_changed":false},"product_brand":[],"product_cat":[1563,4977,1587,2574,1668,1676,1684,1700,1603,5156,1635],"product_tag":[3900,169,52,91,93,3888,3897,54,53,48,536,49,3853,3854,810,743,318,3893,126,798,222,783,3896,3898,3894,787,96,767,769,3891,3899,3889,3890,831,841],"class_list":{"0":"post-68267397","1":"product","2":"type-product","3":"status-publish","4":"has-post-thumbnail","6":"product_cat-300c-36-fahrwerk","7":"product_cat-300c-57-2011-2023-fahrwerk","8":"product_cat-300c-64-fahrwerk","9":"product_cat-challenger-35-fahrwerk","10":"product_cat-challenger-36-fahrwerk","11":"product_cat-challenger-57-fahrwerk","12":"product_cat-challenger-61-fahrwerk","13":"product_cat-challenger-64-fahrwerk","14":"product_cat-charger-36-fahrwerk","15":"product_cat-charger-57-2011-2023-fahrwerk","16":"product_cat-charger-64-fahrwerk","17":"product_tag-2895-320","18":"product_tag-3-6","19":"product_tag-300c","20":"product_tag-5-7","21":"product_tag-6-4","22":"product_tag-anti-roll","23":"product_tag-bar","24":"product_tag-challenger","25":"product_tag-charger","26":"product_tag-chrysler","27":"product_tag-chrysler-300c","28":"product_tag-dodge","29":"product_tag-dodge-challenger","30":"product_tag-dodge-charger","31":"product_tag-eibach","32":"product_tag-fahrwerk","33":"product_tag-federn","34":"product_tag-federung","35":"product_tag-hemi","36":"product_tag-hinten","37":"product_tag-kit","38":"product_tag-r-t","39":"product_tag-roll","40":"product_tag-rollbar","41":"product_tag-rollneigung","42":"product_tag-rt","43":"product_tag-srt","44":"product_tag-stabi","45":"product_tag-stabilisator","46":"product_tag-stabilisatoren","47":"product_tag-sway","48":"product_tag-sway-bar","49":"product_tag-swaybar","50":"product_tag-verstellbar","51":"product_tag-vorne","53":"first","54":"onbackorder","55":"taxable","56":"shipping-taxable","57":"purchasable","58":"product-type-simple"},"bundled_by":[],"bundle_stock_status":"onbackorder","bundle_stock_quantity":0,"bundle_virtual":false,"bundle_layout":"","bundle_add_to_cart_form_location":"","bundle_editable_in_cart":false,"bundle_sold_individually_context":"","bundle_item_grouping":"","bundle_min_size":"","bundle_max_size":"","bundle_price":[],"bundled_items":[],"bundle_sell_ids":[],"exclude_global_add_ons":[],"addons":[],"acf":[],"_links":{"self":[{"href":"https:\/\/kraftwerk-shop.cc\/pl\/wp-json\/wp\/v2\/product\/68267397","targetHints":{"allow":["GET"]}}],"collection":[{"href":"https:\/\/kraftwerk-shop.cc\/pl\/wp-json\/wp\/v2\/product"}],"about":[{"href":"https:\/\/kraftwerk-shop.cc\/pl\/wp-json\/wp\/v2\/types\/product"}],"replies":[{"embeddable":true,"href":"https:\/\/kraftwerk-shop.cc\/pl\/wp-json\/wp\/v2\/comments?post=68267397"}],"version-history":[{"count":0,"href":"https:\/\/kraftwerk-shop.cc\/pl\/wp-json\/wp\/v2\/product\/68267397\/revisions"}],"wp:featuredmedia":[{"embeddable":true,"href":"https:\/\/kraftwerk-shop.cc\/pl\/wp-json\/wp\/v2\/media\/68267410"}],"wp:attachment":[{"href":"https:\/\/kraftwerk-shop.cc\/pl\/wp-json\/wp\/v2\/media?parent=68267397"}],"wp:term":[{"taxonomy":"product_brand","embeddable":true,"href":"https:\/\/kraftwerk-shop.cc\/pl\/wp-json\/wp\/v2\/product_brand?post=68267397"},{"taxonomy":"product_cat","embeddable":true,"href":"https:\/\/kraftwerk-shop.cc\/pl\/wp-json\/wp\/v2\/product_cat?post=68267397"},{"taxonomy":"product_tag","embeddable":true,"href":"https:\/\/kraftwerk-shop.cc\/pl\/wp-json\/wp\/v2\/product_tag?post=68267397"}],"curies":[{"name":"wp","href":"https:\/\/api.w.org\/{rel}","templated":true}]}}