{"id":68268068,"date":"2022-06-21T13:13:06","date_gmt":"2022-06-21T11:13:06","guid":{"rendered":"https:\/\/kraftwerk-shop.cc\/?post_type=product&#038;p=68268068"},"modified":"2026-04-10T14:58:22","modified_gmt":"2026-04-10T12:58:22","slug":"wentylacja-pokrywy-zaworow-dodge-challenger-charger-durango-hellcat-jeep-trackhawk","status":"publish","type":"product","link":"https:\/\/kraftwerk-shop.cc\/pl\/produkt\/ventildeckelentlueftung-dodge-challenger-charger-durango-hellcat-jeep-trackhawk\/","title":{"rendered":"Wentylacja pokrywy zawor\u00f3w Hellcat i Trackhawk (chrom)"},"content":{"rendered":"<h1>Otwarty odpowietrznik pokrywy zawor\u00f3w do Dodge Challenger, Charger &amp; Durango Hellcat i Jeep Grand Cherokee Trackhawk, filtr z chromowan\u0105 pokryw\u0105<\/h1>\n<p>&nbsp;<\/p>\n<p>Ten odpowietrznik pokrywy zawor\u00f3w jest instalowany zamiast korka wlewu oleju; nie s\u0105 wymagane \u017cadne modyfikacje pojazdu.<\/p>\n<p>Precyzyjnie obrobiona spirala w podstawie obudowy dok\u0142adnie pasuje do rurki wlewu, a uszczelka jest utrzymywana na miejscu przez dostarczony O-ring.<\/p>\n<p>W silnikach z turbodo\u0142adowaniem ci\u015bnienie spalania nieuchronnie przedostaje si\u0119 do skrzyni korbowej, a to ci\u015bnienie przyczynia si\u0119 do utraty mocy, wzrostu temperatury oleju i przedwczesnego uszkodzenia uszczelnienia silnika.<br \/>\nOdpowietrznik s\u0142u\u017cy jako odpowietrznik o wysokim przep\u0142ywie, dzi\u0119ki czemu powsta\u0142e ci\u015bnienie mo\u017ce \u0142atwo wydosta\u0107 si\u0119 do atmosfery.<\/p>\n<p>Ten odpowietrznik jest wyposa\u017cony w opatentowany zaw\u00f3r zwrotny APV, dzi\u0119ki czemu ci\u015bnienie wewn\u0119trzne mo\u017ce przez niego przechodzi\u0107, ale powietrze z zewn\u0105trz nie mo\u017ce by\u0107 zasysane do uk\u0142adu dolotowego silnika przez odpowietrznik.<br \/>\nTakie odpowietrzenie zmniejsza skuteczno\u015b\u0107 systemu PCV pojazdu i nie jest zgodne z normami emisji spalin.<br \/>\nInstalacja tego odpowietrznika nie b\u0119dzie mia\u0142a wp\u0142ywu na tuning silnika.<\/p>\n<p>Ten odpowietrznik pokrywy zawor\u00f3w jest frezowany CNC z aluminium i poddany mikroobr\u00f3bce na powierzchni zewn\u0119trznej.<br \/>\nFiltr jest wysokiej jako\u015bci urz\u0105dzeniem wielokrotnego u\u017cytku wyprodukowanym w USA przez firm\u0119 S &amp; B Filters.<\/p>\n<p>Wysoko\u015b\u0107 instalacji jest mniejsza ni\u017c 3\u2033.<\/p>\n<p>&nbsp;<\/p>\n<p><strong>Odpowiedni dla:<\/strong><\/p>\n<table width=\"449\">\n<tbody>\n<tr>\n<td width=\"115\"><strong>Marka<\/strong><\/td>\n<td width=\"145\"><strong>Model<\/strong><\/td>\n<td width=\"106\"><strong>Silnik<\/strong><\/td>\n<td width=\"83\"><strong>Rok<\/strong><\/td>\n<\/tr>\n<tr>\n<td width=\"115\">Dodge<\/td>\n<td width=\"145\">Charger<\/td>\n<td width=\"106\">6.2 Hellcat<\/td>\n<td width=\"83\">2015\u20132023<\/td>\n<\/tr>\n<tr>\n<td width=\"115\">Dodge<\/td>\n<td width=\"145\">Challenger<\/td>\n<td width=\"106\">6.2 Hellcat<\/td>\n<td width=\"83\">2015\u20132023<\/td>\n<\/tr>\n<tr>\n<td width=\"115\">Dodge<\/td>\n<td width=\"145\">Durango<\/td>\n<td width=\"106\">6.2 Hellcat<\/td>\n<td width=\"83\">2021\u20132023<\/td>\n<\/tr>\n<tr>\n<td width=\"115\">Jeep<\/td>\n<td width=\"145\">Grand Cherokee<\/td>\n<td width=\"106\">6.2 Trackhawk<\/td>\n<td width=\"83\">2018\u20132021<\/td>\n<\/tr>\n<\/tbody>\n<\/table>","protected":false},"excerpt":{"rendered":"<p>Otwarty odpowietrznik pokrywy zawor\u00f3w dla Dodge Challenger, Charger &amp; Durango Hellcat i Jeep Grand Cherokee Trackhawk, filtr z chromowan\u0105 pokryw\u0105 Ten odpowietrznik pokrywy zawor\u00f3w<\/p>","protected":false},"featured_media":68299223,"comment_status":"open","ping_status":"closed","template":"","meta":{"_acf_changed":false},"product_brand":[19068],"product_cat":[6658,6663,6673],"product_tag":[54,53,3035,152,49,3853,3854,155,56,100,50,4425,4427,4426,3505,84,157,151,102,153,154,156],"class_list":{"0":"post-68268068","1":"product","2":"type-product","3":"status-publish","4":"has-post-thumbnail","6":"product_brand-kraftwerk","7":"product_cat-challenger-hellcat-nockenwelle-ventiltrieb","8":"product_cat-charger-hellcat-nockenwelle-ventiltrieb","9":"product_cat-trackhawk-nockenwelle-ventiltrieb","10":"product_tag-challenger","11":"product_tag-charger","12":"product_tag-chrom","13":"product_tag-demon","14":"product_tag-dodge","15":"product_tag-dodge-challenger","16":"product_tag-dodge-charger","17":"product_tag-entlueftung","18":"product_tag-grand-cherokee","19":"product_tag-hellcat","20":"product_tag-jeep","21":"product_tag-jeep-grand-cherokee","22":"product_tag-jeep-grand-cherokee-trackhawk","23":"product_tag-jeep-trackhawk","24":"product_tag-kurbelgehaeuse","25":"product_tag-kurbelgehaeuseentlueftung","26":"product_tag-metco","27":"product_tag-redeye","28":"product_tag-trackhawk","29":"product_tag-valve-cover-breather","30":"product_tag-ventildeckel","31":"product_tag-ventildeckelentlueftung","32":"product_shipping_class-deutschlandohne","34":"first","35":"instock","36":"taxable","37":"shipping-taxable","38":"purchasable","39":"product-type-simple"},"bundled_by":[],"bundle_stock_status":"instock","bundle_stock_quantity":5,"bundle_virtual":false,"bundle_layout":"","bundle_add_to_cart_form_location":"","bundle_editable_in_cart":false,"bundle_sold_individually_context":"","bundle_item_grouping":"","bundle_min_size":"","bundle_max_size":"","bundle_price":[],"bundled_items":[],"bundle_sell_ids":[],"exclude_global_add_ons":[],"addons":[],"acf":[],"_links":{"self":[{"href":"https:\/\/kraftwerk-shop.cc\/pl\/wp-json\/wp\/v2\/product\/68268068","targetHints":{"allow":["GET"]}}],"collection":[{"href":"https:\/\/kraftwerk-shop.cc\/pl\/wp-json\/wp\/v2\/product"}],"about":[{"href":"https:\/\/kraftwerk-shop.cc\/pl\/wp-json\/wp\/v2\/types\/product"}],"replies":[{"embeddable":true,"href":"https:\/\/kraftwerk-shop.cc\/pl\/wp-json\/wp\/v2\/comments?post=68268068"}],"version-history":[{"count":0,"href":"https:\/\/kraftwerk-shop.cc\/pl\/wp-json\/wp\/v2\/product\/68268068\/revisions"}],"wp:featuredmedia":[{"embeddable":true,"href":"https:\/\/kraftwerk-shop.cc\/pl\/wp-json\/wp\/v2\/media\/68299223"}],"wp:attachment":[{"href":"https:\/\/kraftwerk-shop.cc\/pl\/wp-json\/wp\/v2\/media?parent=68268068"}],"wp:term":[{"taxonomy":"product_brand","embeddable":true,"href":"https:\/\/kraftwerk-shop.cc\/pl\/wp-json\/wp\/v2\/product_brand?post=68268068"},{"taxonomy":"product_cat","embeddable":true,"href":"https:\/\/kraftwerk-shop.cc\/pl\/wp-json\/wp\/v2\/product_cat?post=68268068"},{"taxonomy":"product_tag","embeddable":true,"href":"https:\/\/kraftwerk-shop.cc\/pl\/wp-json\/wp\/v2\/product_tag?post=68268068"}],"curies":[{"name":"wp","href":"https:\/\/api.w.org\/{rel}","templated":true}]}}