{"id":68268332,"date":"2022-07-02T22:30:35","date_gmt":"2022-07-02T20:30:35","guid":{"rendered":"https:\/\/kraftwerk-shop.cc\/?post_type=product&#038;p=68268332"},"modified":"2026-02-15T00:08:01","modified_gmt":"2026-02-14T23:08:01","slug":"oslony-chlodnicy-corvette-c8","status":"publish","type":"product","link":"https:\/\/kraftwerk-shop.cc\/pl\/produkt\/kuehlerabdeckungen-corvette-c8\/","title":{"rendered":"Os\u0142ony ch\u0142odnicy Corvette C8"},"content":{"rendered":"<h1>Os\u0142ony ch\u0142odnicy do Chevrolet Corvette C8<\/h1>\n<p>&nbsp;<\/p>\n<p>Kratki przednie Corvette C8 2020-2023 zosta\u0142y zaprojektowane w celu ochrony ch\u0142odnicy przed kamieniami i zanieczyszczeniami podczas jazdy po drodze lub na torze.<br \/>\nWykorzystuj\u0105c unikaln\u0105 konstrukcj\u0119 o strukturze plastra miodu, wykonan\u0105 z cienkiej stali nierdzewnej, produkt ten nie zmieni wygl\u0105du pojazdu. Brak nieestetycznego plastiku wp\u0142ywaj\u0105cego na przep\u0142yw powietrza i og\u00f3lne ch\u0142odzenie oraz brak konieczno\u015bci monta\u017cu do rzeczywistego grilla.<br \/>\nTen produkt jest montowany bezpo\u015brednio przed grzejnikiem, kt\u00f3ry wymaga ochrony.<br \/>\n\u0141atwy monta\u017c, ale trzeba zdj\u0105\u0107 przedni fartuch.<\/p>\n<p>&nbsp;<\/p>\n<p><strong>Odpowiedni dla:<\/strong><\/p>\n<p>Modele Corvette Stingray i Z51 w latach 2020-2023<\/p>\n<p>&nbsp;<\/p>\n<p><strong>Zakres dostawy:<\/strong><\/p>\n<ul>\n<li>2 wst\u0119pnie zmontowane kratki ch\u0142odnicy wykonane z malowanej proszkowo na czarno stali nierdzewnej z czarn\u0105 ramk\u0105 ABS<\/li>\n<li>Materia\u0142 monta\u017cowy<\/li>\n<\/ul>\n<p>&nbsp;<\/p>\n<p><iframe loading=\"lazy\" title=\"Os\u0142ony ch\u0142odnicy \/ kratka ochronna Corvette C8\" width=\"500\" height=\"281\" src=\"https:\/\/www.youtube.com\/embed\/T4xDTXSyhB8?feature=oembed\" frameborder=\"0\" allow=\"accelerometer; autoplay; clipboard-write; encrypted-media; gyroscope; picture-in-picture; web-share\" referrerpolicy=\"strict-origin-when-cross-origin\" allowfullscreen><\/iframe><\/p>","protected":false},"excerpt":{"rendered":"<p>K\u00fchlerabdeckungen f\u00fcr Chevrolet Corvette C8 &nbsp; Die 2020-2023 Corvette C8 Frontschutzgitter wurden entwickelt, um Ihren K\u00fchler vor Steinen und Schmutz<\/p>","protected":false},"featured_media":68268335,"comment_status":"open","ping_status":"closed","template":"","meta":{"_acf_changed":false},"product_brand":[],"product_cat":[4006],"product_tag":[864,3285,281,3999,4003,4001,405,4000,4004,3583,4002,4005],"class_list":{"0":"post-68268332","1":"product","2":"type-product","3":"status-publish","4":"has-post-thumbnail","6":"product_cat-corvette-c8-kuehlung","7":"product_tag-abdeckung","8":"product_tag-c8","9":"product_tag-corvette","10":"product_tag-corvette-c8","11":"product_tag-front","12":"product_tag-gitter","13":"product_tag-kuehler","14":"product_tag-kuehlergitterschutz","15":"product_tag-schutzgitter","16":"product_tag-stingray","17":"product_tag-waben","18":"product_tag-z51","19":"product_shipping_class-deutschlandohne","21":"first","22":"outofstock","23":"taxable","24":"shipping-taxable","25":"purchasable","26":"product-type-simple"},"bundled_by":[],"bundle_stock_status":"outofstock","bundle_stock_quantity":0,"bundle_virtual":false,"bundle_layout":"","bundle_add_to_cart_form_location":"","bundle_editable_in_cart":false,"bundle_sold_individually_context":"","bundle_item_grouping":"","bundle_min_size":"","bundle_max_size":"","bundle_price":[],"bundled_items":[],"bundle_sell_ids":[],"exclude_global_add_ons":[],"addons":[],"acf":[],"_links":{"self":[{"href":"https:\/\/kraftwerk-shop.cc\/pl\/wp-json\/wp\/v2\/product\/68268332","targetHints":{"allow":["GET"]}}],"collection":[{"href":"https:\/\/kraftwerk-shop.cc\/pl\/wp-json\/wp\/v2\/product"}],"about":[{"href":"https:\/\/kraftwerk-shop.cc\/pl\/wp-json\/wp\/v2\/types\/product"}],"replies":[{"embeddable":true,"href":"https:\/\/kraftwerk-shop.cc\/pl\/wp-json\/wp\/v2\/comments?post=68268332"}],"version-history":[{"count":0,"href":"https:\/\/kraftwerk-shop.cc\/pl\/wp-json\/wp\/v2\/product\/68268332\/revisions"}],"wp:featuredmedia":[{"embeddable":true,"href":"https:\/\/kraftwerk-shop.cc\/pl\/wp-json\/wp\/v2\/media\/68268335"}],"wp:attachment":[{"href":"https:\/\/kraftwerk-shop.cc\/pl\/wp-json\/wp\/v2\/media?parent=68268332"}],"wp:term":[{"taxonomy":"product_brand","embeddable":true,"href":"https:\/\/kraftwerk-shop.cc\/pl\/wp-json\/wp\/v2\/product_brand?post=68268332"},{"taxonomy":"product_cat","embeddable":true,"href":"https:\/\/kraftwerk-shop.cc\/pl\/wp-json\/wp\/v2\/product_cat?post=68268332"},{"taxonomy":"product_tag","embeddable":true,"href":"https:\/\/kraftwerk-shop.cc\/pl\/wp-json\/wp\/v2\/product_tag?post=68268332"}],"curies":[{"name":"wp","href":"https:\/\/api.w.org\/{rel}","templated":true}]}}