{"id":68268355,"date":"2022-07-03T16:28:46","date_gmt":"2022-07-03T14:28:46","guid":{"rendered":"https:\/\/kraftwerk-shop.cc\/?post_type=product&#038;p=68268355"},"modified":"2026-02-15T00:53:37","modified_gmt":"2026-02-14T23:53:37","slug":"czarna-oslona-termiczna-corvette-c8","status":"publish","type":"product","link":"https:\/\/kraftwerk-shop.cc\/pl\/produkt\/black-out-schwarz-hitzeschutz-corvette-c8\/","title":{"rendered":"Ochrona termiczna Black Out Corvette C8"},"content":{"rendered":"<h1>Ochrona termiczna Black Out dla Chevrolet Corvette C8<\/h1>\n<p>&nbsp;<\/p>\n<p>Design C8 to dzie\u0142o sztuki z zapieraj\u0105cymi dech w piersiach liniami nadwozia i osi\u0105gami na poziomie supersportowego samochodu.<br \/>\nNiemniej jednak istniej\u0105 obszary, w kt\u00f3rych estetyk\u0119 mo\u017cna jeszcze poprawi\u0107.<br \/>\nOs\u0142ony termiczne zosta\u0142y zamontowane w ca\u0142ej komorze silnika i uk\u0142adzie wydechowym C8, aby chroni\u0107 pojazd przed nadmiernym ciep\u0142em generowanym przez silnik V8. Za tylnymi ko\u0142ami GM zastosowa\u0142 materia\u0142 odbijaj\u0105cy ciep\u0142o, aby zmniejszy\u0107 gromadzenie si\u0119 ciep\u0142a, co kontrastuje z pi\u0119knymi liniami tylnego zderzaka C8.<br \/>\nOs\u0142ona termiczna Black Out zast\u0119puje odblaskow\u0105 foli\u0119 GM dodatkow\u0105 warstw\u0105 czarnej os\u0142ony termicznej, kt\u00f3ra eliminuje element przyci\u0105gaj\u0105cy wzrok za wyci\u0119ciem wydechu C8.<\/p>\n<ul>\n<li>10-minutowy monta\u017c poprzez odklejenie i przyklejenie.<\/li>\n<li>Specjalnie opracowany dla C8, wytrzymuje do 1750F (955 stopni Celsjusza)<\/li>\n<\/ul>\n<p>&nbsp;<\/p>\n<p><strong>Odpowiedni dla:<\/strong><\/p>\n<table width=\"696\">\n<tbody>\n<tr>\n<td width=\"178\">2020\u20132023<\/td>\n<td width=\"226\">Chevrolet<\/td>\n<td width=\"120\">Corvette<\/td>\n<td width=\"172\">C8<\/td>\n<\/tr>\n<\/tbody>\n<\/table>\n<p>&nbsp;<\/p>\n<p><strong>Zakres dostawy:<\/strong><\/p>\n<p>2 os\u0142ony termiczne Black Out (po 1 na stron\u0119)<\/p>","protected":false},"excerpt":{"rendered":"<p>Ochrona termiczna Black Out dla Chevrolet Corvette C8 Konstrukcja C8 jest dzie\u0142em sztuki z zapieraj\u0105cymi dech w piersiach liniami nadwozia i<\/p>","protected":false},"featured_media":68268359,"comment_status":"open","ping_status":"closed","template":"","meta":{"_acf_changed":false},"product_brand":[],"product_cat":[3136],"product_tag":[1035,4018,546,2245,3285,189,3586,281,1039,4016,1318,4015,4017,4019,148,547],"class_list":{"0":"post-68268355","1":"product","2":"type-product","3":"status-publish","4":"has-post-thumbnail","6":"product_cat-corvette-c8-abgasanlage","7":"product_tag-abgasanlage","8":"product_tag-ac010","9":"product_tag-auspuff","10":"product_tag-auspuffanlage","11":"product_tag-c8","12":"product_tag-chevrolet","13":"product_tag-corsa","14":"product_tag-corvette","15":"product_tag-endschalldaempfer","16":"product_tag-geklebt","17":"product_tag-gm","18":"product_tag-hitzeschutz","19":"product_tag-kleben","20":"product_tag-optik","21":"product_tag-schwarz","22":"product_tag-sportauspuff","23":"product_shipping_class-deutschlandohne","25":"first","26":"onbackorder","27":"taxable","28":"shipping-taxable","29":"purchasable","30":"product-type-simple"},"bundled_by":[],"bundle_stock_status":"onbackorder","bundle_stock_quantity":0,"bundle_virtual":false,"bundle_layout":"","bundle_add_to_cart_form_location":"","bundle_editable_in_cart":false,"bundle_sold_individually_context":"","bundle_item_grouping":"","bundle_min_size":"","bundle_max_size":"","bundle_price":[],"bundled_items":[],"bundle_sell_ids":[],"exclude_global_add_ons":[],"addons":[],"acf":[],"_links":{"self":[{"href":"https:\/\/kraftwerk-shop.cc\/pl\/wp-json\/wp\/v2\/product\/68268355","targetHints":{"allow":["GET"]}}],"collection":[{"href":"https:\/\/kraftwerk-shop.cc\/pl\/wp-json\/wp\/v2\/product"}],"about":[{"href":"https:\/\/kraftwerk-shop.cc\/pl\/wp-json\/wp\/v2\/types\/product"}],"replies":[{"embeddable":true,"href":"https:\/\/kraftwerk-shop.cc\/pl\/wp-json\/wp\/v2\/comments?post=68268355"}],"version-history":[{"count":0,"href":"https:\/\/kraftwerk-shop.cc\/pl\/wp-json\/wp\/v2\/product\/68268355\/revisions"}],"wp:featuredmedia":[{"embeddable":true,"href":"https:\/\/kraftwerk-shop.cc\/pl\/wp-json\/wp\/v2\/media\/68268359"}],"wp:attachment":[{"href":"https:\/\/kraftwerk-shop.cc\/pl\/wp-json\/wp\/v2\/media?parent=68268355"}],"wp:term":[{"taxonomy":"product_brand","embeddable":true,"href":"https:\/\/kraftwerk-shop.cc\/pl\/wp-json\/wp\/v2\/product_brand?post=68268355"},{"taxonomy":"product_cat","embeddable":true,"href":"https:\/\/kraftwerk-shop.cc\/pl\/wp-json\/wp\/v2\/product_cat?post=68268355"},{"taxonomy":"product_tag","embeddable":true,"href":"https:\/\/kraftwerk-shop.cc\/pl\/wp-json\/wp\/v2\/product_tag?post=68268355"}],"curies":[{"name":"wp","href":"https:\/\/api.w.org\/{rel}","templated":true}]}}