{"id":68268408,"date":"2022-07-07T13:15:44","date_gmt":"2022-07-07T11:15:44","guid":{"rendered":"https:\/\/kraftwerk-shop.cc\/?post_type=product&#038;p=68268408"},"modified":"2026-02-15T00:04:14","modified_gmt":"2026-02-14T23:04:14","slug":"mbrp-s7207blk-ford-mustang_gt","status":"publish","type":"product","link":"https:\/\/kraftwerk-shop.cc\/pl\/produkt\/mbrp-s7207blk-ford-mustang_gt\/","title":{"rendered":"MBRP Cat-Back Race Profile Ford Mustang GT 5.0"},"content":{"rendered":"<h1>Wy\u015bcigowy uk\u0142ad wydechowy MBRP Cat-Back dla Forda Mustanga GT 5.0<\/h1>\n<p>&nbsp;<\/p>\n<p>Sportowy uk\u0142ad wydechowy MBRP uwalnia pe\u0142ny potencja\u0142 mocy i momentu obrotowego pojazdu i zapewnia, \u017ce RAM jest szybszy, p\u0142ynniejszy i g\u0142o\u015bniejszy na drodze.<\/p>\n<p>Ka\u017cdy uk\u0142ad wydechowy MBRP jest dostrojony i zaprojektowany tak, aby zapewni\u0107 najwy\u017csz\u0105 wydajno\u015b\u0107 pojazdu. Wykonany z wytrzyma\u0142ej stali aluminiowanej. Ka\u017cda sekcja rury jest r\u00f3wnomiernie wygi\u0119ta, aby zwi\u0119kszy\u0107 przep\u0142yw spalin. Tylny t\u0142umik zosta\u0142 zaprojektowany tak, aby zapewni\u0107 optymalny d\u017awi\u0119k i zminimalizowa\u0107 ci\u015bnienie wsteczne.<\/p>\n<p>Instalacja uk\u0142adu wydechowego MBRP jest prosta i nie wymaga spawania ani wiercenia w poje\u017adzie. Ka\u017cdy uk\u0142ad wykorzystuje istniej\u0105ce punkty monta\u017cowe.<\/p>\n<p>&nbsp;<\/p>\n<p>&nbsp;<\/p>\n<p><strong>Uk\u0142ad wydechowy MBRP S7207BLK Race Profile 3\u2033 Cat-Back pasuje do nast\u0119puj\u0105cych modeli:<\/strong><\/p>\n<table width=\"449\">\n<tbody>\n<tr>\n<td width=\"115\"><strong>Marka<\/strong><\/td>\n<td width=\"145\"><strong>Model<\/strong><\/td>\n<td width=\"106\"><strong>Silnik<\/strong><\/td>\n<td width=\"83\"><strong>Rok<\/strong><\/td>\n<\/tr>\n<tr>\n<td>Ford<\/td>\n<td>Mustang GT (nie dla kabrioletu)<\/td>\n<td>5.0<\/td>\n<td>2018\u20132023<\/td>\n<\/tr>\n<tr>\n<td>Ford<\/td>\n<td>Mustang GT Premium (nie dla kabrioletu)<\/td>\n<td>5.0<\/td>\n<td>2018\u20132023<\/td>\n<\/tr>\n<tr>\n<td>Ford<\/td>\n<td>Mustang Bullitt (nie dla kabrioletu)<\/td>\n<td>5.0<\/td>\n<td>2019\u20132020<\/td>\n<\/tr>\n<tr>\n<td>Ford<\/td>\n<td>Mustang Mach 1<\/td>\n<td>5.0<\/td>\n<td>2021\u20132022<\/td>\n<\/tr>\n<\/tbody>\n<\/table>\n<p>&nbsp;<\/p>\n<p><strong>Wa\u017cne:<\/strong> Funkcja aktywnego uk\u0142adu wydechowego pozostaje taka sama w pojazdach wyposa\u017conych fabrycznie. <strong>NIE<\/strong> otrzymane.<\/p>\n<p>&nbsp;<\/p>\n<p><iframe loading=\"lazy\" title=\"MBRP S7207 Wersja wy\u015bcigowa dla Forda Mustanga GT 5.0 2018+\" src=\"https:\/\/www.youtube.com\/embed\/XvS9tjY_7EI\" width=\"882\" height=\"496\" frameborder=\"0\" allowfullscreen=\"allowfullscreen\"><\/iframe><\/p>\n<p>&nbsp;<\/p>\n<p>&nbsp;<\/p>","protected":false},"excerpt":{"rendered":"<p>2018\u20132023<\/p>","protected":false},"featured_media":68268412,"comment_status":"open","ping_status":"closed","template":"","meta":{"_acf_changed":false},"product_brand":[17169],"product_cat":[3024,4033],"product_tag":[252,419,420,2066,2373,4024,4023,4030,1035,1036,546,1037,1047,2210,662,1039,1042,2786,917,784,3962,4029,2934,532,529,20273,2211,2931,6924,1044,3872,1181,4027,4028,1045,1041,547,1034,1038,2215,233],"class_list":{"0":"post-68268408","1":"product","2":"type-product","3":"status-publish","4":"has-post-thumbnail","6":"product_brand-mbrp","7":"product_cat-nicht-nach-eu","8":"product_cat-mustang-50-gt-abgasanlage","9":"product_tag-252","10":"product_tag-419","11":"product_tag-420","12":"product_tag-2066","13":"product_tag-2373","14":"product_tag-3zoll","15":"product_tag-4023","16":"product_tag-5-0","17":"product_tag-abgasanlage","18":"product_tag-abgassystem","19":"product_tag-auspuff","20":"product_tag-auspuffsystem","21":"product_tag-cat-back","22":"product_tag-catback","23":"product_tag-edelstahl","24":"product_tag-endschalldaempfer","25":"product_tag-endtopf","26":"product_tag-exhaust","27":"product_tag-ford","28":"product_tag-gt","29":"product_tag-gt-5-0","30":"product_tag-gt5-0","31":"product_tag-harder","32":"product_tag-kat","33":"product_tag-katalysator","34":"product_tag-keintuev","35":"product_tag-klang","36":"product_tag-mbrp","37":"product_tag-mbrp10","38":"product_tag-mittelschalldaempfer","39":"product_tag-mustang","40":"product_tag-race","41":"product_tag-s7207","42":"product_tag-s7207blk","43":"product_tag-sound","44":"product_tag-sport","45":"product_tag-sportauspuff","46":"product_tag-sportauspuffanlage","47":"product_tag-sportendschalldaempfer","48":"product_tag-street","49":"product_tag-tuning","50":"product_shipping_class-spedition-1","52":"first","53":"onbackorder","54":"taxable","55":"shipping-taxable","56":"purchasable","57":"product-type-simple"},"bundled_by":[],"bundle_stock_status":"onbackorder","bundle_stock_quantity":0,"bundle_virtual":false,"bundle_layout":"","bundle_add_to_cart_form_location":"","bundle_editable_in_cart":false,"bundle_sold_individually_context":"","bundle_item_grouping":"","bundle_min_size":"","bundle_max_size":"","bundle_price":[],"bundled_items":[],"bundle_sell_ids":[],"exclude_global_add_ons":[],"addons":[],"acf":[],"_links":{"self":[{"href":"https:\/\/kraftwerk-shop.cc\/pl\/wp-json\/wp\/v2\/product\/68268408","targetHints":{"allow":["GET"]}}],"collection":[{"href":"https:\/\/kraftwerk-shop.cc\/pl\/wp-json\/wp\/v2\/product"}],"about":[{"href":"https:\/\/kraftwerk-shop.cc\/pl\/wp-json\/wp\/v2\/types\/product"}],"replies":[{"embeddable":true,"href":"https:\/\/kraftwerk-shop.cc\/pl\/wp-json\/wp\/v2\/comments?post=68268408"}],"version-history":[{"count":0,"href":"https:\/\/kraftwerk-shop.cc\/pl\/wp-json\/wp\/v2\/product\/68268408\/revisions"}],"wp:featuredmedia":[{"embeddable":true,"href":"https:\/\/kraftwerk-shop.cc\/pl\/wp-json\/wp\/v2\/media\/68268412"}],"wp:attachment":[{"href":"https:\/\/kraftwerk-shop.cc\/pl\/wp-json\/wp\/v2\/media?parent=68268408"}],"wp:term":[{"taxonomy":"product_brand","embeddable":true,"href":"https:\/\/kraftwerk-shop.cc\/pl\/wp-json\/wp\/v2\/product_brand?post=68268408"},{"taxonomy":"product_cat","embeddable":true,"href":"https:\/\/kraftwerk-shop.cc\/pl\/wp-json\/wp\/v2\/product_cat?post=68268408"},{"taxonomy":"product_tag","embeddable":true,"href":"https:\/\/kraftwerk-shop.cc\/pl\/wp-json\/wp\/v2\/product_tag?post=68268408"}],"curies":[{"name":"wp","href":"https:\/\/api.w.org\/{rel}","templated":true}]}}