{"id":68268439,"date":"2022-07-08T11:30:05","date_gmt":"2022-07-08T09:30:05","guid":{"rendered":"https:\/\/kraftwerk-shop.cc\/?post_type=product&#038;p=68268439"},"modified":"2026-02-15T00:01:36","modified_gmt":"2026-02-14T23:01:36","slug":"mbrp-mbrps7201304-ford-mustang-gt-350","status":"publish","type":"product","link":"https:\/\/kraftwerk-shop.cc\/pl\/produkt\/mbrp-mbrps7201304-ford-mustang-gt-350\/","title":{"rendered":"MBRP Cat-Back Pro Profile Ford Mustang GT350 \/ GT350R"},"content":{"rendered":"<h1>Uk\u0142ad wydechowy MBRP cat-back dla Forda Mustanga GT350 \/ GT350R<\/h1>\n<p>&nbsp;<\/p>\n<p>Sportowy uk\u0142ad wydechowy MBRP uwalnia pe\u0142ny potencja\u0142 mocy i momentu obrotowego pojazdu i zapewnia, \u017ce RAM jest szybszy, p\u0142ynniejszy i g\u0142o\u015bniejszy na drodze.<\/p>\n<p>Ka\u017cdy uk\u0142ad wydechowy MBRP jest dostrojony i zaprojektowany tak, aby zapewni\u0107 najwy\u017csz\u0105 wydajno\u015b\u0107 pojazdu. Wykonany z wytrzyma\u0142ej stali aluminiowanej. Ka\u017cda sekcja rury jest r\u00f3wnomiernie wygi\u0119ta, aby zwi\u0119kszy\u0107 przep\u0142yw spalin. Tylny t\u0142umik zosta\u0142 zaprojektowany tak, aby zapewni\u0107 optymalny d\u017awi\u0119k i zminimalizowa\u0107 ci\u015bnienie wsteczne.<\/p>\n<p>Instalacja uk\u0142adu wydechowego MBRP jest prosta i nie wymaga spawania ani wiercenia w poje\u017adzie. Ka\u017cdy uk\u0142ad wykorzystuje istniej\u0105ce punkty monta\u017cowe.<\/p>\n<p>&nbsp;<\/p>\n<p>&nbsp;<\/p>\n<p>Uk\u0142ad wydechowy MBRP S7207BLK Race Profile 3\u2033 Cat-Back pasuje do nast\u0119puj\u0105cych modeli:<\/p>\n<table width=\"449\">\n<tbody>\n<tr>\n<td width=\"115\"><strong>Marka<\/strong><\/td>\n<td width=\"145\"><strong>Model<\/strong><\/td>\n<td width=\"106\"><strong>Silnik<\/strong><\/td>\n<td width=\"83\"><strong>Rok<\/strong><\/td>\n<\/tr>\n<tr>\n<td>Ford<\/td>\n<td>Mustang<\/td>\n<td>GT350 \/ GT350R<\/td>\n<td>2016\u20132020<\/td>\n<\/tr>\n<\/tbody>\n<\/table>\n<p>&nbsp;<\/p>","protected":false},"excerpt":{"rendered":"<p>2016\u20132020<\/p>","protected":false},"featured_media":68268456,"comment_status":"open","ping_status":"closed","template":"","meta":{"_acf_changed":false},"product_brand":[17169],"product_cat":[3024,4034],"product_tag":[250,251,252,419,420,4024,4023,1035,1036,546,1037,1047,2210,662,1039,1042,2786,917,784,3959,4038,2934,532,529,20273,2211,2931,6924,1044,3872,1181,4037,4027,3958,1045,1041,547,1034,1038,2215,233],"class_list":{"0":"post-68268439","1":"product","2":"type-product","3":"status-publish","4":"has-post-thumbnail","6":"product_brand-mbrp","7":"product_cat-nicht-nach-eu","8":"product_cat-shelby-gt350-abgasanlage","9":"product_tag-250","10":"product_tag-251","11":"product_tag-252","12":"product_tag-419","13":"product_tag-420","14":"product_tag-3zoll","15":"product_tag-4023","16":"product_tag-abgasanlage","17":"product_tag-abgassystem","18":"product_tag-auspuff","19":"product_tag-auspuffsystem","20":"product_tag-cat-back","21":"product_tag-catback","22":"product_tag-edelstahl","23":"product_tag-endschalldaempfer","24":"product_tag-endtopf","25":"product_tag-exhaust","26":"product_tag-ford","27":"product_tag-gt","28":"product_tag-gt350","29":"product_tag-gt350r","30":"product_tag-harder","31":"product_tag-kat","32":"product_tag-katalysator","33":"product_tag-keintuev","34":"product_tag-klang","35":"product_tag-mbrp","36":"product_tag-mbrp10","37":"product_tag-mittelschalldaempfer","38":"product_tag-mustang","39":"product_tag-race","40":"product_tag-s7201304","41":"product_tag-s7207","42":"product_tag-shelby","43":"product_tag-sound","44":"product_tag-sport","45":"product_tag-sportauspuff","46":"product_tag-sportauspuffanlage","47":"product_tag-sportendschalldaempfer","48":"product_tag-street","49":"product_tag-tuning","50":"product_shipping_class-spedition-1","52":"first","53":"onbackorder","54":"taxable","55":"shipping-taxable","56":"purchasable","57":"product-type-simple"},"bundled_by":[],"bundle_stock_status":"onbackorder","bundle_stock_quantity":0,"bundle_virtual":false,"bundle_layout":"","bundle_add_to_cart_form_location":"","bundle_editable_in_cart":false,"bundle_sold_individually_context":"","bundle_item_grouping":"","bundle_min_size":"","bundle_max_size":"","bundle_price":[],"bundled_items":[],"bundle_sell_ids":[],"exclude_global_add_ons":[],"addons":[],"acf":[],"_links":{"self":[{"href":"https:\/\/kraftwerk-shop.cc\/pl\/wp-json\/wp\/v2\/product\/68268439","targetHints":{"allow":["GET"]}}],"collection":[{"href":"https:\/\/kraftwerk-shop.cc\/pl\/wp-json\/wp\/v2\/product"}],"about":[{"href":"https:\/\/kraftwerk-shop.cc\/pl\/wp-json\/wp\/v2\/types\/product"}],"replies":[{"embeddable":true,"href":"https:\/\/kraftwerk-shop.cc\/pl\/wp-json\/wp\/v2\/comments?post=68268439"}],"version-history":[{"count":0,"href":"https:\/\/kraftwerk-shop.cc\/pl\/wp-json\/wp\/v2\/product\/68268439\/revisions"}],"wp:featuredmedia":[{"embeddable":true,"href":"https:\/\/kraftwerk-shop.cc\/pl\/wp-json\/wp\/v2\/media\/68268456"}],"wp:attachment":[{"href":"https:\/\/kraftwerk-shop.cc\/pl\/wp-json\/wp\/v2\/media?parent=68268439"}],"wp:term":[{"taxonomy":"product_brand","embeddable":true,"href":"https:\/\/kraftwerk-shop.cc\/pl\/wp-json\/wp\/v2\/product_brand?post=68268439"},{"taxonomy":"product_cat","embeddable":true,"href":"https:\/\/kraftwerk-shop.cc\/pl\/wp-json\/wp\/v2\/product_cat?post=68268439"},{"taxonomy":"product_tag","embeddable":true,"href":"https:\/\/kraftwerk-shop.cc\/pl\/wp-json\/wp\/v2\/product_tag?post=68268439"}],"curies":[{"name":"wp","href":"https:\/\/api.w.org\/{rel}","templated":true}]}}