{"id":68268490,"date":"2022-07-12T14:20:26","date_gmt":"2022-07-12T12:20:26","guid":{"rendered":"https:\/\/kraftwerk-shop.cc\/?post_type=product&#038;p=68268490"},"modified":"2026-02-15T00:51:37","modified_gmt":"2026-02-14T23:51:37","slug":"jlt-cai-75-5143-ford-mustang-ecoboost","status":"publish","type":"product","link":"https:\/\/kraftwerk-shop.cc\/pl\/produkt\/jlt-cai-75-5143-ford-mustang-ecoboost\/","title":{"rendered":"Wlot zimnego powietrza JLT Ford Mustang EcoBoost 2.3"},"content":{"rendered":"<h1>JLT CAI-75-5143 wlot zimnego powietrza \/ sportowy filtr powietrza do Forda Mustanga EcoBoost 2.3<\/h1>\n<p>&nbsp;<\/p>\n<p><strong>Du\u017cy filtr powietrza<\/strong><br \/>\nDu\u017cy filtr powietrza zapewnia wi\u0119kszy przep\u0142yw powietrza ni\u017c filtr standardowy.<br \/>\nWk\u0142ad filtra powietrza sk\u0142ada si\u0119 z bawe\u0142nianego materia\u0142u filtracyjnego, kt\u00f3ry jest zwil\u017cony specjalnym olejem filtracyjnym i mo\u017ce by\u0107 wyp\u0142ukany. Maksymalizuje to pojemno\u015b\u0107 i wydajno\u015b\u0107 filtra.<\/p>\n<p><strong>Kolektor dolotowy<\/strong><br \/>\nRura wlotowa jest wykonana z formowanego rotacyjnie tworzywa sztucznego z ogromnym 5-calowym otworem filtra zapewniaj\u0105cym doskona\u0142y przep\u0142yw powietrza i BRAK gromadzenia si\u0119 ciep\u0142a, jak w przypadku rur metalowych.<\/p>\n<p><strong>Obudowa filtra powietrza<\/strong><br \/>\nZawiera nasz\u0105 du\u017c\u0105 obudow\u0119 z tworzywa ABS, kt\u00f3ra izoluje zasysane powietrze od ciep\u0142a silnika na biegu ja\u0142owym i przy niskiej pr\u0119dko\u015bci.<br \/>\nWykorzystuje on du\u017c\u0105 powierzchni\u0119, aby zapewni\u0107 filtrowi du\u017c\u0105 ilo\u015b\u0107 ch\u0142odnego powietrza i wykorzystuje fabryczny wlot \u015bwie\u017cego powietrza ze zderzaka, aby utrzyma\u0107 mo\u017cliwie najni\u017csz\u0105 temperatur\u0119.<\/p>\n<p><strong>szczeg\u00f3\u0142y<\/strong><\/p>\n<ul>\n<li>Wzrost mocy do 15PS (specyfikacja producenta)<\/li>\n<li>Obudowa filtra powietrza ze wspornikami do bezpo\u015bredniego monta\u017cu<\/li>\n<li>- Wst\u0119pnie naoliwiony, zmywalny i wielokrotnego u\u017cytku filtr powietrza Pro 10R zapewnia maksymaln\u0105 wydajno\u015b\u0107<\/li>\n<\/ul>\n<p><strong>Uwaga:<\/strong> Ten zestaw nie wymaga specjalnego tuningu!<\/p>\n<p>&nbsp;<\/p>\n<p><strong>Odpowiedni dla:<br \/>\n<\/strong><\/p>\n<table width=\"498\">\n<tbody>\n<tr>\n<td width=\"94\">Ford<\/td>\n<td width=\"158\">Mustang<\/td>\n<td width=\"134\">EcoBoost 2.3<\/td>\n<td width=\"112\">2015 - 2022<\/td>\n<\/tr>\n<\/tbody>\n<\/table>\n<p>&nbsp;<\/p>","protected":false},"excerpt":{"rendered":"<p>2015 - 2022<\/p>","protected":false},"featured_media":68268493,"comment_status":"open","ping_status":"closed","template":"","meta":{"_acf_changed":false},"product_brand":[17168],"product_cat":[4041],"product_tag":[4020,4040,826,4039,3587,2739,825,3873,917,2934,903,1093,2444,20273,36,57,3872,186,1045,500],"class_list":{"0":"post-68268490","1":"product","2":"type-product","3":"status-publish","4":"has-post-thumbnail","6":"product_brand-jlt","7":"product_cat-mustang-23-ecoboost-ansaugung","8":"product_tag-2-3","9":"product_tag-75-5143","10":"product_tag-ansaugung","11":"product_tag-cai-75-5143","12":"product_tag-cold","13":"product_tag-cold-air","14":"product_tag-cold-air-intake","15":"product_tag-ecoboost","16":"product_tag-ford","17":"product_tag-harder","18":"product_tag-jl","19":"product_tag-jlt","20":"product_tag-jlt-performance","21":"product_tag-keintuev","22":"product_tag-kraftwerk","23":"product_tag-luftfilter","24":"product_tag-mustang","25":"product_tag-performance","26":"product_tag-sound","27":"product_tag-sportluftfilter","29":"first","30":"onbackorder","31":"taxable","32":"shipping-taxable","33":"purchasable","34":"product-type-simple"},"bundled_by":[],"bundle_stock_status":"onbackorder","bundle_stock_quantity":0,"bundle_virtual":false,"bundle_layout":"","bundle_add_to_cart_form_location":"","bundle_editable_in_cart":false,"bundle_sold_individually_context":"","bundle_item_grouping":"","bundle_min_size":"","bundle_max_size":"","bundle_price":[],"bundled_items":[],"bundle_sell_ids":[],"exclude_global_add_ons":[],"addons":[],"acf":[],"_links":{"self":[{"href":"https:\/\/kraftwerk-shop.cc\/pl\/wp-json\/wp\/v2\/product\/68268490","targetHints":{"allow":["GET"]}}],"collection":[{"href":"https:\/\/kraftwerk-shop.cc\/pl\/wp-json\/wp\/v2\/product"}],"about":[{"href":"https:\/\/kraftwerk-shop.cc\/pl\/wp-json\/wp\/v2\/types\/product"}],"replies":[{"embeddable":true,"href":"https:\/\/kraftwerk-shop.cc\/pl\/wp-json\/wp\/v2\/comments?post=68268490"}],"version-history":[{"count":0,"href":"https:\/\/kraftwerk-shop.cc\/pl\/wp-json\/wp\/v2\/product\/68268490\/revisions"}],"wp:featuredmedia":[{"embeddable":true,"href":"https:\/\/kraftwerk-shop.cc\/pl\/wp-json\/wp\/v2\/media\/68268493"}],"wp:attachment":[{"href":"https:\/\/kraftwerk-shop.cc\/pl\/wp-json\/wp\/v2\/media?parent=68268490"}],"wp:term":[{"taxonomy":"product_brand","embeddable":true,"href":"https:\/\/kraftwerk-shop.cc\/pl\/wp-json\/wp\/v2\/product_brand?post=68268490"},{"taxonomy":"product_cat","embeddable":true,"href":"https:\/\/kraftwerk-shop.cc\/pl\/wp-json\/wp\/v2\/product_cat?post=68268490"},{"taxonomy":"product_tag","embeddable":true,"href":"https:\/\/kraftwerk-shop.cc\/pl\/wp-json\/wp\/v2\/product_tag?post=68268490"}],"curies":[{"name":"wp","href":"https:\/\/api.w.org\/{rel}","templated":true}]}}