{"id":68270963,"date":"2022-08-21T14:02:24","date_gmt":"2022-08-21T12:02:24","guid":{"rendered":"https:\/\/kraftwerk-shop.cc\/?post_type=product&#038;p=68270963"},"modified":"2026-02-15T00:59:33","modified_gmt":"2026-02-14T23:59:33","slug":"zestaw-sprezarki-whipple-ram-trx","status":"publish","type":"product","link":"https:\/\/kraftwerk-shop.cc\/pl\/produkt\/whipple-kompressorkit-ram-trx\/","title":{"rendered":"Zestaw do\u0142adowania Whipple RAM TRX"},"content":{"rendered":"<h1>Najwi\u0119kszy, najbardziej wydajny i najpot\u0119\u017cniejszy system kompresora dla RAM TRX<\/h1>\n<p>&nbsp;<\/p>\n<p>Chcesz wi\u0119cej mocy dla swojego RAM TRX dzi\u0119ki wi\u0119kszej do\u0142adowaniu? W takim razie nowa turbospr\u0119\u017carka Whipple jest tym, czego szukasz.<br \/>\nJest to bezpo\u015bredni zamiennik oryginalnej spr\u0119\u017carki, wszystkie standardowe po\u0142\u0105czenia mog\u0105 by\u0107 nadal u\u017cywane.<\/p>\n<p>Ca\u0142kowicie nowy system do\u0142adowania Whipple Gen 5 wykorzystuje t\u0119 sam\u0105 technologi\u0119, kt\u00f3r\u0105 Dodge stosuje w swoim fabrycznym programie Drag Pak, pomagaj\u0105c zespo\u0142om ustanawia\u0107 nowe rekordy niemal w ka\u017cdy weekend wy\u015bcigowy. Nie myli\u0107 z Gen 3 lub 4, ta ca\u0142kowicie nowa do\u0142adowanie oferuje wiod\u0105c\u0105 w bran\u017cy wydajno\u015b\u0107 od obrot\u00f3w biegu ja\u0142owego do maksymalnych obrot\u00f3w na minut\u0119.<br \/>\nZoptymalizowane \u0142o\u017cyska, ko\u0142a z\u0119bate, wirniki i obudowa zapewniaj\u0105, \u017ce nowa turbospr\u0119\u017carka dzia\u0142a szybciej, d\u0142u\u017cej i bezpieczniej, jednocze\u015bnie wytwarzaj\u0105c wi\u0119cej mocy ni\u017c jakakolwiek inna turbospr\u0119\u017carka kiedykolwiek zbudowana. Nowa Generacja 5 posiada ca\u0142kowicie now\u0105 kombinacj\u0119 wirnik\u00f3w 3\/4 w por\u00f3wnaniu do poprzedniej kombinacji wirnik\u00f3w 3\/5, wolant o 285 stopniach w por\u00f3wnaniu do poprzedniego wolantu o 270 stopniach, nowy dzwon wlotowy, zoptymalizowany port wylotowy i wi\u0119ksz\u0105 \u015brednic\u0119 w por\u00f3wnaniu do d\u0142ugo\u015bci dla wi\u0119kszej wydajno\u015bci.<\/p>\n<p>Aby jeszcze bardziej zwi\u0119kszy\u0107 potencja\u0142 wydajno\u015bci, Whipple Gen 5 posiada unikalny 112 mm otw\u00f3r korpusu przepustnicy z opcjonalnym 112 mm k\u0119sowym korpusem przepustnicy, aby zapewni\u0107 przep\u0142yw powietrza dolotowego odpowiadaj\u0105cy potencja\u0142owi do\u0142adowania. Dope\u0142nij to wszystko nowym uk\u0142adem dolotowym zimnego powietrza o wysokim przep\u0142ywie i obserwuj, jak padaj\u0105 rekordy!<\/p>\n<p>System spr\u0119\u017carki <strong>Etap 1<\/strong> jest bezpo\u015brednim zamiennikiem OEM i wykorzystuje fabryczne przewody paliwowe, wtryskiwacze i fabryczny korpus przepustnicy (lub obecne korpusy przepustnic z rynku wt\u00f3rnego).<\/p>\n<p>The <strong>Etap 2<\/strong> System do\u0142adowania obejmuje korpus przepustnicy Billet 112 mm i przewody paliwowe Billet -8AN.<\/p>\n<p>&nbsp;<\/p>\n<p><strong>W\u0142a\u015bciwo\u015bci:<\/strong><\/p>\n<ul>\n<li>Ponad 300 KM wi\u0119cej mocy ni\u017c w przypadku do\u0142adowania Hellephant 3.0L<\/li>\n<li>Ponad 500 KM wi\u0119cej mocy ni\u017c w przypadku do\u0142adowania Hellcat 2.4L<\/li>\n<li>Nie jest wymagany kosztowny porting w celu uzyskania wi\u0119kszej mocy<\/li>\n<li>Masywna, dwurdzeniowa technologia intercoolera zapewnia dwa razy wi\u0119ksz\u0105 powierzchni\u0119 ch\u0142odzenia ni\u017c jakikolwiek inny PD SC dla 6.2L.<\/li>\n<li>Odwr\u00f3cona konstrukcja umo\u017cliwia ponadwymiarowy intercooler, ka\u017cdy rdze\u0144 ma grubo\u015b\u0107 2,125\u2033, podw\u00f3jny przebieg = rdze\u0144 o grubo\u015bci 4,25\u2033<\/li>\n<li>Podw\u00f3jny intercooler dla zwi\u0119kszonego przep\u0142ywu wody<\/li>\n<li>Otw\u00f3r 112 mm zapewniaj\u0105cy kompatybilno\u015b\u0107 ze standardowym korpusem przepustnicy, korpusami przepustnicy 102 mm, 105 mm i 112 mm firmy Whipple.<\/li>\n<li>Wirniki k\u0119sowe s\u0105 znacznie lepsze od wirnik\u00f3w odlewanych przy du\u017cych pr\u0119dko\u015bciach.<\/li>\n<li>\u00be Wirnik w por\u00f3wnaniu do 3\/5, co skutkuje ni\u017csz\u0105 pr\u0119dko\u015bci\u0105 wirnika 33%<\/li>\n<li>Osiowy system podparcia dla lepszego prowadzenia \u0142o\u017cyska<\/li>\n<li>Masywny wlot powietrza o wysokim przep\u0142ywie (nie wymaga portingu w celu uzyskania wi\u0119kszej mocy)<\/li>\n<li>Opcjonalny system zimnego powietrza o wysokim nat\u0119\u017ceniu przep\u0142ywu<\/li>\n<li>Pasuje do standardowych przewod\u00f3w paliwowych, standardowych wtryskiwaczy paliwa lub przewod\u00f3w Whipple -8.<\/li>\n<li>Dzia\u0142a ze standardowym systemem pask\u00f3w i opcjonalnymi korektorami<\/li>\n<li>Dzia\u0142a z elektronicznym sterowaniem obej\u015bciowym<\/li>\n<li>Wsp\u00f3\u0142pracuje ze standardowymi czujnikami TMAP<\/li>\n<li>Nowe 5-\u015brubowe ko\u0142a pasowe spr\u0119\u017carki<\/li>\n<li>K\u0119sowa p\u0142yta \u0142o\u017cyskowa i pokrywa oleju<\/li>\n<li>Specjalne kolory dost\u0119pne na \u017cyczenie<\/li>\n<\/ul>\n<p>&nbsp;<\/p>\n<p><strong>Odpowiedni dla:<\/strong><\/p>\n<table width=\"529\">\n<tbody>\n<tr>\n<td width=\"115\"><strong>Marka<\/strong><\/td>\n<td width=\"145\"><strong>Model<\/strong><\/td>\n<td width=\"106\"><strong>Silnik<\/strong><\/td>\n<td width=\"163\"><strong>Rok<\/strong><\/td>\n<\/tr>\n<tr>\n<td width=\"115\">RAM<\/td>\n<td width=\"145\">TRX<\/td>\n<td width=\"106\">6.2<\/td>\n<td width=\"163\">2021\u20132023<\/td>\n<\/tr>\n<\/tbody>\n<\/table>\n<p>&nbsp;<\/p>\n<p>&nbsp;<\/p>\n<p><strong>O Whipple<\/strong><\/p>\n<p>Whipple Superchargers\u2122 jest pionierem i pionierem w dziedzinie spr\u0119\u017carek dwu\u015brubowych od 1987 roku.<br \/>\nDzi\u0119ki ponad 30-letniemu do\u015bwiadczeniu w produkcji tych turbospr\u0119\u017carek, zesp\u00f3\u0142 Whipple opracowa\u0142 najpot\u0119\u017cniejsze dost\u0119pne obecnie dwu\u015brubowe uk\u0142ady do\u0142adowania ch\u0142odzone powietrzem do silnik\u00f3w V8 Chryslera \/ Dodge'a \/ Jeepa.<br \/>\nZupe\u0142nie nowy system Whipple zapewnia wi\u0119ksz\u0105 moc ni\u017c jakikolwiek inny system spr\u0119\u017carek na rynku.<br \/>\nJest kompletny z 100% i zosta\u0142 opracowany dla silnik\u00f3w seryjnych, ale ma wystarczaj\u0105ce rezerwy, aby osi\u0105gn\u0105\u0107 jeszcze lepsze wyniki z mocno zmodyfikowanymi silnikami.<\/p>","protected":false},"excerpt":{"rendered":"<p>Najwi\u0119kszy, najwydajniejszy i najpot\u0119\u017cniejszy system do\u0142adowania dla RAM TRX Chcesz wi\u0119cej mocy dla swojego RAM TRX z<\/p>","protected":false},"featured_media":68270968,"comment_status":"open","ping_status":"closed","template":"","meta":{"_acf_changed":false},"product_brand":[19061],"product_cat":[3024,2701],"product_tag":[49,3854,4076,100,126,20273,242,244,4078,243,36,86,96,246,2353,233,245,216,376,6811],"class_list":{"0":"post-68270963","1":"product","2":"type-product","3":"status-publish","4":"has-post-thumbnail","6":"product_brand-whipple","7":"product_cat-nicht-nach-eu","8":"product_cat-trx-kompressor","9":"product_tag-dodge","10":"product_tag-dodge-charger","11":"product_tag-ersatzkompressor","12":"product_tag-hellcat","13":"product_tag-hemi","14":"product_tag-keintuev","15":"product_tag-kompressor","16":"product_tag-kompressorkit","17":"product_tag-kompressorschaden","18":"product_tag-kompressorumbau","19":"product_tag-kraftwerk","20":"product_tag-ram","21":"product_tag-srt","22":"product_tag-supercharger","23":"product_tag-trx","24":"product_tag-tuning","25":"product_tag-umbaukit","26":"product_tag-upgrade","27":"product_tag-whipple","28":"product_tag-whipple5","29":"product_shipping_class-spedition-1","31":"first","32":"outofstock","33":"taxable","34":"shipping-taxable","35":"purchasable","36":"product-type-variable"},"bundled_by":[],"bundle_stock_status":"outofstock","bundle_stock_quantity":0,"bundle_virtual":false,"bundle_layout":"","bundle_add_to_cart_form_location":"","bundle_editable_in_cart":false,"bundle_sold_individually_context":"","bundle_item_grouping":"","bundle_min_size":"","bundle_max_size":"","bundle_price":[],"bundled_items":[],"bundle_sell_ids":[],"exclude_global_add_ons":[],"addons":[],"acf":[],"_links":{"self":[{"href":"https:\/\/kraftwerk-shop.cc\/pl\/wp-json\/wp\/v2\/product\/68270963","targetHints":{"allow":["GET"]}}],"collection":[{"href":"https:\/\/kraftwerk-shop.cc\/pl\/wp-json\/wp\/v2\/product"}],"about":[{"href":"https:\/\/kraftwerk-shop.cc\/pl\/wp-json\/wp\/v2\/types\/product"}],"replies":[{"embeddable":true,"href":"https:\/\/kraftwerk-shop.cc\/pl\/wp-json\/wp\/v2\/comments?post=68270963"}],"version-history":[{"count":0,"href":"https:\/\/kraftwerk-shop.cc\/pl\/wp-json\/wp\/v2\/product\/68270963\/revisions"}],"wp:featuredmedia":[{"embeddable":true,"href":"https:\/\/kraftwerk-shop.cc\/pl\/wp-json\/wp\/v2\/media\/68270968"}],"wp:attachment":[{"href":"https:\/\/kraftwerk-shop.cc\/pl\/wp-json\/wp\/v2\/media?parent=68270963"}],"wp:term":[{"taxonomy":"product_brand","embeddable":true,"href":"https:\/\/kraftwerk-shop.cc\/pl\/wp-json\/wp\/v2\/product_brand?post=68270963"},{"taxonomy":"product_cat","embeddable":true,"href":"https:\/\/kraftwerk-shop.cc\/pl\/wp-json\/wp\/v2\/product_cat?post=68270963"},{"taxonomy":"product_tag","embeddable":true,"href":"https:\/\/kraftwerk-shop.cc\/pl\/wp-json\/wp\/v2\/product_tag?post=68270963"}],"curies":[{"name":"wp","href":"https:\/\/api.w.org\/{rel}","templated":true}]}}