{"id":68271038,"date":"2022-08-27T16:09:27","date_gmt":"2022-08-27T14:09:27","guid":{"rendered":"https:\/\/kraftwerk-shop.cc\/?post_type=product&#038;p=68271038"},"modified":"2026-02-15T00:46:31","modified_gmt":"2026-02-14T23:46:31","slug":"stainless-works-katalizatory-wysokoprzeplywowe-178-wydechowy-ram-57","status":"publish","type":"product","link":"https:\/\/kraftwerk-shop.cc\/pl\/produkt\/stainless-works-1-7-8-faecherkruemmer-high-flow-katalysatoren-ram-5-7\/","title":{"rendered":"Kolektor Stainless Works 1 7\/8\u2033 + wysokoprzep\u0142ywowe katalizatory RAM 5.7"},"content":{"rendered":"<h1>Kolektor Stainless Works 1 7\/8\u2033 i wysokoprzep\u0142ywowe katalizatory dla RAM TRX<\/h1>\n<p>&nbsp;<\/p>\n<p>Popraw d\u017awi\u0119k i wydajno\u015b\u0107 swojego 2019+ RAM 5.7 dzi\u0119ki wysokiej jako\u015bci nag\u0142\u00f3wkom wentylator\u00f3w od Stainless Works.<br \/>\nRury g\u0142\u00f3wne o \u015brednicy 1-7\/8\" optymalizuj\u0105 przep\u0142yw spalin i zapewniaj\u0105 wy\u017csz\u0105 wydajno\u015b\u0107.<br \/>\nKolektory te s\u0105 wyposa\u017cone w 3-calowe kolektory typu slip-fit, a tak\u017ce katalizatory o wysokim przep\u0142ywie, kt\u00f3re s\u0105 poprowadzone do 3-calowych rur, kt\u00f3re przechodz\u0105 w rur\u0119 Y lub X, aby umo\u017cliwi\u0107 \u0142atwe po\u0142\u0105czenie z fabrycznym uk\u0142adem wydechowym lub uk\u0142adem wydechowym Stainless Works.<br \/>\nZawiera wysokoprzep\u0142ywowe katalizatory do pod\u0142\u0105czenia do standardowego uk\u0142adu wydechowego lub do uk\u0142ad\u00f3w wydechowych Stainless Works.<br \/>\nSystem rozdzielacza jest dostarczany w stanie gotowym do monta\u017cu wraz ze wszystkimi niezb\u0119dnymi zaciskami, przed\u0142u\u017ckami do sond lambda, \u015brubami itp.<\/p>\n<p>Zestawy kolektor\u00f3w Stainless Works s\u0105 wykonane z odpornej na korozj\u0119 stali nierdzewnej 304.<br \/>\nKolektory s\u0105 spawane metod\u0105 TIG w najnowocze\u015bniejszym zak\u0142adzie w Streetsboro w stanie Ohio, aby zapewni\u0107 jako\u015b\u0107 i trwa\u0142o\u015b\u0107.<\/p>\n<p>&nbsp;<\/p>\n<p>&nbsp;<\/p>\n<p><strong>Odpowiedni dla:<\/strong><\/p>\n<table width=\"437\">\n<tbody>\n<tr>\n<td width=\"83\"><strong>Marka<\/strong><\/td>\n<td width=\"122\"><strong>Model<\/strong><\/td>\n<td width=\"136\"><strong>Silnik<\/strong><\/td>\n<td width=\"96\"><strong>Rok<\/strong><\/td>\n<\/tr>\n<tr>\n<td>RAM<\/td>\n<td>1500<\/td>\n<td>5.7<\/td>\n<td>2019\u20132024<\/td>\n<\/tr>\n<\/tbody>\n<\/table>\n<p><strong><br \/>\nUwaga:<\/strong> Nie pasuje do RAM Classic<\/p>\n<p>&nbsp;<\/p>\n<p><strong>Zakres dostawy:<\/strong><\/p>\n<ul>\n<li>1 7\/8\u2033 Rozdzielacz Longtube<\/li>\n<li>Katalizatory o wysokim przep\u0142ywie (tylko do u\u017cytku ulicznego, nie do sport\u00f3w motorowych)<\/li>\n<li>Materia\u0142 instalacyjny<\/li>\n<\/ul>\n<p>&nbsp;<\/p>","protected":false},"excerpt":{"rendered":"<p>2019\u20132024<\/p>","protected":false},"featured_media":68277380,"comment_status":"open","ping_status":"closed","template":"","meta":{"_acf_changed":false},"product_brand":[17173],"product_cat":[3024,6624],"product_tag":[419,420,2066,2373,91,1035,546,49,476,662,543,126,586,532,529,20273,550,545,55,583,86,4081,3055,547,553,96,1056,4079,3026,1303],"class_list":{"0":"post-68271038","1":"product","2":"type-product","3":"status-publish","4":"has-post-thumbnail","6":"product_brand-stainless-works","7":"product_cat-nicht-nach-eu","8":"product_cat-1500-57-dt-abgaskruemmer-katalysatoren","9":"product_tag-419","10":"product_tag-420","11":"product_tag-2066","12":"product_tag-2373","13":"product_tag-5-7","14":"product_tag-abgasanlage","15":"product_tag-auspuff","16":"product_tag-dodge","17":"product_tag-dt","18":"product_tag-edelstahl","19":"product_tag-faecherkruemmer","20":"product_tag-hemi","21":"product_tag-high-flow","22":"product_tag-kat","23":"product_tag-katalysator","24":"product_tag-keintuev","25":"product_tag-kruemmer","26":"product_tag-longtube","27":"product_tag-magnum","28":"product_tag-metallkat","29":"product_tag-ram","30":"product_tag-ram19hcat","31":"product_tag-sportabgasanlage","32":"product_tag-sportauspuff","33":"product_tag-sportkatalysator","34":"product_tag-srt","35":"product_tag-srt-8","36":"product_tag-stainless","37":"product_tag-stainlessworks","38":"product_tag-works","39":"product_shipping_class-speditionsversand-1","41":"first","42":"onbackorder","43":"taxable","44":"shipping-taxable","45":"purchasable","46":"product-type-simple"},"bundled_by":[],"bundle_stock_status":"onbackorder","bundle_stock_quantity":0,"bundle_virtual":false,"bundle_layout":"","bundle_add_to_cart_form_location":"","bundle_editable_in_cart":false,"bundle_sold_individually_context":"","bundle_item_grouping":"","bundle_min_size":"","bundle_max_size":"","bundle_price":[],"bundled_items":[],"bundle_sell_ids":[],"exclude_global_add_ons":[],"addons":[],"acf":[],"_links":{"self":[{"href":"https:\/\/kraftwerk-shop.cc\/pl\/wp-json\/wp\/v2\/product\/68271038","targetHints":{"allow":["GET"]}}],"collection":[{"href":"https:\/\/kraftwerk-shop.cc\/pl\/wp-json\/wp\/v2\/product"}],"about":[{"href":"https:\/\/kraftwerk-shop.cc\/pl\/wp-json\/wp\/v2\/types\/product"}],"replies":[{"embeddable":true,"href":"https:\/\/kraftwerk-shop.cc\/pl\/wp-json\/wp\/v2\/comments?post=68271038"}],"version-history":[{"count":0,"href":"https:\/\/kraftwerk-shop.cc\/pl\/wp-json\/wp\/v2\/product\/68271038\/revisions"}],"wp:featuredmedia":[{"embeddable":true,"href":"https:\/\/kraftwerk-shop.cc\/pl\/wp-json\/wp\/v2\/media\/68277380"}],"wp:attachment":[{"href":"https:\/\/kraftwerk-shop.cc\/pl\/wp-json\/wp\/v2\/media?parent=68271038"}],"wp:term":[{"taxonomy":"product_brand","embeddable":true,"href":"https:\/\/kraftwerk-shop.cc\/pl\/wp-json\/wp\/v2\/product_brand?post=68271038"},{"taxonomy":"product_cat","embeddable":true,"href":"https:\/\/kraftwerk-shop.cc\/pl\/wp-json\/wp\/v2\/product_cat?post=68271038"},{"taxonomy":"product_tag","embeddable":true,"href":"https:\/\/kraftwerk-shop.cc\/pl\/wp-json\/wp\/v2\/product_tag?post=68271038"}],"curies":[{"name":"wp","href":"https:\/\/api.w.org\/{rel}","templated":true}]}}