{"id":68271082,"date":"2022-08-28T02:02:18","date_gmt":"2022-08-28T00:02:18","guid":{"rendered":"https:\/\/kraftwerk-shop.cc\/?post_type=product&#038;p=68271082"},"modified":"2026-03-30T02:24:25","modified_gmt":"2026-03-30T00:24:25","slug":"stainless-works-uklad-wydechowy-ram-57-ds","status":"publish","type":"product","link":"https:\/\/kraftwerk-shop.cc\/pl\/produkt\/stainless-works-abgasanlage-ram-57-ds\/","title":{"rendered":"Uk\u0142ad wydechowy Stainless Works RAM 5.7"},"content":{"rendered":"<h1>Uk\u0142ad wydechowy Stainless Works dla RAM 5.7<\/h1>\n<p>&nbsp;<\/p>\n<p>Popraw d\u017awi\u0119k i wydajno\u015b\u0107 swojego RAM 1500 5.7 Hemi od 2009 do 2018 i RAM Classic 2019 - 2024 dzi\u0119ki temu uk\u0142adowi wydechowemu catback od Stainless Works.<br \/>\nFirma Stainless Works opracowa\u0142a nie dudni\u0105cy, agresywny t\u0142umik, kt\u00f3ry zosta\u0142 specjalnie zaprojektowany dla silnika o pojemno\u015bci 5,7 litra.<br \/>\nSystem zosta\u0142 zaprojektowany tak, aby pasowa\u0142 do fabrycznych punkt\u00f3w po\u0142\u0105cze\u0144. Rury wydechowe 3\u2033 ko\u0144cz\u0105 si\u0119 poni\u017cej zderzaka.<\/p>\n<p>&nbsp;<\/p>\n<h3 style=\"text-align: center;\"><strong>Niepowtarzalny d\u017awi\u0119k Stainless Works<\/strong><\/h3>\n<p>Stainless Works jest jedynym producentem, kt\u00f3ry wykonuje swoje t\u0142umiki w ca\u0142o\u015bci ze stali nierdzewnej. T\u0142umiki nigdy si\u0119 nie \"przepal\u0105\", nie \"wydmuchaj\u0105\" ani nie zmieni\u0105 d\u017awi\u0119ku. T\u0142umiki wykonane s\u0105 z wysokiej jako\u015bci stali nierdzewnej 304 spawanej metod\u0105 TIG z wype\u0142nieniem z we\u0142ny ze stali nierdzewnej.<\/p>\n<p>&nbsp;<\/p>\n<p><img decoding=\"async\" class=\"aligncenter wp-image-68271102 size-full\" src=\"https:\/\/kraftwerk-shop.cc\/wp-content\/uploads\/2022\/08\/mufflers-types.png\" alt=\"\" width=\"700\" height=\"469\" srcset=\"https:\/\/kraftwerk-shop.cc\/wp-content\/uploads\/2022\/08\/mufflers-types.png 700w, https:\/\/kraftwerk-shop.cc\/wp-content\/uploads\/2022\/08\/mufflers-types-500x335.png 500w, https:\/\/kraftwerk-shop.cc\/wp-content\/uploads\/2022\/08\/mufflers-types-150x101.png 150w, https:\/\/kraftwerk-shop.cc\/wp-content\/uploads\/2022\/08\/mufflers-types-600x402.png 600w\" sizes=\"(max-width: 700px) 100vw, 700px\" \/><\/p>\n<h3 style=\"text-align: center;\"><strong>Turbo Chambered (g\u0142o\u015bny)<\/strong><\/h3>\n<p>Komorowa konstrukcja tego t\u0142umika zapewnia g\u0142\u0119bokie, cywilizowane dudnienie muscle cara na biegu ja\u0142owym i przy pr\u0119dko\u015bciach przelotowych, ale naprawd\u0119 o\u017cywaj\u0105, gdy wci\u015bniesz przepustnic\u0119. T\u0142umiki te s\u0105 idealne do codziennej jazdy, ale s\u0105 wystarczaj\u0105co agresywne dla weekendowych wy\u015bcig\u00f3w, zapewniaj\u0105c maksymalny przep\u0142yw i bardzo agresywny d\u017awi\u0119k.<\/p>\n<h3 style=\"text-align: center;\"><strong>Runda komorowa (g\u0142o\u015bniej)<\/strong><\/h3>\n<p>Znany r\u00f3wnie\u017c jako \"Retro Chambered\", ekskluzywny \u017cebrowany rdze\u0144 tego t\u0142umika osi\u0105ga s\u0142odkie, g\u0142\u0119bokie brzmienie \"street rod\", kt\u00f3re nie jest zbyt agresywne. T\u0142umiki maj\u0105 wymiary umo\u017cliwiaj\u0105ce ich odwr\u00f3cenie w celu uzyskania jeszcze bardziej agresywnego brzmienia. Mog\u0105 by\u0107 spawane lub zaciskane. Najlepsze t\u0142umiki rurowe na rynku!<\/p>\n<h3 style=\"text-align: center;\"><strong>Turbo S-Tube (najg\u0142o\u015bniejszy)<\/strong><\/h3>\n<p>Prosta konstrukcja tego t\u0142umika zapewnia maksymalny przep\u0142yw i g\u0142\u0119boki d\u017awi\u0119k muscle car na biegu ja\u0142owym i przy pr\u0119dko\u015bciach przelotowych oraz bardzo agresywny d\u017awi\u0119k po naci\u015bni\u0119ciu peda\u0142u gazu. T\u0142umiki te mog\u0105 by\u0107 u\u017cywane do codziennego u\u017cytku, ale przez niekt\u00f3rych s\u0105 uwa\u017cane za zbyt agresywne. Aby uzyska\u0107 bardziej cywilizowany t\u0142umik do codziennego u\u017cytku, najlepiej pozosta\u0107 przy opisanym wcze\u015bniej t\u0142umiku Chambered Turbo.<\/p>\n<p><center><\/center>&nbsp;<\/p>\n<p><strong>Cechy:<\/strong><\/p>\n<ul>\n<li>T\u0142umik Chambered lub S-Tube<\/li>\n<li>Po\u0142\u0105czenia Factroy Connect lub Performance Connect<\/li>\n<li>G\u0142adkie zagi\u0119cia rur optymalizuj\u0105 przep\u0142yw spalin<\/li>\n<li>W pe\u0142ni spawana metod\u0105 TIG dla zapewnienia stabilno\u015bci i wygl\u0105du.<\/li>\n<\/ul>\n<p>&nbsp;<\/p>\n<p><strong>Odpowiedni dla:<\/strong><\/p>\n<table width=\"437\">\n<tbody>\n<tr>\n<td width=\"122\"><strong>Marka<\/strong><\/td>\n<td width=\"136\"><strong>Model<\/strong><\/td>\n<td width=\"96\"><strong>Silnik<\/strong><\/td>\n<td width=\"83\"><strong>Rok<\/strong><\/td>\n<\/tr>\n<tr>\n<td>RAM<\/td>\n<td>1500<\/td>\n<td>5.7<\/td>\n<td>2009\u20132018<\/td>\n<\/tr>\n<tr>\n<td>RAM<\/td>\n<td>1500 Classic<\/td>\n<td>5.7<\/td>\n<td>2019\u20132024<\/td>\n<\/tr>\n<\/tbody>\n<\/table>\n<p>&nbsp;<\/p>","protected":false},"excerpt":{"rendered":"<p>2009 - 2018 i Classic 2019 - 2024<\/p>","protected":false},"featured_media":68271108,"comment_status":"open","ping_status":"closed","template":"","meta":{"_acf_changed":false},"product_brand":[17173],"product_cat":[3024,6620],"product_tag":[475,91,1035,546,1047,2210,476,662,126,586,50,20273,36,1040,86,4083,3055,547,3025,3026],"class_list":{"0":"post-68271082","1":"product","2":"type-product","3":"status-publish","4":"has-post-thumbnail","6":"product_brand-stainless-works","7":"product_cat-nicht-nach-eu","8":"product_cat-1500-57-2009-2018-classic-abgasanlage-catback","9":"product_tag-475","10":"product_tag-5-7","11":"product_tag-abgasanlage","12":"product_tag-auspuff","13":"product_tag-cat-back","14":"product_tag-catback","15":"product_tag-dt","16":"product_tag-edelstahl","17":"product_tag-hemi","18":"product_tag-high-flow","19":"product_tag-jeep","20":"product_tag-keintuev","21":"product_tag-kraftwerk","22":"product_tag-laut","23":"product_tag-ram","24":"product_tag-ram09cb","25":"product_tag-sportabgasanlage","26":"product_tag-sportauspuff","27":"product_tag-stainless-works","28":"product_tag-stainlessworks","29":"product_shipping_class-spedition-1","31":"first","32":"onbackorder","33":"taxable","34":"shipping-taxable","35":"purchasable","36":"product-type-variable"},"bundled_by":[],"bundle_stock_status":"onbackorder","bundle_stock_quantity":0,"bundle_virtual":false,"bundle_layout":"","bundle_add_to_cart_form_location":"","bundle_editable_in_cart":false,"bundle_sold_individually_context":"","bundle_item_grouping":"","bundle_min_size":"","bundle_max_size":"","bundle_price":[],"bundled_items":[],"bundle_sell_ids":[],"exclude_global_add_ons":[],"addons":[],"acf":[],"_links":{"self":[{"href":"https:\/\/kraftwerk-shop.cc\/pl\/wp-json\/wp\/v2\/product\/68271082","targetHints":{"allow":["GET"]}}],"collection":[{"href":"https:\/\/kraftwerk-shop.cc\/pl\/wp-json\/wp\/v2\/product"}],"about":[{"href":"https:\/\/kraftwerk-shop.cc\/pl\/wp-json\/wp\/v2\/types\/product"}],"replies":[{"embeddable":true,"href":"https:\/\/kraftwerk-shop.cc\/pl\/wp-json\/wp\/v2\/comments?post=68271082"}],"version-history":[{"count":0,"href":"https:\/\/kraftwerk-shop.cc\/pl\/wp-json\/wp\/v2\/product\/68271082\/revisions"}],"wp:featuredmedia":[{"embeddable":true,"href":"https:\/\/kraftwerk-shop.cc\/pl\/wp-json\/wp\/v2\/media\/68271108"}],"wp:attachment":[{"href":"https:\/\/kraftwerk-shop.cc\/pl\/wp-json\/wp\/v2\/media?parent=68271082"}],"wp:term":[{"taxonomy":"product_brand","embeddable":true,"href":"https:\/\/kraftwerk-shop.cc\/pl\/wp-json\/wp\/v2\/product_brand?post=68271082"},{"taxonomy":"product_cat","embeddable":true,"href":"https:\/\/kraftwerk-shop.cc\/pl\/wp-json\/wp\/v2\/product_cat?post=68271082"},{"taxonomy":"product_tag","embeddable":true,"href":"https:\/\/kraftwerk-shop.cc\/pl\/wp-json\/wp\/v2\/product_tag?post=68271082"}],"curies":[{"name":"wp","href":"https:\/\/api.w.org\/{rel}","templated":true}]}}