{"id":68271755,"date":"2022-09-18T00:59:58","date_gmt":"2022-09-17T22:59:58","guid":{"rendered":"https:\/\/kraftwerk-shop.cc\/?post_type=product&#038;p=68271755"},"modified":"2026-02-15T01:00:13","modified_gmt":"2026-02-15T00:00:13","slug":"mopar-olej-silnikowy-maxpro-plus-10w-30","status":"publish","type":"product","link":"https:\/\/kraftwerk-shop.cc\/pl\/produkt\/mopar-motoroel-maxpro-plus-10w-30\/","title":{"rendered":"Olej silnikowy Mopar MaxPro Plus 10W-30"},"content":{"rendered":"<h1>Oryginalny olej silnikowy Mopar MaxPro Plus 10W-30<\/h1>\n<p>&nbsp;<\/p>\n<p>Olej silnikowy Mopar MaxPro 5W-20 zosta\u0142 zaprojektowany z my\u015bl\u0105 o zwi\u0119kszeniu wydajno\u015bci paliwowej, czysto\u015bci silnika i kompatybilno\u015bci z etanolem w samochodach Chrysler, Dodge, Jeep lub RAM.<\/p>\n<p>Olej silnikowy spe\u0142nia normy API SN i ILSAC GF-4.<\/p>\n<p>Zatwierdzony dla Chrysler Material Standard MS-6395.<br \/>\nChrysler zaleca do swoich pojazd\u00f3w wy\u0142\u0105cznie oleje posiadaj\u0105ce certyfikat API i spe\u0142niaj\u0105ce norm\u0119 MS-6395.<\/p>\n<p>&nbsp;<\/p>\n<p><strong>Liczby por\u00f3wnawcze Mopar:<\/strong> 68218930AA, 68218930AB, 68218930AA, 68218930AB, 68218930AC, 68218931AA, 68218931AB, 68218931AC, 4761839MA, 04761839MB, 05166242CA, 5166242CA, 68224345CA, 68218930CA, 68218931CA, 68218932CA, 68524000AA, 68524000CA, 68854005AA, 68854005CA<\/p>\n<p>&nbsp;<\/p>\n<p><strong>Ilo\u015bci nape\u0142nienia olejem:<\/strong><\/p>\n<table style=\"border-collapse: collapse; width: 310pt;\" border=\"0\" width=\"415\" cellspacing=\"0\" cellpadding=\"0\">\n<tbody>\n<tr style=\"height: 14.4pt;\">\n<td class=\"xl66\" style=\"height: 14.4pt; width: 62pt;\" width=\"83\" height=\"19\"><strong>Marka<\/strong><\/td>\n<td class=\"xl66\" style=\"width: 62pt;\" width=\"83\"><strong>Model<\/strong><\/td>\n<td class=\"xl66\" style=\"width: 62pt;\" width=\"83\"><strong>Silnik<\/strong><\/td>\n<td class=\"xl66\" style=\"width: 62pt;\" width=\"83\"><strong>Ilo\u015b\u0107 nape\u0142nienia<\/strong><\/td>\n<td class=\"xl66\" style=\"width: 62pt;\" width=\"83\"><strong>odpowiada<\/strong><\/td>\n<\/tr>\n<tr style=\"height: 14.4pt;\">\n<td class=\"xl65\" style=\"height: 14.4pt;\" height=\"19\">Chrysler<\/td>\n<td class=\"xl65\">300C<\/td>\n<td class=\"xl65\">3.5<\/td>\n<td class=\"xl65\">6 litr\u00f3w<\/td>\n<td class=\"xl65\">5,6 l<\/td>\n<\/tr>\n<tr style=\"height: 14.4pt;\">\n<td class=\"xl65\" style=\"height: 14.4pt;\" height=\"19\">Dodge<\/td>\n<td class=\"xl65\">Challenger<\/td>\n<td class=\"xl65\">3.5<\/td>\n<td class=\"xl65\">6 litr\u00f3w<\/td>\n<td class=\"xl65\">5,6 l<\/td>\n<\/tr>\n<tr style=\"height: 14.4pt;\">\n<td class=\"xl65\" style=\"height: 14.4pt;\" height=\"19\">Dodge<\/td>\n<td class=\"xl65\">Charger<\/td>\n<td class=\"xl65\">3.5<\/td>\n<td class=\"xl65\">6 litr\u00f3w<\/td>\n<td class=\"xl65\">5,6 l<\/td>\n<\/tr>\n<tr style=\"height: 14.4pt;\">\n<td class=\"xl65\" style=\"height: 14.4pt;\" height=\"19\">Dodge<\/td>\n<td class=\"xl65\">Magnum<\/td>\n<td class=\"xl65\">3.5<\/td>\n<td class=\"xl65\">6 litr\u00f3w<\/td>\n<td class=\"xl65\">5,6 l<\/td>\n<\/tr>\n<\/tbody>\n<\/table>\n<h4><\/h4>\n<p>&nbsp;<\/p>\n<h4><strong>Dlaczego wyb\u00f3r odpowiedniego oleju silnikowego jest tak wa\u017cny?<\/strong><\/h4>\n<p>Zasadniczo olej utrzymuje silnik w ruchu. Spe\u0142nia r\u00f3wnie\u017c szereg innych funkcji, kt\u00f3re pomagaj\u0105 wyd\u0142u\u017cy\u0107 \u017cywotno\u015b\u0107 pojazdu:<\/p>\n<ul>\n<li><strong>Redukcja tarcia<\/strong><br \/>\nOlej silnikowy smaruje silnik i zapewnia p\u0142ynne dzia\u0142anie wszystkich jego podzespo\u0142\u00f3w oraz niewielkie straty energii wskutek tarcia w silniku. Zmniejsza to zu\u017cycie cz\u0119\u015bci silnika i wyd\u0142u\u017ca jego \u017cywotno\u015b\u0107.<\/li>\n<li><strong>Czyszczenie silnika<\/strong><br \/>\nPodczas normalnego u\u017cytkowania w silniku mog\u0105 gromadzi\u0107 si\u0119 cz\u0105stki sta\u0142e. Gdy olej silnikowy kr\u0105\u017cy, zbiera kurz i osady i przekazuje je do filtra oleju silnikowego, kt\u00f3ry utrzymuje je z dala od element\u00f3w silnika.<\/li>\n<li><strong>Ochrona przed rdz\u0105 i korozj\u0105<\/strong><br \/>\nWi\u0119kszo\u015b\u0107 olej\u00f3w silnikowych zawiera dodatki, kt\u00f3re zapobiegaj\u0105 powstawaniu rdzy i korozji w silniku. Utlenianie os\u0142abia cz\u0119\u015bci silnika i mo\u017ce powodowa\u0107 ich szybsze zu\u017cycie. Zapobieganie powstawaniu rdzy pomaga wyd\u0142u\u017cy\u0107 czas pracy silnika.<\/li>\n<li><strong>Redukcja ciep\u0142a<\/strong><br \/>\nSilnik mo\u017ce nagrzewa\u0107 si\u0119 do wysokich temperatur, a je\u015bli b\u0119dzie zbyt gor\u0105cy, mo\u017ce ulec awarii. Olej silnikowy kr\u0105\u017cy w ca\u0142ym silniku i zapewnia odprowadzanie ciep\u0142a do ch\u0142odniejszych cz\u0119\u015bci silnika.<\/li>\n<li><strong>Tolerancja na warunki pogodowe<\/strong><br \/>\nNiekt\u00f3re oleje s\u0105 zoptymalizowane pod k\u0105tem wydajno\u015bci w ekstremalnych warunkach pogodowych. Zapewniaj\u0105 one rozruch silnika nawet w niskich temperaturach i ograniczaj\u0105 utrat\u0119 obj\u0119to\u015bci spowodowan\u0105 spalaniem w upalne dni.<\/li>\n<li><strong>Poprawiona wydajno\u015b\u0107<\/strong><br \/>\nGdy silnik pracuje p\u0142ynnie, wymaga mniej energii do dzia\u0142ania, a tym samym oszcz\u0119dza paliwo. Zmniejszenie oporu silnika mo\u017ce r\u00f3wnie\u017c prowadzi\u0107 do lepszego transferu energii w silniku, zapewniaj\u0105c wi\u0119ksz\u0105 moc dla Twoich potrzeb.<\/li>\n<\/ul>\n<p>&nbsp;<\/p>","protected":false},"excerpt":{"rendered":"<p>Oryginalny olej zatwierdzony przez Mopar \/ FCA \/ Stellantis<\/p>","protected":false},"featured_media":68272469,"comment_status":"open","ping_status":"closed","template":"","meta":{"_acf_changed":false},"product_brand":[16270],"product_cat":[1558,2575,1598,1711],"product_tag":[4188,4189,4180,4179,88,52,4187,4190,4181,4182,4183,4192,4184,4185,4186,4193,4194,4191,4277,4278,4279,4280,4195,54,53,48,536,49,3853,3854,4119,1030,3108,4196,55,4118,4117,31,8813,9424,16271,16273,16275,16272,16274,404,6994,4120,406,655,34,86],"class_list":{"0":"post-68271755","1":"product","2":"type-product","3":"status-publish","4":"has-post-thumbnail","6":"product_brand-mopar","7":"product_cat-300c-35-wartung","8":"product_cat-challenger-35-wartung","9":"product_cat-charger-35-wartung","10":"product_cat-magnum-35-wartung","11":"product_tag-04761839mb","12":"product_tag-05166242ca","13":"product_tag-10w-30","14":"product_tag-10w30","15":"product_tag-3-5","16":"product_tag-300c","17":"product_tag-4761839ma","18":"product_tag-5166242ca","19":"product_tag-68218930aa","20":"product_tag-68218930ab","21":"product_tag-68218930ac","22":"product_tag-68218930ca","23":"product_tag-68218931aa","24":"product_tag-68218931ab","25":"product_tag-68218931ac","26":"product_tag-68218931ca","27":"product_tag-68218932ca","28":"product_tag-68224345ca","29":"product_tag-68524000aa","30":"product_tag-68524000ca","31":"product_tag-68854005aa","32":"product_tag-68854005ca","33":"product_tag-api-sn","34":"product_tag-challenger","35":"product_tag-charger","36":"product_tag-chrysler","37":"product_tag-chrysler-300c","38":"product_tag-dodge","39":"product_tag-dodge-challenger","40":"product_tag-dodge-charger","41":"product_tag-freigabe","42":"product_tag-garantie","43":"product_tag-gewaehrleistung","44":"product_tag-ilsac-gf-4","45":"product_tag-magnum","46":"product_tag-max-pro","47":"product_tag-maxpro","48":"product_tag-mopar","49":"product_tag-mopar-autoteile","50":"product_tag-mopar-ersatzteile","51":"product_tag-mopar-ersatzteile-kaufen","52":"product_tag-mopar-performance-teile","53":"product_tag-mopar-teile-katalog","54":"product_tag-mopar-teile-online","55":"product_tag-mopar-tuningteile","56":"product_tag-motoroel","57":"product_tag-motoroel5","58":"product_tag-ms-6395","59":"product_tag-oel","60":"product_tag-oelwechsel","61":"product_tag-original","62":"product_tag-ram","64":"first","65":"instock","66":"taxable","67":"shipping-taxable","68":"purchasable","69":"product-type-variable"},"bundled_by":[],"bundle_stock_status":"instock","bundle_stock_quantity":36,"bundle_virtual":false,"bundle_layout":"","bundle_add_to_cart_form_location":"","bundle_editable_in_cart":false,"bundle_sold_individually_context":"","bundle_item_grouping":"","bundle_min_size":"","bundle_max_size":"","bundle_price":[],"bundled_items":[],"bundle_sell_ids":[],"exclude_global_add_ons":[],"addons":[],"acf":[],"_links":{"self":[{"href":"https:\/\/kraftwerk-shop.cc\/pl\/wp-json\/wp\/v2\/product\/68271755","targetHints":{"allow":["GET"]}}],"collection":[{"href":"https:\/\/kraftwerk-shop.cc\/pl\/wp-json\/wp\/v2\/product"}],"about":[{"href":"https:\/\/kraftwerk-shop.cc\/pl\/wp-json\/wp\/v2\/types\/product"}],"replies":[{"embeddable":true,"href":"https:\/\/kraftwerk-shop.cc\/pl\/wp-json\/wp\/v2\/comments?post=68271755"}],"version-history":[{"count":0,"href":"https:\/\/kraftwerk-shop.cc\/pl\/wp-json\/wp\/v2\/product\/68271755\/revisions"}],"wp:featuredmedia":[{"embeddable":true,"href":"https:\/\/kraftwerk-shop.cc\/pl\/wp-json\/wp\/v2\/media\/68272469"}],"wp:attachment":[{"href":"https:\/\/kraftwerk-shop.cc\/pl\/wp-json\/wp\/v2\/media?parent=68271755"}],"wp:term":[{"taxonomy":"product_brand","embeddable":true,"href":"https:\/\/kraftwerk-shop.cc\/pl\/wp-json\/wp\/v2\/product_brand?post=68271755"},{"taxonomy":"product_cat","embeddable":true,"href":"https:\/\/kraftwerk-shop.cc\/pl\/wp-json\/wp\/v2\/product_cat?post=68271755"},{"taxonomy":"product_tag","embeddable":true,"href":"https:\/\/kraftwerk-shop.cc\/pl\/wp-json\/wp\/v2\/product_tag?post=68271755"}],"curies":[{"name":"wp","href":"https:\/\/api.w.org\/{rel}","templated":true}]}}