{"id":68272160,"date":"2022-10-02T14:53:34","date_gmt":"2022-10-02T12:53:34","guid":{"rendered":"https:\/\/kraftwerk-shop.cc\/?post_type=product&#038;p=68272160"},"modified":"2026-04-07T12:13:14","modified_gmt":"2026-04-07T10:13:14","slug":"mopar-plyn-niezamarzajacy-do-chlodnic-chrysler-dodge-jeep-ram-ms-9769","status":"publish","type":"product","link":"https:\/\/kraftwerk-shop.cc\/pl\/produkt\/mopar-kuehlerfrostschutz-chrysler-dodge-jeep-ram-ms-9769\/","title":{"rendered":"P\u0142yn niezamarzaj\u0105cy do ch\u0142odnic Mopar dla Chrysler, Dodge, Jeep i RAM (MS-9769)"},"content":{"rendered":"<h1>Oryginalny koncentrat p\u0142ynu niezamarzaj\u0105cego do ch\u0142odnic Mopar z atestem MS-9769<\/h1>\n<p>&nbsp;<\/p>\n<p>P\u0142yn ch\u0142odz\u0105cy HOAT do pojazd\u00f3w sprzed 2013 r.<\/p>\n<p>&nbsp;<\/p>\n<p><strong>Kolor:<\/strong> czerwony<\/p>\n<p><strong>Wydanie:<\/strong> Chrysler MS-9769<\/p>\n<p><strong>Numery cz\u0119\u015bci Mopar w celach informacyjnych:<\/strong> <span class=\"entry--content\"> 05066386AA, <span class=\"list-value\">5066386AA, 68048953AA, 68048953AB<\/span>, <span class=\"list-value\">68048953AC, 68048953GB, 68051212AA, 68051212AB, 68051212AC, 68024160AA<\/span><br \/>\n<\/span><\/p>\n<p><strong>Zakres dostawy:<\/strong> 3,78 litra (1 galon)<\/p>\n<p>Ten produkt jest <strong>Koncentrat<\/strong> i musi by\u0107 rozcie\u0144czony wod\u0105 zgodnie z instrukcjami producenta przed u\u017cyciem.<\/p>\n<p>&nbsp;<\/p>\n<p><strong>Uwaga:<\/strong><\/p>\n<p>Zdecydowanie zaleca si\u0119 sprawdzenie instrukcji obs\u0142ugi pojazdu, aby sprawdzi\u0107, czy ten produkt jest zatwierdzony przed z\u0142o\u017ceniem zam\u00f3wienia.<\/p>\n<p>UWAGA: P\u0142ynu Mopar\u00ae Antifreeze\/Coolant, 5 Year\/100,000 Mile Formula (MS-9769) nie wolno miesza\u0107 z innymi produktami zapobiegaj\u0105cymi zamarzaniu. W przeciwnym razie zmniejszy si\u0119 ochrona antykorozyjna i mo\u017ce doj\u015b\u0107 do przedwczesnego uszkodzenia uszczelki pompy wodnej. Je\u015bli w sytuacji awaryjnej do uk\u0142adu ch\u0142odzenia dostanie si\u0119 p\u0142yn ch\u0142odz\u0105cy inny ni\u017c HOAT, nale\u017cy go jak najszybciej wymieni\u0107 na okre\u015blony p\u0142yn ch\u0142odz\u0105cy.<\/p>\n<p>&nbsp;<\/p>","protected":false},"excerpt":{"rendered":"<p>Koncentrat zatwierdzony przez Mopar \/ FCA \/ Stellantis<\/p>","protected":false},"featured_media":68272162,"comment_status":"open","ping_status":"closed","template":"","meta":{"_acf_changed":false},"product_brand":[16270],"product_cat":[1558,1566,1574,4985,1582,1590,2575,1671,1679,1687,1703,1598,1606,1614,5163,1622,1638,1647,1655,1663,1711,1719,1727,8048,2716,1743,4810,1751,1759,1775,2952,4761,19691,1521],"product_tag":[88,169,52,91,4265,93,4273,4266,4267,4268,4269,4270,4271,4272,8519,8520,8521,8527,8522,8523,8524,8525,8526,4161,54,53,48,4162,49,3853,95,1012,56,126,4264,50,242,4106,4104,4105,269,31,8813,9424,16271,16273,16275,16272,16274,4263,86,4070,96],"class_list":{"0":"post-68272160","1":"product","2":"type-product","3":"status-publish","4":"has-post-thumbnail","6":"product_brand-mopar","7":"product_cat-300c-35-wartung","8":"product_cat-300c-36-wartung","9":"product_cat-300c-57-2005-2010-wartung","10":"product_cat-300c-57-2011-2023-wartung","11":"product_cat-300c-61-wartung","12":"product_cat-300c-64-wartung","13":"product_cat-challenger-35-wartung","14":"product_cat-challenger-36-wartung","15":"product_cat-challenger-57-wartung","16":"product_cat-challenger-61-wartung","17":"product_cat-challenger-64-wartung","18":"product_cat-charger-35-wartung","19":"product_cat-charger-36-wartung","20":"product_cat-charger-57-wartung","21":"product_cat-dodge-charger-57-2011-2023-wartung","22":"product_cat-charger-61-wartung","23":"product_cat-charger-64-wartung","24":"product_cat-durango-36-wartung","25":"product_cat-durango-57-wartung","26":"product_cat-durango-64-wartung","27":"product_cat-magnum-35-wartung","28":"product_cat-magnum-57-wartung","29":"product_cat-magnum-61-wartung","30":"product_cat-viper-83-wartung","31":"product_cat-commander-wartung","32":"product_cat-grand-cherokee-36-wartung","33":"product_cat-grand-cherokee-57-2005-2010-wartung","34":"product_cat-grand-cherokee-57-2011-2021-wartung","35":"product_cat-grand-cherokee-61-wartung","36":"product_cat-grand-cherokee-64-wartung","37":"product_cat-wrangler-36-wartung","38":"product_cat-1500-36-wartung","39":"product_cat-1500-36-dt-wartung","40":"product_cat-1500-57-2009-2018-classic-wartung","41":"product_tag-3-5","42":"product_tag-3-6","43":"product_tag-300c","44":"product_tag-5-7","45":"product_tag-5066386aa","46":"product_tag-6-4","47":"product_tag-68024160aa","48":"product_tag-68048953aa","49":"product_tag-68048953ab","50":"product_tag-68048953ac","51":"product_tag-68048953gb","52":"product_tag-68051212aa","53":"product_tag-68051212ab","54":"product_tag-68051212ac","55":"product_tag-68051213aa","56":"product_tag-68051213ab","57":"product_tag-68051213ac","58":"product_tag-68051213ga","59":"product_tag-68051214aa","60":"product_tag-68051214ab","61":"product_tag-68051215aa","62":"product_tag-68051215ab","63":"product_tag-68051215ac","64":"product_tag-antifreeze","65":"product_tag-challenger","66":"product_tag-charger","67":"product_tag-chrysler","68":"product_tag-coolant","69":"product_tag-dodge","70":"product_tag-dodge-challenger","71":"product_tag-durango","72":"product_tag-frostschutz","73":"product_tag-grand-cherokee","74":"product_tag-hemi","75":"product_tag-hoat","76":"product_tag-jeep","77":"product_tag-kompressor","78":"product_tag-kuehlerfrostschutz","79":"product_tag-kuehlfluessigkeit","80":"product_tag-kuehlmittel","81":"product_tag-kuehlwasser","82":"product_tag-mopar","83":"product_tag-mopar-autoteile","84":"product_tag-mopar-ersatzteile","85":"product_tag-mopar-ersatzteile-kaufen","86":"product_tag-mopar-performance-teile","87":"product_tag-mopar-teile-katalog","88":"product_tag-mopar-teile-online","89":"product_tag-mopar-tuningteile","90":"product_tag-ms-9769","91":"product_tag-ram","92":"product_tag-rot","93":"product_tag-srt","95":"first","96":"instock","97":"taxable","98":"shipping-taxable","99":"purchasable","100":"product-type-simple"},"bundled_by":[],"bundle_stock_status":"instock","bundle_stock_quantity":24,"bundle_virtual":false,"bundle_layout":"","bundle_add_to_cart_form_location":"","bundle_editable_in_cart":false,"bundle_sold_individually_context":"","bundle_item_grouping":"","bundle_min_size":"","bundle_max_size":"","bundle_price":[],"bundled_items":[],"bundle_sell_ids":[],"exclude_global_add_ons":[],"addons":[],"acf":[],"_links":{"self":[{"href":"https:\/\/kraftwerk-shop.cc\/pl\/wp-json\/wp\/v2\/product\/68272160","targetHints":{"allow":["GET"]}}],"collection":[{"href":"https:\/\/kraftwerk-shop.cc\/pl\/wp-json\/wp\/v2\/product"}],"about":[{"href":"https:\/\/kraftwerk-shop.cc\/pl\/wp-json\/wp\/v2\/types\/product"}],"replies":[{"embeddable":true,"href":"https:\/\/kraftwerk-shop.cc\/pl\/wp-json\/wp\/v2\/comments?post=68272160"}],"version-history":[{"count":0,"href":"https:\/\/kraftwerk-shop.cc\/pl\/wp-json\/wp\/v2\/product\/68272160\/revisions"}],"wp:featuredmedia":[{"embeddable":true,"href":"https:\/\/kraftwerk-shop.cc\/pl\/wp-json\/wp\/v2\/media\/68272162"}],"wp:attachment":[{"href":"https:\/\/kraftwerk-shop.cc\/pl\/wp-json\/wp\/v2\/media?parent=68272160"}],"wp:term":[{"taxonomy":"product_brand","embeddable":true,"href":"https:\/\/kraftwerk-shop.cc\/pl\/wp-json\/wp\/v2\/product_brand?post=68272160"},{"taxonomy":"product_cat","embeddable":true,"href":"https:\/\/kraftwerk-shop.cc\/pl\/wp-json\/wp\/v2\/product_cat?post=68272160"},{"taxonomy":"product_tag","embeddable":true,"href":"https:\/\/kraftwerk-shop.cc\/pl\/wp-json\/wp\/v2\/product_tag?post=68272160"}],"curies":[{"name":"wp","href":"https:\/\/api.w.org\/{rel}","templated":true}]}}