{"id":68272359,"date":"2022-10-07T13:19:46","date_gmt":"2022-10-07T11:19:46","guid":{"rendered":"https:\/\/kraftwerk-shop.cc\/?post_type=product&#038;p=68272359"},"modified":"2026-02-15T00:43:55","modified_gmt":"2026-02-14T23:43:55","slug":"borla-touring-1014046bc-ford-mustang","status":"publish","type":"product","link":"https:\/\/kraftwerk-shop.cc\/pl\/produkt\/borla-touring-1014046bc-ford-mustang\/","title":{"rendered":"Uk\u0142ad wydechowy BORLA Touring dla Forda Mustanga GT 5.0"},"content":{"rendered":"<h1>Uk\u0142ad wydechowy BORLA Touring High Performance do Forda Mustanga GT 5.0 model 2018 - 2020<\/h1>\n<p>&nbsp;<\/p>\n<p>G\u0142\u0119boki, gard\u0142owy d\u017awi\u0119k jest niewiele g\u0142o\u015bniejszy od standardowego i podkre\u015bla charakter silnika bez irytuj\u0105cego dudnienia, kt\u00f3re wyst\u0119puje w wielu systemach dost\u0119pnych na rynku wt\u00f3rnym. Idealnie nadaje si\u0119 do codziennego u\u017cytku i nawet wra\u017cliwi pasa\u017cerowie doceni\u0105 ten d\u017awi\u0119k.<\/p>\n<p><strong>Opracowany specjalnie dla wymagaj\u0105cych kierowc\u00f3w d\u0142ugodystansowych, Touring jest najcichszym z trzech wariant\u00f3w d\u017awi\u0119kowych Borla.<\/strong><\/p>\n<p>Podczas opracowywania tego uk\u0142adu wydechowego priorytetem by\u0142a aerodynamika i aerodynamika, a nast\u0119pnie in\u017cynieria d\u017awi\u0119ku.<br \/>\nTo skomplikowane podej\u015bcie, kt\u00f3re jest rzadko praktykowane w bran\u017cy, oznacza, \u017ce moc i moment obrotowy nie s\u0105 po\u015bwi\u0119cane na rzecz d\u017awi\u0119ku, ale s\u0105 ze sob\u0105 zharmonizowane.<\/p>\n<p>To szczeg\u00f3lne osi\u0105gni\u0119cie Borli. Nie zawsze jest rozpoznawalny na pierwszy rzut oka - ale to du\u017ca r\u00f3\u017cnica mi\u0119dzy przeci\u0119tno\u015bci\u0105 a techniczn\u0105 doskona\u0142o\u015bci\u0105.<\/p>\n<p>W przypadku wielu innych uk\u0142ad\u00f3w wydechowych koszty rozwoju s\u0105 utrzymywane na niskim poziomie, a uwag\u0119 zwraca si\u0119 jedynie na d\u017awi\u0119k. W rezultacie uk\u0142ady te cz\u0119sto brzmi\u0105 dobrze, ale powoduj\u0105 utrat\u0119 mocy i dlatego nie zas\u0142uguj\u0105 na miano \"sportowego uk\u0142adu wydechowego\".<\/p>\n<p>Powiniene\u015b by\u0107 tego \u015bwiadomy. Dzi\u0119ki tej wiedzy mo\u017cesz podj\u0105\u0107 \u015bwiadom\u0105 decyzj\u0119 za lub przeciw konkretnemu sportowemu uk\u0142adowi wydechowemu.<\/p>\n<p>Sportowe uk\u0142ady wydechowe Borla s\u0105 produkowane z wysokostopowej stali nierdzewnej serii T304 zgodnie z ameryka\u0144skim standardem AISI.<\/p>\n<p>Ten uk\u0142ad wydechowy Borla jest uk\u0142adem z homologacj\u0105 typu WE \/ EKG, kt\u00f3ry jest zgodny z przepisami UE \/ EKG dotycz\u0105cymi pojazd\u00f3w silnikowych, uk\u0142ad\u00f3w i cz\u0119\u015bci pojazd\u00f3w.<\/p>\n<p>Uk\u0142ad wydechowy Borla 1014046BC Cat-Back pasuje do nast\u0119puj\u0105cych modeli:<\/p>\n<table width=\"449\">\n<tbody>\n<tr>\n<td width=\"115\"><strong>Marka<\/strong><\/td>\n<td width=\"145\"><strong>Model<\/strong><\/td>\n<td width=\"106\">Silnik<\/td>\n<td width=\"83\"><strong>Rok<\/strong><\/td>\n<\/tr>\n<tr>\n<td>Ford<\/td>\n<td>Mustang<\/td>\n<td>GT 5.0 (nie dla kabriolet\u00f3w)<\/td>\n<td>2018\u20132020<\/td>\n<\/tr>\n<\/tbody>\n<\/table>","protected":false},"excerpt":{"rendered":"<p>2018\u20132020<\/p>","protected":false},"featured_media":68272371,"comment_status":"open","ping_status":"closed","template":"","meta":{"_acf_changed":false},"product_brand":[17170],"product_cat":[3024,4033],"product_tag":[4275,252,419,420,4024,4023,4030,1035,1036,546,1037,1032,2443,1047,2210,662,1039,1042,2786,917,784,3962,4029,2934,532,529,20273,2211,1044,3872,1181,1045,1041,547,1034,1038,1057],"class_list":{"0":"post-68272359","1":"product","2":"type-product","3":"status-publish","4":"has-post-thumbnail","6":"product_brand-borla","7":"product_cat-nicht-nach-eu","8":"product_cat-mustang-50-gt-abgasanlage","9":"product_tag-1014046bc","10":"product_tag-252","11":"product_tag-419","12":"product_tag-420","13":"product_tag-3zoll","14":"product_tag-4023","15":"product_tag-5-0","16":"product_tag-abgasanlage","17":"product_tag-abgassystem","18":"product_tag-auspuff","19":"product_tag-auspuffsystem","20":"product_tag-borla","21":"product_tag-borla-exhaust","22":"product_tag-cat-back","23":"product_tag-catback","24":"product_tag-edelstahl","25":"product_tag-endschalldaempfer","26":"product_tag-endtopf","27":"product_tag-exhaust","28":"product_tag-ford","29":"product_tag-gt","30":"product_tag-gt-5-0","31":"product_tag-gt5-0","32":"product_tag-harder","33":"product_tag-kat","34":"product_tag-katalysator","35":"product_tag-keintuev","36":"product_tag-klang","37":"product_tag-mittelschalldaempfer","38":"product_tag-mustang","39":"product_tag-race","40":"product_tag-sound","41":"product_tag-sport","42":"product_tag-sportauspuff","43":"product_tag-sportauspuffanlage","44":"product_tag-sportendschalldaempfer","45":"product_tag-touring","46":"product_shipping_class-spedition-1","48":"first","49":"onbackorder","50":"taxable","51":"shipping-taxable","52":"purchasable","53":"product-type-simple"},"bundled_by":[],"bundle_stock_status":"onbackorder","bundle_stock_quantity":0,"bundle_virtual":false,"bundle_layout":"","bundle_add_to_cart_form_location":"","bundle_editable_in_cart":false,"bundle_sold_individually_context":"","bundle_item_grouping":"","bundle_min_size":"","bundle_max_size":"","bundle_price":[],"bundled_items":[],"bundle_sell_ids":[],"exclude_global_add_ons":[],"addons":[],"acf":[],"_links":{"self":[{"href":"https:\/\/kraftwerk-shop.cc\/pl\/wp-json\/wp\/v2\/product\/68272359","targetHints":{"allow":["GET"]}}],"collection":[{"href":"https:\/\/kraftwerk-shop.cc\/pl\/wp-json\/wp\/v2\/product"}],"about":[{"href":"https:\/\/kraftwerk-shop.cc\/pl\/wp-json\/wp\/v2\/types\/product"}],"replies":[{"embeddable":true,"href":"https:\/\/kraftwerk-shop.cc\/pl\/wp-json\/wp\/v2\/comments?post=68272359"}],"version-history":[{"count":0,"href":"https:\/\/kraftwerk-shop.cc\/pl\/wp-json\/wp\/v2\/product\/68272359\/revisions"}],"wp:featuredmedia":[{"embeddable":true,"href":"https:\/\/kraftwerk-shop.cc\/pl\/wp-json\/wp\/v2\/media\/68272371"}],"wp:attachment":[{"href":"https:\/\/kraftwerk-shop.cc\/pl\/wp-json\/wp\/v2\/media?parent=68272359"}],"wp:term":[{"taxonomy":"product_brand","embeddable":true,"href":"https:\/\/kraftwerk-shop.cc\/pl\/wp-json\/wp\/v2\/product_brand?post=68272359"},{"taxonomy":"product_cat","embeddable":true,"href":"https:\/\/kraftwerk-shop.cc\/pl\/wp-json\/wp\/v2\/product_cat?post=68272359"},{"taxonomy":"product_tag","embeddable":true,"href":"https:\/\/kraftwerk-shop.cc\/pl\/wp-json\/wp\/v2\/product_tag?post=68272359"}],"curies":[{"name":"wp","href":"https:\/\/api.w.org\/{rel}","templated":true}]}}