{"id":68272629,"date":"2022-10-23T00:47:15","date_gmt":"2022-10-22T22:47:15","guid":{"rendered":"https:\/\/kraftwerk-performance.de\/?post_type=product&#038;p=68272629"},"modified":"2026-02-15T01:01:06","modified_gmt":"2026-02-15T00:01:06","slug":"uklad-wydechowy-dodge-challenger-57","status":"publish","type":"product","link":"https:\/\/kraftwerk-shop.cc\/pl\/produkt\/awe-abgasanlage-dodge-challenger-57\/","title":{"rendered":"Uk\u0142ad wydechowy AWE dla Dodge Challenger 5.7"},"content":{"rendered":"<h1>Uk\u0142ad wydechowy AWE \/ sportowy uk\u0142ad wydechowy dla Dodge Challenger 5.7<\/h1>\n<p>&nbsp;<\/p>\n<ul>\n<li>Dost\u0119pny jako wyrafinowana wersja Touring Edition i nieokie\u0142znana wersja Track Edition dla Dodge Challenger 5.7<\/li>\n<li>Precyzyjnie wykonana tuba B we wszystkich wersjach zapewnia g\u0142\u0119bokie, bogate brzmienie.<\/li>\n<li>Zaprojektowany, skonstruowany i wyprodukowany przez AWE w USA<\/li>\n<li>Maksymalny wzrost momentu obrotowego o 13 NM i 8 KM na ko\u0142ach<\/li>\n<li>Wersja Touring Edition jest wyposa\u017cona w opatentowan\u0105 technologi\u0119 Drone-Cancelling 180 Technology\u00ae, kt\u00f3ra zosta\u0142a opracowana specjalnie dla silnika 5.7L HEMI V8<\/li>\n<li>R\u0119cznie wykonany z 3\u2033 gi\u0119tej CNC stali nierdzewnej T304L o grubo\u015bci 0,065\u2033 wyprodukowanej w USA.<\/li>\n<li>Mniej znaczy wi\u0119cej: czysta, prosta konstrukcja zapewniaj\u0105ca maksymaln\u0105 wydajno\u015b\u0107<\/li>\n<li>\u0141atwa instalacja<\/li>\n<li>Idealne dopasowanie<\/li>\n<li>Do wyboru s\u0105 podw\u00f3jne rury wydechowe o \u015brednicy 4\u2033 w kolorze srebrnego chromu lub diamentowej czerni<\/li>\n<\/ul>\n<p>&nbsp;<\/p>\n<h3><strong>\u00a0<\/strong><\/h3>\n<p><strong>Uk\u0142ad wydechowy Touring Edition<\/strong><\/p>\n<p>Touring Edition to pe\u0142nowymiarowy 3-calowy uk\u0142ad wydechowy ze stali nierdzewnej, kt\u00f3ry zapewnia optymaln\u0105 wydajno\u015b\u0107 bez dron\u00f3w w ca\u0142ym zakresie obrot\u00f3w. Dzi\u0119ki precyzyjnie zaprojektowanej rurze H i opatentowanemu przez AWE rozwi\u0105zaniu do redukcji dron\u00f3w, 180 Technology\u00ae, uk\u0142ad wydechowy Touring Edition zapewnia g\u0142\u0119boki, bogaty d\u017awi\u0119k silnika.<\/p>\n<p>Doskona\u0142y d\u017awi\u0119k dzi\u0119ki technologii AWE 180 Technology\u00ae<\/p>\n<p>Gdy gazy wydechowe wydostaj\u0105 si\u0119 z silnika HEMI i wp\u0142ywaj\u0105 do rezonatora wyposa\u017conego w technologi\u0119 AWE 180 Technology\u00ae, s\u0105 one kierowane przez strategicznie rozmieszczone otwory do kom\u00f3r refleksyjnych. Fale d\u017awi\u0119kowe przenoszone przez gazy wydechowe odbijaj\u0105 si\u0119 od \u015bcian kom\u00f3r refleksyjnych. Kontroluj\u0105c rozmiar i po\u0142o\u017cenie otwor\u00f3w i kom\u00f3r, kontrolujemy r\u00f3wnie\u017c, kiedy fale d\u017awi\u0119kowe opuszczaj\u0105 komory. Okre\u015blony czas, w kt\u00f3rym odbite fale d\u017awi\u0119kowe ponownie trafiaj\u0105 do g\u0142\u00f3wnego strumienia spalin, tworzy fal\u0119 d\u017awi\u0119kow\u0105, kt\u00f3ra jest o sto osiemdziesi\u0105t stopni poza faz\u0105, niweluj\u0105c problematyczne cz\u0119stotliwo\u015bci. Wi\u0119cej informacji na temat AWE 180 Technology\u00ae mo\u017cna znale\u017a\u0107 na powy\u017cszej stronie.<\/p>\n<p>&nbsp;<\/p>\n<p><strong>Uk\u0142ad wydechowy Track Edition<\/strong><\/p>\n<p>Dla tych, kt\u00f3rzy lubi\u0105 ostr\u0105 jazd\u0119, Track Edition jest w\u0142a\u015bnie tym. Track Edition ma t\u0119 sam\u0105 zintegrowan\u0105 rur\u0119 H i precyzyjn\u0105 technologi\u0119, co Touring Edition, ale bez opatentowanej przez AWE technologii 180 Technology\u00ae do t\u0142umienia dron\u00f3w.<\/p>\n<p>Rezonatory 180 Technology\u00ae z ty\u0142u zosta\u0142y zast\u0105pione prostymi sekcjami Track Edition. W rezultacie ta wersja jest znana z tego, \u017ce staje si\u0119 (naprawd\u0119) agresywna podczas przyspieszania i zwalniania w \u015brednim zakresie i dla wielu mo\u017ce by\u0107 zbyt g\u0142o\u015bna. Zosta\u0142e\u015b ostrze\u017cony.<\/p>\n<p>&nbsp;<\/p>\n<p><strong>Zestawy do konwersji<\/strong><\/p>\n<p>U\u0142atwili\u015bmy konwersj\u0119 mi\u0119dzy wersjami Track i Touring Edition na wypadek, gdyby\u015b zdecydowa\u0142 si\u0119 zmieni\u0107 g\u0142o\u015bno\u015b\u0107 w p\u00f3\u017aniejszym terminie.<br \/>\nW tym celu prosimy o bezpo\u015bredni kontakt.<\/p>\n<p>&nbsp;<\/p>\n<p><strong>Opcje rury wydechowej<\/strong><\/p>\n<p>Uk\u0142ady wydechowe Touring Edition i Track Edition dla Dodge Challenger 5.7 s\u0105 dost\u0119pne z dwu\u015bciennymi 4-calowymi podw\u00f3jnymi rurami wydechowymi w kolorze diamentowej czerni lub chromowanego srebra.<\/p>\n<p>&nbsp;<\/p>\n<p><strong>Co wchodzi w zakres dostawy?<\/strong><\/p>\n<p>Kompletny uk\u0142ad wydechowy Touring lub Track Edition oraz wszystkie cz\u0119\u015bci niezb\u0119dne do monta\u017cu.<\/p>\n<p>&nbsp;<\/p>\n<p>&nbsp;<\/p>\n<p><strong>Odpowiedni dla:<\/strong><\/p>\n<table width=\"776\">\n<tbody>\n<tr>\n<td width=\"178\"><strong>Rok<\/strong><\/td>\n<td width=\"226\"><strong>Marka<\/strong><\/td>\n<td width=\"120\">Mo<strong>d<\/strong>ell<\/td>\n<td width=\"172\"><strong>Wariant<\/strong><\/td>\n<td width=\"80\"><strong>Silnik<\/strong><\/td>\n<\/tr>\n<tr>\n<td width=\"178\">2017\u20132023<\/td>\n<td width=\"226\">Dodge<\/td>\n<td width=\"120\">Challenger<\/td>\n<td width=\"172\">5.7 Hemi<\/td>\n<td>V8 5.7 L<\/td>\n<\/tr>\n<\/tbody>\n<\/table>\n<p>&nbsp;<\/p>\n<p><iframe loading=\"lazy\" title=\"Wydech AWE Non Res Touring Edition dla Dodge 2017+ Challenger, 2017+ Charger 5 7L\" width=\"500\" height=\"281\" src=\"https:\/\/www.youtube.com\/embed\/sJy9Uefw7XE?feature=oembed\" frameborder=\"0\" allow=\"accelerometer; autoplay; clipboard-write; encrypted-media; gyroscope; picture-in-picture; web-share\" referrerpolicy=\"strict-origin-when-cross-origin\" allowfullscreen><\/iframe><\/p>\n<p><iframe loading=\"lazy\" title=\"Wydech AWE Track Edition dla Dodge 15+ Challenger, 17+ Charger 5 7L\" width=\"500\" height=\"281\" src=\"https:\/\/www.youtube.com\/embed\/5bx_4DLkFyw?feature=oembed\" frameborder=\"0\" allow=\"accelerometer; autoplay; clipboard-write; encrypted-media; gyroscope; picture-in-picture; web-share\" referrerpolicy=\"strict-origin-when-cross-origin\" allowfullscreen><\/iframe><\/p>","protected":false},"excerpt":{"rendered":"<p>2017\u20132023<\/p>","protected":false},"featured_media":68272646,"comment_status":"open","ping_status":"closed","template":"","meta":{"_acf_changed":false},"product_brand":[],"product_cat":[3024,6602],"product_tag":[251,252,419,420,2066,2373,4350,4351,4352,4353,4346,4348,4347,4349,91,1035,1036,546,2909,3971,1047,2210,54,1052,49,3853,2976,2342,204,126,20273,1040,2435,787,782,2899,547,1034,1038,1057,2439],"class_list":{"0":"post-68272629","1":"product","2":"type-product","3":"status-publish","4":"has-post-thumbnail","6":"product_cat-nicht-nach-eu","7":"product_cat-challenger-57-abgasanlage-catback","8":"product_tag-251","9":"product_tag-252","10":"product_tag-419","11":"product_tag-420","12":"product_tag-2066","13":"product_tag-2373","14":"product_tag-3015-42144","15":"product_tag-3015-43152","16":"product_tag-3020-42076","17":"product_tag-3020-43084","18":"product_tag-3815-11050","19":"product_tag-3815-41016","20":"product_tag-3820-11042","21":"product_tag-3820-41018","22":"product_tag-5-7","23":"product_tag-abgasanlage","24":"product_tag-abgassystem","25":"product_tag-auspuff","26":"product_tag-awe","27":"product_tag-awe-exhaust","28":"product_tag-cat-back","29":"product_tag-catback","30":"product_tag-challenger","31":"product_tag-delete","32":"product_tag-dodge","33":"product_tag-dodge-challenger","34":"product_tag-edition","35":"product_tag-entfernung","36":"product_tag-ersatz","37":"product_tag-hemi","38":"product_tag-keintuev","39":"product_tag-laut","40":"product_tag-rohr","41":"product_tag-rt","42":"product_tag-scat-pack","43":"product_tag-schalldaempfer","44":"product_tag-sportauspuff","45":"product_tag-sportauspuffanlage","46":"product_tag-sportendschalldaempfer","47":"product_tag-touring","48":"product_tag-track","49":"product_shipping_class-spedition-1","51":"first","52":"onbackorder","53":"taxable","54":"shipping-taxable","55":"purchasable","56":"product-type-variable"},"bundled_by":[],"bundle_stock_status":"onbackorder","bundle_stock_quantity":0,"bundle_virtual":false,"bundle_layout":"","bundle_add_to_cart_form_location":"","bundle_editable_in_cart":false,"bundle_sold_individually_context":"","bundle_item_grouping":"","bundle_min_size":"","bundle_max_size":"","bundle_price":[],"bundled_items":[],"bundle_sell_ids":[],"exclude_global_add_ons":[],"addons":[],"acf":[],"_links":{"self":[{"href":"https:\/\/kraftwerk-shop.cc\/pl\/wp-json\/wp\/v2\/product\/68272629","targetHints":{"allow":["GET"]}}],"collection":[{"href":"https:\/\/kraftwerk-shop.cc\/pl\/wp-json\/wp\/v2\/product"}],"about":[{"href":"https:\/\/kraftwerk-shop.cc\/pl\/wp-json\/wp\/v2\/types\/product"}],"replies":[{"embeddable":true,"href":"https:\/\/kraftwerk-shop.cc\/pl\/wp-json\/wp\/v2\/comments?post=68272629"}],"version-history":[{"count":0,"href":"https:\/\/kraftwerk-shop.cc\/pl\/wp-json\/wp\/v2\/product\/68272629\/revisions"}],"wp:featuredmedia":[{"embeddable":true,"href":"https:\/\/kraftwerk-shop.cc\/pl\/wp-json\/wp\/v2\/media\/68272646"}],"wp:attachment":[{"href":"https:\/\/kraftwerk-shop.cc\/pl\/wp-json\/wp\/v2\/media?parent=68272629"}],"wp:term":[{"taxonomy":"product_brand","embeddable":true,"href":"https:\/\/kraftwerk-shop.cc\/pl\/wp-json\/wp\/v2\/product_brand?post=68272629"},{"taxonomy":"product_cat","embeddable":true,"href":"https:\/\/kraftwerk-shop.cc\/pl\/wp-json\/wp\/v2\/product_cat?post=68272629"},{"taxonomy":"product_tag","embeddable":true,"href":"https:\/\/kraftwerk-shop.cc\/pl\/wp-json\/wp\/v2\/product_tag?post=68272629"}],"curies":[{"name":"wp","href":"https:\/\/api.w.org\/{rel}","templated":true}]}}