{"id":68274931,"date":"2022-12-04T14:26:49","date_gmt":"2022-12-04T13:26:49","guid":{"rendered":"https:\/\/kraftwerk-shop.cc\/?post_type=product&#038;p=68274931"},"modified":"2026-03-30T11:29:28","modified_gmt":"2026-03-30T09:29:28","slug":"filtr-powietrza-dodge-charger","status":"publish","type":"product","link":"https:\/\/kraftwerk-shop.cc\/pl\/produkt\/luftfilter-dodge-charger\/","title":{"rendered":"Filtr powietrza Dodge Charger"},"content":{"rendered":"<h2>Filtr powietrza do Dodge Charger<\/h2>\n<p>&nbsp;<\/p>\n<p><strong>Liczby por\u00f3wnawcze Mopar:<\/strong> 5019002AA, 5037615AA, 05019002AA, 05037615AA, 68172459AA, 4861746AB<\/p>\n<p>&nbsp;<\/p>\n<p>Markowe filtry powietrza do Dodge Charger wykonane ze specjalnie mieszanych materia\u0142\u00f3w filtracyjnych, aby zapewni\u0107 optymaln\u0105 zdolno\u015b\u0107 zatrzymywania zanieczyszcze\u0144, wydajno\u015b\u0107 filtra i maksymaln\u0105 ochron\u0119 silnika przed szkodliwymi zanieczyszczeniami unosz\u0105cymi si\u0119 w powietrzu.<br \/>\nDopasowanie, funkcjonalno\u015b\u0107 i wydajno\u015b\u0107 odpowiadaj\u0105 lub przewy\u017cszaj\u0105 oryginalne wyposa\u017cenie.<\/p>\n<p>Czyste powietrze ma kluczowe znaczenie dla osi\u0105g\u00f3w i \u017cywotno\u015bci silnika Dodge Charger. W\u0142a\u015bciwa filtracja powietrza jest wa\u017cna, poniewa\u017c niewielka ilo\u015b\u0107 zanieczyszcze\u0144 mo\u017ce spowodowa\u0107 ogromne szkody. Zadaniem filtra powietrza jest zapewnienie d\u0142ugiej \u017cywotno\u015bci uk\u0142adu poprzez utrzymywanie szkodliwych zanieczyszcze\u0144 z dala od wra\u017cliwych element\u00f3w silnika.<\/p>\n<p>&nbsp;<\/p>\n<p><strong>W\u0142a\u015bciwo\u015bci:<\/strong><\/p>\n<ul>\n<li>spe\u0142nia wszystkie specyfikacje oryginalnego wyposa\u017cenia w zakresie jako\u015bci i dopasowania<\/li>\n<li>Wielowarstwowa konstrukcja wychwytuj\u0105ca maksymaln\u0105 liczb\u0119 cz\u0105stek<\/li>\n<li>R\u00f3wnomiernie z\u0142o\u017cony papier zapobiega przywieraniu papieru filtracyjnego i wyd\u0142u\u017ca \u017cywotno\u015b\u0107 filtra.<\/li>\n<li>Elastyczna rama poliuretanowa umo\u017cliwia \u0142atw\u0105 instalacj\u0119<\/li>\n<li>Uszczelka poliuretanowa ma wysok\u0105 odporno\u015b\u0107 na rozdarcie i mo\u017ce wytrzyma\u0107 ekstremalne temperatury i zimno.<\/li>\n<li>Metalowe wzmocnienie z du\u017cym diamentowym wzorem zosta\u0142o opracowane w celu poprawy przep\u0142ywu powietrza<\/li>\n<li>Wysoki przep\u0142yw powietrza poprawia osi\u0105gi i zu\u017cycie paliwa<\/li>\n<li>Maksymalna wydajno\u015b\u0107 zmniejsza zu\u017cycie silnika<\/li>\n<li>Wysoka zdolno\u015b\u0107 poch\u0142aniania cz\u0105stek zapewnia d\u0142ug\u0105 \u017cywotno\u015b\u0107 w ekstremalnych warunkach, takich jak ciep\u0142o, zimno lub zanieczyszczenie chemiczne.<\/li>\n<li>Zapobiega przedwczesnemu zu\u017cyciu zawor\u00f3w, powierzchni bie\u017cnych cylindr\u00f3w, pier\u015bcieni t\u0142okowych, \u0142o\u017cysk i innych element\u00f3w silnika.<\/li>\n<li>\u0141atwa instalacja dzi\u0119ki precyzyjnemu dopasowaniu w jako\u015bci OEM<\/li>\n<\/ul>\n<p>&nbsp;<\/p>\n<p><strong>Zakres dostawy:<\/strong><\/p>\n<ul>\n<li>1 filtr powietrza do Dodge Charger<\/li>\n<\/ul>","protected":false},"excerpt":{"rendered":"<p>Luftfilter f\u00fcr Dodge Charger &nbsp; Mopar Vergleichsnummern: 5019002AA, 5037615AA, 05019002AA, 05037615AA, 68172459AA, 4861746AB &nbsp; Markenluftfilter f\u00fcr Dodge Charger aus speziell<\/p>","protected":false},"featured_media":68276392,"comment_status":"open","ping_status":"closed","template":"","meta":{"_acf_changed":false},"product_brand":[19068],"product_cat":[1598,1606,1614,5163,1622,1638],"product_tag":[58,59,4479,87,88,169,706,91,708,4478,92,93,707,53,49,3854,692,100,126,57,31,7221,96,673],"class_list":{"0":"post-68274931","1":"product","2":"type-product","3":"status-publish","4":"has-post-thumbnail","6":"product_brand-kraftwerk","7":"product_cat-charger-35-wartung","8":"product_cat-charger-36-wartung","9":"product_cat-charger-57-wartung","10":"product_cat-dodge-charger-57-2011-2023-wartung","11":"product_cat-charger-61-wartung","12":"product_cat-charger-64-wartung","13":"product_tag-04861746ab","14":"product_tag-05019002aa","15":"product_tag-05037615aa","16":"product_tag-2-7","17":"product_tag-3-5","18":"product_tag-3-6","19":"product_tag-4861746ab","20":"product_tag-5-7","21":"product_tag-5019002aa","22":"product_tag-5037615aa","23":"product_tag-6-1","24":"product_tag-6-4","25":"product_tag-68172459aa","26":"product_tag-charger","27":"product_tag-dodge","28":"product_tag-dodge-charger","29":"product_tag-ersatzteil","30":"product_tag-hellcat","31":"product_tag-hemi","32":"product_tag-luftfilter","33":"product_tag-mopar","34":"product_tag-mopar10","35":"product_tag-srt","36":"product_tag-zubehoer","37":"product_shipping_class-deutschlandohne","39":"first","40":"instock","41":"taxable","42":"shipping-taxable","43":"purchasable","44":"product-type-variable"},"bundled_by":[],"bundle_stock_status":"instock","bundle_stock_quantity":162,"bundle_virtual":false,"bundle_layout":"","bundle_add_to_cart_form_location":"","bundle_editable_in_cart":false,"bundle_sold_individually_context":"","bundle_item_grouping":"","bundle_min_size":"","bundle_max_size":"","bundle_price":[],"bundled_items":[],"bundle_sell_ids":[],"exclude_global_add_ons":[],"addons":[],"acf":[],"_links":{"self":[{"href":"https:\/\/kraftwerk-shop.cc\/pl\/wp-json\/wp\/v2\/product\/68274931","targetHints":{"allow":["GET"]}}],"collection":[{"href":"https:\/\/kraftwerk-shop.cc\/pl\/wp-json\/wp\/v2\/product"}],"about":[{"href":"https:\/\/kraftwerk-shop.cc\/pl\/wp-json\/wp\/v2\/types\/product"}],"replies":[{"embeddable":true,"href":"https:\/\/kraftwerk-shop.cc\/pl\/wp-json\/wp\/v2\/comments?post=68274931"}],"version-history":[{"count":0,"href":"https:\/\/kraftwerk-shop.cc\/pl\/wp-json\/wp\/v2\/product\/68274931\/revisions"}],"wp:featuredmedia":[{"embeddable":true,"href":"https:\/\/kraftwerk-shop.cc\/pl\/wp-json\/wp\/v2\/media\/68276392"}],"wp:attachment":[{"href":"https:\/\/kraftwerk-shop.cc\/pl\/wp-json\/wp\/v2\/media?parent=68274931"}],"wp:term":[{"taxonomy":"product_brand","embeddable":true,"href":"https:\/\/kraftwerk-shop.cc\/pl\/wp-json\/wp\/v2\/product_brand?post=68274931"},{"taxonomy":"product_cat","embeddable":true,"href":"https:\/\/kraftwerk-shop.cc\/pl\/wp-json\/wp\/v2\/product_cat?post=68274931"},{"taxonomy":"product_tag","embeddable":true,"href":"https:\/\/kraftwerk-shop.cc\/pl\/wp-json\/wp\/v2\/product_tag?post=68274931"}],"curies":[{"name":"wp","href":"https:\/\/api.w.org\/{rel}","templated":true}]}}