{"id":68275353,"date":"2022-12-10T15:12:46","date_gmt":"2022-12-10T14:12:46","guid":{"rendered":"https:\/\/kraftwerk-shop.cc\/?post_type=product&#038;p=68275353"},"modified":"2026-04-10T14:41:33","modified_gmt":"2026-04-10T12:41:33","slug":"mopar-filtr-powietrza-jeep-grand-cherokee","status":"publish","type":"product","link":"https:\/\/kraftwerk-shop.cc\/pl\/produkt\/mopar-luftfilter-jeep-grand-cherokee\/","title":{"rendered":"Filtr powietrza Mopar Jeep Grand Cherokee"},"content":{"rendered":"<h1>Oryginalny filtr powietrza Mopar dla Jeep Grand Cherokee<\/h1>\n<p>&nbsp;<\/p>\n<p><strong>Numery cz\u0119\u015bci Mopar:<\/strong> 04861688AB, 04861756AA, 05018777AC, 53010798AD, 4861688AB, 4861756AA, 5018777AC, 053010798AD<\/p>\n<p>&nbsp;<\/p>\n<p>Oryginalne filtry powietrza Mopar w Twoim poje\u017adzie maj\u0105 za zadanie chroni\u0107 silnik Twojego Jeepa Grand Cherokee. Bez nich brud i zanieczyszczenia utrudnia\u0142yby prawid\u0142owe dzia\u0142anie silnika, a jako\u015b\u0107 powietrza znacznie by na tym ucierpia\u0142a.<br \/>\nSilnik wykorzystuje powietrze do ch\u0142odzenia i generowania energii, wi\u0119c stale zu\u017cywa du\u017ce ilo\u015bci powietrza.<br \/>\nFiltr powietrza silnika wy\u0142apuje brud i kurz, zanim przedostan\u0105 si\u0119 one do silnika i spowoduj\u0105 jego uszkodzenie.<br \/>\nJe\u015bli filtr jest brudny lub zatkany, spada jego wydajno\u015b\u0107. W\u0119giel gromadzi si\u0119, do silnika dostaje si\u0119 mniej powietrza i dochodzi do przerw w zap\u0142onie.<br \/>\nMo\u017cna nawet zauwa\u017cy\u0107 spadek wydajno\u015bci paliwowej.<\/p>\n<p>Nie podejmuj ryzyka, decyduj\u0105c si\u0119 na filtr powietrza z rynku wt\u00f3rnego. Je\u015bli cz\u0105steczki brudu przedostan\u0105 si\u0119 przez nieprawid\u0142owo zamontowany filtr powietrza, mog\u0105 spowodowa\u0107 uszkodzenie bloku silnika lub cylindr\u00f3w.<br \/>\nOryginalne filtry powietrza Mopar\u00ae w naszym asortymencie online s\u0105 dopasowane do Twojego Jeepa Grand Cherokee, wi\u0119c mo\u017cesz polega\u0107 na ich przydatno\u015bci.<\/p>","protected":false},"excerpt":{"rendered":"<p><span lang=\"DE\" style=\"display: inline;\">Oryginalna cz\u0119\u015b\u0107 Mopar<\/span><\/p>","protected":false},"featured_media":68275374,"comment_status":"open","ping_status":"closed","template":"","meta":{"_acf_changed":false},"product_brand":[16270],"product_cat":[1735,1743,1751,1759,1767,1775],"product_tag":[4489,4490,4491,18168,89,572,2136,169,18288,18169,91,18244,4492,92,93,8777,603,8770,8786,915,676,90,8613,204,8515,692,8625,8790,648,8789,8784,8771,8768,56,8776,126,8772,8778,50,8767,4425,8703,8701,8741,8714,8719,8751,8734,8757,8753,8723,8755,8738,8736,8709,8731,8726,8750,8747,8745,8732,8752,8718,8707,8716,8735,8722,8724,8743,8727,8756,8730,8740,8711,8715,8710,8717,8713,8758,8765,8763,8759,8760,8761,8766,8762,8764,8712,8720,8748,8725,8746,8754,8749,8728,8737,8729,8742,8733,8744,8739,8721,8708,8706,8705,8704,8785,8788,441,8774,7901,8773,617,57,31,8700,7221,8787,1020,8652,8637,877,1091,914,34,8702,8780,8775,985,8769,700,4406,3402,2413,8783,8781,96,1056,164,7637,102,8782,37,8779,673],"class_list":{"0":"post-68275353","1":"product","2":"type-product","3":"status-publish","4":"has-post-thumbnail","6":"product_brand-mopar","7":"product_cat-grand-cherokee-30-diesel-wartung","8":"product_cat-grand-cherokee-36-wartung","9":"product_cat-grand-cherokee-57-2011-2021-wartung","10":"product_cat-grand-cherokee-61-wartung","11":"product_cat-trackhawk-wartung","12":"product_cat-grand-cherokee-64-wartung","13":"product_tag-04861688ab","14":"product_tag-04861756aa","15":"product_tag-05018777ac","16":"product_tag-053010798ad","17":"product_tag-3-0","18":"product_tag-3-0-crd","19":"product_tag-3-0-multijet","20":"product_tag-3-6","21":"product_tag-4861688ab","22":"product_tag-4861756aa","23":"product_tag-5-7","24":"product_tag-5018777ac","25":"product_tag-53010798ad","26":"product_tag-6-1","27":"product_tag-6-4","28":"product_tag-angebot","29":"product_tag-anleitung","30":"product_tag-auto","31":"product_tag-autoteile","32":"product_tag-bestellen","33":"product_tag-cherokee","34":"product_tag-crd","35":"product_tag-effizienz","36":"product_tag-ersatz","37":"product_tag-ersatzfilter","38":"product_tag-ersatzteil","39":"product_tag-fahrzeug","40":"product_tag-fahrzeugpflege","41":"product_tag-filter","42":"product_tag-filterservice","43":"product_tag-filterwechsel","44":"product_tag-filtration","45":"product_tag-grand","46":"product_tag-grand-cherokee","47":"product_tag-guenstig","48":"product_tag-hemi","49":"product_tag-hochleistung","50":"product_tag-installation-2","51":"product_tag-jeep","52":"product_tag-jeep-grand","53":"product_tag-jeep-grand-cherokee","54":"product_tag-jeep-grand-cherokee-ersatzteile","55":"product_tag-jeep-grand-cherokee-luftfilter","56":"product_tag-jeep-grand-cherokee-luftfilter-alternativen","57":"product_tag-jeep-grand-cherokee-luftfilter-angebot","58":"product_tag-jeep-grand-cherokee-luftfilter-anleitung","59":"product_tag-jeep-grand-cherokee-luftfilter-antworten","60":"product_tag-jeep-grand-cherokee-luftfilter-bewertungen","61":"product_tag-jeep-grand-cherokee-luftfilter-datenblatt","62":"product_tag-jeep-grand-cherokee-luftfilter-details","63":"product_tag-jeep-grand-cherokee-luftfilter-effizienz","64":"product_tag-jeep-grand-cherokee-luftfilter-eigenschaften","65":"product_tag-jeep-grand-cherokee-luftfilter-empfehlungen","66":"product_tag-jeep-grand-cherokee-luftfilter-erfahrungsberichte","67":"product_tag-jeep-grand-cherokee-luftfilter-ersatz","68":"product_tag-jeep-grand-cherokee-luftfilter-ersatzteilnummer","69":"product_tag-jeep-grand-cherokee-luftfilter-filterleistung","70":"product_tag-jeep-grand-cherokee-luftfilter-fragen","71":"product_tag-jeep-grand-cherokee-luftfilter-garantie","72":"product_tag-jeep-grand-cherokee-luftfilter-haendler","73":"product_tag-jeep-grand-cherokee-luftfilter-hersteller","74":"product_tag-jeep-grand-cherokee-luftfilter-informationen","75":"product_tag-jeep-grand-cherokee-luftfilter-installation","76":"product_tag-jeep-grand-cherokee-luftfilter-kaufen","77":"product_tag-jeep-grand-cherokee-luftfilter-kompatibel","78":"product_tag-jeep-grand-cherokee-luftfilter-kundenmeinungen","79":"product_tag-jeep-grand-cherokee-luftfilter-lebensdauer","80":"product_tag-jeep-grand-cherokee-luftfilter-leistung","81":"product_tag-jeep-grand-cherokee-luftfilter-lieferzeit","82":"product_tag-jeep-grand-cherokee-luftfilter-materialien","83":"product_tag-jeep-grand-cherokee-luftfilter-merkmale","84":"product_tag-jeep-grand-cherokee-luftfilter-nachhaltig","85":"product_tag-jeep-grand-cherokee-luftfilter-nachteile","86":"product_tag-jeep-grand-cherokee-luftfilter-oem","87":"product_tag-jeep-grand-cherokee-luftfilter-online-bestellen","88":"product_tag-jeep-grand-cherokee-luftfilter-original","89":"product_tag-jeep-grand-cherokee-luftfilter-passend","90":"product_tag-jeep-grand-cherokee-luftfilter-preis","91":"product_tag-jeep-grand-cherokee-luftfilter-produktbeschreibung","92":"product_tag-jeep-grand-cherokee-luftfilter-produktbewertungen","93":"product_tag-jeep-grand-cherokee-luftfilter-produktdaten","94":"product_tag-jeep-grand-cherokee-luftfilter-produktdetails","95":"product_tag-jeep-grand-cherokee-luftfilter-produktinformationen","96":"product_tag-jeep-grand-cherokee-luftfilter-produktmerkmale","97":"product_tag-jeep-grand-cherokee-luftfilter-produktrezensionen","98":"product_tag-jeep-grand-cherokee-luftfilter-produktspezifikationen","99":"product_tag-jeep-grand-cherokee-luftfilter-produktvergleich","100":"product_tag-jeep-grand-cherokee-luftfilter-qualitaet","101":"product_tag-jeep-grand-cherokee-luftfilter-reinigung","102":"product_tag-jeep-grand-cherokee-luftfilter-rueckgabe","103":"product_tag-jeep-grand-cherokee-luftfilter-schutz","104":"product_tag-jeep-grand-cherokee-luftfilter-service","105":"product_tag-jeep-grand-cherokee-luftfilter-spezifikationen","106":"product_tag-jeep-grand-cherokee-luftfilter-support","107":"product_tag-jeep-grand-cherokee-luftfilter-technologie","108":"product_tag-jeep-grand-cherokee-luftfilter-tests","109":"product_tag-jeep-grand-cherokee-luftfilter-umweltfreundlich","110":"product_tag-jeep-grand-cherokee-luftfilter-verfuegbarkeit","111":"product_tag-jeep-grand-cherokee-luftfilter-vergleich","112":"product_tag-jeep-grand-cherokee-luftfilter-versand","113":"product_tag-jeep-grand-cherokee-luftfilter-vorteile","114":"product_tag-jeep-grand-cherokee-luftfilter-wartungsintervall","115":"product_tag-jeep-grand-cherokee-luftfilter-wechseln","116":"product_tag-jeep-grand-cherokee-motorluftfilter","117":"product_tag-jeep-grand-cherokee-wartung","118":"product_tag-jeep-grand-cherokee-zubehoer","119":"product_tag-jeepteile","120":"product_tag-jeepzubehoer","121":"product_tag-kaufen","122":"product_tag-kompatibel","123":"product_tag-kraftstoffverbrauch","124":"product_tag-langlebig","125":"product_tag-leistung","126":"product_tag-luftfilter","127":"product_tag-mopar","128":"product_tag-mopar-luftfilter-jeep-grand-cherokee","129":"product_tag-mopar10","130":"product_tag-moparqualitaet","131":"product_tag-motor","132":"product_tag-motorfilter","133":"product_tag-motorleistung","134":"product_tag-multijet","135":"product_tag-oem","136":"product_tag-online","137":"product_tag-original","138":"product_tag-original-mopar-luftfilter","139":"product_tag-originalersatz","140":"product_tag-passend","141":"product_tag-pflege","142":"product_tag-qualitaet","143":"product_tag-reinigung","144":"product_tag-robust","145":"product_tag-schmutz","146":"product_tag-schutz","147":"product_tag-schutzfilter","148":"product_tag-sicherheit","149":"product_tag-srt","150":"product_tag-srt-8","151":"product_tag-srt8","152":"product_tag-staubschutz","153":"product_tag-trackhawk","154":"product_tag-verlaesslichkeit","155":"product_tag-wartung","156":"product_tag-wartungsintervall","157":"product_tag-zubehoer","159":"first","160":"instock","161":"taxable","162":"shipping-taxable","163":"purchasable","164":"product-type-variable"},"bundled_by":[],"bundle_stock_status":"instock","bundle_stock_quantity":77,"bundle_virtual":false,"bundle_layout":"","bundle_add_to_cart_form_location":"","bundle_editable_in_cart":false,"bundle_sold_individually_context":"","bundle_item_grouping":"","bundle_min_size":"","bundle_max_size":"","bundle_price":[],"bundled_items":[],"bundle_sell_ids":[],"exclude_global_add_ons":[],"addons":[],"acf":[],"_links":{"self":[{"href":"https:\/\/kraftwerk-shop.cc\/pl\/wp-json\/wp\/v2\/product\/68275353","targetHints":{"allow":["GET"]}}],"collection":[{"href":"https:\/\/kraftwerk-shop.cc\/pl\/wp-json\/wp\/v2\/product"}],"about":[{"href":"https:\/\/kraftwerk-shop.cc\/pl\/wp-json\/wp\/v2\/types\/product"}],"replies":[{"embeddable":true,"href":"https:\/\/kraftwerk-shop.cc\/pl\/wp-json\/wp\/v2\/comments?post=68275353"}],"version-history":[{"count":0,"href":"https:\/\/kraftwerk-shop.cc\/pl\/wp-json\/wp\/v2\/product\/68275353\/revisions"}],"wp:featuredmedia":[{"embeddable":true,"href":"https:\/\/kraftwerk-shop.cc\/pl\/wp-json\/wp\/v2\/media\/68275374"}],"wp:attachment":[{"href":"https:\/\/kraftwerk-shop.cc\/pl\/wp-json\/wp\/v2\/media?parent=68275353"}],"wp:term":[{"taxonomy":"product_brand","embeddable":true,"href":"https:\/\/kraftwerk-shop.cc\/pl\/wp-json\/wp\/v2\/product_brand?post=68275353"},{"taxonomy":"product_cat","embeddable":true,"href":"https:\/\/kraftwerk-shop.cc\/pl\/wp-json\/wp\/v2\/product_cat?post=68275353"},{"taxonomy":"product_tag","embeddable":true,"href":"https:\/\/kraftwerk-shop.cc\/pl\/wp-json\/wp\/v2\/product_tag?post=68275353"}],"curies":[{"name":"wp","href":"https:\/\/api.w.org\/{rel}","templated":true}]}}