{"id":68275377,"date":"2022-12-10T15:58:01","date_gmt":"2022-12-10T14:58:01","guid":{"rendered":"https:\/\/kraftwerk-shop.cc\/?post_type=product&#038;p=68275377"},"modified":"2026-03-30T11:52:27","modified_gmt":"2026-03-30T09:52:27","slug":"filtr-powietrza-mopar-dodge-durango","status":"publish","type":"product","link":"https:\/\/kraftwerk-shop.cc\/pl\/produkt\/mopar-luftfilter-dodge-durango\/","title":{"rendered":"Filtr powietrza Mopar Dodge Durango"},"content":{"rendered":"<h1>Oryginalny filtr powietrza Mopar do Dodge Durango<\/h1>\n<p>&nbsp;<\/p>\n<p><strong>Numery cz\u0119\u015bci Mopar:<\/strong> 04861756AA, 53010798AD, 4861756AA, 053010798AD<\/p>\n<p>&nbsp;<\/p>\n<p>Oryginalne filtry powietrza Mopar w Twoim poje\u017adzie maj\u0105 za zadanie chroni\u0107 silnik Twojego Dodge Durango. Bez nich brud i zanieczyszczenia utrudnia\u0142yby prawid\u0142owe dzia\u0142anie silnika, a jako\u015b\u0107 powietrza znacznie by na tym ucierpia\u0142a.<br \/>\nSilnik wykorzystuje powietrze do ch\u0142odzenia i generowania energii, wi\u0119c stale zu\u017cywa du\u017ce ilo\u015bci powietrza.<br \/>\nFiltr powietrza silnika wy\u0142apuje brud i kurz, zanim przedostan\u0105 si\u0119 one do silnika i spowoduj\u0105 jego uszkodzenie.<br \/>\nJe\u015bli filtr jest brudny lub zatkany, spada jego wydajno\u015b\u0107. W\u0119giel gromadzi si\u0119, do silnika dostaje si\u0119 mniej powietrza i dochodzi do przerw w zap\u0142onie.<br \/>\nMo\u017cna nawet zauwa\u017cy\u0107 spadek wydajno\u015bci paliwowej.<\/p>\n<p>Nie podejmuj ryzyka, decyduj\u0105c si\u0119 na filtr powietrza z rynku wt\u00f3rnego. Je\u015bli cz\u0105steczki brudu przedostan\u0105 si\u0119 przez nieprawid\u0142owo zamontowany filtr powietrza, mog\u0105 spowodowa\u0107 uszkodzenie bloku silnika lub cylindr\u00f3w.<br \/>\nOryginalne filtry powietrza Mopar\u00ae w naszym asortymencie online s\u0105 dopasowane do Twojego Dodge Durango, wi\u0119c mo\u017cesz polega\u0107 na ich przydatno\u015bci.<\/p>","protected":false},"excerpt":{"rendered":"<p><span lang=\"DE\" style=\"display: inline;\">Oryginalna cz\u0119\u015b\u0107 Mopar<\/span><\/p>","protected":false},"featured_media":68275374,"comment_status":"open","ping_status":"closed","template":"","meta":{"_acf_changed":false},"product_brand":[16270],"product_cat":[1647,1655,2710,1663],"product_tag":[4490,18168,169,18169,91,4492,101,93,49,4432,95,692,100,126,57,31,7221,34,96],"class_list":{"0":"post-68275377","1":"product","2":"type-product","3":"status-publish","4":"has-post-thumbnail","6":"product_brand-mopar","7":"product_cat-durango-36-wartung","8":"product_cat-durango-57-wartung","9":"product_cat-durango-hellcat-wartung","10":"product_cat-durango-64-wartung","11":"product_tag-04861756aa","12":"product_tag-053010798ad","13":"product_tag-3-6","14":"product_tag-4861756aa","15":"product_tag-5-7","16":"product_tag-53010798ad","17":"product_tag-6-2","18":"product_tag-6-4","19":"product_tag-dodge","20":"product_tag-dodge-durango","21":"product_tag-durango","22":"product_tag-ersatzteil","23":"product_tag-hellcat","24":"product_tag-hemi","25":"product_tag-luftfilter","26":"product_tag-mopar","27":"product_tag-mopar10","28":"product_tag-original","29":"product_tag-srt","31":"first","32":"instock","33":"taxable","34":"shipping-taxable","35":"purchasable","36":"product-type-variable"},"bundled_by":[],"bundle_stock_status":"instock","bundle_stock_quantity":48,"bundle_virtual":false,"bundle_layout":"","bundle_add_to_cart_form_location":"","bundle_editable_in_cart":false,"bundle_sold_individually_context":"","bundle_item_grouping":"","bundle_min_size":"","bundle_max_size":"","bundle_price":[],"bundled_items":[],"bundle_sell_ids":[],"exclude_global_add_ons":[],"addons":[],"acf":[],"_links":{"self":[{"href":"https:\/\/kraftwerk-shop.cc\/pl\/wp-json\/wp\/v2\/product\/68275377","targetHints":{"allow":["GET"]}}],"collection":[{"href":"https:\/\/kraftwerk-shop.cc\/pl\/wp-json\/wp\/v2\/product"}],"about":[{"href":"https:\/\/kraftwerk-shop.cc\/pl\/wp-json\/wp\/v2\/types\/product"}],"replies":[{"embeddable":true,"href":"https:\/\/kraftwerk-shop.cc\/pl\/wp-json\/wp\/v2\/comments?post=68275377"}],"version-history":[{"count":0,"href":"https:\/\/kraftwerk-shop.cc\/pl\/wp-json\/wp\/v2\/product\/68275377\/revisions"}],"wp:featuredmedia":[{"embeddable":true,"href":"https:\/\/kraftwerk-shop.cc\/pl\/wp-json\/wp\/v2\/media\/68275374"}],"wp:attachment":[{"href":"https:\/\/kraftwerk-shop.cc\/pl\/wp-json\/wp\/v2\/media?parent=68275377"}],"wp:term":[{"taxonomy":"product_brand","embeddable":true,"href":"https:\/\/kraftwerk-shop.cc\/pl\/wp-json\/wp\/v2\/product_brand?post=68275377"},{"taxonomy":"product_cat","embeddable":true,"href":"https:\/\/kraftwerk-shop.cc\/pl\/wp-json\/wp\/v2\/product_cat?post=68275377"},{"taxonomy":"product_tag","embeddable":true,"href":"https:\/\/kraftwerk-shop.cc\/pl\/wp-json\/wp\/v2\/product_tag?post=68275377"}],"curies":[{"name":"wp","href":"https:\/\/api.w.org\/{rel}","templated":true}]}}