{"id":68278864,"date":"2022-12-30T14:12:05","date_gmt":"2022-12-30T13:12:05","guid":{"rendered":"https:\/\/kraftwerk-shop.cc\/?post_type=product&#038;p=68278864"},"modified":"2026-03-16T17:45:46","modified_gmt":"2026-03-16T16:45:46","slug":"mishimoto-aluminiowa-chlodnica-srt-scat-pack-hellcat","status":"publish","type":"product","link":"https:\/\/kraftwerk-shop.cc\/pl\/produkt\/mishimoto-aluminiumkuehler-srt-scat-pack-hellcat\/","title":{"rendered":"Aluminiowa ch\u0142odnica Mishimoto 6.1 \/ 6.4 SRT \/ Scat Pack i 6.2 Hellcat"},"content":{"rendered":"<h1>Aluminiowa ch\u0142odnica Mishimoto do Chrysler 300C, Dodge Challenger, Charger i Magnum 6.1 \/ 6.4 SRT \/ Scat Pack i 6.2 Hellcat<\/h1>\n<p>&nbsp;<\/p>\n<p>Aluminiowa ch\u0142odnica Mishimoto do podwozia Dodge\/Chrysler LX zosta\u0142a zaprojektowana tak, aby przewy\u017csza\u0107 fabryczn\u0105 ch\u0142odnic\u0119 i wytrzyma\u0107 ca\u0142e \u017cycie samochodu przy pe\u0142nym gazie i codziennej je\u017adzie.<br \/>\nPrzekszta\u0142\u0107 swoj\u0105 \u0142adowark\u0119, Challengera, Magnum lub 300C z delikatnych plastikowych zbiornik\u00f3w ko\u0144cowych ch\u0142odnicy w solidn\u0105, w pe\u0142ni spawan\u0105 aluminiow\u0105 konstrukcj\u0119.<br \/>\nNigdy wi\u0119cej nie martw si\u0119 p\u0119kni\u0119tym plastikiem lub nieszczelnymi w\u0119\u017cami, kt\u00f3re pozostawiaj\u0105 ci\u0119 na poboczu drogi lub przedwcze\u015bnie ko\u0144cz\u0105 dzie\u0144 na torze.<br \/>\nCh\u0142odnica Mishimoto LX jest wykonana w ca\u0142o\u015bci z aluminium i ma powierzchni\u0119 zwi\u0119kszon\u0105 o 55 % oraz pojemno\u015b\u0107 p\u0142ynu ch\u0142odz\u0105cego zwi\u0119kszon\u0105 o 129% litr\u00f3w.<br \/>\nZosta\u0142 zaprojektowany tak, aby wytrzyma\u0107 nawet najtrudniejsze warunki.<br \/>\nObrabiane CNC wloty i wyloty zapewniaj\u0105 bezpieczne mocowanie w\u0119\u017cy bez wyciek\u00f3w.<br \/>\nJak ka\u017cda ch\u0142odnica Mishimoto, ta ch\u0142odnica jest bezpo\u015brednim rozwi\u0105zaniem, wi\u0119c instalacja jest tak prosta, jak usuni\u0119cie cz\u0119\u015bci fabrycznej i zainstalowanie nowej aluminiowej ch\u0142odnicy Mishimoto.<\/p>\n<p>&nbsp;<\/p>\n<p><strong>W\u0142a\u015bciwo\u015bci:<\/strong><\/p>\n<ul>\n<li>Bezpo\u015brednie dopasowanie do Chrysler 300C, Dodge Challenger, Charger i Magnum 6.1 \/ 6.4 SRT \/ Scat Pack i 6.2 Hellcat<\/li>\n<li>Ca\u0142kowicie aluminiowa konstrukcja z trwa\u0142ymi, spawanymi metod\u0105 TIG pojemnikami na ch\u0142odziwo<\/li>\n<li>Dwurz\u0119dowy, lutowany rdze\u0144 aluminiowy o grubo\u015bci 2\u2033 zapewnia idealn\u0105 temperatur\u0119 p\u0142ynu ch\u0142odz\u0105cego zar\u00f3wno na drodze, jak i na torze wy\u015bcigowym.<\/li>\n<li>1,8 litra dodatkowej pojemno\u015bci cieczy<\/li>\n<li>Zwi\u0119ksza grubo\u015b\u0107 rdzenia o 50 % dla wy\u017cszej wydajno\u015bci ch\u0142odzenia<\/li>\n<li>Zawiera magnetyczny korek spustowy do zbierania metalowych zanieczyszcze\u0144\/fragment\u00f3w w uk\u0142adzie ch\u0142odzenia.<\/li>\n<\/ul>\n<p>&nbsp;<\/p>\n<p><strong>Odpowiedni dla:<\/strong><\/p>\n<table width=\"558\">\n<tbody>\n<tr>\n<td width=\"83\"><strong>Marka<\/strong><\/td>\n<td width=\"96\"><strong>Model<\/strong><\/td>\n<td width=\"73\"><strong>Silnik<\/strong><\/td>\n<td width=\"306\"><strong>Rok<\/strong><\/td>\n<\/tr>\n<tr>\n<td>Chrysler<\/td>\n<td>300C<\/td>\n<td>6.1<\/td>\n<td>2005\u20132010<\/td>\n<\/tr>\n<tr>\n<td width=\"83\">Chrysler<\/td>\n<td width=\"96\">300C<\/td>\n<td>6.4<\/td>\n<td width=\"306\">2011\u20132023<\/td>\n<\/tr>\n<tr>\n<td>Dodge<\/td>\n<td>Charger<\/td>\n<td>6.1<\/td>\n<td>2005\u20132010<\/td>\n<\/tr>\n<tr>\n<td width=\"83\">Dodge<\/td>\n<td width=\"96\">Charger<\/td>\n<td>6.2 Hellcat<\/td>\n<td>2015\u20132023<\/td>\n<\/tr>\n<tr>\n<td width=\"83\">Dodge<\/td>\n<td width=\"96\">Charger<\/td>\n<td>6.4<\/td>\n<td>2011\u20132023<\/td>\n<\/tr>\n<tr>\n<td width=\"83\">Dodge<\/td>\n<td width=\"96\">Challenger<\/td>\n<td>6.1<\/td>\n<td>2008\u20132010<\/td>\n<\/tr>\n<tr>\n<td width=\"83\">Dodge<\/td>\n<td width=\"96\">Challenger<\/td>\n<td>6.2 Hellcat<\/td>\n<td>2015\u20132023<\/td>\n<\/tr>\n<tr>\n<td width=\"83\">Dodge<\/td>\n<td width=\"96\">Challenger<\/td>\n<td>6.4<\/td>\n<td>2011\u20132023<\/td>\n<\/tr>\n<tr>\n<td>Dodge<\/td>\n<td>Magnum<\/td>\n<td>6.1<\/td>\n<td>2006\u20132008<\/td>\n<\/tr>\n<\/tbody>\n<\/table>\n<p>&nbsp;<\/p>\n<p><iframe loading=\"lazy\" title=\"Aluminiowa ch\u0142odnica Mishimoto 6.1 \/ 6.4 SRT \/ Scat Pack i 6.2 Hellcat\" width=\"500\" height=\"281\" src=\"https:\/\/www.youtube.com\/embed\/zaBPuwrA5xw?feature=oembed\" frameborder=\"0\" allow=\"accelerometer; autoplay; clipboard-write; encrypted-media; gyroscope; picture-in-picture; web-share\" referrerpolicy=\"strict-origin-when-cross-origin\" allowfullscreen><\/iframe><\/p>","protected":false},"excerpt":{"rendered":"<p>Aluminiowa ch\u0142odnica Mishimoto do Chrysler 300C, Dodge Challenger, Charger i Magnum 6.1 \/ 6.4 SRT \/ Scat Pack i 6.2 Hellcat<\/p>","protected":false},"featured_media":68278869,"comment_status":"open","ping_status":"closed","template":"","meta":{"_acf_changed":false},"product_brand":[18924],"product_cat":[2545,2546,2548,2550,2547,2536,2535,2534,2543],"product_tag":[52,92,101,93,4533,54,2398,53,3851,48,536,49,3853,3854,4535,4438,204,100,405,269,55,274,4532,4534,782,96,216],"class_list":{"0":"post-68278864","1":"product","2":"type-product","3":"status-publish","4":"has-post-thumbnail","6":"product_brand-mishimoto","7":"product_cat-300c-61-kuehlung","8":"product_cat-300c-64-kuehlung","9":"product_cat-challenger-61-kuehlung","10":"product_cat-challenger-hellcat-kuehlung","11":"product_cat-challenger-64-kuehlung","12":"product_cat-charger-61-kuehlung","13":"product_cat-charger-hellcat-kuehlung","14":"product_cat-charger-64-kuehlung","15":"product_cat-magnum-61-kuehlung","16":"product_tag-300c","17":"product_tag-6-1","18":"product_tag-6-2","19":"product_tag-6-4","20":"product_tag-aluminiumkuehler","21":"product_tag-challenger","22":"product_tag-challenger-hellcat","23":"product_tag-charger","24":"product_tag-charger-hellcat","25":"product_tag-chrysler","26":"product_tag-chrysler-300c","27":"product_tag-dodge","28":"product_tag-dodge-challenger","29":"product_tag-dodge-charger","30":"product_tag-dodge-hellcat","31":"product_tag-dodge-magnum","32":"product_tag-ersatz","33":"product_tag-hellcat","34":"product_tag-kuehler","35":"product_tag-kuehlwasser","36":"product_tag-magnum","37":"product_tag-mishimoto","38":"product_tag-mmrad-srt-15","39":"product_tag-motorkuehler","40":"product_tag-scat-pack","41":"product_tag-srt","42":"product_tag-upgrade","43":"product_shipping_class-paket-l","45":"first","46":"instock","47":"taxable","48":"shipping-taxable","49":"purchasable","50":"product-type-simple"},"bundled_by":[],"bundle_stock_status":"instock","bundle_stock_quantity":1,"bundle_virtual":false,"bundle_layout":"","bundle_add_to_cart_form_location":"","bundle_editable_in_cart":false,"bundle_sold_individually_context":"","bundle_item_grouping":"","bundle_min_size":"","bundle_max_size":"","bundle_price":[],"bundled_items":[],"bundle_sell_ids":[],"exclude_global_add_ons":[],"addons":[],"acf":[],"_links":{"self":[{"href":"https:\/\/kraftwerk-shop.cc\/pl\/wp-json\/wp\/v2\/product\/68278864","targetHints":{"allow":["GET"]}}],"collection":[{"href":"https:\/\/kraftwerk-shop.cc\/pl\/wp-json\/wp\/v2\/product"}],"about":[{"href":"https:\/\/kraftwerk-shop.cc\/pl\/wp-json\/wp\/v2\/types\/product"}],"replies":[{"embeddable":true,"href":"https:\/\/kraftwerk-shop.cc\/pl\/wp-json\/wp\/v2\/comments?post=68278864"}],"version-history":[{"count":0,"href":"https:\/\/kraftwerk-shop.cc\/pl\/wp-json\/wp\/v2\/product\/68278864\/revisions"}],"wp:featuredmedia":[{"embeddable":true,"href":"https:\/\/kraftwerk-shop.cc\/pl\/wp-json\/wp\/v2\/media\/68278869"}],"wp:attachment":[{"href":"https:\/\/kraftwerk-shop.cc\/pl\/wp-json\/wp\/v2\/media?parent=68278864"}],"wp:term":[{"taxonomy":"product_brand","embeddable":true,"href":"https:\/\/kraftwerk-shop.cc\/pl\/wp-json\/wp\/v2\/product_brand?post=68278864"},{"taxonomy":"product_cat","embeddable":true,"href":"https:\/\/kraftwerk-shop.cc\/pl\/wp-json\/wp\/v2\/product_cat?post=68278864"},{"taxonomy":"product_tag","embeddable":true,"href":"https:\/\/kraftwerk-shop.cc\/pl\/wp-json\/wp\/v2\/product_tag?post=68278864"}],"curies":[{"name":"wp","href":"https:\/\/api.w.org\/{rel}","templated":true}]}}