{"id":68284156,"date":"2023-01-27T16:27:28","date_gmt":"2023-01-27T15:27:28","guid":{"rendered":"https:\/\/kraftwerk-shop.cc\/?post_type=product&#038;p=68284156"},"modified":"2026-02-20T12:29:39","modified_gmt":"2026-02-20T11:29:39","slug":"pasek-klinowy-continental-4593684aa","status":"publish","type":"product","link":"https:\/\/kraftwerk-shop.cc\/pl\/produkt\/continental-keilriemen-4593684aa\/","title":{"rendered":"Paski klinowe Continental 3,5 i 5,7"},"content":{"rendered":"<h1>Paski klinowe Continental CONTI\u00aeV do 300C, Challenger, Charger, Magnum i Grand Cherokee oraz Commander 3.5 i 5.7<\/h1>\n<p><strong>Liczby por\u00f3wnawcze Mopar:<\/strong>\u00a0<span class=\"list-value sku-display\">4593684AA, <span class=\"list-value\">4861322AC, 4892840AA, 68060352AA<\/span><\/span><\/p>\n<p>&nbsp;<\/p>\n<p><strong><br \/>\nOdpowiedni dla:<\/strong><\/p>\n<table width=\"1055\">\n<tbody>\n<tr>\n<td width=\"83\"><strong>Rok<\/strong><\/td>\n<td width=\"83\">Marka<\/td>\n<td width=\"192\"><strong>Model<\/strong><\/td>\n<td width=\"470\"><strong>Wersja<\/strong><\/td>\n<td width=\"227\"><strong>Silnik<\/strong><\/td>\n<\/tr>\n<tr>\n<td width=\"83\">2011<\/td>\n<td width=\"83\">Chrysler<\/td>\n<td width=\"192\">300<\/td>\n<td width=\"470\">C<\/td>\n<td width=\"227\">5.7L<\/td>\n<\/tr>\n<tr>\n<td width=\"83\">2011<\/td>\n<td width=\"83\">Dodge<\/td>\n<td width=\"192\">Challenger<\/td>\n<td width=\"470\">R\/T<\/td>\n<td width=\"227\">5.7L<\/td>\n<\/tr>\n<tr>\n<td width=\"83\">2011<\/td>\n<td width=\"83\">Dodge<\/td>\n<td width=\"192\">Charger<\/td>\n<td width=\"470\">Pursuit, R\/T, SE<\/td>\n<td width=\"227\">5.7L<\/td>\n<\/tr>\n<tr>\n<td width=\"83\">2011<\/td>\n<td width=\"83\">Jeep<\/td>\n<td width=\"192\">Wrangler<\/td>\n<td width=\"470\">70th Anniversary, Rubicon, Sahara, Sport, Unlimited 70th Anniversary, Unlimited Rubicon, Unlimited Sahara, Unlimited Sport<\/td>\n<td width=\"227\">3.8L<\/td>\n<\/tr>\n<tr>\n<td width=\"83\">2010<\/td>\n<td width=\"83\">Chrysler<\/td>\n<td width=\"192\">300<\/td>\n<td width=\"470\">C, Limited, S, Touring<\/td>\n<td width=\"227\">3.5L, 5.7L<\/td>\n<\/tr>\n<tr>\n<td width=\"83\">2010<\/td>\n<td width=\"83\">Dodge<\/td>\n<td width=\"192\">Challenger<\/td>\n<td width=\"470\">R\/T, SE<\/td>\n<td width=\"227\">3.5L, 5.7L<\/td>\n<\/tr>\n<tr>\n<td width=\"83\">2010<\/td>\n<td width=\"83\">Dodge<\/td>\n<td width=\"192\">Charger<\/td>\n<td width=\"470\">Pursuit, R\/T, SE, SXT<\/td>\n<td width=\"227\">3.5L, 5.7L<\/td>\n<\/tr>\n<tr>\n<td width=\"83\">2010<\/td>\n<td width=\"83\">Jeep<\/td>\n<td width=\"192\">Grand Cherokee<\/td>\n<td width=\"470\">Laredo, Limited<\/td>\n<td width=\"227\">5.7L<\/td>\n<\/tr>\n<tr>\n<td width=\"83\">2010<\/td>\n<td width=\"83\">Jeep<\/td>\n<td width=\"192\">Wrangler<\/td>\n<td width=\"470\">Rubicon, Sahara, Sport, Unlimited Rubicon, Unlimited Sahara, Unlimited Sport<\/td>\n<td width=\"227\">3.8L<\/td>\n<\/tr>\n<tr>\n<td width=\"83\">2009<\/td>\n<td width=\"83\">Chrysler<\/td>\n<td width=\"192\">300<\/td>\n<td width=\"470\">C, Limited, Signature Series, Touring<\/td>\n<td width=\"227\">3.5L, 5.7L<\/td>\n<\/tr>\n<tr>\n<td width=\"83\">2009<\/td>\n<td width=\"83\">Dodge<\/td>\n<td width=\"192\">Challenger<\/td>\n<td width=\"470\">R\/T, SE<\/td>\n<td width=\"227\">3.5L, 5.7L<\/td>\n<\/tr>\n<tr>\n<td width=\"83\">2009<\/td>\n<td width=\"83\">Dodge<\/td>\n<td width=\"192\">Charger<\/td>\n<td width=\"470\">Pursuit, R\/T, SE, SXT<\/td>\n<td width=\"227\">3.5L, 5.7L<\/td>\n<\/tr>\n<tr>\n<td width=\"83\">2009<\/td>\n<td width=\"83\">Jeep<\/td>\n<td width=\"192\">Commander<\/td>\n<td width=\"470\">Limited, Overland<\/td>\n<td width=\"227\">5.7L<\/td>\n<\/tr>\n<tr>\n<td width=\"83\">2009<\/td>\n<td width=\"83\">Jeep<\/td>\n<td width=\"192\">Grand Cherokee<\/td>\n<td width=\"470\">Limited, Overland<\/td>\n<td width=\"227\">5.7L<\/td>\n<\/tr>\n<tr>\n<td width=\"83\">2009<\/td>\n<td width=\"83\">Jeep<\/td>\n<td width=\"192\">Wrangler<\/td>\n<td width=\"470\">Rubicon, Sahara, Unlimited Rubicon, Unlimited Sahara, Unlimited X, X<\/td>\n<td width=\"227\">3.8L<\/td>\n<\/tr>\n<tr>\n<td width=\"83\">2008<\/td>\n<td width=\"83\">Chrysler<\/td>\n<td width=\"192\">300<\/td>\n<td width=\"470\">C, C SRT8, LX, Limited, Touring<\/td>\n<td width=\"227\">2.7L, 3.5L, 5.7L<\/td>\n<\/tr>\n<tr>\n<td width=\"83\">2008<\/td>\n<td width=\"83\">Dodge<\/td>\n<td width=\"192\">Charger<\/td>\n<td width=\"470\">Pursuit, R\/T, SE, SRT8, SXT<\/td>\n<td width=\"227\">2.7L, 3.5L, 5.7L<\/td>\n<\/tr>\n<tr>\n<td width=\"83\">2008<\/td>\n<td width=\"83\">Dodge<\/td>\n<td width=\"192\">Magnum<\/td>\n<td width=\"470\">R\/T, SE, SRT8, SXT<\/td>\n<td width=\"227\">2.7L, 3.5L, 5.7L<\/td>\n<\/tr>\n<tr>\n<td width=\"83\">2008<\/td>\n<td width=\"83\">Jeep<\/td>\n<td width=\"192\">Wrangler<\/td>\n<td width=\"470\">Rubicon, Sahara, X<\/td>\n<td width=\"227\">3.8L<\/td>\n<\/tr>\n<tr>\n<td width=\"83\">2007<\/td>\n<td width=\"83\">Chrysler<\/td>\n<td width=\"192\">300<\/td>\n<td width=\"470\">Base, C, Limited, Touring<\/td>\n<td width=\"227\">2.7L, 3.5L, 5.7L<\/td>\n<\/tr>\n<tr>\n<td width=\"83\">2007<\/td>\n<td width=\"83\">Chrysler<\/td>\n<td width=\"192\">Town &amp; Country<\/td>\n<td width=\"470\">Base, LX, Limited, Touring<\/td>\n<td width=\"227\">3.3L, 3.8L<\/td>\n<\/tr>\n<tr>\n<td width=\"83\">2007<\/td>\n<td width=\"83\">Dodge<\/td>\n<td width=\"192\">Caravan<\/td>\n<td width=\"470\">C\/V, SE, SXT<\/td>\n<td width=\"227\">3.3L V6 - Flex, 3.3L<\/td>\n<\/tr>\n<tr>\n<td width=\"83\">2007<\/td>\n<td width=\"83\">Dodge<\/td>\n<td width=\"192\">Charger<\/td>\n<td width=\"470\">Pursuit, R\/T, SE, SXT<\/td>\n<td width=\"227\">2.7L, 3.5L, 5.7L<\/td>\n<\/tr>\n<tr>\n<td width=\"83\">2007<\/td>\n<td width=\"83\">Dodge<\/td>\n<td width=\"192\">Grand Caravan<\/td>\n<td width=\"470\">Base, SE, SXT<\/td>\n<td width=\"227\">3.3L V6 - Flex, 3.3L, 3.8L<\/td>\n<\/tr>\n<tr>\n<td width=\"83\">2007<\/td>\n<td width=\"83\">Dodge<\/td>\n<td width=\"192\">Magnum<\/td>\n<td width=\"470\">R\/T, SE, SXT<\/td>\n<td width=\"227\">2.7L, 3.5L, 5.7L<\/td>\n<\/tr>\n<tr>\n<td width=\"83\">2007<\/td>\n<td width=\"83\">Jeep<\/td>\n<td width=\"192\">Wrangler<\/td>\n<td width=\"470\">Rubicon, Sahara, X<\/td>\n<td width=\"227\">3.8L<\/td>\n<\/tr>\n<tr>\n<td width=\"83\">2006<\/td>\n<td width=\"83\">Chrysler<\/td>\n<td width=\"192\">300<\/td>\n<td width=\"470\">C, Touring<\/td>\n<td width=\"227\">3.5L, 5.7L<\/td>\n<\/tr>\n<tr>\n<td width=\"83\">2006<\/td>\n<td width=\"83\">Chrysler<\/td>\n<td width=\"192\">Town &amp; Country<\/td>\n<td width=\"470\">Base, LX, Limited, Touring<\/td>\n<td width=\"227\">3.3L, 3.8L<\/td>\n<\/tr>\n<tr>\n<td width=\"83\">2006<\/td>\n<td width=\"83\">Dodge<\/td>\n<td width=\"192\">Caravan<\/td>\n<td width=\"470\">C\/V, SE, SXT<\/td>\n<td width=\"227\">3.3L V6 - Flex, 3.3L<\/td>\n<\/tr>\n<tr>\n<td width=\"83\">2006<\/td>\n<td width=\"83\">Dodge<\/td>\n<td width=\"192\">Charger<\/td>\n<td width=\"470\">R\/T, SE<\/td>\n<td width=\"227\">3.5L, 5.7L<\/td>\n<\/tr>\n<tr>\n<td width=\"83\">2006<\/td>\n<td width=\"83\">Dodge<\/td>\n<td width=\"192\">Grand Caravan<\/td>\n<td width=\"470\">SE, SXT<\/td>\n<td width=\"227\">3.3L V6 - Flex, 3.3L, 3.8L<\/td>\n<\/tr>\n<tr>\n<td width=\"83\">2006<\/td>\n<td width=\"83\">Dodge<\/td>\n<td width=\"192\">Magnum<\/td>\n<td width=\"470\">R\/T, SXT<\/td>\n<td width=\"227\">3.5L, 5.7L<\/td>\n<\/tr>\n<tr>\n<td width=\"83\">2005<\/td>\n<td width=\"83\">Chrysler<\/td>\n<td width=\"192\">300<\/td>\n<td width=\"470\">C, Touring<\/td>\n<td width=\"227\">3.5L, 5.7L<\/td>\n<\/tr>\n<tr>\n<td width=\"83\">2005<\/td>\n<td width=\"83\">Chrysler<\/td>\n<td width=\"192\">Town &amp; Country<\/td>\n<td width=\"470\">Base, LX, Limited, Touring<\/td>\n<td width=\"227\">3.3L, 3.8L<\/td>\n<\/tr>\n<tr>\n<td width=\"83\">2005<\/td>\n<td width=\"83\">Dodge<\/td>\n<td width=\"192\">Caravan<\/td>\n<td width=\"470\">C\/V, SE, SXT<\/td>\n<td width=\"227\">3.3L V6 - Flex, 3.3L<\/td>\n<\/tr>\n<tr>\n<td width=\"83\">2005<\/td>\n<td width=\"83\">Dodge<\/td>\n<td width=\"192\">Grand Caravan<\/td>\n<td width=\"470\">C\/V, SE, SXT<\/td>\n<td width=\"227\">3.3L V6 - Flex, 3.3L, 3.8L<\/td>\n<\/tr>\n<tr>\n<td width=\"83\">2005<\/td>\n<td width=\"83\">Dodge<\/td>\n<td width=\"192\">Magnum<\/td>\n<td width=\"470\">R\/T, SXT<\/td>\n<td width=\"227\">3.5L, 5.7L<\/td>\n<\/tr>\n<tr>\n<td width=\"83\">2004<\/td>\n<td width=\"83\">Chrysler<\/td>\n<td width=\"192\">Town &amp; Country<\/td>\n<td width=\"470\">Base, LX, Limited, Touring<\/td>\n<td width=\"227\">3.3L, 3.8L<\/td>\n<\/tr>\n<tr>\n<td width=\"83\">2004<\/td>\n<td width=\"83\">Dodge<\/td>\n<td width=\"192\">Caravan<\/td>\n<td width=\"470\">C\/V, SE, SXT<\/td>\n<td width=\"227\">3.3L V6 - Flex, 3.3L<\/td>\n<\/tr>\n<tr>\n<td width=\"83\">2004<\/td>\n<td width=\"83\">Dodge<\/td>\n<td width=\"192\">Grand Caravan<\/td>\n<td width=\"470\">C\/V, EX, SE, SXT<\/td>\n<td width=\"227\">3.3L, 3.8L<\/td>\n<\/tr>\n<\/tbody>\n<\/table>\n<p>&nbsp;<\/p>\n<p>Pasek klinowy to d\u0142ugi gumowy pasek, kt\u00f3ry biegnie wzd\u0142u\u017c silnika pojazdu i nap\u0119dza wiele wa\u017cnych podzespo\u0142\u00f3w, takich jak alternator, pompa wspomagania uk\u0142adu kierowniczego, uk\u0142ad klimatyzacji i pompa wody<\/p>\n<p>W przypadku wi\u0119kszo\u015bci pojazd\u00f3w zaleca si\u0119 sprawdzenie paska klinowego po przejechaniu 60 000 kilometr\u00f3w.<br \/>\nWa\u017cne jest r\u00f3wnie\u017c przeprowadzenie wizualnej i akustycznej kontroli zu\u017cycia przed osi\u0105gni\u0119ciem tego przebiegu.<\/p>\n<p>W wi\u0119kszo\u015bci pojazd\u00f3w zaleca si\u0119 wymian\u0119 paska klinowego przy przebiegu 90 kilometr\u00f3w (niezale\u017cnie od jego wygl\u0105du), aby zmniejszy\u0107 ryzyko zerwania. Zerwany pasek klinowy mo\u017ce by\u0107 niebezpieczny podczas jazdy i spowodowa\u0107 powa\u017cne uszkodzenie silnika.<\/p>\n<p>&nbsp;<\/p>\n<p><strong>Objawy uszkodzonego paska klinowego<\/strong><\/p>\n<ul>\n<li>Oderwanie \u017cebra (jedno lub wi\u0119cej \u017ceber oderwa\u0142o si\u0119 od korpusu pasa)<\/li>\n<li>Zu\u017cycie \u017ceber lub paska<\/li>\n<li>P\u0119kni\u0119cia w kierunku wzd\u0142u\u017cnym ta\u015bmy (p\u0119kni\u0119cia mi\u0119dzy dwoma \u017cebrami)<\/li>\n<li>Prowadnice paska<\/li>\n<li>\"Przeskok rowka\" (pasek nie utrzymuje prawid\u0142owej pozycji na kole pasowym)<\/li>\n<li>P\u0119kni\u0119cie paska (uwaga: zidentyfikuj i usu\u0144 problem przed zainstalowaniem nowego paska)<\/li>\n<li>Odg\u0142osy (nieprzyjemne skrzypienie, piszczenie lub dudnienie mo\u017ce by\u0107 s\u0142yszalne lub odczuwalne podczas pracy paska nap\u0119dowego)<\/li>\n<\/ul>\n<p>Je\u015bli na pasku klinowym widoczne s\u0105 zanieczyszczenia olejem lub p\u0142ynem ch\u0142odz\u0105cym, pasek r\u00f3wnie\u017c nale\u017cy wymieni\u0107, a nieszczelno\u015bci usun\u0105\u0107.<\/p>\n<p>&nbsp;<\/p>","protected":false},"excerpt":{"rendered":"<p>Pasek klinowy Continental CONTI\u00aeV do silnik\u00f3w 300C, Challenger, Charger, Magnum oraz Grand Cherokee i Commander 3.5 i 5.7 Mopar o numerach referencyjnych: 4593684AA, 4861322AC, 4892840AA,<\/p>","protected":false},"featured_media":68284158,"comment_status":"open","ping_status":"closed","template":"","meta":{"_acf_changed":false},"product_brand":[],"product_cat":[1554,7499,7500,2725,7503,1594,7506,1707,7515,19345,7516],"product_tag":[18285,18286,18287,87,4594,88,976,52,4597,4593,4590,4591,91,4592,4598,4595,54,53,48,536,94,49,3853,3854,4438,1320,56,50,4425,736,7613,55,31,164,4421,175],"class_list":{"0":"post-68284156","1":"product","2":"type-product","3":"status-publish","4":"has-post-thumbnail","6":"product_cat-300c-35-motor","7":"product_cat-300c-57-2005-2010-riemenantrieb","8":"product_cat-300c-57-2011-2023-riemenantrieb","9":"product_cat-challenger-35-motor","10":"product_cat-challenger-57-riemenantrieb","11":"product_cat-charger-35-motor","12":"product_cat-charger-57-riemenantrieb","13":"product_cat-magnum-35-motor","14":"product_cat-magnum-57-riemenantrieb","15":"product_cat-commander-57-riemenantrieb","16":"product_cat-grand-cherokee-57-2005-2010-riemenantrieb","17":"product_tag-04593684aa","18":"product_tag-04861322ac","19":"product_tag-04892840aa","20":"product_tag-2-7","21":"product_tag-3-3","22":"product_tag-3-5","23":"product_tag-3-8","24":"product_tag-300c","25":"product_tag-4597","26":"product_tag-4593684aa","27":"product_tag-4861322ac","28":"product_tag-4892840aa","29":"product_tag-5-7","30":"product_tag-68060352aa","31":"product_tag-6pk2087","32":"product_tag-caravan","33":"product_tag-challenger","34":"product_tag-charger","35":"product_tag-chrysler","36":"product_tag-chrysler-300c","37":"product_tag-commander","38":"product_tag-dodge","39":"product_tag-dodge-challenger","40":"product_tag-dodge-charger","41":"product_tag-dodge-magnum","42":"product_tag-grand-caravan","43":"product_tag-grand-cherokee","44":"product_tag-jeep","45":"product_tag-jeep-grand-cherokee","46":"product_tag-keilriemen","47":"product_tag-keilrippenriemen","48":"product_tag-magnum","49":"product_tag-mopar","50":"product_tag-srt8","51":"product_tag-town-country","52":"product_tag-wrangler","54":"first","55":"instock","56":"taxable","57":"shipping-taxable","58":"purchasable","59":"product-type-simple"},"bundled_by":[],"bundle_stock_status":"instock","bundle_stock_quantity":7,"bundle_virtual":false,"bundle_layout":"","bundle_add_to_cart_form_location":"","bundle_editable_in_cart":false,"bundle_sold_individually_context":"","bundle_item_grouping":"","bundle_min_size":"","bundle_max_size":"","bundle_price":[],"bundled_items":[],"bundle_sell_ids":[],"exclude_global_add_ons":[],"addons":[],"acf":[],"_links":{"self":[{"href":"https:\/\/kraftwerk-shop.cc\/pl\/wp-json\/wp\/v2\/product\/68284156","targetHints":{"allow":["GET"]}}],"collection":[{"href":"https:\/\/kraftwerk-shop.cc\/pl\/wp-json\/wp\/v2\/product"}],"about":[{"href":"https:\/\/kraftwerk-shop.cc\/pl\/wp-json\/wp\/v2\/types\/product"}],"replies":[{"embeddable":true,"href":"https:\/\/kraftwerk-shop.cc\/pl\/wp-json\/wp\/v2\/comments?post=68284156"}],"version-history":[{"count":0,"href":"https:\/\/kraftwerk-shop.cc\/pl\/wp-json\/wp\/v2\/product\/68284156\/revisions"}],"wp:featuredmedia":[{"embeddable":true,"href":"https:\/\/kraftwerk-shop.cc\/pl\/wp-json\/wp\/v2\/media\/68284158"}],"wp:attachment":[{"href":"https:\/\/kraftwerk-shop.cc\/pl\/wp-json\/wp\/v2\/media?parent=68284156"}],"wp:term":[{"taxonomy":"product_brand","embeddable":true,"href":"https:\/\/kraftwerk-shop.cc\/pl\/wp-json\/wp\/v2\/product_brand?post=68284156"},{"taxonomy":"product_cat","embeddable":true,"href":"https:\/\/kraftwerk-shop.cc\/pl\/wp-json\/wp\/v2\/product_cat?post=68284156"},{"taxonomy":"product_tag","embeddable":true,"href":"https:\/\/kraftwerk-shop.cc\/pl\/wp-json\/wp\/v2\/product_tag?post=68284156"}],"curies":[{"name":"wp","href":"https:\/\/api.w.org\/{rel}","templated":true}]}}