{"id":68284241,"date":"2023-01-31T14:14:07","date_gmt":"2023-01-31T13:14:07","guid":{"rendered":"https:\/\/kraftwerk-shop.cc\/?post_type=product&#038;p=68284241"},"modified":"2026-02-15T00:43:10","modified_gmt":"2026-02-14T23:43:10","slug":"jlt-cai-gt500-20-ford-mustang-gt500","status":"publish","type":"product","link":"https:\/\/kraftwerk-shop.cc\/pl\/produkt\/jlt-cai-gt500-20-ford-mustang-gt500\/","title":{"rendered":"Wlot zimnego powietrza JLT Ford Mustang GT500"},"content":{"rendered":"<h1>JLT CAI-GT500-20 Uk\u0142ad dolotowy zimnego powietrza \/ sportowy filtr powietrza do Forda Mustanga GT500<\/h1>\n<p><strong>Du\u017cy filtr powietrza<\/strong><br \/>\nDu\u017cy filtr powietrza zapewnia wi\u0119kszy przep\u0142yw powietrza ni\u017c filtr standardowy.<br \/>\nWk\u0142ad filtra powietrza sk\u0142ada si\u0119 z bawe\u0142nianego materia\u0142u filtracyjnego, kt\u00f3ry jest zwil\u017cony specjalnym olejem filtracyjnym i mo\u017ce by\u0107 wyp\u0142ukany. Maksymalizuje to pojemno\u015b\u0107 i wydajno\u015b\u0107 filtra.<\/p>\n<p><strong>Kolektor dolotowy<\/strong><br \/>\nRura wlotowa jest wykonana z formowanego rotacyjnie tworzywa sztucznego z ogromnym 5-calowym otworem filtra zapewniaj\u0105cym doskona\u0142y przep\u0142yw powietrza i BRAK gromadzenia si\u0119 ciep\u0142a, jak w przypadku rur metalowych.<\/p>\n<p><strong>Obudowa filtra powietrza<\/strong><br \/>\nZawiera nasz\u0105 du\u017c\u0105 os\u0142on\u0119 termiczn\u0105 z tworzywa ABS, kt\u00f3ra izoluje powietrze wlotowe od ciep\u0142a silnika na biegu ja\u0142owym i przy niskiej pr\u0119dko\u015bci.<br \/>\nWykorzystuje on du\u017c\u0105 powierzchni\u0119, aby zapewni\u0107 filtrowi du\u017c\u0105 ilo\u015b\u0107 ch\u0142odnego powietrza i wykorzystuje fabryczny wlot \u015bwie\u017cego powietrza ze zderzaka, aby utrzyma\u0107 mo\u017cliwie najni\u017csz\u0105 temperatur\u0119.<\/p>\n<p>&nbsp;<\/p>\n<p><strong>Wysokiej jako\u015bci materia\u0142 monta\u017cowy<\/strong><\/p>\n<ul>\n<li>Plastikowy kolektor dolotowy JLT<\/li>\n<li>Reduktor silikonowy<\/li>\n<li>6\u00d79 Filtr powietrza S&amp;B Czerwony olej<\/li>\n<li>Os\u0142ona termiczna<\/li>\n<li>Zaciski HD, wszystkie wymagane cz\u0119\u015bci<\/li>\n<\/ul>\n<p><strong>szczeg\u00f3\u0142y<\/strong><\/p>\n<p>- + 25 - 30 KM, + 30 NM maksymalnego wzrostu mocy (specyfikacja producenta)<br \/>\n- Obudowa filtra powietrza ze wspornikami do bezpo\u015bredniego monta\u017cu<br \/>\n- Wst\u0119pnie naoliwiony, zmywalny i wielokrotnego u\u017cytku filtr powietrza Pro 10R zapewnia maksymaln\u0105 wydajno\u015b\u0107<\/p>\n<p><strong>Odpowiedni dla:<\/strong><\/p>\n<table width=\"749\">\n<tbody>\n<tr>\n<td width=\"262\"><strong>Rok<\/strong><\/td>\n<td width=\"158\"><strong>Marka<\/strong><\/td>\n<td width=\"134\"><strong>Model<\/strong><\/td>\n<td width=\"112\"><strong>Wariant<\/strong><\/td>\n<td width=\"83\"><strong>Silnik<\/strong><\/td>\n<\/tr>\n<tr>\n<td width=\"262\">2020\u20132022<\/td>\n<td width=\"158\">Ford<\/td>\n<td width=\"134\">Mustang<\/td>\n<td width=\"112\">GT500<\/td>\n<td width=\"83\">V8 5.2 L<\/td>\n<\/tr>\n<\/tbody>\n<\/table>","protected":false},"excerpt":{"rendered":"<p>2020\u20132022<\/p>","protected":false},"featured_media":68284250,"comment_status":"open","ping_status":"closed","template":"","meta":{"_acf_changed":false},"product_brand":[17168],"product_cat":[4045],"product_tag":[420,2066,2373,4606,826,824,4604,191,825,917,784,2934,1094,1093,4605,2444,20273,57,3872,4587,186,3958,4255,500,194],"class_list":{"0":"post-68284241","1":"product","2":"type-product","3":"status-publish","4":"has-post-thumbnail","6":"product_brand-jlt","7":"product_cat-shelby-gt500-ansaugung","8":"product_tag-420","9":"product_tag-2066","10":"product_tag-2373","11":"product_tag-5-2","12":"product_tag-ansaugung","13":"product_tag-cai","14":"product_tag-cai-gt500-20","15":"product_tag-camaro","16":"product_tag-cold-air-intake","17":"product_tag-ford","18":"product_tag-gt","19":"product_tag-harder","20":"product_tag-intake","21":"product_tag-jlt","22":"product_tag-jlt-cai-gt500-20","23":"product_tag-jlt-performance","24":"product_tag-keintuev","25":"product_tag-luftfilter","26":"product_tag-mustang","27":"product_tag-mustang-gt","28":"product_tag-performance","29":"product_tag-shelby","30":"product_tag-shelbygt500","31":"product_tag-sportluftfilter","32":"product_tag-v8","34":"first","35":"onbackorder","36":"taxable","37":"shipping-taxable","38":"purchasable","39":"product-type-simple"},"bundled_by":[],"bundle_stock_status":"onbackorder","bundle_stock_quantity":0,"bundle_virtual":false,"bundle_layout":"","bundle_add_to_cart_form_location":"","bundle_editable_in_cart":false,"bundle_sold_individually_context":"","bundle_item_grouping":"","bundle_min_size":"","bundle_max_size":"","bundle_price":[],"bundled_items":[],"bundle_sell_ids":[],"exclude_global_add_ons":[],"addons":[],"acf":[],"_links":{"self":[{"href":"https:\/\/kraftwerk-shop.cc\/pl\/wp-json\/wp\/v2\/product\/68284241","targetHints":{"allow":["GET"]}}],"collection":[{"href":"https:\/\/kraftwerk-shop.cc\/pl\/wp-json\/wp\/v2\/product"}],"about":[{"href":"https:\/\/kraftwerk-shop.cc\/pl\/wp-json\/wp\/v2\/types\/product"}],"replies":[{"embeddable":true,"href":"https:\/\/kraftwerk-shop.cc\/pl\/wp-json\/wp\/v2\/comments?post=68284241"}],"version-history":[{"count":0,"href":"https:\/\/kraftwerk-shop.cc\/pl\/wp-json\/wp\/v2\/product\/68284241\/revisions"}],"wp:featuredmedia":[{"embeddable":true,"href":"https:\/\/kraftwerk-shop.cc\/pl\/wp-json\/wp\/v2\/media\/68284250"}],"wp:attachment":[{"href":"https:\/\/kraftwerk-shop.cc\/pl\/wp-json\/wp\/v2\/media?parent=68284241"}],"wp:term":[{"taxonomy":"product_brand","embeddable":true,"href":"https:\/\/kraftwerk-shop.cc\/pl\/wp-json\/wp\/v2\/product_brand?post=68284241"},{"taxonomy":"product_cat","embeddable":true,"href":"https:\/\/kraftwerk-shop.cc\/pl\/wp-json\/wp\/v2\/product_cat?post=68284241"},{"taxonomy":"product_tag","embeddable":true,"href":"https:\/\/kraftwerk-shop.cc\/pl\/wp-json\/wp\/v2\/product_tag?post=68284241"}],"curies":[{"name":"wp","href":"https:\/\/api.w.org\/{rel}","templated":true}]}}