{"id":68284385,"date":"2023-02-05T11:34:50","date_gmt":"2023-02-05T10:34:50","guid":{"rendered":"https:\/\/kraftwerk-shop.cc\/?post_type=product&#038;p=68284385"},"modified":"2026-04-02T00:29:50","modified_gmt":"2026-04-01T22:29:50","slug":"tarcze-hamulcowe-paragon-performance-srt-hellcat-68474086ab-68474087ab","status":"publish","type":"product","link":"https:\/\/kraftwerk-shop.cc\/pl\/produkt\/paragon-performance-bremsscheiben-srt-hellcat-68474086ab-68474087ab\/","title":{"rendered":"Tarcze hamulcowe Paragon Performance SRT i Hellcat (400 mm)"},"content":{"rendered":"<h1>Tarcze hamulcowe Paragon Performance do Dodge Challenger i Charger Hellcat 2021-2023 (400 mm), wersja ze szczelin\u0105 (o\u015b przednia)<\/h1>\n<p>&nbsp;<\/p>\n<p>Ze wzgl\u0119du na du\u017c\u0105 mas\u0119 pojazdu i brak skutecznego ch\u0142odzenia hamulc\u00f3w, przedwczesne p\u0119kni\u0119cia standardowych tarcz hamulcowych Dodge nie s\u0105 rzadko\u015bci\u0105 po u\u017cyciu na torze wy\u015bcigowym lub przy intensywnym u\u017cytkowaniu.<br \/>\nTarcze hamulcowe Paragon Performance mog\u0105 by\u0107 skutecznym rozwi\u0105zaniem tego problemu, jednocze\u015bnie poprawiaj\u0105c wyczucie peda\u0142u i modulacj\u0119 hamulca.<\/p>\n<p>2-cz\u0119\u015bciowa tarcza hamulcowa od Paragon Performance oferuje doskona\u0142\u0105 skuteczno\u015b\u0107 hamowania i ch\u0142odzenia zoptymalizowan\u0105 do u\u017cytku na torze. Kierunkowa p\u0142etwa wentylacyjna wytwarza zasysanie i turbulencje oraz kieruje ch\u0142odne powietrze przez tarcz\u0119, aby poprawi\u0107 rozpraszanie ciep\u0142a i zwi\u0119kszy\u0107 odporno\u015b\u0107 na p\u0119kanie w trudnych warunkach torowych.<\/p>\n<p>Wirnik jest wykonany z CM-250, specjalnego stopu odlewniczego o wysokiej zawarto\u015bci w\u0119gla, kt\u00f3ry zapewnia optymalne zgryzanie, w\u0142a\u015bciwo\u015bci termiczne, odporno\u015b\u0107 na wysokie temperatury i trwa\u0142o\u015b\u0107.<br \/>\nPier\u015bcienie tarczy hamulcowej s\u0105 poddawane obr\u00f3bce cieplnej w celu zmniejszenia napr\u0119\u017ce\u0144 w tarczy hamulcowej, a tym samym zapobiegania odkszta\u0142ceniom i wibracjom.<br \/>\nS\u0105 one nast\u0119pnie poddawane najnowocze\u015bniejszej obr\u00f3bce powierzchniowej CBN, aby zapewni\u0107 lepsze docieranie z nowymi klockami hamulcowymi.<\/p>\n<p>Wibracje s\u0105 zredukowane, poniewa\u017c bicie boczne tarczy hamulcowej jest utrzymywane w granicach 0,03 mm, a wywa\u017cenie w granicach 2 gram\u00f3w.<br \/>\nWszystkie tarcze hamulcowe zosta\u0142y poddane rygorystycznym kontrolom jako\u015bci i testom, aby zapewni\u0107, \u017ce nadaj\u0105 si\u0119 do okre\u015blonego celu.<br \/>\nDwucz\u0119\u015bciowa konstrukcja umo\u017cliwia termiczne rozszerzanie si\u0119 tarczy hamulcowej, jednocze\u015bnie minimalizuj\u0105c odkszta\u0142cenia i zapewniaj\u0105c, \u017ce tarcza hamulcowa jest wy\u015brodkowana w stosunku do klock\u00f3w hamulcowych.<br \/>\nSzczelinowa tarcza hamulcowa poprawia stabilno\u015b\u0107 hamowania, utrzymuj\u0105c czyst\u0105 powierzchni\u0119 styku i rozpraszaj\u0105c ciep\u0142o i gazy generowane, gdy klocki hamulcowe wchodz\u0105 w kontakt z tarcz\u0105 hamulcow\u0105.<br \/>\nSzczelinowe tarcze hamulcowe maj\u0105 zdecydowan\u0105 przewag\u0119 nad go\u0142ymi tarczami hamulcowymi w mokrych lub deszczowych warunkach, poniewa\u017c zapobiegaj\u0105 tworzeniu si\u0119 filmu wodnego mi\u0119dzy klockiem hamulcowym a tarcz\u0105 hamulcow\u0105.<br \/>\nDwucz\u0119\u015bciowe tarcze hamulcowe Paragon Performance wa\u017c\u0105 mniej ni\u017c wi\u0119kszo\u015b\u0107 tarcz hamulcowych O.E., zachowuj\u0105c swoj\u0105 no\u015bno\u015b\u0107 termiczn\u0105 i poprawiaj\u0105c prowadzenie dzi\u0119ki zmniejszeniu masy nieresorowanej.<\/p>\n<p>Aluminiowe garnki s\u0105 frezowane CNC z lekkiego aluminium lotniczego 6061-T6, a nast\u0119pnie powlekane na twardo \/ anodowane na czarno, aby zapewni\u0107 nieprzewodz\u0105c\u0105 warstw\u0119 ochronn\u0105. Czarne garnki anodowane na twardo s\u0105 najpierw anodowane na twardo, a nast\u0119pnie barwione na czarno. S\u0105 one r\u00f3wnowa\u017cne pod wzgl\u0119dem wydajno\u015bci\/wytrzyma\u0142o\u015bci.<\/p>\n<p>Czarna twarda pow\u0142oka\/twarda anodyzacja zgodna z Mil-Spec (MIL-A-8625 Typ III) nie odbarwia si\u0119 w ekstremalnych temperaturach. Czarna twarda pow\u0142oka\/twarda anodyzowana powierzchnia jest twardsza, grubsza, bardziej odporna na zu\u017cycie i zarysowania.<\/p>\n<p>Czarne wyko\u0144czenie hardcoat\/twarde anodowane zapewnia grub\u0105, tward\u0105 warstw\u0119, kt\u00f3ra oferuje wi\u0119ksz\u0105 odporno\u015b\u0107 na korozj\u0119 i trwa\u0142o\u015b\u0107 przy niskich kosztach utrzymania. Czarna twarda pow\u0142oka\/twarde anodowane wyko\u0144czenie lepiej wytrzymuje ekspozycj\u0119 na \u015bwiat\u0142o ultrafioletowe (UV), co jest jeszcze wa\u017cniejsze, je\u015bli pojazd jest cz\u0119sto parkowany na zewn\u0105trz.<\/p>\n<p>&nbsp;<\/p>\n<p><strong>W\u0142a\u015bciwo\u015bci:<\/strong><\/p>\n<ul>\n<li>Bezpo\u015brednie dopasowanie bez \u017cadnych modyfikacji i zaprojektowany do wsp\u00f3\u0142pracy z uk\u0142adem ABS OEM i uk\u0142adem hamulcowym producenta przy zachowaniu fabrycznego nastawienia hamulc\u00f3w. Kompatybilny z klockami hamulcowymi OEM lub klockami akcesoryjnymi o tej samej g\u0142\u0119boko\u015bci.<\/li>\n<li>Kierunkowe \u017cebra wentylacyjne dla optymalnej wydajno\u015bci ch\u0142odzenia, pracuj\u0105 do 30 % ch\u0142odniej ni\u017c tarcze hamulcowe O.E. i zwi\u0119kszaj\u0105 wydajno\u015b\u0107 ch\u0142odzenia nawet o 30%.<\/li>\n<li>W pe\u0142ni p\u0142ywaj\u0105ca 2-cz\u0119\u015bciowa konstrukcja<\/li>\n<li>Minimalizuje zanik hamulc\u00f3w i wibracje podczas d\u0142u\u017cszych podr\u00f3\u017cy<\/li>\n<li>System mocowania tarczy hamulcowej i ko\u0142paka: H-Bobbin (10 \u015brub)<\/li>\n<li>Doskona\u0142e ulepszenie w stosunku do bezkierunkowych, wielotarczowych tarcz hamulcowych OEM<\/li>\n<\/ul>\n<p>&nbsp;<\/p>\n<p><strong>Zakres dostawy:<\/strong><\/p>\n<ul>\n<li>Jedna para (2 sztuki) dwucz\u0119\u015bciowych tarcz hamulcowych Paragon Performance 400 mm x 34 mm z anodowanymi na twardo\/czarno aluminiowymi garnkami 6061-T6, szpulkami ze stali nierdzewnej i zaciskami zapobiegaj\u0105cymi grzechotaniu (zmontowane i gotowe do monta\u017cu).<\/li>\n<li>Szczeg\u00f3\u0142owa instrukcja instalacji (j\u0119zyk niemiecki)<\/li>\n<\/ul>\n<p>&nbsp;<\/p>\n<p><strong>Liczby por\u00f3wnawcze Mopar:<\/strong> <span class=\"list-value sku-display\">68474086AC, 68474087AC <\/span><br \/>\n<strong>Stare numery cz\u0119\u015bci:<\/strong> <span class=\"list-value sku-display\">68474086AB, 68474087AB <\/span><\/p>\n<p>&nbsp;<\/p>\n<p><strong>Odpowiedni dla:<\/strong><\/p>\n<table width=\"578\">\n<tbody>\n<tr>\n<td width=\"83\"><strong>Marka<\/strong><\/td>\n<td width=\"141\"><strong>Model<\/strong><\/td>\n<td width=\"73\"><strong>Silnik<\/strong><\/td>\n<td width=\"281\"><strong>Rok<\/strong><\/td>\n<\/tr>\n<tr>\n<td width=\"83\">Dodge<\/td>\n<td width=\"141\">Challenger<\/td>\n<td width=\"73\">6.4 SRT<\/td>\n<td width=\"281\">2021 - 2023 z tarczami hamulcowymi 400 mm<\/td>\n<\/tr>\n<tr>\n<td width=\"83\">Dodge<\/td>\n<td width=\"141\">Challenger Hellcat<\/td>\n<td width=\"73\">6.2<\/td>\n<td width=\"281\">2021 - 2023 z tarczami hamulcowymi 400 mm<\/td>\n<\/tr>\n<tr>\n<td width=\"83\">Dodge<\/td>\n<td width=\"141\">Charger<\/td>\n<td width=\"73\">6.4 SRT<\/td>\n<td width=\"281\">2021 - 2023 z tarczami hamulcowymi 400 mm<\/td>\n<\/tr>\n<tr>\n<td width=\"83\">Dodge<\/td>\n<td width=\"141\">Charger Hellcat<\/td>\n<td width=\"73\">6.2<\/td>\n<td width=\"281\">2021 - 2023 z tarczami hamulcowymi 400 mm<\/td>\n<\/tr>\n<\/tbody>\n<\/table>\n<p>&nbsp;<\/p>\n<p>Cena dotyczy 2 tarcz hamulcowych (jedna para).<\/p>","protected":false},"excerpt":{"rendered":"<p>\u015arednica 400 mm, 2-cz\u0119\u015bciowy, 2021-2023 (1 para)<\/p>","protected":false},"featured_media":68284393,"comment_status":"open","ping_status":"closed","template":"","meta":{"_acf_changed":false},"product_brand":[17982],"product_cat":[17737,17693,17689,17761,17765],"product_tag":[2066,2373,4526,1132,52,2758,2759,4629,10706,4630,10707,940,795,796,3946,10802,54,53,48,536,49,3853,3854,692,100,36,31,4627,4628,794,797,96,842,841,673],"class_list":{"0":"post-68284385","1":"product","2":"type-product","3":"status-publish","4":"has-post-thumbnail","6":"product_brand-paragon-performance","7":"product_cat-300c-64-bremsscheiben-vorne","8":"product_cat-challenger-hellcat-bremsscheiben-vorne","9":"product_cat-challenger-64-bremsscheiben-vorne","10":"product_cat-charger-hellcat-bremsscheiben-vorne","11":"product_cat-charger-64-bremsscheiben-vorne","12":"product_tag-2066","13":"product_tag-2373","14":"product_tag-4526","15":"product_tag-1132","16":"product_tag-300c","17":"product_tag-400-mm","18":"product_tag-400mm","19":"product_tag-68474086ab","20":"product_tag-68474086ac","21":"product_tag-68474087ab","22":"product_tag-68474087ac","23":"product_tag-aftermarket","24":"product_tag-bremse","25":"product_tag-bremsscheibe","26":"product_tag-bremsscheiben-fuer-dodge-challenger","27":"product_tag-bremsscheiben-fuer-dodge-challenger-6-4","28":"product_tag-challenger","29":"product_tag-charger","30":"product_tag-chrysler","31":"product_tag-chrysler-300c","32":"product_tag-dodge","33":"product_tag-dodge-challenger","34":"product_tag-dodge-charger","35":"product_tag-ersatzteil","36":"product_tag-hellcat","37":"product_tag-kraftwerk","38":"product_tag-mopar","39":"product_tag-paragon","40":"product_tag-paragon-performance","41":"product_tag-premium","42":"product_tag-sportbremsscheibe","43":"product_tag-srt","44":"product_tag-vorderachse","45":"product_tag-vorne","46":"product_tag-zubehoer","48":"first","49":"instock","50":"taxable","51":"shipping-taxable","52":"purchasable","53":"product-type-variable"},"bundled_by":[],"bundle_stock_status":"instock","bundle_stock_quantity":1,"bundle_virtual":false,"bundle_layout":"","bundle_add_to_cart_form_location":"","bundle_editable_in_cart":false,"bundle_sold_individually_context":"","bundle_item_grouping":"","bundle_min_size":"","bundle_max_size":"","bundle_price":[],"bundled_items":[],"bundle_sell_ids":[],"exclude_global_add_ons":[],"addons":[],"acf":[],"_links":{"self":[{"href":"https:\/\/kraftwerk-shop.cc\/pl\/wp-json\/wp\/v2\/product\/68284385","targetHints":{"allow":["GET"]}}],"collection":[{"href":"https:\/\/kraftwerk-shop.cc\/pl\/wp-json\/wp\/v2\/product"}],"about":[{"href":"https:\/\/kraftwerk-shop.cc\/pl\/wp-json\/wp\/v2\/types\/product"}],"replies":[{"embeddable":true,"href":"https:\/\/kraftwerk-shop.cc\/pl\/wp-json\/wp\/v2\/comments?post=68284385"}],"version-history":[{"count":0,"href":"https:\/\/kraftwerk-shop.cc\/pl\/wp-json\/wp\/v2\/product\/68284385\/revisions"}],"wp:featuredmedia":[{"embeddable":true,"href":"https:\/\/kraftwerk-shop.cc\/pl\/wp-json\/wp\/v2\/media\/68284393"}],"wp:attachment":[{"href":"https:\/\/kraftwerk-shop.cc\/pl\/wp-json\/wp\/v2\/media?parent=68284385"}],"wp:term":[{"taxonomy":"product_brand","embeddable":true,"href":"https:\/\/kraftwerk-shop.cc\/pl\/wp-json\/wp\/v2\/product_brand?post=68284385"},{"taxonomy":"product_cat","embeddable":true,"href":"https:\/\/kraftwerk-shop.cc\/pl\/wp-json\/wp\/v2\/product_cat?post=68284385"},{"taxonomy":"product_tag","embeddable":true,"href":"https:\/\/kraftwerk-shop.cc\/pl\/wp-json\/wp\/v2\/product_tag?post=68284385"}],"curies":[{"name":"wp","href":"https:\/\/api.w.org\/{rel}","templated":true}]}}