{"id":68284537,"date":"2023-02-10T16:37:05","date_gmt":"2023-02-10T15:37:05","guid":{"rendered":"https:\/\/kraftwerk-shop.cc\/?post_type=product&#038;p=68284537"},"modified":"2026-03-30T11:17:09","modified_gmt":"2026-03-30T09:17:09","slug":"tazer-jl-mini-wrangler-gladiator","status":"publish","type":"product","link":"https:\/\/kraftwerk-shop.cc\/pl\/produkt\/tazer-jl-mini-wrangler-gladiator\/","title":{"rendered":"Mini programator Tazer JL Wrangler &amp; Gladiator"},"content":{"rendered":"<h1 class=\"product-title product_title entry-title\">Mini programator Tazer JL dla Jeep Wrangler i Gladiator<\/h1>\n<p>&nbsp;<\/p>\n<p>Tazer JL Mini to niezb\u0119dne urz\u0105dzenie do programowania \/ kodowania dla w\u0142a\u015bcicieli 2018+ Wrangler JL i Jeep Gladiator.<br \/>\nObs\u0142ugiwane s\u0105 wszystkie warianty silnik\u00f3w i skrzy\u0144 bieg\u00f3w, w tym modele eksportowe.<\/p>\n<p>Wystarczy wyj\u0105\u0107 modu\u0142 SGW i w jego miejsce w\u0142o\u017cy\u0107 modu\u0142 Tazer JL Mini. Znajduje si\u0119 on nad z\u0142\u0105czem diagnostycznym OBD2. Mo\u017cna r\u00f3wnie\u017c zainstalowa\u0107 przed\u0142u\u017cacz SGW, aby u\u0142atwi\u0107 demonta\u017c i ponown\u0105 instalacj\u0119 podczas wizyty u dealera.<\/p>\n<p>Wszystkie funkcje s\u0105 dost\u0119pne za po\u015brednictwem zestawu wska\u017anik\u00f3w i przycisk\u00f3w na kierownicy do poruszania si\u0119 po menu.<\/p>\n<p>&nbsp;<\/p>\n<p><strong>Funkcje urz\u0105dzenia Tazer JL Mini mo\u017cna podzieli\u0107 na trzy kategorie:<\/strong><\/p>\n<ul>\n<li>Na <strong>Ustawienia pojazdu<\/strong> s\u0105 dost\u0119pne, gdy silnik jest wy\u0142\u0105czony, a zap\u0142on znajduje si\u0119 w pozycji \"RUN\". S\u0105 to zmiany wprowadzone w Jeepie, takie jak rozmiar opon, prze\u0142o\u017cenie lub ustawienia uwzgl\u0119dniaj\u0105ce inne ulepszenia. Zmiany te s\u0105 zachowywane nawet po od\u0142\u0105czeniu urz\u0105dzenia Tazer JL Mini od samochodu.<\/li>\n<li>Na <strong>Funkcje na \u017cywo<\/strong> jest dost\u0119pny po w\u0142\u0105czeniu silnika. S\u0105 to procesy, kt\u00f3re Tazer JL Mini wykonuje w czasie rzeczywistym, tylko wtedy, gdy jest fizycznie pod\u0142\u0105czony do pojazdu.<\/li>\n<li><strong>\"Funkcje podgl\u0105du na \u017cywo spoza menu<\/strong> nie znajduj\u0105 si\u0119 w menu. S\u0105 one aktywowane automatycznie lub za pomoc\u0105 kombinacji przycisk\u00f3w na kierownicy. S\u0105 to procesy, kt\u00f3re Tazer JL Mini wykonuje na \u017cywo tylko wtedy, gdy jest fizycznie pod\u0142\u0105czony.<\/li>\n<\/ul>\n<p>&nbsp;<\/p>\n<p><strong>Lista ustawie\u0144 pojazdu:<\/strong><\/p>\n<ul>\n<li>Pokaz \u015bwietlny\n<ul>\n<li>6 zaprogramowanych i 3 niestandardowe pokazy \u015bwietlne, kt\u00f3re sprawiaj\u0105, \u017ce wszystkie \u015bwiat\u0142a zewn\u0119trzne migaj\u0105<\/li>\n<li>Idealny do pokaz\u00f3w samochodowych \/ pierwszej pomocy \/ widoczno\u015bci w terenie - sterowany za pomoc\u0105 kluczyka pojazdu lub przycisk\u00f3w na kierownicy<\/li>\n<li>Mo\u017ce by\u0107 aktywowany podczas jazdy, do u\u017cytku w paradach, w terenie i do legalnych zastosowa\u0144 policyjnych lub ratowniczych.<\/li>\n<\/ul>\n<\/li>\n<li>Odczytywanie i wy\u015bwietlanie kod\u00f3w b\u0142\u0119d\u00f3w w ca\u0142ym systemie lub w okre\u015blonych modu\u0142ach<\/li>\n<li>Zmiana rozmiaru opony (regulacja pr\u0119dko\u015bciomierza)<\/li>\n<li>Zmiana prze\u0142o\u017cenia (maks. 4,50 dla 4XE)<\/li>\n<li>Zmiana prze\u0142o\u017cenia skrzyni bieg\u00f3w LOW<\/li>\n<li>System monitorowania ci\u015bnienia w oponach (TPMS) Aktywacja\/dezaktywacja systemu<\/li>\n<li>Ustawienie limitu ostrzegawczego ci\u015bnienia TPMS z przodu i z ty\u0142u w zakresie od 25 psi do 85 psi.<\/li>\n<li>Aktywacja\/dezaktywacja kamery cofania<\/li>\n<li>Aktywacja\/dezaktywacja wej\u015bcia kamery \u0142adunkowej (tylko 8.4 UConnect)<\/li>\n<li>Aktywacja\/dezaktywacja wej\u015bcia CD (przewodowe audio)<\/li>\n<li>Aktywacja\/dezaktywacja systemu informacji o ruchu drogowym i pogodzie TravelLink\/XM<\/li>\n<li>Aktywacja stron off-road po aktualizacji do radia 8,4\u2033<\/li>\n<li>Zmiana regionu dla \u015bwiate\u0142 do jazdy dziennej (CA\/USA)<\/li>\n<li>Zmiana po\u0142o\u017cenia \u015bwiate\u0142 do jazdy dziennej<\/li>\n<li>Aktywacja\/dezaktywacja funkcji wy\u0142\u0105czania \u015bwiate\u0142 do jazdy dziennej<\/li>\n<li>Aktywacja\/dezaktywacja fabrycznych \u015bwiate\u0142 przeciwmgielnych<\/li>\n<li>Aktywacja\/dezaktywacja odci\u0119cia \u015bwiate\u0142 przeciwmgielnych (je\u015bli \u015bwiat\u0142a przeciwmgielne s\u0105 wy\u0142\u0105czone po w\u0142\u0105czeniu \u015bwiate\u0142 drogowych)<\/li>\n<li>Aktywacja\/dezaktywacja zmiany \u015bcie\u017cki jednym dotkni\u0119ciem<\/li>\n<li>Aktywacja\/dezaktywacja fabrycznych reflektor\u00f3w halo (w tym wyj\u015bcie BCM do dodawania halo)<\/li>\n<li>Zmiana typu reflektor\u00f3w (standardowe\/LED)<\/li>\n<li>Zmiana typu \u015bwiate\u0142 przeciwmgielnych (standardowe\/LED)<\/li>\n<li>Zmiana typu tylnego \u015bwiat\u0142a (standardowe\/LED)\/usuni\u0119cie obwodu czujnika do obs\u0142ugi \u015bwiate\u0142 z rynku wt\u00f3rnego<\/li>\n<li>Zmiana typu przednich kierunkowskaz\u00f3w (standardowe\/LED)\/usuni\u0119cie obwodu czujnika dla reflektor\u00f3w modernizowanych<\/li>\n<li>Aktywacja\/dezaktywacja automatycznych \u015bwiate\u0142 drogowych<\/li>\n<li>Aktywacja\/dezaktywacja holowania przyczepy<\/li>\n<li>Dezaktywacja elektronicznego stabilizatora (je\u015bli zosta\u0142 wymontowany z pojazdu)<\/li>\n<li>Dezaktywacja elektronicznej pompy uk\u0142adu kierowniczego w przypadku konwersji hydraulicznego uk\u0142adu kierowniczego<\/li>\n<li>Aktywacja zespo\u0142u sterowania hamulcem przyczepy (g\u0142\u00f3wnie Gladiator)<\/li>\n<li>Dezaktywacja przedniej i tylnej blokady podczas zmiany osi<\/li>\n<li>Dezaktywacja modu\u0142u od\u0142\u0105czania przedniej osi podczas zmiany osi<\/li>\n<li>Ustalenie obecno\u015bci modu\u0142u steruj\u0105cego uk\u0142adu nap\u0119dowego (skrzynia rozdzielcza Rubicon)<\/li>\n<li>Aktywacja\/dezaktywacja przycisk\u00f3w pomocniczych<\/li>\n<li>Aktywacja\/dezaktywacja wykrywania martwego pola (po dodaniu lub usuni\u0119ciu akcesori\u00f3w)<\/li>\n<li>Usuwanie d\u017awi\u0119ku przypomnienia o pasku<\/li>\n<li>Aktywacja\/dezaktywacja\/zmiana konfiguracji funkcji ParkSense<\/li>\n<li>Zmiana ekranu powitalnego zestawu wska\u017anik\u00f3w - JL: Wrangler\/Sahara\/Rubicon JT: Sport\/SportX\/Rubicon<\/li>\n<li>Aktywacja zespo\u0142u prze\u0142\u0105cznika dwustrefowego HVAC podczas modernizacji z 5-calowego radia<\/li>\n<li>Aktywuj HomeLink, je\u015bli os\u0142ona HomeLink i wi\u0105zka przewod\u00f3w s\u0105 zainstalowane.<\/li>\n<li>Aktywacja\/dezaktywacja automatycznego przyciemniania lusterek po instalacji<\/li>\n<li>Aktywuj wej\u015bcie zbli\u017ceniowe, je\u015bli zainstalowane s\u0105 uchwyty i wi\u0105zki przewod\u00f3w<\/li>\n<li>Aktywacja gniazda w skrzyni \u0142adunkowej (Gladiator)<\/li>\n<li>Aktywacja\/dezaktywacja automatycznych reflektor\u00f3w po zainstalowaniu czujnik\u00f3w<\/li>\n<li>Aktywacja\/dezaktywacja przycisku PANIC na pilocie zdalnego sterowania<\/li>\n<li>Wy\u015bwietlanie wersji oprogramowania sprz\u0119towego urz\u0105dzenia Tazer JL Mini<\/li>\n<li>Wy\u015bwietlanie numeru seryjnego urz\u0105dzenia Tazer JL Mini<\/li>\n<li>Wy\u015bwietlanie bie\u017c\u0105cego numeru Unmarry<\/li>\n<li>Powr\u00f3t do stanu fabrycznego jednym dotkni\u0119ciem - szybka funkcja \"Unmarry\" resetuje wszystkie ustawienia do stanu domy\u015blnego<\/li>\n<\/ul>\n<p>&nbsp;<\/p>\n<p><strong>Lista funkcji na \u017cywo:<\/strong><\/p>\n<ul>\n<li>Aktywacja pokazu \u015bwietlnego<\/li>\n<li>Zatrzymanie hamowania na czerwonym \u015bwietle (z wyj\u0105tkiem 4XE)<\/li>\n<li>Korzystanie z mechanizmu otwierania drzwi gara\u017cowych po wy\u0142\u0105czeniu pojazdu<\/li>\n<li>Aktywacja wej\u015bcia nawigacji podczas jazdy<\/li>\n<li>TurnCAM - aktywacja kamery cofania po w\u0142\u0105czeniu kierunkowskaz\u00f3w (5\u2033, 7\u2033 i 8.4\u2033 UConnect)<\/li>\n<li>Kill3Honk - dezaktywuje trzy d\u017awi\u0119ki klaksonu, kt\u00f3re rozlegaj\u0105 si\u0119 po opuszczeniu pojazdu z kluczykiem.<\/li>\n<li>W\u0142\u0105czanie i wy\u0142\u0105czanie alarmu maski<\/li>\n<li>Aktywacja ogrzewania pasa\u017cera podczas zdalnego uruchamiania<\/li>\n<li>Trzecia kontrolka hamulca miga podczas hamowania<\/li>\n<li>Dostosowany wz\u00f3r migania dla trzeciego \u015bwiat\u0142a hamowania<\/li>\n<li>Ustaw pr\u0119dko\u015b\u0107 trybu wci\u0105garki (z wyj\u0105tkiem 4XE)<\/li>\n<li>Migaj\u0105ce kontrolki wskazuj\u0105ce ci\u015bnienie w oponach podczas tankowania<\/li>\n<li>Tryb ciemny - wy\u0142\u0105cza ca\u0142e o\u015bwietlenie zewn\u0119trzne i pod\u015bwietlenie zestawu wska\u017anik\u00f3w\/radia\/d\u017awigni zmiany bieg\u00f3w, gdy silnik pracuje.<\/li>\n<li>Aktywacja i prze\u0142\u0105czanie wej\u015b\u0107 kamery<\/li>\n<li>Wy\u015bwietlanie wska\u017anika podci\u015bnienia\/wspomagania<\/li>\n<li>0-30 Aktywacja timera<\/li>\n<li>Aktywacja timera 0-60<\/li>\n<li>Force RWD (tylko 392)<\/li>\n<li>Wy\u015bwietlanie wersji oprogramowania sprz\u0119towego<\/li>\n<\/ul>\n<p>&nbsp;<\/p>\n<p><strong>Lista funkcji podgl\u0105du na \u017cywo spoza menu<\/strong><\/p>\n<ul>\n<li>Deactivate AutoStopStart - Tazer JL Mini automatycznie zapami\u0119tuje ostatni stan automatycznego systemu start\/stop i resetuje go przy nast\u0119pnym uruchomieniu pojazdu.<\/li>\n<li>AutoTracKill - Tazer JL Mini automatycznie zapami\u0119tuje ostatni stan kontroli trakcji i ustawia go przy nast\u0119pnym uruchomieniu pojazdu.<\/li>\n<li>Od\u0142\u0105cz stabilizator w trybie 2WD do pr\u0119dko\u015bci 30 mph lub przy dowolnej pr\u0119dko\u015bci, je\u015bli jest przypisany do przycisku.<\/li>\n<li>Wygaszanie tablicy rejestracyjnej (Gladiator) - Tazer JL Mini automatycznie wy\u0142\u0105cza pod\u015bwietlenie tablicy rejestracyjnej podczas cofania lub korzystania z funkcji TurnCam, aby ograniczy\u0107 odblaski.<\/li>\n<li>Aktywacja o\u015bwietlenia przestrzeni \u0142adunkowej \/ \u015bwiate\u0142 cofania za pomoc\u0105 pilota (Gladiator)<\/li>\n<li>Axle Locker Control (Rubicon, Mojave) - aktywuje blokady w trybie 2WD i 4Hi na \u017c\u0105danie.<\/li>\n<li>Tryb ch\u0142odzenia - w\u0142\u0105cza wentylatory silnika, gdy jest to wymagane<\/li>\n<li>Tryb wyci\u0105garki - podniesienie pr\u0119dko\u015bci obrotowej biegu ja\u0142owego do dowolnie wybranej warto\u015bci pomi\u0119dzy 1250 a 2000 (z wyj\u0105tkiem 4XE).<\/li>\n<li>Alarm maski - monitoruje aktywno\u015b\u0107 maski, gdy aktywowany jest system antykradzie\u017cowy pojazdu i uruchamia alarm oraz pokaz \u015bwietlny po otwarciu maski.<\/li>\n<li>Line Lock - blokuje przednie hamulce, u\u0142atwiaj\u0105c wypalenie.<\/li>\n<li>Rock Crawl - blokuje wszystkie cztery hamulce za pomoc\u0105 kombinacji przycisk\u00f3w na kierownicy, aby utrzyma\u0107 pojazd w miejscu, szczeg\u00f3lnie przydatne w terenie (z wyj\u0105tkiem 4XE).<\/li>\n<li>Zablokuj wszystkie cztery hamulce w pozycji parkowania, aby zakotwiczy\u0107 Jeepa (skr\u00f3t) (z wyj\u0105tkiem 4XE).<\/li>\n<li>TC Kill - wy\u0142\u0105cza kontrol\u0119 trakcji, kontrol\u0119 stabilno\u015bci i ABS (z wyj\u0105tkiem 4XE).<\/li>\n<li>Poka\u017c kamer\u0119 cofania (skr\u00f3t)<\/li>\n<li>Wspomaganie skr\u0119tu - blokuje wewn\u0119trzn\u0105 tyln\u0105 opon\u0119 w celu ostrzejszego pokonywania zakr\u0119t\u00f3w (tylko funkcja przycisku) (z wyj\u0105tkiem 4XE).<\/li>\n<li>Zmiana przypisania przycisk\u00f3w +\/-\/RES do tempomatu:\n<ul>\n<li>Ka\u017cdy z 8 wy\u015bwietlaczy \u015bwietlnych<\/li>\n<li>Kamera cofania<\/li>\n<li>TC Kill (z wyj\u0105tkiem 4XE)<\/li>\n<li>Blokada linii (z wyj\u0105tkiem 4XE)<\/li>\n<li>Pr\u0119dko\u015b\u0107 pe\u0142zania (z wyj\u0105tkiem 4XE)<\/li>\n<li>Asystent skr\u0119tu (z wyj\u0105tkiem 4XE)<\/li>\n<li>Tryb wyci\u0105garki (z wyj\u0105tkiem 4XE)<\/li>\n<li>Ch\u0142odzenie<\/li>\n<li>Blokady prz\u00f3d\/ty\u0142\/prz\u00f3d+ty\u0142<\/li>\n<li>SwayKill<\/li>\n<li>Tryb ciemny<\/li>\n<li>Force RWD<\/li>\n<li>Cz\u0119\u015bciowy restart<\/li>\n<\/ul>\n<\/li>\n<\/ul>\n<p>&nbsp;<\/p>\n<p><strong>Odpowiedni dla:<\/strong><\/p>\n<table width=\"357\">\n<tbody>\n<tr>\n<td width=\"114\"><strong>Marka<\/strong><\/td>\n<td width=\"121\"><strong>Model<\/strong><\/td>\n<td width=\"122\"><strong>Rok<\/strong><\/td>\n<\/tr>\n<tr>\n<td width=\"114\">Jeep<\/td>\n<td width=\"121\">Gladiator<\/td>\n<td width=\"122\">2020\u20132026<\/td>\n<\/tr>\n<tr>\n<td width=\"114\">Jeep<\/td>\n<td width=\"121\">Wrangler<\/td>\n<td width=\"122\">2018\u20132026<\/td>\n<\/tr>\n<\/tbody>\n<\/table>\n<p>&nbsp;<\/p>\n<p>Europejskie JL s\u0105 wyposa\u017cone w kierunkowskazy w lusterkach bocznych, kt\u00f3re zast\u0119puj\u0105 Halos w okablowaniu. Obecnie nie mo\u017cna zainstalowa\u0107 Halos w europejskich JL.<\/p>\n<h3>Jeste\u015bmy autoryzowanym dealerem Z-Automotive!<\/h3>","protected":false},"excerpt":{"rendered":"<p>2018\u20132026<\/p>","protected":false},"featured_media":68284868,"comment_status":"open","ping_status":"closed","template":"","meta":{"_acf_changed":false},"product_brand":[17480],"product_cat":[2951,19705,3014,2945,19767,3362,2959],"product_tag":[3474,455,456,460,452,3475,3476,3471,3470,431,462,4643,3481,429,49,3472,461,447,115,454,2217,453,50,903,441,36,450,451,457,531,445,438,449,448,444,459,3477,517,1154,3473,3479,3480,2980,446,463,443,442,3478,3482,3483,464,175,470,2991,440,458],"class_list":{"0":"post-68284537","1":"product","2":"type-product","3":"status-publish","4":"has-post-thumbnail","6":"product_brand-z-automotive","7":"product_cat-wrangler-36-programmiergeraete","8":"product_cat-gladiator-ecodiesel-programmiergeraete","9":"product_cat-gladiator-36-programmiergeraete","10":"product_cat-wrangler-20-turbo-programmiergeraete","11":"product_cat-wrangler-30-ecodiesel-programmiergeraete","12":"product_cat-wrangler-36-getriebe","13":"product_cat-wrangler-64-programmiergeraete","14":"product_tag-achsuebersetzung","15":"product_tag-adaption","16":"product_tag-adaptionswerte","17":"product_tag-aktivieren","18":"product_tag-allrad","19":"product_tag-anpassen","20":"product_tag-anpassung","21":"product_tag-app","22":"product_tag-blaster","23":"product_tag-burnout","24":"product_tag-codieren","25":"product_tag-codiergeraet","26":"product_tag-codierung","27":"product_tag-deutschland","28":"product_tag-dodge","29":"product_tag-download","30":"product_tag-einschalten","31":"product_tag-evic","32":"product_tag-getriebe","33":"product_tag-getriebesteuerung","34":"product_tag-gladiator","35":"product_tag-heckantrieb","36":"product_tag-jeep","37":"product_tag-jl","38":"product_tag-kaufen","39":"product_tag-kraftwerk","40":"product_tag-lenkradschaltung","41":"product_tag-line-lock","42":"product_tag-loeschen","43":"product_tag-mini","44":"product_tag-nebelleuchten","45":"product_tag-obd","46":"product_tag-paddle-shifter","47":"product_tag-paddles","48":"product_tag-performance-pages","49":"product_tag-programmieren","50":"product_tag-programmierer","51":"product_tag-programmiergeraet","52":"product_tag-programmierung","53":"product_tag-reifenabrollumfang","54":"product_tag-reifendruck","55":"product_tag-reifendrucksensoren","56":"product_tag-rubicon","57":"product_tag-rueckfahrkamera","58":"product_tag-shop","59":"product_tag-sport-modus","60":"product_tag-tazer","61":"product_tag-tpms","62":"product_tag-umcodieren","63":"product_tag-umcodierung","64":"product_tag-webshop","65":"product_tag-wrangler","66":"product_tag-z-auto","67":"product_tag-zauto","68":"product_tag-zautotech","69":"product_tag-zuruecksetzen","71":"first","72":"onbackorder","73":"taxable","74":"shipping-taxable","75":"purchasable","76":"product-type-simple"},"bundled_by":[],"bundle_stock_status":"onbackorder","bundle_stock_quantity":0,"bundle_virtual":false,"bundle_layout":"","bundle_add_to_cart_form_location":"","bundle_editable_in_cart":false,"bundle_sold_individually_context":"","bundle_item_grouping":"","bundle_min_size":"","bundle_max_size":"","bundle_price":[],"bundled_items":[],"bundle_sell_ids":[],"exclude_global_add_ons":[],"addons":[],"acf":[],"_links":{"self":[{"href":"https:\/\/kraftwerk-shop.cc\/pl\/wp-json\/wp\/v2\/product\/68284537","targetHints":{"allow":["GET"]}}],"collection":[{"href":"https:\/\/kraftwerk-shop.cc\/pl\/wp-json\/wp\/v2\/product"}],"about":[{"href":"https:\/\/kraftwerk-shop.cc\/pl\/wp-json\/wp\/v2\/types\/product"}],"replies":[{"embeddable":true,"href":"https:\/\/kraftwerk-shop.cc\/pl\/wp-json\/wp\/v2\/comments?post=68284537"}],"version-history":[{"count":0,"href":"https:\/\/kraftwerk-shop.cc\/pl\/wp-json\/wp\/v2\/product\/68284537\/revisions"}],"wp:featuredmedia":[{"embeddable":true,"href":"https:\/\/kraftwerk-shop.cc\/pl\/wp-json\/wp\/v2\/media\/68284868"}],"wp:attachment":[{"href":"https:\/\/kraftwerk-shop.cc\/pl\/wp-json\/wp\/v2\/media?parent=68284537"}],"wp:term":[{"taxonomy":"product_brand","embeddable":true,"href":"https:\/\/kraftwerk-shop.cc\/pl\/wp-json\/wp\/v2\/product_brand?post=68284537"},{"taxonomy":"product_cat","embeddable":true,"href":"https:\/\/kraftwerk-shop.cc\/pl\/wp-json\/wp\/v2\/product_cat?post=68284537"},{"taxonomy":"product_tag","embeddable":true,"href":"https:\/\/kraftwerk-shop.cc\/pl\/wp-json\/wp\/v2\/product_tag?post=68284537"}],"curies":[{"name":"wp","href":"https:\/\/api.w.org\/{rel}","templated":true}]}}