{"id":68284552,"date":"2023-02-10T21:46:51","date_gmt":"2023-02-10T20:46:51","guid":{"rendered":"https:\/\/kraftwerk-shop.cc\/?post_type=product&#038;p=68284552"},"modified":"2026-02-26T12:16:51","modified_gmt":"2026-02-26T11:16:51","slug":"tazer-jl-lite-wrangler-gladiator","status":"publish","type":"product","link":"https:\/\/kraftwerk-shop.cc\/pl\/produkt\/tazer-jl-lite-wrangler-gladiator\/","title":{"rendered":"Programator Tazer JL Lite Wrangler &amp; Gladiator"},"content":{"rendered":"<h1 class=\"product-title product_title entry-title\">Programator Tazer JL Lite dla Jeepa Wranglera i Gladiatora<\/h1>\n<p>&nbsp;<\/p>\n<p>Tazer JL Lite to niezb\u0119dne urz\u0105dzenie do programowania \/ kodowania dla w\u0142a\u015bcicieli 2018+ Wrangler JL i Jeep Gladiator.<br \/>\nObs\u0142ugiwane s\u0105 wszystkie warianty silnik\u00f3w i skrzy\u0144 bieg\u00f3w, w tym modele eksportowe.<\/p>\n<p>Wystarczy wyj\u0105\u0107 modu\u0142 SGW i w\u0142o\u017cy\u0107 w jego miejsce Tazer JL Lite. Znajduje si\u0119 on nad z\u0142\u0105czem diagnostycznym OBD2. Mo\u017cna r\u00f3wnie\u017c zainstalowa\u0107 przed\u0142u\u017cacz SGW, aby u\u0142atwi\u0107 demonta\u017c i ponown\u0105 instalacj\u0119 podczas wizyty u dealera.<\/p>\n<p>Wszystkie funkcje s\u0105 dost\u0119pne za po\u015brednictwem zestawu wska\u017anik\u00f3w i przycisk\u00f3w na kierownicy do poruszania si\u0119 po menu.<\/p>\n<p>&nbsp;<\/p>\n<p><strong>Funkcje Tazer JL Lite mo\u017cna podzieli\u0107 na trzy kategorie:<\/strong><\/p>\n<ul>\n<li>Na <strong>Ustawienia pojazdu<\/strong> s\u0105 dost\u0119pne, gdy silnik jest wy\u0142\u0105czony, a zap\u0142on znajduje si\u0119 w pozycji \"RUN\". S\u0105 to zmiany wprowadzone w Jeepie, takie jak rozmiar opon, prze\u0142o\u017cenie lub ustawienia uwzgl\u0119dniaj\u0105ce inne ulepszenia. Zmiany te s\u0105 zachowywane nawet po od\u0142\u0105czeniu urz\u0105dzenia Tazer JL Lite od samochodu.<\/li>\n<li>Na <strong>Funkcje na \u017cywo<\/strong> jest dost\u0119pny po w\u0142\u0105czeniu silnika. S\u0105 to procesy, kt\u00f3re Tazer JL Lite wykonuje w czasie rzeczywistym, tylko wtedy, gdy jest fizycznie pod\u0142\u0105czony do pojazdu.<\/li>\n<li><strong>\"Funkcje podgl\u0105du na \u017cywo spoza menu<\/strong> nie znajduj\u0105 si\u0119 w menu. S\u0105 one aktywowane automatycznie lub za pomoc\u0105 kombinacji przycisk\u00f3w na kierownicy. S\u0105 to procesy, kt\u00f3re Tazer JL Lite wykonuje na \u017cywo tylko wtedy, gdy jest fizycznie pod\u0142\u0105czony.<\/li>\n<\/ul>\n<p>&nbsp;<\/p>\n<p><strong>Lista ustawie\u0144 pojazdu:<\/strong><\/p>\n<ul>\n<li>Pokaz \u015bwietlny\n<ul>\n<li>6 zaprogramowanych i 3 niestandardowe pokazy \u015bwietlne, kt\u00f3re sprawiaj\u0105, \u017ce wszystkie \u015bwiat\u0142a zewn\u0119trzne migaj\u0105<\/li>\n<li>Idealny do pokaz\u00f3w samochodowych \/ pierwszej pomocy \/ widoczno\u015bci w terenie - sterowany za pomoc\u0105 kluczyka pojazdu lub przycisk\u00f3w na kierownicy<\/li>\n<li>Mo\u017ce by\u0107 aktywowany podczas jazdy, do u\u017cytku w paradach, w terenie i do legalnych zastosowa\u0144 policyjnych lub ratowniczych.<\/li>\n<\/ul>\n<\/li>\n<li>Odczytywanie i wy\u015bwietlanie kod\u00f3w b\u0142\u0119d\u00f3w w ca\u0142ym systemie lub w okre\u015blonych modu\u0142ach<\/li>\n<li>Zmiana rozmiaru opony (regulacja pr\u0119dko\u015bciomierza)<\/li>\n<li>Zmiana prze\u0142o\u017cenia (maks. 4,11 dla 4XE)<\/li>\n<li>Zmiana prze\u0142o\u017cenia skrzyni bieg\u00f3w LOW<\/li>\n<li>System monitorowania ci\u015bnienia w oponach (TPMS) Aktywacja\/dezaktywacja systemu<\/li>\n<li>Ustawienie limitu ostrzegawczego ci\u015bnienia TPMS z przodu i z ty\u0142u w zakresie od 25 psi do 85 psi.<\/li>\n<li>Powr\u00f3t do stanu fabrycznego jednym dotkni\u0119ciem - szybka funkcja \"Unmarry\" resetuje wszystkie ustawienia do stanu domy\u015blnego<\/li>\n<\/ul>\n<p>&nbsp;<\/p>\n<p><strong>Lista funkcji na \u017cywo:<\/strong><\/p>\n<ul>\n<li>Aktywacja pokazu \u015bwietlnego<\/li>\n<li>Ustaw pr\u0119dko\u015b\u0107 trybu wci\u0105garki (z wyj\u0105tkiem 4XE)<\/li>\n<li>Migaj\u0105ce kontrolki wskazuj\u0105ce ci\u015bnienie w oponach podczas tankowania<\/li>\n<li>Tryb ciemny - wy\u0142\u0105cza ca\u0142e o\u015bwietlenie zewn\u0119trzne i pod\u015bwietlenie zestawu wska\u017anik\u00f3w\/radia\/d\u017awigni zmiany bieg\u00f3w, gdy silnik pracuje.<\/li>\n<li>Aktywacja i prze\u0142\u0105czanie wej\u015b\u0107 kamery<\/li>\n<li>Wy\u015bwietlanie wska\u017anika podci\u015bnienia\/wspomagania<\/li>\n<li>0-30 Aktywacja timera<\/li>\n<li>Aktywacja timera 0-60<\/li>\n<\/ul>\n<p>&nbsp;<\/p>\n<p><strong>Lista funkcji podgl\u0105du na \u017cywo spoza menu<\/strong><\/p>\n<ul>\n<li>Deactivate AutoStopStart - Tazer JL Lite automatycznie zapami\u0119tuje ostatni stan automatycznego systemu start\/stop i resetuje go przy nast\u0119pnym uruchomieniu pojazdu.<\/li>\n<li>Od\u0142\u0105cz stabilizator w trybie 2WD do pr\u0119dko\u015bci 30 mph lub przy dowolnej pr\u0119dko\u015bci, je\u015bli jest przypisany do przycisku.<\/li>\n<li>Tryb ch\u0142odzenia - w\u0142\u0105cza wentylatory silnika, gdy jest to wymagane<\/li>\n<li>Tryb wyci\u0105garki - podniesienie pr\u0119dko\u015bci obrotowej biegu ja\u0142owego do dowolnie wybranej warto\u015bci pomi\u0119dzy 1250 a 2000 (z wyj\u0105tkiem 4XE).<\/li>\n<li>Line Lock - blokuje przednie hamulce, u\u0142atwiaj\u0105c wypalenie.<\/li>\n<li>Rock Crawl - blokuje wszystkie cztery hamulce za pomoc\u0105 kombinacji przycisk\u00f3w na kierownicy, aby utrzyma\u0107 pojazd w miejscu, szczeg\u00f3lnie przydatne w terenie (z wyj\u0105tkiem 4XE).<\/li>\n<li>Zablokuj wszystkie cztery hamulce w pozycji parkowania, aby zakotwiczy\u0107 Jeepa (skr\u00f3t) (z wyj\u0105tkiem 4XE).<\/li>\n<li>Cz\u0119\u015bciowy restart<\/li>\n<\/ul>\n<p>&nbsp;<\/p>\n<p><strong>Odpowiedni dla:<\/strong><\/p>\n<table width=\"357\">\n<tbody>\n<tr>\n<td width=\"114\"><strong>Marka<\/strong><\/td>\n<td width=\"121\"><strong>Model<\/strong><\/td>\n<td width=\"122\"><strong>Rok<\/strong><\/td>\n<\/tr>\n<tr>\n<td width=\"114\">Jeep<\/td>\n<td width=\"121\">Gladiator<\/td>\n<td width=\"122\">2020\u20132026<\/td>\n<\/tr>\n<tr>\n<td width=\"114\">Jeep<\/td>\n<td width=\"121\">Wrangler<\/td>\n<td width=\"122\">2018\u20132026<\/td>\n<\/tr>\n<\/tbody>\n<\/table>\n<p>&nbsp;<\/p>\n<p>Tazer JL Lite mo\u017cna w dowolnym momencie zaktualizowa\u0107 do pe\u0142nej wersji Tazer JL Mini przez USB, kupuj\u0105c klucz aktywacyjny.<\/p>\n<h3>Jeste\u015bmy autoryzowanym dealerem Z-Automotive!<\/h3>\n<p>&nbsp;<\/p>","protected":false},"excerpt":{"rendered":"<p>2018\u20132026<\/p>","protected":false},"featured_media":68284870,"comment_status":"open","ping_status":"closed","template":"","meta":{"_acf_changed":false},"product_brand":[17480],"product_cat":[2951,19705,3014,2945,19767,3362,2959],"product_tag":[3474,455,456,460,452,3475,3476,3471,3470,431,462,4643,3481,429,49,3472,461,447,115,454,2217,453,50,903,441,36,450,451,457,531,445,438,449,448,444,459,3477,517,1154,3473,3479,3480,2980,446,463,443,442,3478,3482,3483,464,175,470,2991,440,458],"class_list":{"0":"post-68284552","1":"product","2":"type-product","3":"status-publish","4":"has-post-thumbnail","6":"product_brand-z-automotive","7":"product_cat-wrangler-36-programmiergeraete","8":"product_cat-gladiator-ecodiesel-programmiergeraete","9":"product_cat-gladiator-36-programmiergeraete","10":"product_cat-wrangler-20-turbo-programmiergeraete","11":"product_cat-wrangler-30-ecodiesel-programmiergeraete","12":"product_cat-wrangler-36-getriebe","13":"product_cat-wrangler-64-programmiergeraete","14":"product_tag-achsuebersetzung","15":"product_tag-adaption","16":"product_tag-adaptionswerte","17":"product_tag-aktivieren","18":"product_tag-allrad","19":"product_tag-anpassen","20":"product_tag-anpassung","21":"product_tag-app","22":"product_tag-blaster","23":"product_tag-burnout","24":"product_tag-codieren","25":"product_tag-codiergeraet","26":"product_tag-codierung","27":"product_tag-deutschland","28":"product_tag-dodge","29":"product_tag-download","30":"product_tag-einschalten","31":"product_tag-evic","32":"product_tag-getriebe","33":"product_tag-getriebesteuerung","34":"product_tag-gladiator","35":"product_tag-heckantrieb","36":"product_tag-jeep","37":"product_tag-jl","38":"product_tag-kaufen","39":"product_tag-kraftwerk","40":"product_tag-lenkradschaltung","41":"product_tag-line-lock","42":"product_tag-loeschen","43":"product_tag-mini","44":"product_tag-nebelleuchten","45":"product_tag-obd","46":"product_tag-paddle-shifter","47":"product_tag-paddles","48":"product_tag-performance-pages","49":"product_tag-programmieren","50":"product_tag-programmierer","51":"product_tag-programmiergeraet","52":"product_tag-programmierung","53":"product_tag-reifenabrollumfang","54":"product_tag-reifendruck","55":"product_tag-reifendrucksensoren","56":"product_tag-rubicon","57":"product_tag-rueckfahrkamera","58":"product_tag-shop","59":"product_tag-sport-modus","60":"product_tag-tazer","61":"product_tag-tpms","62":"product_tag-umcodieren","63":"product_tag-umcodierung","64":"product_tag-webshop","65":"product_tag-wrangler","66":"product_tag-z-auto","67":"product_tag-zauto","68":"product_tag-zautotech","69":"product_tag-zuruecksetzen","71":"first","72":"instock","73":"taxable","74":"shipping-taxable","75":"purchasable","76":"product-type-simple"},"bundled_by":[],"bundle_stock_status":"instock","bundle_stock_quantity":4,"bundle_virtual":false,"bundle_layout":"","bundle_add_to_cart_form_location":"","bundle_editable_in_cart":false,"bundle_sold_individually_context":"","bundle_item_grouping":"","bundle_min_size":"","bundle_max_size":"","bundle_price":[],"bundled_items":[],"bundle_sell_ids":[],"exclude_global_add_ons":[],"addons":[],"acf":[],"_links":{"self":[{"href":"https:\/\/kraftwerk-shop.cc\/pl\/wp-json\/wp\/v2\/product\/68284552","targetHints":{"allow":["GET"]}}],"collection":[{"href":"https:\/\/kraftwerk-shop.cc\/pl\/wp-json\/wp\/v2\/product"}],"about":[{"href":"https:\/\/kraftwerk-shop.cc\/pl\/wp-json\/wp\/v2\/types\/product"}],"replies":[{"embeddable":true,"href":"https:\/\/kraftwerk-shop.cc\/pl\/wp-json\/wp\/v2\/comments?post=68284552"}],"version-history":[{"count":0,"href":"https:\/\/kraftwerk-shop.cc\/pl\/wp-json\/wp\/v2\/product\/68284552\/revisions"}],"wp:featuredmedia":[{"embeddable":true,"href":"https:\/\/kraftwerk-shop.cc\/pl\/wp-json\/wp\/v2\/media\/68284870"}],"wp:attachment":[{"href":"https:\/\/kraftwerk-shop.cc\/pl\/wp-json\/wp\/v2\/media?parent=68284552"}],"wp:term":[{"taxonomy":"product_brand","embeddable":true,"href":"https:\/\/kraftwerk-shop.cc\/pl\/wp-json\/wp\/v2\/product_brand?post=68284552"},{"taxonomy":"product_cat","embeddable":true,"href":"https:\/\/kraftwerk-shop.cc\/pl\/wp-json\/wp\/v2\/product_cat?post=68284552"},{"taxonomy":"product_tag","embeddable":true,"href":"https:\/\/kraftwerk-shop.cc\/pl\/wp-json\/wp\/v2\/product_tag?post=68284552"}],"curies":[{"name":"wp","href":"https:\/\/api.w.org\/{rel}","templated":true}]}}