{"id":68284892,"date":"2023-02-16T10:51:38","date_gmt":"2023-02-16T09:51:38","guid":{"rendered":"https:\/\/kraftwerk-shop.cc\/?post_type=product&#038;p=68284892"},"modified":"2026-02-14T23:59:05","modified_gmt":"2026-02-14T22:59:05","slug":"dba-ford-mustang-ecoboost-db9011xp","status":"publish","type":"product","link":"https:\/\/kraftwerk-shop.cc\/pl\/produkt\/dba-ford-mustang-ecoboost-db9011xp\/","title":{"rendered":"Klocki hamulcowe DBA do Ford Mustang 2.3 EcoBoost DB9011XP"},"content":{"rendered":"<h1>Klocki hamulcowe DBA do Ford Mustang 2.3 EcoBoost DB9011XP (o\u015b przednia)<\/h1>\n<p>&nbsp;<\/p>\n<p>Klocki hamulcowe Xtreme Performance firmy DBA zosta\u0142y opracowane dla kierowc\u00f3w, kt\u00f3rzy oczekuj\u0105 wysokiej przyczepno\u015bci pocz\u0105tkowej i odporno\u015bci na tarcie w niskich i wysokich temperaturach.<br \/>\nSeria XP zosta\u0142a zaprojektowana do ci\u0119\u017ckich zastosowa\u0144, w kt\u00f3rych wymagany jest wy\u017cszy poziom tarcia w celu bezpiecznego hamowania w ekstremalnych warunkach.<\/p>\n<p>DBA zaleca po\u0142\u0105czenie z tarczami szczelinowymi T3 z serii 4000 i 5000 w celu uzyskania optymalnej skuteczno\u015bci hamowania.<br \/>\nSpecyfikacje:<\/p>\n<ul>\n<li>P\u00f3\u0142metaliczny materia\u0142 cierny wzmocniony w\u0142\u00f3knem w\u0119glowym<\/li>\n<li>Wsp\u00f3\u0142czynnik tarcia wynosi \u015brednio 0,45 od niskich do wysokich temperatur.<\/li>\n<li>\u00a0Wyj\u0105tkowa wydajno\u015b\u0107 w wysokich temperaturach<\/li>\n<li>Optymalna sp\u00f3jno\u015b\u0107 hamowania do 550<span style=\"font-family: cambria math,serif;\">\u2103<\/span> (1022<span style=\"font-family: cambria math,serif;\">\u2109<\/span>)<\/li>\n<\/ul>\n<p><strong>Odpowiedni dla:<\/strong><\/p>\n<table width=\"0\">\n<tbody>\n<tr>\n<td width=\"64\">Ford<\/td>\n<td width=\"117\">Mustang EcoBoost<\/td>\n<td width=\"137\">2.3<\/td>\n<td width=\"391\">Lata produkcji 2015-2023 z tarczami hamulcowymi 352 mm<\/td>\n<\/tr>\n<\/tbody>\n<\/table>\n<p>Autoryzacja: <strong>bez<\/strong><br \/>\nCena dotyczy 1 zestawu dla kompletnej osi przedniej.<\/p>\n<p><strong>Dane:<\/strong><\/p>\n<table border=\"0\" width=\"487\" cellspacing=\"0\" cellpadding=\"0\">\n<colgroup>\n<col \/>\n<col \/> <\/colgroup>\n<tbody>\n<tr>\n<td height=\"19\">\n<div data-v-369d9bee=\"\" data-v-7bd94b2e=\"\">\n<div data-v-369d9bee=\"\">Szeroko\u015b\u0107 (mm):<\/div>\n<\/div>\n<\/td>\n<td><span class=\"floatright\">163.1<\/span><\/td>\n<\/tr>\n<tr>\n<td height=\"19\">\n<div data-v-369d9bee=\"\">Wysoko\u015b\u0107 (mm):<\/div>\n<\/td>\n<td><span class=\"floatright\">90.7+81<\/span><\/td>\n<\/tr>\n<tr>\n<td height=\"19\">\n<div data-v-369d9bee=\"\">Grubo\u015b\u0107 klocka hamulcowego (mm):<\/div>\n<\/td>\n<td><span class=\"floatright\">16.8<\/span><\/td>\n<\/tr>\n<tr>\n<td height=\"19\">\n<div data-v-369d9bee=\"\">FMSI:<\/div>\n<\/td>\n<td><span class=\"floatright\">9011-D1784<\/span><\/td>\n<\/tr>\n<tr>\n<td height=\"19\">\n<div data-v-369d9bee=\"\">OEM:<\/div>\n<\/td>\n<td><span class=\"floatright\">FR3Z2001A<\/span><\/td>\n<\/tr>\n<tr>\n<td height=\"19\">\n<div data-v-369d9bee=\"\">O\u015b:<\/div>\n<\/td>\n<td>prz\u00f3d<\/td>\n<\/tr>\n<tr>\n<td height=\"19\">Waga (kg):<\/td>\n<td><span class=\"floatright\">3.16<\/span><\/td>\n<\/tr>\n<\/tbody>\n<\/table>\n<p>&nbsp;<\/p>\n<p>&nbsp;<\/p>","protected":false},"excerpt":{"rendered":"<p>Nadaje si\u0119 do tarcz hamulcowych 352 mm<\/p>","protected":false},"featured_media":68284894,"comment_status":"open","ping_status":"closed","template":"","meta":{"_acf_changed":false},"product_brand":[18922],"product_cat":[4651],"product_tag":[4020,838,590,795,839,840,4687,789,3873,692,917,2934,3872,186,2139,842,841,3349,673,2137],"class_list":{"0":"post-68284892","1":"product","2":"type-product","3":"status-publish","4":"has-post-thumbnail","6":"product_brand-dba","7":"product_cat-mustang-23-ecoboost-bremsen-vorne","8":"product_tag-2-3","9":"product_tag-bremsbelag","10":"product_tag-bremsbelaege","11":"product_tag-bremse","12":"product_tag-bremsklotz","13":"product_tag-bremskloetze","14":"product_tag-db9011xp","15":"product_tag-dba","16":"product_tag-ecoboost","17":"product_tag-ersatzteil","18":"product_tag-ford","19":"product_tag-harder","20":"product_tag-mustang","21":"product_tag-performance","22":"product_tag-tuev","23":"product_tag-vorderachse","24":"product_tag-vorne","25":"product_tag-xtreme","26":"product_tag-zubehoer","27":"product_tag-zulassung","29":"first","30":"onbackorder","31":"taxable","32":"shipping-taxable","33":"purchasable","34":"product-type-simple"},"bundled_by":[],"bundle_stock_status":"onbackorder","bundle_stock_quantity":0,"bundle_virtual":false,"bundle_layout":"","bundle_add_to_cart_form_location":"","bundle_editable_in_cart":false,"bundle_sold_individually_context":"","bundle_item_grouping":"","bundle_min_size":"","bundle_max_size":"","bundle_price":[],"bundled_items":[],"bundle_sell_ids":[],"exclude_global_add_ons":[],"addons":[],"acf":[],"_links":{"self":[{"href":"https:\/\/kraftwerk-shop.cc\/pl\/wp-json\/wp\/v2\/product\/68284892","targetHints":{"allow":["GET"]}}],"collection":[{"href":"https:\/\/kraftwerk-shop.cc\/pl\/wp-json\/wp\/v2\/product"}],"about":[{"href":"https:\/\/kraftwerk-shop.cc\/pl\/wp-json\/wp\/v2\/types\/product"}],"replies":[{"embeddable":true,"href":"https:\/\/kraftwerk-shop.cc\/pl\/wp-json\/wp\/v2\/comments?post=68284892"}],"version-history":[{"count":0,"href":"https:\/\/kraftwerk-shop.cc\/pl\/wp-json\/wp\/v2\/product\/68284892\/revisions"}],"wp:featuredmedia":[{"embeddable":true,"href":"https:\/\/kraftwerk-shop.cc\/pl\/wp-json\/wp\/v2\/media\/68284894"}],"wp:attachment":[{"href":"https:\/\/kraftwerk-shop.cc\/pl\/wp-json\/wp\/v2\/media?parent=68284892"}],"wp:term":[{"taxonomy":"product_brand","embeddable":true,"href":"https:\/\/kraftwerk-shop.cc\/pl\/wp-json\/wp\/v2\/product_brand?post=68284892"},{"taxonomy":"product_cat","embeddable":true,"href":"https:\/\/kraftwerk-shop.cc\/pl\/wp-json\/wp\/v2\/product_cat?post=68284892"},{"taxonomy":"product_tag","embeddable":true,"href":"https:\/\/kraftwerk-shop.cc\/pl\/wp-json\/wp\/v2\/product_tag?post=68284892"}],"curies":[{"name":"wp","href":"https:\/\/api.w.org\/{rel}","templated":true}]}}