{"id":68284908,"date":"2023-02-16T11:48:18","date_gmt":"2023-02-16T10:48:18","guid":{"rendered":"https:\/\/kraftwerk-shop.cc\/?post_type=product&#038;p=68284908"},"modified":"2026-02-15T00:43:14","modified_gmt":"2026-02-14T23:43:14","slug":"dba-ford-mustang-2-3-ecoboost-db9011sp","status":"publish","type":"product","link":"https:\/\/kraftwerk-shop.cc\/pl\/produkt\/dba-ford-mustang-2-3-ecoboost-db9011sp\/","title":{"rendered":"Klocki hamulcowe DBA do Forda Mustanga 2.3 EcoBoost DB9011SP"},"content":{"rendered":"<h1>Klocki hamulcowe DBA do Ford Mustang 2.3 EcoBoost DB9011SP (o\u015b przednia)<\/h1>\n<p>&nbsp;<\/p>\n<p>Klocki hamulcowe Street Performance (SP) firmy DBA zosta\u0142y opracowane dla kierowc\u00f3w, kt\u00f3rzy chc\u0105 osi\u0105gn\u0105\u0107 lepsz\u0105 skuteczno\u015b\u0107 hamowania ni\u017c w przypadku konwencjonalnych klock\u00f3w hamulcowych O.E..<br \/>\nAby osi\u0105gn\u0105\u0107 optymaln\u0105 skuteczno\u015b\u0107 hamowania, DBA zaleca stosowanie tych klock\u00f3w hamulcowych z tarczami hamulcowymi DBA T2 lub T3 ze szczelinami.<\/p>\n<p>Specyfikacje:<\/p>\n<ul>\n<li>P\u00f3\u0142metaliczny materia\u0142 cierny<\/li>\n<li>Wsp\u00f3\u0142czynnik tarcia wynosi \u015brednio 0,45 od niskich do wysokich temperatur.<\/li>\n<li>\u00a0Wyj\u0105tkowa wydajno\u015b\u0107 w wysokich temperaturach<\/li>\n<li>Optymalna sp\u00f3jno\u015b\u0107 hamowania do 438 \u2103 (820 \u2109)<\/li>\n<\/ul>\n<p><strong>Odpowiedni dla:<\/strong><\/p>\n<table width=\"0\">\n<tbody>\n<tr>\n<td width=\"64\">Ford<\/td>\n<td width=\"117\">Mustang EcoBoost<\/td>\n<td width=\"137\">2.3<\/td>\n<td width=\"391\">Lata produkcji 2015-2023 z tarczami hamulcowymi 352 mm<\/td>\n<\/tr>\n<\/tbody>\n<\/table>\n<p>Autoryzacja: <strong>bez<\/strong><br \/>\nCena dotyczy 1 zestawu dla kompletnej osi przedniej.<\/p>\n<p><strong>Dane:<\/strong><\/p>\n<table border=\"0\" width=\"487\" cellspacing=\"0\" cellpadding=\"0\">\n<colgroup>\n<col \/>\n<col \/> <\/colgroup>\n<tbody>\n<tr>\n<td height=\"19\">\n<div data-v-369d9bee=\"\" data-v-7bd94b2e=\"\">\n<div data-v-369d9bee=\"\">Szeroko\u015b\u0107 (mm):<\/div>\n<\/div>\n<\/td>\n<td><span class=\"floatright\">163.1<\/span><\/td>\n<\/tr>\n<tr>\n<td height=\"19\">\n<div data-v-369d9bee=\"\">Wysoko\u015b\u0107 (mm):<\/div>\n<\/td>\n<td><span class=\"floatright\">90.7+81<\/span><\/td>\n<\/tr>\n<tr>\n<td height=\"19\">\n<div data-v-369d9bee=\"\">Grubo\u015b\u0107 klocka hamulcowego (mm):<\/div>\n<\/td>\n<td><span class=\"floatright\">16.8<\/span><\/td>\n<\/tr>\n<tr>\n<td height=\"19\">\n<div data-v-369d9bee=\"\">FMSI:<\/div>\n<\/td>\n<td><span class=\"floatright\">9011-D1784<\/span><\/td>\n<\/tr>\n<tr>\n<td height=\"19\">\n<div data-v-369d9bee=\"\">OEM:<\/div>\n<\/td>\n<td><span class=\"floatright\">FR3Z2001A<\/span><\/td>\n<\/tr>\n<tr>\n<td height=\"19\">\n<div data-v-369d9bee=\"\">O\u015b:<\/div>\n<\/td>\n<td>prz\u00f3d<\/td>\n<\/tr>\n<tr>\n<td height=\"19\">Waga (kg):<\/td>\n<td><span class=\"floatright\">3.16<\/span><\/td>\n<\/tr>\n<\/tbody>\n<\/table>","protected":false},"excerpt":{"rendered":"<p>Nadaje si\u0119 do tarcz hamulcowych 352 mm<\/p>","protected":false},"featured_media":68284911,"comment_status":"open","ping_status":"closed","template":"","meta":{"_acf_changed":false},"product_brand":[18922],"product_cat":[4651],"product_tag":[4020,4693,4690,838,590,795,839,840,4689,789,3873,692,917,4691,2934,3872,2215,4692,258,2139,842,841,673],"class_list":{"0":"post-68284908","1":"product","2":"type-product","3":"status-publish","4":"has-post-thumbnail","6":"product_brand-dba","7":"product_cat-mustang-23-ecoboost-bremsen-vorne","8":"product_tag-2-3","9":"product_tag-2-3-turbo","10":"product_tag-9011-d1784","11":"product_tag-bremsbelag","12":"product_tag-bremsbelaege","13":"product_tag-bremse","14":"product_tag-bremsklotz","15":"product_tag-bremskloetze","16":"product_tag-db9011sp","17":"product_tag-dba","18":"product_tag-ecoboost","19":"product_tag-ersatzteil","20":"product_tag-ford","21":"product_tag-fr3z2001a","22":"product_tag-harder","23":"product_tag-mustang","24":"product_tag-street","25":"product_tag-street-performance","26":"product_tag-turbo","27":"product_tag-tuev","28":"product_tag-vorderachse","29":"product_tag-vorne","30":"product_tag-zubehoer","32":"first","33":"onbackorder","34":"taxable","35":"shipping-taxable","36":"purchasable","37":"product-type-simple"},"bundled_by":[],"bundle_stock_status":"onbackorder","bundle_stock_quantity":0,"bundle_virtual":false,"bundle_layout":"","bundle_add_to_cart_form_location":"","bundle_editable_in_cart":false,"bundle_sold_individually_context":"","bundle_item_grouping":"","bundle_min_size":"","bundle_max_size":"","bundle_price":[],"bundled_items":[],"bundle_sell_ids":[],"exclude_global_add_ons":[],"addons":[],"acf":[],"_links":{"self":[{"href":"https:\/\/kraftwerk-shop.cc\/pl\/wp-json\/wp\/v2\/product\/68284908","targetHints":{"allow":["GET"]}}],"collection":[{"href":"https:\/\/kraftwerk-shop.cc\/pl\/wp-json\/wp\/v2\/product"}],"about":[{"href":"https:\/\/kraftwerk-shop.cc\/pl\/wp-json\/wp\/v2\/types\/product"}],"replies":[{"embeddable":true,"href":"https:\/\/kraftwerk-shop.cc\/pl\/wp-json\/wp\/v2\/comments?post=68284908"}],"version-history":[{"count":0,"href":"https:\/\/kraftwerk-shop.cc\/pl\/wp-json\/wp\/v2\/product\/68284908\/revisions"}],"wp:featuredmedia":[{"embeddable":true,"href":"https:\/\/kraftwerk-shop.cc\/pl\/wp-json\/wp\/v2\/media\/68284911"}],"wp:attachment":[{"href":"https:\/\/kraftwerk-shop.cc\/pl\/wp-json\/wp\/v2\/media?parent=68284908"}],"wp:term":[{"taxonomy":"product_brand","embeddable":true,"href":"https:\/\/kraftwerk-shop.cc\/pl\/wp-json\/wp\/v2\/product_brand?post=68284908"},{"taxonomy":"product_cat","embeddable":true,"href":"https:\/\/kraftwerk-shop.cc\/pl\/wp-json\/wp\/v2\/product_cat?post=68284908"},{"taxonomy":"product_tag","embeddable":true,"href":"https:\/\/kraftwerk-shop.cc\/pl\/wp-json\/wp\/v2\/product_tag?post=68284908"}],"curies":[{"name":"wp","href":"https:\/\/api.w.org\/{rel}","templated":true}]}}