{"id":68284914,"date":"2023-02-16T12:51:14","date_gmt":"2023-02-16T11:51:14","guid":{"rendered":"https:\/\/kraftwerk-shop.cc\/?post_type=product&#038;p=68284914"},"modified":"2026-02-15T00:48:03","modified_gmt":"2026-02-14T23:48:03","slug":"tarcza-hamulcowa-dba-ford-mustang-dba3652e","status":"publish","type":"product","link":"https:\/\/kraftwerk-shop.cc\/pl\/produkt\/dba-bremsscheibe-ford-mustang-dba3652e\/","title":{"rendered":"Tarcza hamulcowa DBA do Forda Mustanga 3.7 DBA3652E Street Series"},"content":{"rendered":"<h1>Tarcza hamulcowa DBA do Ford Mustang 3.7 DBA3652E Street Series (o\u015b przednia)<\/h1>\n<ul>\n<li>Idealny do szybkiej jazdy<\/li>\n<li>Wysoka jako\u015b\u0107, wysoka wydajno\u015b\u0107 dla Twoich wymaga\u0144<\/li>\n<\/ul>\n<p>Wszystkie tarcze hamulcowe DBA maj\u0105 unikalny punkt wyj\u015bcia - opatentowany przez DBA wysokow\u0119glowy stop \u017celiwa znany jako XG-150. Ta zastrze\u017cona mieszanka zosta\u0142a wybrana ze wzgl\u0119du na jej wysok\u0105 wytrzyma\u0142o\u015b\u0107 i doskona\u0142\u0105 stabilno\u015b\u0107 termiczn\u0105. Oznacza to, \u017ce tarcze maj\u0105 z natury doskona\u0142\u0105 odporno\u015b\u0107 na odkszta\u0142cenia spowodowane nadmiernym ciep\u0142em.<\/p>\n<p><strong>Odpowiedni dla:<br \/>\n<\/strong><\/p>\n<table width=\"498\">\n<tbody>\n<tr>\n<td width=\"94\">Ford<\/td>\n<td width=\"158\">Mustang<\/td>\n<td width=\"134\">3.7 V6<\/td>\n<td width=\"112\">2015 - 2017<\/td>\n<\/tr>\n<\/tbody>\n<\/table>\n<p><strong>\u00a0<\/strong><strong>Dane:<\/strong><\/p>\n<table border=\"0\" width=\"487\" cellspacing=\"0\" cellpadding=\"0\">\n<colgroup>\n<col \/>\n<col \/> <\/colgroup>\n<tbody>\n<tr>\n<td style=\"height: 19px; width: 248px;\" height=\"19\">\n<div data-v-369d9bee=\"\" data-v-7bd94b2e=\"\">\n<div data-v-369d9bee=\"\">\u015arednica (mm)<\/div>\n<\/div>\n<\/td>\n<td style=\"width: 239px;\">320<\/td>\n<\/tr>\n<tr>\n<td style=\"height: 19px;\" height=\"19\">\n<div data-v-369d9bee=\"\">Liczba otwor\u00f3w<\/div>\n<\/td>\n<td>5<\/td>\n<\/tr>\n<tr>\n<td style=\"height: 19px;\" height=\"19\">\n<div data-v-369d9bee=\"\">\u015arednica wewn\u0119trzna (mm)<\/div>\n<\/td>\n<td>71<\/td>\n<\/tr>\n<tr>\n<td style=\"height: 19px;\" height=\"19\">\n<div data-v-369d9bee=\"\">Grubo\u015b\u0107 (mm)<\/div>\n<\/td>\n<td>30<\/td>\n<\/tr>\n<tr>\n<td style=\"height: 19px;\" height=\"19\">\n<div data-v-369d9bee=\"\">Wysoko\u015b\u0107 (mm)<\/div>\n<\/td>\n<td>62<\/td>\n<\/tr>\n<tr>\n<td style=\"height: 19px;\" height=\"19\">\n<div data-v-369d9bee=\"\">Minimalna grubo\u015b\u0107 (mm)<\/div>\n<\/td>\n<td><span class=\"floatright\">28.5<\/span><\/td>\n<\/tr>\n<tr>\n<td style=\"height: 19px;\" height=\"19\">Waga (kg)<\/td>\n<td><span class=\"floatright\">9.6<\/span><\/td>\n<\/tr>\n<\/tbody>\n<\/table>\n<p>Autoryzacja: <strong>Zgodno\u015b\u0107 z norm\u0105 ECE R90<\/strong><\/p>\n<p>Cena dotyczy jednej tarczy hamulcowej.<\/p>\n<p>&nbsp;<\/p>","protected":false},"excerpt":{"rendered":"<p>Tarcza hamulcowa 320 mm<\/p>","protected":false},"featured_media":68284916,"comment_status":"open","ping_status":"closed","template":"","meta":{"_acf_changed":false},"product_brand":[18922],"product_cat":[4654],"product_tag":[508,795,796,789,4694,692,917,2934,3872,186,797,673],"class_list":{"0":"post-68284914","1":"product","2":"type-product","3":"status-publish","4":"has-post-thumbnail","6":"product_brand-dba","7":"product_cat-mustang-37-bremsen-vorne","8":"product_tag-3-7","9":"product_tag-bremse","10":"product_tag-bremsscheibe","11":"product_tag-dba","12":"product_tag-dba3652e","13":"product_tag-ersatzteil","14":"product_tag-ford","15":"product_tag-harder","16":"product_tag-mustang","17":"product_tag-performance","18":"product_tag-sportbremsscheibe","19":"product_tag-zubehoer","21":"first","22":"onbackorder","23":"taxable","24":"shipping-taxable","25":"purchasable","26":"product-type-simple"},"bundled_by":[],"bundle_stock_status":"onbackorder","bundle_stock_quantity":0,"bundle_virtual":false,"bundle_layout":"","bundle_add_to_cart_form_location":"","bundle_editable_in_cart":false,"bundle_sold_individually_context":"","bundle_item_grouping":"","bundle_min_size":"","bundle_max_size":"","bundle_price":[],"bundled_items":[],"bundle_sell_ids":[],"exclude_global_add_ons":[],"addons":[],"acf":[],"_links":{"self":[{"href":"https:\/\/kraftwerk-shop.cc\/pl\/wp-json\/wp\/v2\/product\/68284914","targetHints":{"allow":["GET"]}}],"collection":[{"href":"https:\/\/kraftwerk-shop.cc\/pl\/wp-json\/wp\/v2\/product"}],"about":[{"href":"https:\/\/kraftwerk-shop.cc\/pl\/wp-json\/wp\/v2\/types\/product"}],"replies":[{"embeddable":true,"href":"https:\/\/kraftwerk-shop.cc\/pl\/wp-json\/wp\/v2\/comments?post=68284914"}],"version-history":[{"count":0,"href":"https:\/\/kraftwerk-shop.cc\/pl\/wp-json\/wp\/v2\/product\/68284914\/revisions"}],"wp:featuredmedia":[{"embeddable":true,"href":"https:\/\/kraftwerk-shop.cc\/pl\/wp-json\/wp\/v2\/media\/68284916"}],"wp:attachment":[{"href":"https:\/\/kraftwerk-shop.cc\/pl\/wp-json\/wp\/v2\/media?parent=68284914"}],"wp:term":[{"taxonomy":"product_brand","embeddable":true,"href":"https:\/\/kraftwerk-shop.cc\/pl\/wp-json\/wp\/v2\/product_brand?post=68284914"},{"taxonomy":"product_cat","embeddable":true,"href":"https:\/\/kraftwerk-shop.cc\/pl\/wp-json\/wp\/v2\/product_cat?post=68284914"},{"taxonomy":"product_tag","embeddable":true,"href":"https:\/\/kraftwerk-shop.cc\/pl\/wp-json\/wp\/v2\/product_tag?post=68284914"}],"curies":[{"name":"wp","href":"https:\/\/api.w.org\/{rel}","templated":true}]}}