{"id":68285154,"date":"2023-02-18T17:33:30","date_gmt":"2023-02-18T16:33:30","guid":{"rendered":"https:\/\/kraftwerk-shop.cc\/?post_type=product&#038;p=68285154"},"modified":"2026-03-27T10:22:12","modified_gmt":"2026-03-27T09:22:12","slug":"tarcza-hamulcowa-mopar-68437269aa-ram","status":"publish","type":"product","link":"https:\/\/kraftwerk-shop.cc\/pl\/produkt\/mopar-bremsscheibe-68437269aa-ram\/","title":{"rendered":"Tarcza hamulcowa RAM Mopar (68437269AA)"},"content":{"rendered":"<h1>Oryginalna tarcza hamulcowa Mopar (o\u015b przednia) do RAM 3.0 EcoDiesel, 3.6, 5.7 i 6.2 TRX<\/h1>\n<p>&nbsp;<\/p>\n<p><strong>Numer cz\u0119\u015bci Mopar:<\/strong> 68437269AA<\/p>\n<p>&nbsp;<\/p>\n<p><strong>Odpowiedni dla:<\/strong><\/p>\n<table width=\"596\">\n<tbody>\n<tr>\n<td width=\"114\"><strong>Marka<\/strong><\/td>\n<td width=\"121\"><strong>Model<\/strong><\/td>\n<td width=\"122\"><strong>Silnik<\/strong><\/td>\n<td width=\"141\"><strong>Rok<\/strong><\/td>\n<td width=\"98\"><strong>Kod hamulca<\/strong><\/td>\n<\/tr>\n<tr>\n<td width=\"114\">RAM<\/td>\n<td width=\"121\">1500<\/td>\n<td width=\"122\">3.0 EcoDiesel<\/td>\n<td width=\"141\">2021\u20132023<\/td>\n<td>BNN<\/td>\n<\/tr>\n<tr>\n<td width=\"114\">RAM<\/td>\n<td width=\"121\">1500<\/td>\n<td width=\"122\">3.6<\/td>\n<td width=\"141\">2021\u20132024<\/td>\n<td>BNN<\/td>\n<\/tr>\n<tr>\n<td width=\"114\">RAM<\/td>\n<td width=\"121\">1500<\/td>\n<td width=\"122\">5.7<\/td>\n<td width=\"141\">2021\u20132024<\/td>\n<td>BNN<\/td>\n<\/tr>\n<tr>\n<td width=\"114\">RAM<\/td>\n<td width=\"121\">1500<\/td>\n<td width=\"122\">6.2 TRX<\/td>\n<td width=\"141\">2021\u20132024<\/td>\n<td>BNN<\/td>\n<\/tr>\n<\/tbody>\n<\/table>\n<p>&nbsp;<\/p>\n<p>Cena dotyczy 1 tarczy hamulcowej.<\/p>\n<p>&nbsp;<\/p>\n<p><strong>Przednia tarcza hamulcowa (68437269AA) od Mopar\u00ae<br \/>\n<\/strong><\/p>\n<p>Czy chcesz, aby Tw\u00f3j samoch\u00f3d wygl\u0105da\u0142 i dzia\u0142a\u0142 tak, jak powinien? W takim razie wysokiej jako\u015bci cz\u0119\u015bci samochodowe i akcesoria Mopar s\u0105 w\u0142a\u015bnie dla Ciebie.<br \/>\nCz\u0119\u015bci Mopar s\u0105 wytwarzane przy u\u017cyciu najnowszych technologii produkcyjnych i spe\u0142niaj\u0105 najwy\u017csze standardy jako\u015bci. Oferuj\u0105 wyj\u0105tkow\u0105 wydajno\u015b\u0107 i trwa\u0142o\u015b\u0107. Zapewni\u0105 niezawodn\u0105 obs\u0142ug\u0119 przez d\u0142ugi czas i sprawi\u0105, \u017ce ka\u017cda podr\u00f3\u017c b\u0119dzie bezpieczna i przyjemna.<\/p>\n<p>Mopar\u00ae jest wy\u0142\u0105cznym \u017ar\u00f3d\u0142em oryginalnych cz\u0119\u015bci i akcesori\u00f3w dla milion\u00f3w pojazd\u00f3w marek Chrysler, Dodge, Jeep, Ram i Fiat. Od ponad 8 dekad profesjonalni technicy, kierowcy wy\u015bcigowi i rekreacyjni na ca\u0142ym \u015bwiecie u\u017cywaj\u0105 produkt\u00f3w Mopar do naprawy i konserwacji swoich pojazd\u00f3w. Autentyczne cz\u0119\u015bci silnika, uk\u0142adu nap\u0119dowego i skrzyni bieg\u00f3w oraz elementy uk\u0142adu ch\u0142odzenia mo\u017cna znale\u017a\u0107 w tysi\u0105cach pojazd\u00f3w w ca\u0142ym kraju i na ca\u0142ym \u015bwiecie. Cz\u0119\u015bci i akcesoria Mopar to wszystko, czego potrzebujesz, aby utrzyma\u0107 sw\u00f3j pojazd w doskona\u0142ym stanie.<\/p>","protected":false},"excerpt":{"rendered":"<p>Oryginalna cz\u0119\u015b\u0107 Mopar<br \/>\n2021\u20132024<\/p>","protected":false},"featured_media":68285157,"comment_status":"open","ping_status":"closed","template":"","meta":{"_acf_changed":false},"product_brand":[16270],"product_cat":[19406,19677,5012,4704],"product_tag":[475,4508,169,91,101,4710,2437,795,796,476,692,31,34,794,86,2353,842,841,673],"class_list":{"0":"post-68285154","1":"product","2":"type-product","3":"status-publish","4":"has-post-thumbnail","6":"product_brand-mopar","7":"product_cat-1500-ecodiesel-2020-2023-bremsen-vorne","8":"product_cat-1500-36-dt-bremsen-vorne","9":"product_cat-1500-57-dt-bremsen-vorne","10":"product_cat-trx-bremsen-vorne","11":"product_tag-475","12":"product_tag-3-0-ecodiesel","13":"product_tag-3-6","14":"product_tag-5-7","15":"product_tag-6-2","16":"product_tag-68437269aa","17":"product_tag-bnn","18":"product_tag-bremse","19":"product_tag-bremsscheibe","20":"product_tag-dt","21":"product_tag-ersatzteil","22":"product_tag-mopar","23":"product_tag-original","24":"product_tag-premium","25":"product_tag-ram","26":"product_tag-trx","27":"product_tag-vorderachse","28":"product_tag-vorne","29":"product_tag-zubehoer","31":"first","32":"instock","33":"taxable","34":"shipping-taxable","35":"purchasable","36":"product-type-simple"},"bundled_by":[],"bundle_stock_status":"instock","bundle_stock_quantity":2,"bundle_virtual":false,"bundle_layout":"","bundle_add_to_cart_form_location":"","bundle_editable_in_cart":false,"bundle_sold_individually_context":"","bundle_item_grouping":"","bundle_min_size":"","bundle_max_size":"","bundle_price":[],"bundled_items":[],"bundle_sell_ids":[],"exclude_global_add_ons":[],"addons":[],"acf":[],"_links":{"self":[{"href":"https:\/\/kraftwerk-shop.cc\/pl\/wp-json\/wp\/v2\/product\/68285154","targetHints":{"allow":["GET"]}}],"collection":[{"href":"https:\/\/kraftwerk-shop.cc\/pl\/wp-json\/wp\/v2\/product"}],"about":[{"href":"https:\/\/kraftwerk-shop.cc\/pl\/wp-json\/wp\/v2\/types\/product"}],"replies":[{"embeddable":true,"href":"https:\/\/kraftwerk-shop.cc\/pl\/wp-json\/wp\/v2\/comments?post=68285154"}],"version-history":[{"count":0,"href":"https:\/\/kraftwerk-shop.cc\/pl\/wp-json\/wp\/v2\/product\/68285154\/revisions"}],"wp:featuredmedia":[{"embeddable":true,"href":"https:\/\/kraftwerk-shop.cc\/pl\/wp-json\/wp\/v2\/media\/68285157"}],"wp:attachment":[{"href":"https:\/\/kraftwerk-shop.cc\/pl\/wp-json\/wp\/v2\/media?parent=68285154"}],"wp:term":[{"taxonomy":"product_brand","embeddable":true,"href":"https:\/\/kraftwerk-shop.cc\/pl\/wp-json\/wp\/v2\/product_brand?post=68285154"},{"taxonomy":"product_cat","embeddable":true,"href":"https:\/\/kraftwerk-shop.cc\/pl\/wp-json\/wp\/v2\/product_cat?post=68285154"},{"taxonomy":"product_tag","embeddable":true,"href":"https:\/\/kraftwerk-shop.cc\/pl\/wp-json\/wp\/v2\/product_tag?post=68285154"}],"curies":[{"name":"wp","href":"https:\/\/api.w.org\/{rel}","templated":true}]}}