{"id":68285269,"date":"2023-02-21T16:04:24","date_gmt":"2023-02-21T15:04:24","guid":{"rendered":"https:\/\/kraftwerk-shop.cc\/?post_type=product&#038;p=68285269"},"modified":"2026-02-15T00:53:06","modified_gmt":"2026-02-14T23:53:06","slug":"dba-ford-mustang-gt-ecoboost-db9022sp","status":"publish","type":"product","link":"https:\/\/kraftwerk-shop.cc\/pl\/produkt\/dba-ford-mustang-gt-ecoboost-db9022sp\/","title":{"rendered":"Klocki hamulcowe DBA do Ford Mustang GT 5.0 \/ 2.3 EcoBoost DB9022SP"},"content":{"rendered":"<h1>Klocki hamulcowe DBA do Ford Mustang GT 5.0 \/ 2.3 EcoBoost DB9022SP (tylna o\u015b)<\/h1>\n<p>&nbsp;<\/p>\n<p>Klocki hamulcowe Street Performance (SP) firmy DBA zosta\u0142y opracowane dla kierowc\u00f3w, kt\u00f3rzy chc\u0105 osi\u0105gn\u0105\u0107 lepsz\u0105 skuteczno\u015b\u0107 hamowania ni\u017c w przypadku konwencjonalnych klock\u00f3w hamulcowych O.E..<br \/>\nAby osi\u0105gn\u0105\u0107 optymaln\u0105 skuteczno\u015b\u0107 hamowania, DBA zaleca stosowanie tych klock\u00f3w hamulcowych z tarczami hamulcowymi DBA T2 lub T3 ze szczelinami.<\/p>\n<p>&nbsp;<\/p>\n<p><strong>Specyfikacje:<\/strong><\/p>\n<ul>\n<li>P\u00f3\u0142metaliczny materia\u0142 cierny<\/li>\n<li>Wsp\u00f3\u0142czynnik tarcia wynosi \u015brednio 0,45 od niskich do wysokich temperatur.<\/li>\n<li>\u00a0Wyj\u0105tkowa wydajno\u015b\u0107 w wysokich temperaturach<\/li>\n<li>Optymalna sp\u00f3jno\u015b\u0107 hamowania do 438 \u2103 (820 \u2109)<\/li>\n<\/ul>\n<p>&nbsp;<\/p>\n<p><strong>Odpowiedni dla:<\/strong><\/p>\n<table width=\"0\">\n<tbody>\n<tr>\n<td width=\"64\">Ford<\/td>\n<td width=\"117\">Mustang<\/td>\n<td width=\"137\">GT 5.0<\/td>\n<td width=\"391\">\u00a02015-2023<\/td>\n<\/tr>\n<tr>\n<td width=\"64\">Ford<\/td>\n<td width=\"117\">Mustang<\/td>\n<td width=\"137\">2.3 EcoBoost<\/td>\n<td width=\"391\">\u00a02015-2023<\/td>\n<\/tr>\n<\/tbody>\n<\/table>\n<p>Autoryzacja: <strong>bez<\/strong><br \/>\nCena dotyczy 1 zestawu dla kompletnej osi tylnej.<\/p>\n<p>&nbsp;<\/p>\n<p><strong>Dane:<\/strong><\/p>\n<table border=\"0\" width=\"487\" cellspacing=\"0\" cellpadding=\"0\">\n<colgroup>\n<col \/>\n<col \/> <\/colgroup>\n<tbody>\n<tr>\n<td height=\"19\">\n<div data-v-369d9bee=\"\" data-v-7bd94b2e=\"\">\n<div data-v-369d9bee=\"\">Szeroko\u015b\u0107 (mm):<\/div>\n<\/div>\n<\/td>\n<td>\n<div data-v-7bd42a7a=\"\">126.8<\/div>\n<\/td>\n<\/tr>\n<tr>\n<td height=\"19\">\n<div data-v-369d9bee=\"\">Wysoko\u015b\u0107 (mm):<\/div>\n<\/td>\n<td>\n<div data-v-7bd42a7a=\"\">47.9<\/div>\n<\/td>\n<\/tr>\n<tr>\n<td height=\"19\">\n<div data-v-369d9bee=\"\">Grubo\u015b\u0107 klocka hamulcowego (mm):<\/div>\n<\/td>\n<td>\n<div data-v-7bd42a7a=\"\">16.6<\/div>\n<\/td>\n<\/tr>\n<tr>\n<td height=\"19\">\n<div data-v-369d9bee=\"\">FMSI:<\/div>\n<\/td>\n<td>\n<div data-v-7bd42a7a=\"\">9022-D1793<\/div>\n<\/td>\n<\/tr>\n<tr>\n<td height=\"19\">\n<div data-v-369d9bee=\"\">OEM:<\/div>\n<\/td>\n<td>FR3Z2200A, FR3Z2200C, FR3Z2200D<\/td>\n<\/tr>\n<tr>\n<td height=\"19\">\n<div data-v-369d9bee=\"\">O\u015b:<\/div>\n<\/td>\n<td>z powrotem<\/td>\n<\/tr>\n<tr>\n<td height=\"19\">Waga (kg):<\/td>\n<td>\n<div data-v-7bd42a7a=\"\">1.36<\/div>\n<\/td>\n<\/tr>\n<\/tbody>\n<\/table>","protected":false},"excerpt":{"rendered":"<p>Tylna o\u015b<\/p>","protected":false},"featured_media":68285271,"comment_status":"open","ping_status":"closed","template":"","meta":{"_acf_changed":false},"product_brand":[18922],"product_cat":[4652,4658],"product_tag":[838,590,795,839,840,4733,789,3873,692,917,4735,4736,4737,2934,798,799,3872,186,2215,2139,673,2137],"class_list":{"0":"post-68285269","1":"product","2":"type-product","3":"status-publish","4":"has-post-thumbnail","6":"product_brand-dba","7":"product_cat-mustang-23-ecoboost-bremsen-hinten","8":"product_cat-mustang-50-gt-bremsen-hinten","9":"product_tag-bremsbelag","10":"product_tag-bremsbelaege","11":"product_tag-bremse","12":"product_tag-bremsklotz","13":"product_tag-bremskloetze","14":"product_tag-db9022sp","15":"product_tag-dba","16":"product_tag-ecoboost","17":"product_tag-ersatzteil","18":"product_tag-ford","19":"product_tag-fr3z2200a","20":"product_tag-fr3z2200c","21":"product_tag-fr3z2200d","22":"product_tag-harder","23":"product_tag-hinten","24":"product_tag-hinterachse","25":"product_tag-mustang","26":"product_tag-performance","27":"product_tag-street","28":"product_tag-tuev","29":"product_tag-zubehoer","30":"product_tag-zulassung","32":"first","33":"onbackorder","34":"taxable","35":"shipping-taxable","36":"purchasable","37":"product-type-simple"},"bundled_by":[],"bundle_stock_status":"onbackorder","bundle_stock_quantity":0,"bundle_virtual":false,"bundle_layout":"","bundle_add_to_cart_form_location":"","bundle_editable_in_cart":false,"bundle_sold_individually_context":"","bundle_item_grouping":"","bundle_min_size":"","bundle_max_size":"","bundle_price":[],"bundled_items":[],"bundle_sell_ids":[],"exclude_global_add_ons":[],"addons":[],"acf":[],"_links":{"self":[{"href":"https:\/\/kraftwerk-shop.cc\/pl\/wp-json\/wp\/v2\/product\/68285269","targetHints":{"allow":["GET"]}}],"collection":[{"href":"https:\/\/kraftwerk-shop.cc\/pl\/wp-json\/wp\/v2\/product"}],"about":[{"href":"https:\/\/kraftwerk-shop.cc\/pl\/wp-json\/wp\/v2\/types\/product"}],"replies":[{"embeddable":true,"href":"https:\/\/kraftwerk-shop.cc\/pl\/wp-json\/wp\/v2\/comments?post=68285269"}],"version-history":[{"count":0,"href":"https:\/\/kraftwerk-shop.cc\/pl\/wp-json\/wp\/v2\/product\/68285269\/revisions"}],"wp:featuredmedia":[{"embeddable":true,"href":"https:\/\/kraftwerk-shop.cc\/pl\/wp-json\/wp\/v2\/media\/68285271"}],"wp:attachment":[{"href":"https:\/\/kraftwerk-shop.cc\/pl\/wp-json\/wp\/v2\/media?parent=68285269"}],"wp:term":[{"taxonomy":"product_brand","embeddable":true,"href":"https:\/\/kraftwerk-shop.cc\/pl\/wp-json\/wp\/v2\/product_brand?post=68285269"},{"taxonomy":"product_cat","embeddable":true,"href":"https:\/\/kraftwerk-shop.cc\/pl\/wp-json\/wp\/v2\/product_cat?post=68285269"},{"taxonomy":"product_tag","embeddable":true,"href":"https:\/\/kraftwerk-shop.cc\/pl\/wp-json\/wp\/v2\/product_tag?post=68285269"}],"curies":[{"name":"wp","href":"https:\/\/api.w.org\/{rel}","templated":true}]}}