{"id":68285668,"date":"2023-02-26T15:31:19","date_gmt":"2023-02-26T14:31:19","guid":{"rendered":"https:\/\/kraftwerk-shop.cc\/?post_type=product&#038;p=68285668"},"modified":"2026-02-15T00:44:04","modified_gmt":"2026-02-14T23:44:04","slug":"klocki-hamulcowe-ebc-yellowstuff-dp43094r","status":"publish","type":"product","link":"https:\/\/kraftwerk-shop.cc\/pl\/produkt\/ebc-yellowstuff-bremsbelaege-dp43094r\/","title":{"rendered":"Klocki hamulcowe EBC Yellowstuff DP43094R RAM"},"content":{"rendered":"<h1>Klocki hamulcowe EBC Yellowstuff DP43094R do RAM 3.0 EcoDiesel, 3.6, 5.7 i 6.2 TRX (przednia o\u015b) od 2019 r.<\/h1>\n<p>&nbsp;<\/p>\n<p>Yellowstuff to 3 kategoria sportowych klock\u00f3w hamulcowych EBC.<\/p>\n<p>Ta mieszanka klock\u00f3w hamulcowych oparta jest na w\u0142\u00f3knach aramidowych.<br \/>\nOgromny zakres roboczy (do 900\u00b0C) umo\u017cliwia u\u017cytkowanie zar\u00f3wno w ruchu drogowym, jak i na torze wy\u015bcigowym.<br \/>\nDzi\u0119ki swoim w\u0142a\u015bciwo\u015bciom nawierzchnia ta jest r\u00f3wnie\u017c idealna dla bardzo ci\u0119\u017ckich pojazd\u00f3w lub pojazd\u00f3w, kt\u00f3re s\u0105 nap\u0119dzane dodatkowymi \u0142adunkami (np. przyczepy).<\/p>\n<p>Nawet gdy hamulce s\u0105 zimne, ten klocek hamulcowy zapewnia doskona\u0142e warto\u015bci op\u00f3\u017anienia dla pami\u0119ci RAM.<br \/>\nJednak wraz ze wzrostem temperatury \"ugryzienie\" tego sportowego klocka hamulcowego staje si\u0119 znacznie bardziej agresywne, co prowadzi do jeszcze lepszych warto\u015bci hamowania.<br \/>\nDzi\u0119ki \"mi\u0119kkiej\" mieszance klock\u00f3w, sportowe klocki hamulcowe Yellowstuff mog\u0105 by\u0107 szybko docierane i s\u0105 wyj\u0105tkowo delikatne dla tarcz hamulcowych.<\/p>\n<p>Pomimo d\u0142ugiej \u017cywotno\u015bci ten sportowy klocek hamulcowy powoduje wysoki poziom py\u0142u hamulcowego, ale podobnie jak w przypadku wszystkich klock\u00f3w hamulcowych EBC, nie powstaje agresywny py\u0142 hamulcowy.<\/p>\n<p>Podobnie jak wszystkie klocki hamulcowe EBC w sektorze motoryzacyjnym, wszystkie sportowe klocki hamulcowe EBC Greenstuff maj\u0105 pow\u0142ok\u0119 docieraj\u0105c\u0105, \u0142amane kraw\u0119dzie, rowek termiczny i pow\u0142ok\u0119 proszkow\u0105.<\/p>\n<p>&nbsp;<\/p>\n<div id=\"attachment_68256022\" style=\"width: 460px\" class=\"wp-caption alignnone\"><img decoding=\"async\" aria-describedby=\"caption-attachment-68256022\" class=\"wp-image-68256022\" src=\"https:\/\/kraftwerk-shop.cc\/wp-content\/uploads\/2021\/09\/EBC_Yellowstuff_Info-300x229.jpg\" alt=\"EBC Yellowstuff Chrysler, Dodge, Jeep\" width=\"450\" height=\"343\" \/><p id=\"caption-attachment-68256022\" class=\"wp-caption-text\">Charakterystyka klock\u00f3w hamulcowych EBC Yellowstuff<\/p><\/div>\n<p>&nbsp;<\/p>\n<p>Numer OE (tylko do cel\u00f3w por\u00f3wnawczych): <span class=\"list-value\">68520814AA<\/span>, <span class=\"list-value\">68520814AB<\/span>, 68520814AC, 68520814AC, 68412557AA, 68412557AB, 68412557AC, 68412557AD, 68412557AE<br \/>\nAutoryzacja: nie<\/p>\n<p>Miejsce instalacji: O\u015b przednia<\/p>\n<p>&nbsp;<\/p>\n<p><strong>Odpowiedni dla:<\/strong><\/p>\n<table style=\"height: 120px;\" width=\"596\">\n<tbody>\n<tr style=\"height: 24px;\">\n<td style=\"height: 24px; width: 101.917px;\"><strong>Marka<\/strong><\/td>\n<td style=\"height: 24px; width: 108.267px;\"><strong>Model<\/strong><\/td>\n<td style=\"height: 24px; width: 111.6px;\"><strong>Silnik<\/strong><\/td>\n<td style=\"height: 24px; width: 126.167px;\"><strong>Rok<\/strong><\/td>\n<td style=\"height: 24px; width: 112.65px;\"><strong>Kod hamulca<\/strong><\/td>\n<\/tr>\n<tr style=\"height: 24px;\">\n<td style=\"height: 24px; width: 101.917px;\">RAM<\/td>\n<td style=\"height: 24px; width: 108.267px;\">1500<\/td>\n<td style=\"height: 24px; width: 111.6px;\">3.0 EcoDiesel<\/td>\n<td style=\"height: 24px; width: 126.167px;\">2020\u20132023<\/td>\n<td style=\"height: 24px; width: 112.65px;\">BNN<\/td>\n<\/tr>\n<tr style=\"height: 24px;\">\n<td style=\"height: 24px; width: 101.917px;\">RAM<\/td>\n<td style=\"height: 24px; width: 108.267px;\">1500<\/td>\n<td style=\"height: 24px; width: 111.6px;\">3.6<\/td>\n<td style=\"height: 24px; width: 126.167px;\">2019\u20132024<\/td>\n<td style=\"height: 24px; width: 112.65px;\">BNN<\/td>\n<\/tr>\n<tr style=\"height: 24px;\">\n<td style=\"height: 24px; width: 101.917px;\">RAM<\/td>\n<td style=\"height: 24px; width: 108.267px;\">1500<\/td>\n<td style=\"height: 24px; width: 111.6px;\">5.7<\/td>\n<td style=\"height: 24px; width: 126.167px;\">2019\u20132024<\/td>\n<td style=\"height: 24px; width: 112.65px;\">BNN<\/td>\n<\/tr>\n<tr style=\"height: 24px;\">\n<td style=\"height: 24px; width: 101.917px;\">RAM<\/td>\n<td style=\"height: 24px; width: 108.267px;\">1500<\/td>\n<td style=\"height: 24px; width: 111.6px;\">6.2 TRX<\/td>\n<td style=\"height: 24px; width: 126.167px;\">2020\u20132024<\/td>\n<td style=\"height: 24px; width: 112.65px;\">BNN<\/td>\n<\/tr>\n<\/tbody>\n<\/table>\n<p>&nbsp;<\/p>\n<p><strong>Zakres dostawy: <\/strong><\/p>\n<p>- 1 zestaw klock\u00f3w hamulcowych EBC Yellowstuff (DP43094R) na przedni\u0105 o\u015b<\/p>","protected":false},"excerpt":{"rendered":"<p>2019\u20132024<\/p>","protected":false},"featured_media":68285674,"comment_status":"open","ping_status":"closed","template":"","meta":{"_acf_changed":false},"product_brand":[16875],"product_cat":[19406,19677,5012,4704],"product_tag":[475,4721,4722,4723,4724,4725,6852,6773,4702,1046,590,795,840,4740,964,2442,16877,16876,16878,36,86,3507,2138,3518,970,592,102,2353,2139,842,841,974,673,2135,2137],"class_list":{"0":"post-68285668","1":"product","2":"type-product","3":"status-publish","4":"has-post-thumbnail","6":"product_brand-ebc-brakes","7":"product_cat-1500-ecodiesel-2020-2023-bremsen-vorne","8":"product_cat-1500-36-dt-bremsen-vorne","9":"product_cat-1500-57-dt-bremsen-vorne","10":"product_cat-trx-bremsen-vorne","11":"product_tag-475","12":"product_tag-68412557aa","13":"product_tag-68412557ab","14":"product_tag-68412557ac","15":"product_tag-68412557ad","16":"product_tag-68412557ae","17":"product_tag-68520814aa","18":"product_tag-68520814ab","19":"product_tag-68520814ac","20":"product_tag-abe","21":"product_tag-bremsbelaege","22":"product_tag-bremse","23":"product_tag-bremskloetze","24":"product_tag-dp43094r","25":"product_tag-ebc","26":"product_tag-ebc-brakes","27":"product_tag-ebc-bremsbelaege","28":"product_tag-ebc-bremsen","29":"product_tag-ebc-bremsscheiben","30":"product_tag-kraftwerk","31":"product_tag-ram","32":"product_tag-ram1500","33":"product_tag-reg90","34":"product_tag-sportbremsbelag","35":"product_tag-sportbremsbelaege","36":"product_tag-sportbremse","37":"product_tag-trackhawk","38":"product_tag-trx","39":"product_tag-tuev","40":"product_tag-vorderachse","41":"product_tag-vorne","42":"product_tag-yellowstuff","43":"product_tag-zubehoer","44":"product_tag-zubehoerbremsbelaege","45":"product_tag-zulassung","47":"first","48":"instock","49":"taxable","50":"shipping-taxable","51":"purchasable","52":"product-type-simple"},"bundled_by":[],"bundle_stock_status":"instock","bundle_stock_quantity":1,"bundle_virtual":false,"bundle_layout":"","bundle_add_to_cart_form_location":"","bundle_editable_in_cart":false,"bundle_sold_individually_context":"","bundle_item_grouping":"","bundle_min_size":"","bundle_max_size":"","bundle_price":[],"bundled_items":[],"bundle_sell_ids":[],"exclude_global_add_ons":[],"addons":[],"acf":[],"_links":{"self":[{"href":"https:\/\/kraftwerk-shop.cc\/pl\/wp-json\/wp\/v2\/product\/68285668","targetHints":{"allow":["GET"]}}],"collection":[{"href":"https:\/\/kraftwerk-shop.cc\/pl\/wp-json\/wp\/v2\/product"}],"about":[{"href":"https:\/\/kraftwerk-shop.cc\/pl\/wp-json\/wp\/v2\/types\/product"}],"replies":[{"embeddable":true,"href":"https:\/\/kraftwerk-shop.cc\/pl\/wp-json\/wp\/v2\/comments?post=68285668"}],"version-history":[{"count":0,"href":"https:\/\/kraftwerk-shop.cc\/pl\/wp-json\/wp\/v2\/product\/68285668\/revisions"}],"wp:featuredmedia":[{"embeddable":true,"href":"https:\/\/kraftwerk-shop.cc\/pl\/wp-json\/wp\/v2\/media\/68285674"}],"wp:attachment":[{"href":"https:\/\/kraftwerk-shop.cc\/pl\/wp-json\/wp\/v2\/media?parent=68285668"}],"wp:term":[{"taxonomy":"product_brand","embeddable":true,"href":"https:\/\/kraftwerk-shop.cc\/pl\/wp-json\/wp\/v2\/product_brand?post=68285668"},{"taxonomy":"product_cat","embeddable":true,"href":"https:\/\/kraftwerk-shop.cc\/pl\/wp-json\/wp\/v2\/product_cat?post=68285668"},{"taxonomy":"product_tag","embeddable":true,"href":"https:\/\/kraftwerk-shop.cc\/pl\/wp-json\/wp\/v2\/product_tag?post=68285668"}],"curies":[{"name":"wp","href":"https:\/\/api.w.org\/{rel}","templated":true}]}}