{"id":68285792,"date":"2023-03-03T12:55:49","date_gmt":"2023-03-03T11:55:49","guid":{"rendered":"https:\/\/kraftwerk-shop.cc\/?post_type=product&#038;p=68285792"},"modified":"2026-02-16T16:09:17","modified_gmt":"2026-02-16T15:09:17","slug":"diablosport-intune-i3-platinum-ford","status":"publish","type":"product","link":"https:\/\/kraftwerk-shop.cc\/pl\/produkt\/diablosport-intune-i3-platinum-ford\/","title":{"rendered":"Diablosport inTune i3 Platinum Ford"},"content":{"rendered":"<h1>Diablosport inTune i3 dla Ford, Lincoln, Mazda<\/h1>\n<p><span style=\"font-size: 16px;\"><span style=\"font-family: Arial,Verdana,Helvetica; line-height: 15.6px;\"><br \/>\nDiabloport <strong>inTune i3 <\/strong>zast\u0119puje inTune <strong>i2<\/strong>.<\/span><\/span><\/p>\n<p><span style=\"font-size: 16px;\"><span style=\"font-family: Arial,Verdana,Helvetica; line-height: 15.6px;\">Jeste\u015bmy <strong><u>bardziej autoryzowany<\/u> <\/strong>Dealer Diablosport.<\/span><\/span><\/p>\n<p>Dostarczamy tylko <strong><em>Platyna <\/em><\/strong>kt\u00f3ra w przeciwie\u0144stwie do zwyk\u0142ej wersji oferuje wi\u0119cej opcji ustawie\u0144 i umo\u017cliwia korzystanie z niestandardowych melodii (indywidualnie tworzone oprogramowanie przez dostawc\u00f3w zewn\u0119trznych).<br \/>\n<span style=\"font-size: 16px;\">Diablosport inTune i3 mo\u017ce by\u0107 u\u017cywany do ka\u017cdego pojazdu wymienionego na li\u015bcie pojazd\u00f3w. *<br \/>\nAktualizacje i oprogramowanie dla nowych modeli s\u0105 przesy\u0142ane do urz\u0105dzenia za po\u015brednictwem portu USB.<\/span><\/p>\n<p>Opr\u00f3cz standardowego tuningu** zawartego w urz\u0105dzeniu, inTune i3 mo\u017ce r\u00f3wnie\u017c rejestrowa\u0107 dane OBD, odczytywa\u0107 i usuwa\u0107 kody b\u0142\u0119d\u00f3w oraz programowa\u0107 \"niestandardowe tuningi\", tj. indywidualnie tworzone przez nas statusy danych w poje\u017adzie.<\/p>\n<p><span style=\"font-size: 16px;\">\u00a0 \u00a0\u00a0<\/span><\/p>\n<p><strong><span style=\"font-size: 16px;\">Zakres dostawy:<\/span><\/strong><\/p>\n<ul>\n<li><span style=\"font-size: 16px;\">inTune i3 (8145) dla Ford, Lincoln, Mazda i Mercury<br \/>\n<\/span><\/li>\n<li><span style=\"font-size: 16px;\">Kabel OBD<\/span><\/li>\n<li><span style=\"font-size: 16px;\">Kabel USB<\/span><\/li>\n<li><span style=\"font-size: 16px;\">Instrukcja obs\u0142ugi (w j\u0119zyku angielskim)<\/span><\/li>\n<\/ul>\n<p>&nbsp;<\/p>\n<p><span style=\"font-size: 16px;\">Uwaga: nie oferujemy wsparcia ani instrukcji dla urz\u0105dze\u0144, kt\u00f3re nie zosta\u0142y zakupione od nas.<\/span><\/p>\n<p><span style=\"font-size: 16px;\"><br \/>\nPrzed wysy\u0142k\u0105 aktualizujemy ka\u017cde urz\u0105dzenie do najnowszej wersji oprogramowania.<\/span><\/p>\n<p>&nbsp;<\/p>\n<p><span style=\"font-size: 16px;\"><strong>Obs\u0142ugiwane pojazdy inTune i3:<\/strong><\/span><\/p>\n<p><span style=\"font-size: 16px;\"><span style=\"line-height: 1.3;\">* Urz\u0105dzenie jest dostarczane z licencj\u0105 do u\u017cytku w poje\u017adzie. Dodatkowe licencje mo\u017cna naby\u0107 oddzielnie.<br \/>\n** Nie przyjmujemy \u017cadnej gwarancji \/ odpowiedzialno\u015bci za dane tuningowe zawarte w urz\u0105dzeniu przez producenta lub za uszkodzenie pojazdu.<\/span><\/span><span style=\"font-size: 16px;\">S\u0105 one sprzedawane wy\u0142\u0105cznie jako artyku\u0142y do sport\u00f3w motorowych.<br \/>\nPrzed u\u017cyciem wymagana jest znajomo\u015b\u0107 j\u0119zyka angielskiego i przeczytanie instrukcji obs\u0142ugi w j\u0119zyku angielskim.<\/span><\/p>\n<p>&nbsp;<\/p>\n<table border=\"0\" width=\"989\" cellspacing=\"0\" cellpadding=\"0\">\n<colgroup>\n<col span=\"2\" \/>\n<col \/>\n<col span=\"2\" \/> <\/colgroup>\n<tbody>\n<tr>\n<th>Rok modelowy<\/th>\n<th>Producent<\/th>\n<th>Model<\/th>\n<th>Submodel<\/th>\n<th>Silnik<\/th>\n<\/tr>\n<tr>\n<td>2021<\/td>\n<td>FORD<\/td>\n<td>BRONCO SPORT<\/td>\n<td>BADLANDS, WYDANIE PIERWSZE<\/td>\n<td>2.0L L4 GAS<\/td>\n<\/tr>\n<tr>\n<td>2022<\/td>\n<td>FORD<\/td>\n<td>BRONCO SPORT<\/td>\n<td>BADLANDS<\/td>\n<td>2.0L L4 GAS<\/td>\n<\/tr>\n<tr>\n<td>2005<\/td>\n<td>FORD<\/td>\n<td>CROWN VICTORIA<\/td>\n<td>BASE, LX, LX SPORT, POLICE INTERCEPTOR, S, EDYCJA SPECJALNA<\/td>\n<td>4.6L V8 CNG, 4.6L V8 GAS<\/td>\n<\/tr>\n<tr>\n<td>2006<\/td>\n<td>FORD<\/td>\n<td>CROWN VICTORIA<\/td>\n<td>BASE, LX, LX SPORT, POLICE INTERCEPTOR<\/td>\n<td>4.6L V8 FLEX, 4.6L V8 GAS<\/td>\n<\/tr>\n<tr>\n<td>2007\u20132011<\/td>\n<td>FORD<\/td>\n<td>CROWN VICTORIA<\/td>\n<td>BASE, LX, POLICE INTERCEPTOR<\/td>\n<td>4.6L V8 FLEX, 4.6L V8 GAS<\/td>\n<\/tr>\n<tr>\n<td>1999 - 2005<\/td>\n<td>FORD<\/td>\n<td>E-150 ECONOLINE<\/td>\n<td>BASE, XL<\/td>\n<td>4.6L V8 GAZ, 5.4L V8 GAZ<\/td>\n<\/tr>\n<tr>\n<td>2006\u20132007<\/td>\n<td>FORD<\/td>\n<td>E-150 ECONOLINE<\/td>\n<td>BASE, Chateau, XL, XLT<\/td>\n<td>4.6L V8 GAZ, 5.4L V8 GAZ<\/td>\n<\/tr>\n<tr>\n<td>2008<\/td>\n<td>FORD<\/td>\n<td>E-150 ECONOLINE<\/td>\n<td>BASE, XL, XLT<\/td>\n<td>4.6L V8 GAZ, 5.4L V8 GAZ<\/td>\n<\/tr>\n<tr>\n<td>1999 - 2000<\/td>\n<td>FORD<\/td>\n<td>E-150 ECONOLINE CLUB WAGON<\/td>\n<td>Chateau, CUSTOM, XLT<\/td>\n<td>4.6L V8 GAZ, 5.4L V8 GAZ<\/td>\n<\/tr>\n<tr>\n<td>2001 - 2005<\/td>\n<td>FORD<\/td>\n<td>E-150 ECONOLINE CLUB WAGON<\/td>\n<td>Chateau, XL, XLT<\/td>\n<td>4.6L V8 GAZ, 5.4L V8 GAZ<\/td>\n<\/tr>\n<tr>\n<td>1999<\/td>\n<td>FORD<\/td>\n<td>E-250 ECONOLINE<\/td>\n<td>BASE, XL<\/td>\n<td>5.4L V8 BI-FUEL, 5.4L V8 CNG, 5.4L V8 GAS<\/td>\n<\/tr>\n<tr>\n<td>2000<\/td>\n<td>FORD<\/td>\n<td>E-250 ECONOLINE<\/td>\n<td>BASE, XL<\/td>\n<td>5.4L V8 CNG, 5.4L V8 GAS<\/td>\n<\/tr>\n<tr>\n<td>2001 - 2004<\/td>\n<td>FORD<\/td>\n<td>E-250 ECONOLINE<\/td>\n<td>BAZA<\/td>\n<td>5.4L V8 CNG, 5.4L V8 GAS<\/td>\n<\/tr>\n<tr>\n<td>2005\u20132008<\/td>\n<td>FORD<\/td>\n<td>E-250 ECONOLINE<\/td>\n<td>BAZA<\/td>\n<td>5.4L V8 GAS<\/td>\n<\/tr>\n<tr>\n<td>1999<\/td>\n<td>FORD<\/td>\n<td>E-350 ECONOLINE CLUB WAGON<\/td>\n<td>Chateau, CUSTOM, XLT<\/td>\n<td>5.4L V8 BI-FUEL, 5.4L V8 CNG, 5.4L V8 GAS, 6.8L V10 GAS, 7.3L V8 Diesel<\/td>\n<\/tr>\n<tr>\n<td>2000<\/td>\n<td>FORD<\/td>\n<td>E-350 ECONOLINE CLUB WAGON<\/td>\n<td>Chateau, CUSTOM, XLT<\/td>\n<td>5.4L V8 CNG, 5.4L V8 GAS, 6.8L V10 GAS, 7.3L V8 Diesel<\/td>\n<\/tr>\n<tr>\n<td>2001 - 2003<\/td>\n<td>FORD<\/td>\n<td>E-350 ECONOLINE CLUB WAGON<\/td>\n<td>Chateau, XL, XLT<\/td>\n<td>5.4L V8 CNG, 5.4L V8 GAS, 6.8L V10 GAS, 7.3L V8 Diesel<\/td>\n<\/tr>\n<tr>\n<td>2004<\/td>\n<td>FORD<\/td>\n<td>E-350 ECONOLINE CLUB WAGON<\/td>\n<td>Chateau, XL, XLT<\/td>\n<td>5.4L V8 CNG, 5.4L V8 GAS, 6.0L V8 Diesel, 6.8L V10 GAS<\/td>\n<\/tr>\n<tr>\n<td>2005<\/td>\n<td>FORD<\/td>\n<td>E-350 ECONOLINE CLUB WAGON<\/td>\n<td>Chateau, XL, XLT<\/td>\n<td>5.4L V8 GAS, 6.0L V8 Diesel, 6.8L V10 GAS<\/td>\n<\/tr>\n<tr>\n<td>1999<\/td>\n<td>FORD<\/td>\n<td>E-350 SUPER DUTY<\/td>\n<td>BASE, XL<\/td>\n<td>5.4L V8 BI-FUEL, 5.4L V8 CNG, 5.4L V8 GAS, 6.8L V10 GAS, 7.3L V8 Diesel<\/td>\n<\/tr>\n<tr>\n<td>2000 - 2003<\/td>\n<td>FORD<\/td>\n<td>E-350 SUPER DUTY<\/td>\n<td>BASE, XL<\/td>\n<td>5.4L V8 CNG, 5.4L V8 GAS, 6.8L V10 GAS, 7.3L V8 Diesel<\/td>\n<\/tr>\n<tr>\n<td>2004<\/td>\n<td>FORD<\/td>\n<td>E-350 SUPER DUTY<\/td>\n<td>BASE, XL<\/td>\n<td>5.4L V8 CNG, 5.4L V8 GAS, 6.0L V8 Diesel, 6.8L V10 GAS<\/td>\n<\/tr>\n<tr>\n<td>2005<\/td>\n<td>FORD<\/td>\n<td>E-350 SUPER DUTY<\/td>\n<td>BASE, XL<\/td>\n<td>5.4L V8 GAS, 6.0L V8 Diesel, 6.8L V10 GAS<\/td>\n<\/tr>\n<tr>\n<td>2006<\/td>\n<td>FORD<\/td>\n<td>E-350 SUPER DUTY<\/td>\n<td>BASE, Chateau, XL, XLT<\/td>\n<td>5.4L V8 GAS, 6.0L V8 Diesel, 6.8L V10 GAS<\/td>\n<\/tr>\n<tr>\n<td>2007\u20132008<\/td>\n<td>FORD<\/td>\n<td>E-350 SUPER DUTY<\/td>\n<td>BASE, XL, XLT<\/td>\n<td>5.4L V8 GAS, 6.0L V8 Diesel, 6.8L V10 GAS<\/td>\n<\/tr>\n<tr>\n<td>2009<\/td>\n<td>FORD<\/td>\n<td>E-350 SUPER DUTY<\/td>\n<td>BASE, XL, XLT<\/td>\n<td>6.0L V8 Diesel, 6.8L V10 GAS<\/td>\n<\/tr>\n<tr>\n<td>2000 - 2002<\/td>\n<td>FORD<\/td>\n<td>E-450 ECONOLINE SUPER DUTY<\/td>\n<td>CUSTOM<\/td>\n<td>7.3L V8 diesel<\/td>\n<\/tr>\n<tr>\n<td>2003<\/td>\n<td>FORD<\/td>\n<td>E-450 SUPER DUTY<\/td>\n<td>CUSTOM<\/td>\n<td>7.3L V8 diesel<\/td>\n<\/tr>\n<tr>\n<td>2004\u20132009<\/td>\n<td>FORD<\/td>\n<td>E-450 SUPER DUTY<\/td>\n<td>BAZA<\/td>\n<td>6.0L V8 diesel<\/td>\n<\/tr>\n<tr>\n<td>2000 - 2002<\/td>\n<td>FORD<\/td>\n<td>WYCIECZKA<\/td>\n<td>LIMITED, XLT<\/td>\n<td>5.4L V8 GAS, 6.8L V10 GAS, 7.3L V8 Diesel<\/td>\n<\/tr>\n<tr>\n<td>2003<\/td>\n<td>FORD<\/td>\n<td>WYCIECZKA<\/td>\n<td>EDDIE BAUER, LIMITED, XLT<\/td>\n<td>5.4L V8 GAS, 6.0L V8 Diesel, 6.8L V10 GAS, 7.3L V8 Diesel<\/td>\n<\/tr>\n<tr>\n<td>2004 - 2005<\/td>\n<td>FORD<\/td>\n<td>WYCIECZKA<\/td>\n<td>EDDIE BAUER, LIMITED, XLS, XLT<\/td>\n<td>5.4L V8 GAS, 6.0L V8 Diesel, 6.8L V10 GAS<\/td>\n<\/tr>\n<tr>\n<td>2005<\/td>\n<td>FORD<\/td>\n<td>EXPLORER<\/td>\n<td>EDDIE BAUER, LIMITED, XLT, XLT SPORT<\/td>\n<td>4.6L V8 GAS<\/td>\n<\/tr>\n<tr>\n<td>2006\u20132010<\/td>\n<td>FORD<\/td>\n<td>EXPLORER<\/td>\n<td>EDDIE BAUER, LIMITED, XLT<\/td>\n<td>4.6L V8 GAS<\/td>\n<\/tr>\n<tr>\n<td>2013\u20132015<\/td>\n<td>FORD<\/td>\n<td>EXPLORER<\/td>\n<td>SPORT<\/td>\n<td>3.5L V6 GAS<\/td>\n<\/tr>\n<tr>\n<td>2016<\/td>\n<td>FORD<\/td>\n<td>EXPLORER<\/td>\n<td>PLATYNA, SPORT<\/td>\n<td>3.5L V6 GAS<\/td>\n<\/tr>\n<tr>\n<td>2020\u20132022<\/td>\n<td>FORD<\/td>\n<td>EXPLORER<\/td>\n<td>ST<\/td>\n<td>3.0L V6 GAS<\/td>\n<\/tr>\n<tr>\n<td>1999<\/td>\n<td>FORD<\/td>\n<td>F-150<\/td>\n<td>BASE, LARIAT, LIGHTNING, XL, XLT<\/td>\n<td>4.6L V8 GAZ, 5.4L V8 DWUPALIWOWY, 5.4L V8 GAZ<\/td>\n<\/tr>\n<tr>\n<td>2000<\/td>\n<td>FORD<\/td>\n<td>F-150<\/td>\n<td>BASE, HARLEY-DAVIDSON EDITION, LARIAT, LIGHTNING, XL, XLT<\/td>\n<td>4.6L V8 GAZ, 5.4L V8 BI-FUEL, 5.4L V8 CNG, 5.4L V8 GAZ<\/td>\n<\/tr>\n<tr>\n<td>2001 - 2003<\/td>\n<td>FORD<\/td>\n<td>F-150<\/td>\n<td>HARLEY-DAVIDSON EDITION, KING RANCH, LARIAT, LIGHTNING, XL, XLT<\/td>\n<td>4.6L V8 GAZ, 5.4L V8 BI-FUEL, 5.4L V8 CNG, 5.4L V8 GAZ<\/td>\n<\/tr>\n<tr>\n<td>2004<\/td>\n<td>FORD<\/td>\n<td>F-150<\/td>\n<td>FX4, LARIAT, STX, XL, XLT<\/td>\n<td>4.6L V8 GAZ, 5.4L V8 GAZ<\/td>\n<\/tr>\n<tr>\n<td>2005<\/td>\n<td>FORD<\/td>\n<td>F-150<\/td>\n<td>FX4, KING RANCH, LARIAT, STX, XL, XLT<\/td>\n<td>4.2L V6 GAZ, 4.6L V8 GAZ, 5.4L V8 GAZ<\/td>\n<\/tr>\n<tr>\n<td>2006<\/td>\n<td>FORD<\/td>\n<td>F-150<\/td>\n<td>FX4, HARLEY-DAVIDSON EDITION, KING RANCH, LARIAT, STX, XL, XLT<\/td>\n<td>4.2L V6 GAZ, 4.6L V8 GAZ, 5.4L V8 FLEX, 5.4L V8 GAZ<\/td>\n<\/tr>\n<tr>\n<td>2007<\/td>\n<td>FORD<\/td>\n<td>F-150<\/td>\n<td>FX2, FX4, HARLEY-DAVIDSON EDITION, KING RANCH, LARIAT, STX, XL, XLT<\/td>\n<td>4.2L V6 GAZ, 4.6L V8 GAZ, 5.4L V8 FLEX, 5.4L V8 GAZ<\/td>\n<\/tr>\n<tr>\n<td>2008<\/td>\n<td>FORD<\/td>\n<td>F-150<\/td>\n<td>FX2, FX4, HARLEY-DAVIDSON EDITION, KING RANCH, LARIAT, LIMITED, STX, THE 60TH ANNIVERSARY EDITION, XL, XLT<\/td>\n<td>4.2L V6 GAZ, 4.6L V8 GAZ, 5.4L V8 FLEX, 5.4L V8 GAZ<\/td>\n<\/tr>\n<tr>\n<td>2009\u20132010<\/td>\n<td>FORD<\/td>\n<td>F-150<\/td>\n<td>FX2, FX4, HARLEY-DAVIDSON EDITION, KING RANCH, LARIAT, PLATINUM, STX, XL, XLT<\/td>\n<td>4.6L V8 GAS, 5.4L V8 FLEX<\/td>\n<\/tr>\n<tr>\n<td>2011<\/td>\n<td>FORD<\/td>\n<td>F-150<\/td>\n<td>FX2, FX4, HARLEY-DAVIDSON EDITION, KING RANCH, LARIAT, LARIAT LIMITED, PLATINUM, STX, SVT RAPTOR, XL, XLT<\/td>\n<td>3.5L V6 GAZ, 5.0L V8 FLEX, 6.2L V8 GAZ<\/td>\n<\/tr>\n<tr>\n<td>2012<\/td>\n<td>FORD<\/td>\n<td>F-150<\/td>\n<td>FX2, FX4, HARLEY-DAVIDSON EDITION, KING RANCH, LARIAT, PLATINUM, STX, SVT RAPTOR, XL, XLT<\/td>\n<td>3.5L V6 GAZ, 5.0L V8 FLEX, 6.2L V8 GAZ<\/td>\n<\/tr>\n<tr>\n<td>2013 - 2014<\/td>\n<td>FORD<\/td>\n<td>F-150<\/td>\n<td>FX2, FX4, KING RANCH, LARIAT, LIMITED, PLATINUM, STX, SVT RAPTOR, XL, XLT<\/td>\n<td>3.5L V6 GAZ, 5.0L V8 FLEX, 6.2L V8 GAZ<\/td>\n<\/tr>\n<tr>\n<td>2015<\/td>\n<td>FORD<\/td>\n<td>F-150<\/td>\n<td>KING RANCH, LARIAT, PLATINUM, XL, XLT<\/td>\n<td>2.7L V6 GAZ, 3.5L V6 FLEX, 3.5L V6 GAZ, 5.0L V8 FLEX<\/td>\n<\/tr>\n<tr>\n<td>2016<\/td>\n<td>FORD<\/td>\n<td>F-150<\/td>\n<td>KING RANCH, LARIAT, PLATINUM, SSV, XL, XLT<\/td>\n<td>2.7L V6 GAZ, 3.5L V6 FLEX, 3.5L V6 GAZ, 5.0L V8 FLEX<\/td>\n<\/tr>\n<tr>\n<td>2017 - 2018<\/td>\n<td>FORD<\/td>\n<td>F-150<\/td>\n<td>RAPTOR<\/td>\n<td>3.5L V6 GAS<\/td>\n<\/tr>\n<tr>\n<td>2019<\/td>\n<td>FORD<\/td>\n<td>F-150<\/td>\n<td>KING RANCH, LARIAT, LIMITED, PLATINUM, POLICE RESPONDER, RAPTOR, SSV, XL, XLT<\/td>\n<td>2.7L V6 GAZ, 3.5L V6 GAZ, 5.0L V8 FLEX<\/td>\n<\/tr>\n<tr>\n<td>2020<\/td>\n<td>FORD<\/td>\n<td>F-150<\/td>\n<td>KING RANCH, LARIAT, LIMITED, PLATINUM, POLICE RESPONDER, SSV, XL, XLT<\/td>\n<td>2.7L V6 GAZ, 3.5L V6 GAZ, 5.0L V8 FLEX<\/td>\n<\/tr>\n<tr>\n<td>2004<\/td>\n<td>FORD<\/td>\n<td>F-150 HERITAGE<\/td>\n<td>SVT LIGHTNING, XL, XLT<\/td>\n<td>4.2L V6 GAS, 4.6L V8 GAS, 5.4L V8 BI-FUEL, 5.4L V8 CNG, 5.4L V8 GAS<\/td>\n<\/tr>\n<tr>\n<td>1999<\/td>\n<td>FORD<\/td>\n<td>F-250<\/td>\n<td>BASE, LARIAT, XL, XLT<\/td>\n<td>5.4L V8 BI-FUEL, 5.4L V8 CNG, 5.4L V8 GAS<\/td>\n<\/tr>\n<tr>\n<td>1999 - 2002<\/td>\n<td>FORD<\/td>\n<td>F-250 SUPER DUTY<\/td>\n<td>LARIAT, XL, XLT<\/td>\n<td>5.4L V8 GAS, 6.8L V10 GAS, 7.3L V8 Diesel<\/td>\n<\/tr>\n<tr>\n<td>2003<\/td>\n<td>FORD<\/td>\n<td>F-250 SUPER DUTY<\/td>\n<td>LARIAT, XL, XLT<\/td>\n<td>5.4L V8 GAS, 6.0L V8 Diesel, 6.8L V10 GAS<\/td>\n<\/tr>\n<tr>\n<td>2004 - 2007<\/td>\n<td>FORD<\/td>\n<td>F-250 SUPER DUTY<\/td>\n<td>HARLEY-DAVIDSON EDITION, KING RANCH, LARIAT, XL, XLT<\/td>\n<td>5.4L V8 GAS, 6.0L V8 Diesel, 6.8L V10 GAS<\/td>\n<\/tr>\n<tr>\n<td>2008<\/td>\n<td>FORD<\/td>\n<td>F-250 SUPER DUTY<\/td>\n<td>FX4, HARLEY-DAVIDSON EDITION, KING RANCH, LARIAT, XL, XLT<\/td>\n<td>5.4L V8 GAS, 6.4L V8 Diesel, 6.8L V10 GAS<\/td>\n<\/tr>\n<tr>\n<td>2009<\/td>\n<td>FORD<\/td>\n<td>F-250 SUPER DUTY<\/td>\n<td>CABELA'S, FX4, HARLEY-DAVIDSON EDITION, KING RANCH, LARIAT, XL, XLT<\/td>\n<td>5.4L V8 GAS, 6.4L V8 Diesel, 6.8L V10 GAS<\/td>\n<\/tr>\n<tr>\n<td>2010<\/td>\n<td>FORD<\/td>\n<td>F-250 SUPER DUTY<\/td>\n<td>CABELA'S, HARLEY-DAVIDSON EDITION, KING RANCH, LARIAT, XL, XLT<\/td>\n<td>5.4L V8 GAS, 6.4L V8 Diesel, 6.8L V10 GAS<\/td>\n<\/tr>\n<tr>\n<td>2011 - 2012<\/td>\n<td>FORD<\/td>\n<td>F-250 SUPER DUTY<\/td>\n<td>KING RANCH, LARIAT, XL, XLT<\/td>\n<td>6.2L V8 FLEX<\/td>\n<\/tr>\n<tr>\n<td>2013 - 2014<\/td>\n<td>FORD<\/td>\n<td>F-250 SUPER DUTY<\/td>\n<td>KING RANCH, LARIAT, PLATINUM, XL, XLT<\/td>\n<td>6.2L V8 FLEX<\/td>\n<\/tr>\n<tr>\n<td>1999 - 2002<\/td>\n<td>FORD<\/td>\n<td>F-350 SUPER DUTY<\/td>\n<td>LARIAT, XL, XLT<\/td>\n<td>6.8L V10 GAS, 7.3L V8 Diesel<\/td>\n<\/tr>\n<tr>\n<td>2003<\/td>\n<td>FORD<\/td>\n<td>F-350 SUPER DUTY<\/td>\n<td>KING RANCH, LARIAT, XL, XLT<\/td>\n<td>6.0L V8 Diesel, 6.8L V10 GAS<\/td>\n<\/tr>\n<tr>\n<td>2004 - 2007<\/td>\n<td>FORD<\/td>\n<td>F-350 SUPER DUTY<\/td>\n<td>HARLEY-DAVIDSON EDITION, KING RANCH, LARIAT, XL, XLT<\/td>\n<td>6.0L V8 Diesel, 6.8L V10 GAS<\/td>\n<\/tr>\n<tr>\n<td>2008<\/td>\n<td>FORD<\/td>\n<td>F-350 SUPER DUTY<\/td>\n<td>FX4, HARLEY-DAVIDSON EDITION, KING RANCH, LARIAT, XL, XLT<\/td>\n<td>6.4L V8 Diesel, 6.8L V10 GAS<\/td>\n<\/tr>\n<tr>\n<td>2009<\/td>\n<td>FORD<\/td>\n<td>F-350 SUPER DUTY<\/td>\n<td>CABELA'S, FX4, HARLEY-DAVIDSON EDITION, KING RANCH, LARIAT, XL, XLT<\/td>\n<td>6.4L V8 Diesel, 6.8L V10 GAS<\/td>\n<\/tr>\n<tr>\n<td>2010<\/td>\n<td>FORD<\/td>\n<td>F-350 SUPER DUTY<\/td>\n<td>CABELA'S, HARLEY-DAVIDSON EDITION, KING RANCH, LARIAT, XL, XLT<\/td>\n<td>6.4L V8 Diesel, 6.8L V10 GAS<\/td>\n<\/tr>\n<tr>\n<td>2014\u20132016<\/td>\n<td>FORD<\/td>\n<td>FIESTA<\/td>\n<td>ST<\/td>\n<td>1.6L L4 GAS<\/td>\n<\/tr>\n<tr>\n<td>2012<\/td>\n<td>FORD<\/td>\n<td>FLEX<\/td>\n<td>LIMITED, SE, SEL, TITANIUM<\/td>\n<td>3.5L V6 GAS<\/td>\n<\/tr>\n<tr>\n<td>2013\u20132016<\/td>\n<td>FORD<\/td>\n<td>FLEX<\/td>\n<td>LIMITED, SE, SEL<\/td>\n<td>3.5L V6 GAS<\/td>\n<\/tr>\n<tr>\n<td>2013\u20132016<\/td>\n<td>FORD<\/td>\n<td>FOCUS<\/td>\n<td>ST<\/td>\n<td>2.0L L4 GAS<\/td>\n<\/tr>\n<tr>\n<td>2005\u20132006<\/td>\n<td>FORD<\/td>\n<td>GT<\/td>\n<td>BAZA<\/td>\n<td>5.4L V8 GAS<\/td>\n<\/tr>\n<tr>\n<td>1996 - 2000<\/td>\n<td>FORD<\/td>\n<td>MUSTANG<\/td>\n<td>BASE, GT<\/td>\n<td>3.8L V6 GAZ, 4.6L V8 GAZ<\/td>\n<\/tr>\n<tr>\n<td>2002 - 2003<\/td>\n<td>FORD<\/td>\n<td>MUSTANG<\/td>\n<td>BASE, GT<\/td>\n<td>3.8L V6 GAZ, 4.6L V8 GAZ<\/td>\n<\/tr>\n<tr>\n<td>2001<\/td>\n<td>FORD<\/td>\n<td>MUSTANG<\/td>\n<td>BASE, GT, GT BULLITT<\/td>\n<td>3.8L V6 GAZ, 4.6L V8 GAZ<\/td>\n<\/tr>\n<tr>\n<td>2004<\/td>\n<td>FORD<\/td>\n<td>MUSTANG<\/td>\n<td>BASE, GT<\/td>\n<td>3.8L V6 GAZ, 3.9L V6 GAZ, 4.6L V8 GAZ<\/td>\n<\/tr>\n<tr>\n<td>2005<\/td>\n<td>FORD<\/td>\n<td>MUSTANG<\/td>\n<td>BASE, GT, Saleen<\/td>\n<td>4.0L V6 GAZ, 4.6L V8 GAZ<\/td>\n<\/tr>\n<tr>\n<td>2006<\/td>\n<td>FORD<\/td>\n<td>MUSTANG<\/td>\n<td>BASE, GT<\/td>\n<td>4.0L V6 GAZ, 4.6L V8 GAZ<\/td>\n<\/tr>\n<tr>\n<td>2007<\/td>\n<td>FORD<\/td>\n<td>MUSTANG<\/td>\n<td>BASE, GT, SHELBY GT, SHELBY GT500<\/td>\n<td>4.0L V6 GAZ, 4.6L V8 GAZ, 5.4L V8 GAZ<\/td>\n<\/tr>\n<tr>\n<td>2008<\/td>\n<td>FORD<\/td>\n<td>MUSTANG<\/td>\n<td>BASE, BULLITT, GT, SHELBY GT, SHELBY GT500, SHELBY GT500KR<\/td>\n<td>4.0L V6 GAZ, 4.6L V8 GAZ, 5.4L V8 GAZ<\/td>\n<\/tr>\n<tr>\n<td>2009<\/td>\n<td>FORD<\/td>\n<td>MUSTANG<\/td>\n<td>BASE, BULLITT, GT, SHELBY GT500, SHELBY GT500KR<\/td>\n<td>4.0L V6 GAZ, 4.6L V8 GAZ, 5.4L V8 GAZ<\/td>\n<\/tr>\n<tr>\n<td>2010<\/td>\n<td>FORD<\/td>\n<td>MUSTANG<\/td>\n<td>BASE, GT, SHELBY GT500<\/td>\n<td>4.0L V6 GAZ, 4.6L V8 GAZ, 5.4L V8 GAZ<\/td>\n<\/tr>\n<tr>\n<td>2011<\/td>\n<td>FORD<\/td>\n<td>MUSTANG<\/td>\n<td>BASE, GT, SHELBY GT500<\/td>\n<td>3.7L V6 GAZ, 5.0L V8 GAZ, 5.4L V8 GAZ<\/td>\n<\/tr>\n<tr>\n<td>2012<\/td>\n<td>FORD<\/td>\n<td>MUSTANG<\/td>\n<td>BASE, BOSS 302, GT, SHELBY GT500<\/td>\n<td>3.7L V6 GAZ, 5.0L V8 GAZ, 5.4L V8 GAZ<\/td>\n<\/tr>\n<tr>\n<td>2013<\/td>\n<td>FORD<\/td>\n<td>MUSTANG<\/td>\n<td>BASE, BOSS 302, GT, SHELBY GT500<\/td>\n<td>3.7L V6 GAZ, 5.0L V8 GAZ, 5.8L V8 GAZ<\/td>\n<\/tr>\n<tr>\n<td>2014<\/td>\n<td>FORD<\/td>\n<td>MUSTANG<\/td>\n<td>BASE, GT, SHELBY GT500<\/td>\n<td>3.7L V6 GAZ, 5.0L V8 GAZ, 5.8L V8 GAZ<\/td>\n<\/tr>\n<tr>\n<td>2015<\/td>\n<td>FORD<\/td>\n<td>MUSTANG<\/td>\n<td>ECOBOOST, ECOBOOST PREMIUM, GT, GT 50 YEARS LIMITED EDITION, GT PREMIUM, V6<\/td>\n<td>2.3L L4 GAZ, 3.7L V6 GAZ, 5.0L V8 GAZ<\/td>\n<\/tr>\n<tr>\n<td>2016<\/td>\n<td>FORD<\/td>\n<td>MUSTANG<\/td>\n<td>ECOBOOST, ECOBOOST PREMIUM, GT, GT PREMIUM, V6<\/td>\n<td>2.3L L4 GAZ, 3.7L V6 GAZ, 5.0L V8 GAZ<\/td>\n<\/tr>\n<tr>\n<td>2018<\/td>\n<td>FORD<\/td>\n<td>MUSTANG<\/td>\n<td>ECOBOOST, ECOBOOST PREMIUM, GT, GT PREMIUM<\/td>\n<td>2.3L L4 GAZ, 5.0L V8 GAZ<\/td>\n<\/tr>\n<tr>\n<td>2019\u20132020<\/td>\n<td>FORD<\/td>\n<td>MUSTANG<\/td>\n<td>BULLITT, ECOBOOST, ECOBOOST PREMIUM, GT, GT PREMIUM<\/td>\n<td>2.3L L4 GAZ, 5.0L V8 GAZ<\/td>\n<\/tr>\n<tr>\n<td>2021\u20132022<\/td>\n<td>FORD<\/td>\n<td>MUSTANG<\/td>\n<td>GT, GT PREMIUM<\/td>\n<td>5.0L V8 GAS<\/td>\n<\/tr>\n<tr>\n<td>2007<\/td>\n<td>FORD<\/td>\n<td>RANGER<\/td>\n<td>FX4, SPORT, STX, XL, XLT<\/td>\n<td>2.3L L4 GAZ, 3.0L V6 GAZ, 4.0L V6 GAZ<\/td>\n<\/tr>\n<tr>\n<td>2008<\/td>\n<td>FORD<\/td>\n<td>RANGER<\/td>\n<td>FX4, SPORT, XL, XLT<\/td>\n<td>2.3L L4 GAZ, 3.0L V6 GAZ, 4.0L V6 GAZ<\/td>\n<\/tr>\n<tr>\n<td>2009<\/td>\n<td>FORD<\/td>\n<td>RANGER<\/td>\n<td>FX4, SPORT, XL, XLT<\/td>\n<td>2.3L L4 GAZ, 4.0L V6 GAZ<\/td>\n<\/tr>\n<tr>\n<td>2010 - 2011<\/td>\n<td>FORD<\/td>\n<td>RANGER<\/td>\n<td>SPORT, XL, XLT<\/td>\n<td>2.3L L4 GAZ, 4.0L V6 GAZ<\/td>\n<\/tr>\n<tr>\n<td>2019\u20132020<\/td>\n<td>FORD<\/td>\n<td>RANGER<\/td>\n<td>LARIAT, XL, XLT<\/td>\n<td>2.3L L4 GAS<\/td>\n<\/tr>\n<tr>\n<td>2013\u20132016<\/td>\n<td>FORD<\/td>\n<td>TAURUS<\/td>\n<td>SHO<\/td>\n<td>3.5L V6 GAS<\/td>\n<\/tr>\n<tr>\n<td>2019<\/td>\n<td>FORD<\/td>\n<td>TAURUS<\/td>\n<td>SHO<\/td>\n<td>3.5L V6 GAS<\/td>\n<\/tr>\n<tr>\n<td>2006\u20132008<\/td>\n<td>LINCOLN<\/td>\n<td>MARK LT<\/td>\n<td>BAZA<\/td>\n<td>5.4L V8 GAS<\/td>\n<\/tr>\n<tr>\n<td>2012 - 2016<\/td>\n<td>LINCOLN<\/td>\n<td>MKS<\/td>\n<td>ECOBOOST<\/td>\n<td>3.5L V6 GAS<\/td>\n<\/tr>\n<tr>\n<td>2005<\/td>\n<td>LINCOLN<\/td>\n<td>SAMOCH\u00d3D MIEJSKI<\/td>\n<td>EXECUTIVE, EXECUTIVE L, SIGNATURE, SIGNATURE L, SIGNATURE LIMITED<\/td>\n<td>4.6L V8 GAS<\/td>\n<\/tr>\n<tr>\n<td>2006\u20132007<\/td>\n<td>LINCOLN<\/td>\n<td>SAMOCH\u00d3D MIEJSKI<\/td>\n<td>SERIA DESIGNER, EXECUTIVE, EXECUTIVE L, SIGNATURE, SIGNATURE L, SIGNATURE LIMITED<\/td>\n<td>4.6L V8 FLEX, 4.6L V8 GAS<\/td>\n<\/tr>\n<tr>\n<td>2008\u20132010<\/td>\n<td>LINCOLN<\/td>\n<td>SAMOCH\u00d3D MIEJSKI<\/td>\n<td>EXECUTIVE, EXECUTIVE L, SIGNATURE L, SIGNATURE LIMITED<\/td>\n<td>4.6L V8 FLEX, 4.6L V8 GAS<\/td>\n<\/tr>\n<tr>\n<td>2011<\/td>\n<td>LINCOLN<\/td>\n<td>SAMOCH\u00d3D MIEJSKI<\/td>\n<td>EXECUTIVE L, SIGNATURE L, SIGNATURE LIMITED<\/td>\n<td>4.6L V8 FLEX, 4.6L V8 GAS<\/td>\n<\/tr>\n<tr>\n<td>2007\u20132009<\/td>\n<td>MAZDA<\/td>\n<td>B2300<\/td>\n<td>BAZA<\/td>\n<td>2.3L L4 GAS<\/td>\n<\/tr>\n<tr>\n<td>2007<\/td>\n<td>MAZDA<\/td>\n<td>B3000<\/td>\n<td>BASE, DS<\/td>\n<td>3.0L V6 GAS<\/td>\n<\/tr>\n<tr>\n<td>2007\u20132008<\/td>\n<td>MAZDA<\/td>\n<td>B4000<\/td>\n<td>BASE, SE<\/td>\n<td>4.0L V6 GAS<\/td>\n<\/tr>\n<tr>\n<td>2009<\/td>\n<td>MAZDA<\/td>\n<td>B4000<\/td>\n<td>BAZA<\/td>\n<td>4.0L V6 GAS<\/td>\n<\/tr>\n<tr>\n<td>2005<\/td>\n<td>MERCURY<\/td>\n<td>GRAND MARQUIS<\/td>\n<td>GS, GSL, EDYCJA LIMITOWANA, LS, ULTIMATE EDITION<\/td>\n<td>4.6L V8 GAS<\/td>\n<\/tr>\n<tr>\n<td>2006\u20132008<\/td>\n<td>MERCURY<\/td>\n<td>GRAND MARQUIS<\/td>\n<td>GS, LS<\/td>\n<td>4.6L V8 FLEX, 4.6L V8 GAS<\/td>\n<\/tr>\n<tr>\n<td>2009\u20132010<\/td>\n<td>MERCURY<\/td>\n<td>GRAND MARQUIS<\/td>\n<td>LS<\/td>\n<td>4.6L V8 FLEX, 4.6L V8 GAS<\/td>\n<\/tr>\n<tr>\n<td>2011<\/td>\n<td>MERCURY<\/td>\n<td>GRAND MARQUIS<\/td>\n<td>LS<\/td>\n<td>4.6L V8 FLEX<\/td>\n<\/tr>\n<\/tbody>\n<\/table>","protected":false},"excerpt":{"rendered":"<p>Programator dla Ford, Lincoln, Mazda i Mercury<\/p>","protected":false},"featured_media":68285909,"comment_status":"open","ping_status":"closed","template":"","meta":{"_acf_changed":false},"product_brand":[],"product_cat":[4745,4744,4746,4748],"product_tag":[4020,4774,4773,4674,3954,515,4778,427,4765,4766,4767,3873,4777,4768,4769,4632,4772,917,1221,1157,784,3962,3874,2934,1224,4780,428,4775,36,3955,4763,4764,3872,438,4776,517,4771,4781,3958,4255,628,233,919,1155,4770,4779],"class_list":{"0":"post-68285792","1":"product","2":"type-product","3":"status-publish","4":"has-post-thumbnail","6":"product_cat-mustang-23-ecoboost-programmiergeraete","7":"product_cat-mustang-37-programmiergeraete","8":"product_cat-mustang-50-gt-programmiergeraete","9":"product_cat-shelby-gt500-programmiergeraete","10":"product_tag-2-3","11":"product_tag-4774","12":"product_tag-badlands","13":"product_tag-bronco","14":"product_tag-bullitt","15":"product_tag-chiptuning","16":"product_tag-crown-victoria","17":"product_tag-diablosport","18":"product_tag-e-150","19":"product_tag-e-350","20":"product_tag-e-450","21":"product_tag-ecoboost","22":"product_tag-econoline","23":"product_tag-excursion","24":"product_tag-explorer","25":"product_tag-f-150","26":"product_tag-fiesta","27":"product_tag-ford","28":"product_tag-g8","29":"product_tag-geschwindigkeitsbegrenzer","30":"product_tag-gt","31":"product_tag-gt-5-0","32":"product_tag-gt500","33":"product_tag-harder","34":"product_tag-i3","35":"product_tag-intercepter","36":"product_tag-intune","37":"product_tag-intune-i3-8145","38":"product_tag-kraftwerk","39":"product_tag-mach","40":"product_tag-mazda","41":"product_tag-mercury","42":"product_tag-mustang","43":"product_tag-obd","44":"product_tag-obd-tuning","45":"product_tag-programmiergeraet","46":"product_tag-ranger","47":"product_tag-raptor","48":"product_tag-shelby","49":"product_tag-shelbygt500","50":"product_tag-trinity","51":"product_tag-tuning","52":"product_tag-tuninggeraet","53":"product_tag-vmax","54":"product_tag-wagon","55":"product_tag-xlt","56":"product_shipping_class-deutschlandohne","58":"first","59":"instock","60":"taxable","61":"shipping-taxable","62":"purchasable","63":"product-type-simple"},"bundled_by":[],"bundle_stock_status":"instock","bundle_stock_quantity":2,"bundle_virtual":false,"bundle_layout":"","bundle_add_to_cart_form_location":"","bundle_editable_in_cart":false,"bundle_sold_individually_context":"","bundle_item_grouping":"","bundle_min_size":"","bundle_max_size":"","bundle_price":[],"bundled_items":[],"bundle_sell_ids":[],"exclude_global_add_ons":[],"addons":[],"acf":[],"_links":{"self":[{"href":"https:\/\/kraftwerk-shop.cc\/pl\/wp-json\/wp\/v2\/product\/68285792","targetHints":{"allow":["GET"]}}],"collection":[{"href":"https:\/\/kraftwerk-shop.cc\/pl\/wp-json\/wp\/v2\/product"}],"about":[{"href":"https:\/\/kraftwerk-shop.cc\/pl\/wp-json\/wp\/v2\/types\/product"}],"replies":[{"embeddable":true,"href":"https:\/\/kraftwerk-shop.cc\/pl\/wp-json\/wp\/v2\/comments?post=68285792"}],"version-history":[{"count":0,"href":"https:\/\/kraftwerk-shop.cc\/pl\/wp-json\/wp\/v2\/product\/68285792\/revisions"}],"wp:featuredmedia":[{"embeddable":true,"href":"https:\/\/kraftwerk-shop.cc\/pl\/wp-json\/wp\/v2\/media\/68285909"}],"wp:attachment":[{"href":"https:\/\/kraftwerk-shop.cc\/pl\/wp-json\/wp\/v2\/media?parent=68285792"}],"wp:term":[{"taxonomy":"product_brand","embeddable":true,"href":"https:\/\/kraftwerk-shop.cc\/pl\/wp-json\/wp\/v2\/product_brand?post=68285792"},{"taxonomy":"product_cat","embeddable":true,"href":"https:\/\/kraftwerk-shop.cc\/pl\/wp-json\/wp\/v2\/product_cat?post=68285792"},{"taxonomy":"product_tag","embeddable":true,"href":"https:\/\/kraftwerk-shop.cc\/pl\/wp-json\/wp\/v2\/product_tag?post=68285792"}],"curies":[{"name":"wp","href":"https:\/\/api.w.org\/{rel}","templated":true}]}}