{"id":68286058,"date":"2023-03-11T13:23:59","date_gmt":"2023-03-11T12:23:59","guid":{"rendered":"https:\/\/kraftwerk-shop.cc\/?post_type=product&#038;p=68286058"},"modified":"2025-10-07T13:19:43","modified_gmt":"2025-10-07T11:19:43","slug":"stabilizatory-wydajnosci-progress-technology-300c-challenger-charger","status":"publish","type":"product","link":"https:\/\/kraftwerk-shop.cc\/pl\/produkt\/progress-technology-performance-stabilisatoren-300c-challenger-charger\/","title":{"rendered":"Stabilizatory Progress Technology 300C, Challenger i Charger"},"content":{"rendered":"<h1>Stabilizatory poprzeczne Progress Technology Performance (prz\u00f3d + ty\u0142) do Chrysler 300C, Dodge Challenger i Charger<\/h1>\n<p>&nbsp;<\/p>\n<p>Stabilizatory Progress Technology drastycznie poprawiaj\u0105 prowadzenie. Jak to robi\u0105? Minimalizuj\u0105 pogarszaj\u0105cy trakcj\u0119 \"k\u0105t pochylenia\" nadwozia, kt\u00f3ry powoduje, \u017ce niekt\u00f3re zewn\u0119trzne opony staczaj\u0105 si\u0119 z drogi.<br \/>\nSportowo dostrojone stabilizatory zast\u0119puj\u0105 mniejsze stabilizatory OEM i gumowe tuleje pr\u0119tami ze stali stopowej o wi\u0119kszej \u015brednicy i twardszymi tulejami poliuretanowymi. Wi\u0119ksza \"sztywno\u015b\u0107 toczenia\" oznacza mniejsze \"przechy\u0142y\" lub \"ko\u0142ysanie\", a opony pozostaj\u0105 bardziej p\u0142askie i lepiej po\u0142\u0105czone z drog\u0105. Wi\u0119ksze i bardziej stabilne miejsca styku opony z nawierzchni\u0105 zapewniaj\u0105 wi\u0119ksz\u0105 przyczepno\u015b\u0107, kontrol\u0119 i pewno\u015b\u0107 siebie kierowcy.<\/p>\n<p>Tuning zawieszenia za pomoc\u0105 wi\u0119kszych i\/lub regulowanych stabilizator\u00f3w jest prostym i skutecznym sposobem na popraw\u0119 r\u00f3wnowagi zawieszenia i zminimalizowanie nadmiernej podsterowno\u015bci, kt\u00f3ra jest tak powszechna w nowoczesnych pojazdach.<br \/>\nStabilizatory Progress s\u0105 formowane na zimno przy u\u017cyciu precyzyjnego sprz\u0119tu do gi\u0119cia CNC. Zar\u00f3wno wycinane laserowo, jak i obrabiane CNC ko\u0144ce stabilizator\u00f3w s\u0105 spawane metod\u0105 MIG przy u\u017cyciu precyzyjnych uchwyt\u00f3w zapewniaj\u0105cych dok\u0142adne dopasowanie.<br \/>\nWszystkie amortyzatory Progress s\u0105 projektowane i produkowane w USA.<\/p>\n<p>&nbsp;<\/p>\n<p><strong>W\u0142a\u015bciwo\u015bci:<\/strong><\/p>\n<ul>\n<li>Gi\u0119cie na zimno w nowoczesnych tr\u00f3josiowych systemach CNC<\/li>\n<li>Wykonane ze stali stopowej<\/li>\n<li>Prefabrykowane ko\u0144c\u00f3wki pr\u0119t\u00f3w i pier\u015bcienie boczne s\u0105 spawane metod\u0105 MIG, aby zapewni\u0107 dok\u0142adne dopasowanie.<\/li>\n<li>Unikalna konstrukcja tulei poliuretanowej<\/li>\n<li>W zestawie kompletny materia\u0142 monta\u017cowy i instrukcje<\/li>\n<li>Wyprodukowano w USA<\/li>\n<li>Zakres regulacji: 3 otwory<\/li>\n<li>Rozmiar: okr\u0105g\u0142a rurka 35 mm<\/li>\n<li>Rozmiar: 22 mm<\/li>\n<li>Z\u0142\u0105cza ko\u0144cowe w zestawie: Nie<\/li>\n<li>Wszystkie stabilizatory s\u0105 malowane proszkowo na metaliczny szary kolor.<\/li>\n<\/ul>\n<p>&nbsp;<\/p>\n<p><strong>Odpowiedni dla:<\/strong><\/p>\n<table width=\"456\">\n<tbody>\n<tr>\n<td width=\"123\">Marka<\/td>\n<td width=\"173\">Model<\/td>\n<td width=\"78\">Silnik<\/td>\n<td width=\"82\">Rok<\/td>\n<\/tr>\n<tr>\n<td>Chrysler<\/td>\n<td>300 C<\/td>\n<td width=\"78\">3.6<\/td>\n<td>2011\u20132023<\/td>\n<\/tr>\n<tr>\n<td width=\"123\">Chrysler<\/td>\n<td width=\"173\">300C<\/td>\n<td width=\"78\">5.7<\/td>\n<td width=\"82\">2005\u20132023<\/td>\n<\/tr>\n<tr>\n<td width=\"123\">Chrysler<\/td>\n<td width=\"173\">300C<\/td>\n<td width=\"78\">6.1<\/td>\n<td width=\"82\">2005\u20132010<\/td>\n<\/tr>\n<tr>\n<td width=\"123\">Chrysler<\/td>\n<td width=\"173\">300C<\/td>\n<td width=\"78\">6.4<\/td>\n<td width=\"82\">2012\u20132014<\/td>\n<\/tr>\n<tr>\n<td width=\"123\">Dodge<\/td>\n<td width=\"173\">Challenger<\/td>\n<td width=\"78\">3.6<\/td>\n<td>2011\u20132023<\/td>\n<\/tr>\n<tr>\n<td width=\"123\">Dodge<\/td>\n<td width=\"173\">Challenger<\/td>\n<td width=\"78\">5.7<\/td>\n<td width=\"82\">2008\u20132023<\/td>\n<\/tr>\n<tr>\n<td width=\"123\">Dodge<\/td>\n<td width=\"173\">Challenger<\/td>\n<td width=\"78\">6.1<\/td>\n<td width=\"82\">2008\u20132010<\/td>\n<\/tr>\n<tr>\n<td width=\"123\">Dodge<\/td>\n<td width=\"173\">Challenger<\/td>\n<td width=\"78\">6.2 Hellcat<\/td>\n<td width=\"82\">2015\u20132023<\/td>\n<\/tr>\n<tr>\n<td width=\"123\">Dodge<\/td>\n<td width=\"173\">Challenger<\/td>\n<td width=\"78\">6.4<\/td>\n<td width=\"82\">2011\u20132023<\/td>\n<\/tr>\n<tr>\n<td width=\"123\">Dodge<\/td>\n<td width=\"173\">Charger<\/td>\n<td width=\"78\">3.6<\/td>\n<td>2011\u20132023<\/td>\n<\/tr>\n<tr>\n<td width=\"123\">Dodge<\/td>\n<td width=\"173\">Charger<\/td>\n<td width=\"78\">5.7<\/td>\n<td width=\"82\">2005\u20132023<\/td>\n<\/tr>\n<tr>\n<td width=\"123\">Dodge<\/td>\n<td width=\"173\">Charger<\/td>\n<td width=\"78\">6.1<\/td>\n<td width=\"82\">2005\u20132010<\/td>\n<\/tr>\n<tr>\n<td width=\"123\">Dodge<\/td>\n<td width=\"173\">Charger<\/td>\n<td width=\"78\">6.2 Hellcat<\/td>\n<td width=\"82\">2015\u20132023<\/td>\n<\/tr>\n<tr>\n<td width=\"123\">Dodge<\/td>\n<td width=\"173\">Charger<\/td>\n<td width=\"78\">6.4<\/td>\n<td width=\"82\">2011\u20132023<\/td>\n<\/tr>\n<\/tbody>\n<\/table>\n<div class=\"product-teaser\">\n<p>Nie nadaje si\u0119 do pojazd\u00f3w z nap\u0119dem na wszystkie ko\u0142a (AWD).<\/p>\n<\/div>\n<p>&nbsp;<\/p>\n<p><strong>Zakres dostawy:<\/strong><\/p>\n<ul>\n<li>Przedni stabilizator<\/li>\n<li>Tylny stabilizator<\/li>\n<li>Gniazda<\/li>\n<li>Niemieckie instrukcje instalacji (Pobierz)<\/li>\n<\/ul>","protected":false},"excerpt":{"rendered":"<p>2005\u20132023<\/p>","protected":false},"featured_media":68286379,"comment_status":"open","ping_status":"closed","template":"","meta":{"_acf_changed":false},"product_brand":[],"product_cat":[1563,1571,4977,1579,1587,1668,1676,1684,1692,1700,1603,1611,5156,1619,1627,1635],"product_tag":[169,52,91,92,101,93,4790,3888,3897,54,53,48,536,49,3853,3854,743,318,3893,100,126,798,222,4789,783,151,3896,3898,3894,787,782,96,767,769,3891,3899,3889,3890,831,841],"class_list":{"0":"post-68286058","1":"product","2":"type-product","3":"status-publish","4":"has-post-thumbnail","6":"product_cat-300c-36-fahrwerk","7":"product_cat-300c-57-2005-2010-fahrwerk","8":"product_cat-300c-57-2011-2023-fahrwerk","9":"product_cat-300c-61-fahrwerk","10":"product_cat-300c-64-fahrwerk","11":"product_cat-challenger-36-fahrwerk","12":"product_cat-challenger-57-fahrwerk","13":"product_cat-challenger-61-fahrwerk","14":"product_cat-challenger-hellcat-fahrwerk","15":"product_cat-challenger-64-fahrwerk","16":"product_cat-charger-36-fahrwerk","17":"product_cat-charger-57-fahrwerk","18":"product_cat-charger-57-2011-2023-fahrwerk","19":"product_cat-charger-61-fahrwerk","20":"product_cat-charger-hellcat-fahrwerk","21":"product_cat-charger-64-fahrwerk","22":"product_tag-3-6","23":"product_tag-300c","24":"product_tag-5-7","25":"product_tag-6-1","26":"product_tag-6-2","27":"product_tag-6-4","28":"product_tag-63-0636","29":"product_tag-anti-roll","30":"product_tag-bar","31":"product_tag-challenger","32":"product_tag-charger","33":"product_tag-chrysler","34":"product_tag-chrysler-300c","35":"product_tag-dodge","36":"product_tag-dodge-challenger","37":"product_tag-dodge-charger","38":"product_tag-fahrwerk","39":"product_tag-federn","40":"product_tag-federung","41":"product_tag-hellcat","42":"product_tag-hemi","43":"product_tag-hinten","44":"product_tag-kit","45":"product_tag-progress-technology","46":"product_tag-r-t","47":"product_tag-redeye","48":"product_tag-roll","49":"product_tag-rollbar","50":"product_tag-rollneigung","51":"product_tag-rt","52":"product_tag-scat-pack","53":"product_tag-srt","54":"product_tag-stabi","55":"product_tag-stabilisator","56":"product_tag-stabilisatoren","57":"product_tag-sway","58":"product_tag-sway-bar","59":"product_tag-swaybar","60":"product_tag-verstellbar","61":"product_tag-vorne","62":"product_shipping_class-paketversand-l","64":"first","65":"onbackorder","66":"taxable","67":"shipping-taxable","68":"purchasable","69":"product-type-simple"},"bundled_by":[],"bundle_stock_status":"onbackorder","bundle_stock_quantity":0,"bundle_virtual":false,"bundle_layout":"","bundle_add_to_cart_form_location":"","bundle_editable_in_cart":false,"bundle_sold_individually_context":"","bundle_item_grouping":"","bundle_min_size":"","bundle_max_size":"","bundle_price":[],"bundled_items":[],"bundle_sell_ids":[],"exclude_global_add_ons":[],"addons":[],"acf":[],"_links":{"self":[{"href":"https:\/\/kraftwerk-shop.cc\/pl\/wp-json\/wp\/v2\/product\/68286058","targetHints":{"allow":["GET"]}}],"collection":[{"href":"https:\/\/kraftwerk-shop.cc\/pl\/wp-json\/wp\/v2\/product"}],"about":[{"href":"https:\/\/kraftwerk-shop.cc\/pl\/wp-json\/wp\/v2\/types\/product"}],"replies":[{"embeddable":true,"href":"https:\/\/kraftwerk-shop.cc\/pl\/wp-json\/wp\/v2\/comments?post=68286058"}],"version-history":[{"count":0,"href":"https:\/\/kraftwerk-shop.cc\/pl\/wp-json\/wp\/v2\/product\/68286058\/revisions"}],"wp:featuredmedia":[{"embeddable":true,"href":"https:\/\/kraftwerk-shop.cc\/pl\/wp-json\/wp\/v2\/media\/68286379"}],"wp:attachment":[{"href":"https:\/\/kraftwerk-shop.cc\/pl\/wp-json\/wp\/v2\/media?parent=68286058"}],"wp:term":[{"taxonomy":"product_brand","embeddable":true,"href":"https:\/\/kraftwerk-shop.cc\/pl\/wp-json\/wp\/v2\/product_brand?post=68286058"},{"taxonomy":"product_cat","embeddable":true,"href":"https:\/\/kraftwerk-shop.cc\/pl\/wp-json\/wp\/v2\/product_cat?post=68286058"},{"taxonomy":"product_tag","embeddable":true,"href":"https:\/\/kraftwerk-shop.cc\/pl\/wp-json\/wp\/v2\/product_tag?post=68286058"}],"curies":[{"name":"wp","href":"https:\/\/api.w.org\/{rel}","templated":true}]}}