{"id":68286072,"date":"2023-03-19T22:51:50","date_gmt":"2023-03-19T21:51:50","guid":{"rendered":"https:\/\/kraftwerk-shop.cc\/?post_type=product&#038;p=68286072"},"modified":"2025-12-06T22:03:39","modified_gmt":"2025-12-06T21:03:39","slug":"stabilizator-progress-technology-ram","status":"publish","type":"product","link":"https:\/\/kraftwerk-shop.cc\/pl\/produkt\/progress-technology-stabilisator-ram\/","title":{"rendered":"Stabilizator Progress Technology RAM 5.7"},"content":{"rendered":"<h1>Stabilizator Progress Technology Performance (tylna o\u015b) dla RAM 3.0 EcoDiesel, 3.6 i 5.7<\/h1>\n<p>&nbsp;<\/p>\n<p>Stabilizatory Progress Technology drastycznie poprawiaj\u0105 prowadzenie. Jak to robi\u0105? Minimalizuj\u0105 pogarszaj\u0105cy trakcj\u0119 \"k\u0105t pochylenia\" nadwozia, kt\u00f3ry powoduje, \u017ce niekt\u00f3re zewn\u0119trzne opony staczaj\u0105 si\u0119 z drogi.<br \/>\nSportowo dostrojone stabilizatory zast\u0119puj\u0105 mniejsze stabilizatory OEM i gumowe tuleje pr\u0119tami ze stali stopowej o wi\u0119kszej \u015brednicy i twardszymi tulejami poliuretanowymi. Wi\u0119ksza \"sztywno\u015b\u0107 toczenia\" oznacza mniejsze \"przechy\u0142y\" lub \"ko\u0142ysanie\", a opony pozostaj\u0105 bardziej p\u0142askie i lepiej po\u0142\u0105czone z drog\u0105. Wi\u0119ksze i bardziej stabilne miejsca styku opony z nawierzchni\u0105 zapewniaj\u0105 wi\u0119ksz\u0105 przyczepno\u015b\u0107, kontrol\u0119 i pewno\u015b\u0107 siebie kierowcy.<\/p>\n<p>Tuning zawieszenia za pomoc\u0105 wi\u0119kszych i\/lub regulowanych stabilizator\u00f3w jest prostym i skutecznym sposobem na popraw\u0119 r\u00f3wnowagi zawieszenia i zminimalizowanie nadmiernej podsterowno\u015bci, kt\u00f3ra jest tak powszechna w nowoczesnych pojazdach.<br \/>\nStabilizatory Progress s\u0105 formowane na zimno przy u\u017cyciu precyzyjnego sprz\u0119tu do gi\u0119cia CNC. Zar\u00f3wno wycinane laserowo, jak i obrabiane CNC ko\u0144ce stabilizator\u00f3w s\u0105 spawane metod\u0105 MIG przy u\u017cyciu precyzyjnych uchwyt\u00f3w zapewniaj\u0105cych dok\u0142adne dopasowanie.<br \/>\nWszystkie amortyzatory Progress s\u0105 projektowane i produkowane w USA.<\/p>\n<p>&nbsp;<\/p>\n<p><strong>W\u0142a\u015bciwo\u015bci:<\/strong><\/p>\n<ul>\n<li>Gi\u0119cie na zimno w nowoczesnych tr\u00f3josiowych systemach CNC<\/li>\n<li>Wykonane ze stali stopowej<\/li>\n<li>Prefabrykowane ko\u0144c\u00f3wki pr\u0119t\u00f3w i pier\u015bcienie boczne s\u0105 spawane metod\u0105 MIG, aby zapewni\u0107 dok\u0142adne dopasowanie.<\/li>\n<li>Wyprodukowano w USA<\/li>\n<li>Lepsza stabilno\u015b\u0107 kierunkowa przy bocznym wietrze<\/li>\n<li>Lepsza kontrola nad pojazdem podczas holowania przyczep<\/li>\n<li>Bez mo\u017cliwo\u015bci regulacji<\/li>\n<li>\u015arednica: 1,00\u2033 (25 mm)<\/li>\n<li>Zawiera tuleje poliuretanowe i smar<\/li>\n<li>Z\u0142\u0105cza ko\u0144cowe w zestawie: Nie<\/li>\n<li>Pasuje do pojazd\u00f3w z wysoko\u015bci\u0105 OEM w zakresie +\/- 2,0\u2033<\/li>\n<li>Wszystkie stabilizatory s\u0105 malowane proszkowo na metaliczny szary kolor.<\/li>\n<\/ul>\n<p>&nbsp;<\/p>\n<p><strong>Odpowiedni dla:<\/strong><\/p>\n<table width=\"498\">\n<tbody>\n<tr>\n<td width=\"114\"><strong>Marka<\/strong><\/td>\n<td width=\"121\"><strong>Model<\/strong><\/td>\n<td width=\"122\"><strong>Silnik<\/strong><\/td>\n<td width=\"141\"><strong>Rok<\/strong><\/td>\n<\/tr>\n<tr>\n<td width=\"114\">RAM<\/td>\n<td width=\"121\">1500<\/td>\n<td width=\"122\">3.0 EcoDiesel<\/td>\n<td width=\"141\">2014\u20132018<\/td>\n<\/tr>\n<tr>\n<td width=\"114\">RAM<\/td>\n<td>1500 Classic<\/td>\n<td width=\"122\">3.0 EcoDiesel<\/td>\n<td>2019<\/td>\n<\/tr>\n<tr>\n<td width=\"114\">RAM<\/td>\n<td width=\"121\">1500<\/td>\n<td width=\"122\">3.0 EcoDiesel<\/td>\n<td width=\"141\">2020\u20132023<\/td>\n<\/tr>\n<tr>\n<td width=\"114\">RAM<\/td>\n<td width=\"121\">1500<\/td>\n<td width=\"122\">3.6<\/td>\n<td width=\"141\">2013\u20132018<\/td>\n<\/tr>\n<tr>\n<td width=\"114\">RAM<\/td>\n<td width=\"121\">1500<\/td>\n<td width=\"122\">3.6<\/td>\n<td width=\"141\">2019\u20132024<\/td>\n<\/tr>\n<tr>\n<td width=\"114\">RAM<\/td>\n<td>1500 Classic<\/td>\n<td width=\"122\">3.6<\/td>\n<td>2019\u20132024<\/td>\n<\/tr>\n<tr>\n<td width=\"114\">RAM<\/td>\n<td width=\"121\">1500<\/td>\n<td width=\"122\">5.7<\/td>\n<td width=\"141\">2011\u20132014<\/td>\n<\/tr>\n<tr>\n<td width=\"114\">RAM<\/td>\n<td width=\"121\">1500<\/td>\n<td width=\"122\">5.7<\/td>\n<td width=\"141\">2019\u20132024<\/td>\n<\/tr>\n<tr>\n<td width=\"114\">RAM<\/td>\n<td>1500 Classic<\/td>\n<td width=\"122\">5.7<\/td>\n<td>2019\u20132024<\/td>\n<\/tr>\n<\/tbody>\n<\/table>\n<p>Nadaje si\u0119 tylko do pojazd\u00f3w z wysoko\u015bci\u0105 OEM w zakresie +\/- 2,0\u2033.<\/p>\n<p>&nbsp;<\/p>\n<p><strong>Zakres dostawy:<\/strong><\/p>\n<ul>\n<li>Tylny stabilizator<\/li>\n<li>Gniazda<\/li>\n<\/ul>","protected":false},"excerpt":{"rendered":"<p>Progress Technology Performance Stabilisator (Hinterachse) f\u00fcr RAM 3.0 EcoDiesel, 3.6 und 5.7 &nbsp; Progress Technology Stabilisatoren verbessern das Fahrverhalten drastisch.<\/p>","protected":false},"featured_media":68286387,"comment_status":"open","ping_status":"closed","template":"","meta":{"_acf_changed":false},"product_brand":[],"product_cat":[4792,19414,4793,19684,1519,5014],"product_tag":[475,4791,743,318,3893,798,222,4789,86,3896,3898,3894,767,769,3891,3899,3889,3890],"class_list":{"0":"post-68286072","1":"product","2":"type-product","3":"status-publish","4":"has-post-thumbnail","6":"product_cat-1500-ecodiesel-fahrwerk","7":"product_cat-1500-ecodiesel-2020-2023-fahrwerk","8":"product_cat-1500-36-fahrwerk","9":"product_cat-1500-36-dt-fahrwerk","10":"product_cat-1500-57-2009-2018-classic-fahrwerk","11":"product_cat-1500-57-dt-fahrwerk","12":"product_tag-475","13":"product_tag-22-1810-000","14":"product_tag-fahrwerk","15":"product_tag-federn","16":"product_tag-federung","17":"product_tag-hinten","18":"product_tag-kit","19":"product_tag-progress-technology","20":"product_tag-ram","21":"product_tag-roll","22":"product_tag-rollbar","23":"product_tag-rollneigung","24":"product_tag-stabi","25":"product_tag-stabilisator","26":"product_tag-stabilisatoren","27":"product_tag-sway","28":"product_tag-sway-bar","29":"product_tag-swaybar","31":"first","32":"onbackorder","33":"taxable","34":"shipping-taxable","35":"purchasable","36":"product-type-simple"},"bundled_by":[],"bundle_stock_status":"onbackorder","bundle_stock_quantity":0,"bundle_virtual":false,"bundle_layout":"","bundle_add_to_cart_form_location":"","bundle_editable_in_cart":false,"bundle_sold_individually_context":"","bundle_item_grouping":"","bundle_min_size":"","bundle_max_size":"","bundle_price":[],"bundled_items":[],"bundle_sell_ids":[],"exclude_global_add_ons":[],"addons":[],"acf":[],"_links":{"self":[{"href":"https:\/\/kraftwerk-shop.cc\/pl\/wp-json\/wp\/v2\/product\/68286072","targetHints":{"allow":["GET"]}}],"collection":[{"href":"https:\/\/kraftwerk-shop.cc\/pl\/wp-json\/wp\/v2\/product"}],"about":[{"href":"https:\/\/kraftwerk-shop.cc\/pl\/wp-json\/wp\/v2\/types\/product"}],"replies":[{"embeddable":true,"href":"https:\/\/kraftwerk-shop.cc\/pl\/wp-json\/wp\/v2\/comments?post=68286072"}],"version-history":[{"count":0,"href":"https:\/\/kraftwerk-shop.cc\/pl\/wp-json\/wp\/v2\/product\/68286072\/revisions"}],"wp:featuredmedia":[{"embeddable":true,"href":"https:\/\/kraftwerk-shop.cc\/pl\/wp-json\/wp\/v2\/media\/68286387"}],"wp:attachment":[{"href":"https:\/\/kraftwerk-shop.cc\/pl\/wp-json\/wp\/v2\/media?parent=68286072"}],"wp:term":[{"taxonomy":"product_brand","embeddable":true,"href":"https:\/\/kraftwerk-shop.cc\/pl\/wp-json\/wp\/v2\/product_brand?post=68286072"},{"taxonomy":"product_cat","embeddable":true,"href":"https:\/\/kraftwerk-shop.cc\/pl\/wp-json\/wp\/v2\/product_cat?post=68286072"},{"taxonomy":"product_tag","embeddable":true,"href":"https:\/\/kraftwerk-shop.cc\/pl\/wp-json\/wp\/v2\/product_tag?post=68286072"}],"curies":[{"name":"wp","href":"https:\/\/api.w.org\/{rel}","templated":true}]}}