{"id":68286265,"date":"2023-03-13T14:13:07","date_gmt":"2023-03-13T13:13:07","guid":{"rendered":"https:\/\/kraftwerk-shop.cc\/?post_type=product&#038;p=68286265"},"modified":"2026-02-15T00:00:52","modified_gmt":"2026-02-14T23:00:52","slug":"ford-performance-m-5200-m8eba-mustang-gt","status":"publish","type":"product","link":"https:\/\/kraftwerk-shop.cc\/pl\/produkt\/ford-performance-m-5200-m8eba-mustang-gt\/","title":{"rendered":"Uk\u0142ad wydechowy Ford Performance dla Forda Mustanga GT 5.0"},"content":{"rendered":"<h1>Uk\u0142ad wydechowy Ford Performance Cat-Back M-5200-M8EBA pasuj\u0105cy do Mustanga GT 5.0 (S550)<\/h1>\n<p>Ten uk\u0142ad wydechowy Ford Performance zosta\u0142 dostrojony i zaprojektowany tak, aby zapewni\u0107 najwy\u017csz\u0105 wydajno\u015b\u0107 pojazdu. Ka\u017cda sekcja rury jest r\u00f3wnomiernie wygi\u0119ta, aby zwi\u0119kszy\u0107 przep\u0142yw spalin. T\u0142umik zosta\u0142 zaprojektowany tak, aby nada\u0107 pojazdowi agresywny i gard\u0142owy d\u017awi\u0119k o wysokiej wydajno\u015bci oraz zminimalizowa\u0107 ci\u015bnienie wsteczne.<\/p>\n<p>Instalacja jest prosta i nie wymaga spawania ani wiercenia w poje\u017adzie. Ka\u017cdy system wykorzystuje istniej\u0105ce punkty monta\u017cowe.<\/p>\n<p>&nbsp;<\/p>\n<p><strong>Odpowiedni dla:<\/strong><\/p>\n<table width=\"530\">\n<tbody>\n<tr>\n<td width=\"141\">Ford<\/td>\n<td width=\"116\">Mustang<\/td>\n<td width=\"176\">GT 5.0L<\/td>\n<td width=\"97\">2018\u20132023<\/td>\n<\/tr>\n<\/tbody>\n<\/table>\n<p>&nbsp;<\/p>\n<p><strong>Zakres dostawy<\/strong><\/p>\n<ul>\n<li>Uk\u0142ad wydechowy Ford Performance M-5200-M8EBA<\/li>\n<li>Zaciski<\/li>\n<\/ul>\n<p>&nbsp;<\/p>\n<p>Ford Racing (Ford Performance) to oddzia\u0142 Forda zajmuj\u0105cy si\u0119 tuningiem i sportami motorowymi, oferuj\u0105cy wysokiej jako\u015bci produkty do Forda Mustanga Shelby GT350\/GT500, Forda GT (S197, S297, S550) i pickup\u00f3w F-150. Produkty te s\u0105 optymalnie przetworzone i bardzo dobrej jako\u015bci.<\/p>","protected":false},"excerpt":{"rendered":"<p>2018\u20132023<\/p>","protected":false},"featured_media":68286268,"comment_status":"open","ping_status":"closed","template":"","meta":{"_acf_changed":false},"product_brand":[],"product_cat":[4033],"product_tag":[1035,546,2245,692,2786,917,4786,4625,4785,3962,2934,36,4813,1044,3872,4787,4587,4783,2899,3055,4784,673],"class_list":{"0":"post-68286265","1":"product","2":"type-product","3":"status-publish","4":"has-post-thumbnail","6":"product_cat-mustang-50-gt-abgasanlage","7":"product_tag-abgasanlage","8":"product_tag-auspuff","9":"product_tag-auspuffanlage","10":"product_tag-ersatzteil","11":"product_tag-exhaust","12":"product_tag-ford","13":"product_tag-ford-exhaust","14":"product_tag-ford-performance","15":"product_tag-ford-racing","16":"product_tag-gt-5-0","17":"product_tag-harder","18":"product_tag-kraftwerk","19":"product_tag-m-5200-m8eba","20":"product_tag-mittelschalldaempfer","21":"product_tag-mustang","22":"product_tag-mustang-exhaust","23":"product_tag-mustang-gt","24":"product_tag-s550","25":"product_tag-schalldaempfer","26":"product_tag-sportabgasanlage","27":"product_tag-x-pipe","28":"product_tag-zubehoer","30":"first","31":"onbackorder","32":"taxable","33":"shipping-taxable","34":"purchasable","35":"product-type-simple"},"bundled_by":[],"bundle_stock_status":"onbackorder","bundle_stock_quantity":0,"bundle_virtual":false,"bundle_layout":"","bundle_add_to_cart_form_location":"","bundle_editable_in_cart":false,"bundle_sold_individually_context":"","bundle_item_grouping":"","bundle_min_size":"","bundle_max_size":"","bundle_price":[],"bundled_items":[],"bundle_sell_ids":[],"exclude_global_add_ons":[],"addons":[],"acf":[],"_links":{"self":[{"href":"https:\/\/kraftwerk-shop.cc\/pl\/wp-json\/wp\/v2\/product\/68286265","targetHints":{"allow":["GET"]}}],"collection":[{"href":"https:\/\/kraftwerk-shop.cc\/pl\/wp-json\/wp\/v2\/product"}],"about":[{"href":"https:\/\/kraftwerk-shop.cc\/pl\/wp-json\/wp\/v2\/types\/product"}],"replies":[{"embeddable":true,"href":"https:\/\/kraftwerk-shop.cc\/pl\/wp-json\/wp\/v2\/comments?post=68286265"}],"version-history":[{"count":0,"href":"https:\/\/kraftwerk-shop.cc\/pl\/wp-json\/wp\/v2\/product\/68286265\/revisions"}],"wp:featuredmedia":[{"embeddable":true,"href":"https:\/\/kraftwerk-shop.cc\/pl\/wp-json\/wp\/v2\/media\/68286268"}],"wp:attachment":[{"href":"https:\/\/kraftwerk-shop.cc\/pl\/wp-json\/wp\/v2\/media?parent=68286265"}],"wp:term":[{"taxonomy":"product_brand","embeddable":true,"href":"https:\/\/kraftwerk-shop.cc\/pl\/wp-json\/wp\/v2\/product_brand?post=68286265"},{"taxonomy":"product_cat","embeddable":true,"href":"https:\/\/kraftwerk-shop.cc\/pl\/wp-json\/wp\/v2\/product_cat?post=68286265"},{"taxonomy":"product_tag","embeddable":true,"href":"https:\/\/kraftwerk-shop.cc\/pl\/wp-json\/wp\/v2\/product_tag?post=68286265"}],"curies":[{"name":"wp","href":"https:\/\/api.w.org\/{rel}","templated":true}]}}