{"id":68286556,"date":"2023-03-24T14:27:29","date_gmt":"2023-03-24T13:27:29","guid":{"rendered":"https:\/\/kraftwerk-shop.cc\/?post_type=product&#038;p=68286556"},"modified":"2026-02-15T00:00:53","modified_gmt":"2026-02-14T23:00:53","slug":"mbrp-s71133cf-dodge-challenger-v8","status":"publish","type":"product","link":"https:\/\/kraftwerk-shop.cc\/pl\/produkt\/mbrp-s71133cf-dodge-challenger-v8\/","title":{"rendered":"MBRP S71133CF Dual Cat-Back Street Profile Dodge Challenger V8"},"content":{"rendered":"<h1>Uk\u0142ad wydechowy MBRP Dual Cat-Back o profilu ulicznym dla Dodge Challenger V8<\/h1>\n<p>&nbsp;<\/p>\n<p>MBRP S71133CF to wysokiej jako\u015bci uk\u0142ad wydechowy Cat-Back wykonany ze stali nierdzewnej T304, zaprojektowany specjalnie dla modeli Dodge Challenger z silnikami V8. Dzi\u0119ki agresywnemu, ale nadaj\u0105cemu si\u0119 do codziennego u\u017cytku brzmieniu zapewnia idealn\u0105 r\u00f3wnowag\u0119 mi\u0119dzy osi\u0105gami a komfortem.<\/p>\n<p>&nbsp;<\/p>\n<p><strong>Najwa\u017cniejsze informacje techniczne<\/strong><\/p>\n<ul>\n<li>Materia\u0142: stal nierdzewna T304 zapewniaj\u0105ca maksymaln\u0105 odporno\u015b\u0107 na korozj\u0119 i trwa\u0142o\u015b\u0107.<\/li>\n<li>\u015arednica rury: 3 cale (76 mm)<\/li>\n<li>Rury wydechowe: dwu\u015bcienne, \u015bci\u0119te 4-calowe rury wydechowe z pow\u0142ok\u0105 z w\u0142\u00f3kna w\u0119glowego.<\/li>\n<li>Uk\u0142ad wydechowy: Quad Rear Exit (cztery rury wydechowe)<\/li>\n<li>Profil d\u017awi\u0119kowy: profil uliczny \u2013 sportowy i wyrazisty, nie przeszkadzaj\u0105cy podczas d\u0142ugich podr\u00f3\u017cy<\/li>\n<li>Monta\u017c: system przykr\u0119cany \u2013 \u0142atwy monta\u017c bez spawania lub wiercenia, wykorzystanie oryginalnych punkt\u00f3w mocowania<\/li>\n<\/ul>\n<p>Ten uk\u0142ad wydechowy jest idealny dla kierowc\u00f3w, kt\u00f3rzy oczekuj\u0105 lepszych osi\u0105g\u00f3w i charakterystycznego d\u017awi\u0119ku zar\u00f3wno na drodze, jak i na torze wy\u015bcigowym, bez uszczerbku dla codziennego komfortu.<\/p>\n<p>&nbsp;<\/p>\n<p>&nbsp;<\/p>\n<p>Uk\u0142ad wydechowy MBRP S71133CF Street Version 3\u2033 cat-back wykonany ze stali nierdzewnej T304 z rurami wydechowymi z w\u0142\u00f3kna w\u0119glowego jest odpowiedni dla nast\u0119puj\u0105cych modeli:<\/p>\n<table width=\"449\">\n<tbody>\n<tr>\n<td width=\"115\"><strong>Marka<\/strong><\/td>\n<td width=\"145\"><strong>Model<\/strong><\/td>\n<td width=\"106\"><strong>Silnik<\/strong><\/td>\n<td width=\"83\"><strong>Rok<\/strong><\/td>\n<\/tr>\n<tr>\n<td>Dodge<\/td>\n<td>Challenger 392 Hemi Scat Pack Shaker<\/td>\n<td>6.4<\/td>\n<td>2016<\/td>\n<\/tr>\n<tr>\n<td>Dodge<\/td>\n<td>Challenger R\/T<\/td>\n<td>5.7<\/td>\n<td>2017\u20132023<\/td>\n<\/tr>\n<tr>\n<td>Dodge<\/td>\n<td>Challenger R\/T 392<\/td>\n<td>6.4<\/td>\n<td>2017\u20132019<\/td>\n<\/tr>\n<tr>\n<td>Dodge<\/td>\n<td>Challenger R\/T Scat Pack<\/td>\n<td>6.4<\/td>\n<td>2016\u20132023<\/td>\n<\/tr>\n<tr>\n<td>Dodge<\/td>\n<td>Challenger R\/T Scat Pack Shaker Widebody<\/td>\n<td>6.4<\/td>\n<td>2021<\/td>\n<\/tr>\n<tr>\n<td>Dodge<\/td>\n<td>Dodge Challenger R\/T Scat Pack Widebody<\/td>\n<td>6.4<\/td>\n<td>2019\u20132023<\/td>\n<\/tr>\n<tr>\n<td>Dodge<\/td>\n<td>Challenger Scat Pack<\/td>\n<td>6.4<\/td>\n<td>2015<\/td>\n<\/tr>\n<tr>\n<td>Dodge<\/td>\n<td>Challenger SRT 392<\/td>\n<td>6.4<\/td>\n<td>2015\u20132018<\/td>\n<\/tr>\n<tr>\n<td>Dodge<\/td>\n<td>Challenger SRT Demon<\/td>\n<td>6.2<\/td>\n<td>2018<\/td>\n<\/tr>\n<tr>\n<td>Dodge<\/td>\n<td>Challenger SRT Hellcat<\/td>\n<td>6.2<\/td>\n<td>2015 \u2013  2023<\/td>\n<\/tr>\n<tr>\n<td>Dodge<\/td>\n<td>Challenger SRT Hellcat Redeye<\/td>\n<td>6.2<\/td>\n<td>2019\u20132023<\/td>\n<\/tr>\n<tr>\n<td>Dodge<\/td>\n<td>Challenger SRT Hellcat Redeye Widebody<\/td>\n<td>6.2<\/td>\n<td>2019\u20132023<\/td>\n<\/tr>\n<tr>\n<td>Dodge<\/td>\n<td>Challenger SRT Hellcat Widebody<\/td>\n<td>6.2<\/td>\n<td>2018\u20132023<\/td>\n<\/tr>\n<tr>\n<td>Dodge<\/td>\n<td>Challenger SRT Jailbreak<\/td>\n<td>6.2<\/td>\n<td>2022\u20132023<\/td>\n<\/tr>\n<tr>\n<td>Dodge<\/td>\n<td>Challenger SRT Super Stock<\/td>\n<td>6.2<\/td>\n<td>2020\u20132023<\/td>\n<\/tr>\n<\/tbody>\n<\/table>\n<p><iframe loading=\"lazy\" title=\"MBRP S7113 wersja uliczna dla Dodge Challenger V8\" src=\"https:\/\/www.youtube.com\/embed\/X9l5z1ckYMg\" width=\"882\" height=\"496\" frameborder=\"0\" allowfullscreen=\"allowfullscreen\"><\/iframe><\/p>\n<p>&nbsp;<\/p>\n<p><iframe loading=\"lazy\" title=\"MBRP S7113 wersja uliczna dla Dodge Challenger V8\" src=\"https:\/\/www.youtube.com\/embed\/hbf9vWlVgBE\" width=\"882\" height=\"496\" frameborder=\"0\" allowfullscreen=\"allowfullscreen\"><\/iframe><\/p>\n<p>&nbsp;<\/p>","protected":false},"excerpt":{"rendered":"<p>Stal nierdzewna T304<\/p>\n<p>2015\u20132023<\/p>","protected":false},"featured_media":68286559,"comment_status":"open","ping_status":"closed","template":"","meta":{"_acf_changed":false},"product_brand":[17169],"product_cat":[3024,6602,6593,6520],"product_tag":[16221,16189,16196,16197,16198,16211,16195,16202,16186,16190,16191,16194,16193,16192,16188,16215,16216,16214,16217,16187,2934,16208,16209,16207,16210,20273,16212,16213,4828,16200,16199,16201,16206,16204,16203,16205,16220,16219,16218],"class_list":{"0":"post-68286556","1":"product","2":"type-product","3":"status-publish","4":"has-post-thumbnail","6":"product_brand-mbrp","7":"product_cat-nicht-nach-eu","8":"product_cat-challenger-57-abgasanlage-catback","9":"product_cat-challenger-hellcat-abgasanlage-catback","10":"product_cat-challenger-64-catback","11":"product_tag-0s71133cf","12":"product_tag-challenger-mbrp-sportauspuff","13":"product_tag-challenger-r-t-mbrp-sportauspuff","14":"product_tag-challenger-r-t-sportauspuff-carbon","15":"product_tag-challenger-r-t-sportauspuffanlage-challenger-scat-pack-sportauspuff","16":"product_tag-challenger-redeye-sportauspuff","17":"product_tag-challenger-rt-sportauspuff","18":"product_tag-challenger-scat-pack-sportauspuffanlage-challenger-srt-392-sportauspuff","19":"product_tag-challenger-sportauspuff","20":"product_tag-challenger-sportauspuff-carbon","21":"product_tag-challenger-sportauspuff-edelstahl","22":"product_tag-challenger-sportauspuff-einbauen-challenger-r-t-sportauspuff","23":"product_tag-challenger-sportauspuff-kaufen","24":"product_tag-challenger-sportauspuffanlage","25":"product_tag-challenger-v8-sportauspuff","26":"product_tag-demon-carbon-sportauspuff","27":"product_tag-demon-mbrp-sportauspuff","28":"product_tag-demon-sportauspuff","29":"product_tag-demon-sportauspuffanlage-challenger-super-stock-sportauspuff","30":"product_tag-dodge-challenger-sportauspuff","31":"product_tag-harder","32":"product_tag-hellcat-carbon-sportauspuff","33":"product_tag-hellcat-mbrp-sportauspuff","34":"product_tag-hellcat-sportauspuff","35":"product_tag-hellcat-sportauspuffanlage-hellcat-redeye-sportauspuff","36":"product_tag-keintuev","37":"product_tag-redeye-carbon-sportauspuff","38":"product_tag-redeye-mbrp-sportauspuff-challenger-demon-sportauspuff","39":"product_tag-s71133cf","40":"product_tag-scat-pack-mbrp-sportauspuff","41":"product_tag-scat-pack-sportauspuff","42":"product_tag-scat-pack-sportauspuff-carbon","43":"product_tag-srt-392-carbon-sportauspuff-challenger-hellcat-sportauspuff","44":"product_tag-srt-392-mbrp-sportauspuff","45":"product_tag-srt-392-sportauspuff","46":"product_tag-srt-392-sportauspuffanlage","47":"product_tag-super-stock-carbon-sportauspuff","48":"product_tag-super-stock-mbrp-sportauspuff","49":"product_tag-super-stock-sportauspuff","50":"product_shipping_class-spedition-1","52":"first","53":"onbackorder","54":"taxable","55":"shipping-taxable","56":"purchasable","57":"product-type-simple"},"bundled_by":[],"bundle_stock_status":"onbackorder","bundle_stock_quantity":0,"bundle_virtual":false,"bundle_layout":"","bundle_add_to_cart_form_location":"","bundle_editable_in_cart":false,"bundle_sold_individually_context":"","bundle_item_grouping":"","bundle_min_size":"","bundle_max_size":"","bundle_price":[],"bundled_items":[],"bundle_sell_ids":[],"exclude_global_add_ons":[],"addons":[],"acf":[],"_links":{"self":[{"href":"https:\/\/kraftwerk-shop.cc\/pl\/wp-json\/wp\/v2\/product\/68286556","targetHints":{"allow":["GET"]}}],"collection":[{"href":"https:\/\/kraftwerk-shop.cc\/pl\/wp-json\/wp\/v2\/product"}],"about":[{"href":"https:\/\/kraftwerk-shop.cc\/pl\/wp-json\/wp\/v2\/types\/product"}],"replies":[{"embeddable":true,"href":"https:\/\/kraftwerk-shop.cc\/pl\/wp-json\/wp\/v2\/comments?post=68286556"}],"version-history":[{"count":0,"href":"https:\/\/kraftwerk-shop.cc\/pl\/wp-json\/wp\/v2\/product\/68286556\/revisions"}],"wp:featuredmedia":[{"embeddable":true,"href":"https:\/\/kraftwerk-shop.cc\/pl\/wp-json\/wp\/v2\/media\/68286559"}],"wp:attachment":[{"href":"https:\/\/kraftwerk-shop.cc\/pl\/wp-json\/wp\/v2\/media?parent=68286556"}],"wp:term":[{"taxonomy":"product_brand","embeddable":true,"href":"https:\/\/kraftwerk-shop.cc\/pl\/wp-json\/wp\/v2\/product_brand?post=68286556"},{"taxonomy":"product_cat","embeddable":true,"href":"https:\/\/kraftwerk-shop.cc\/pl\/wp-json\/wp\/v2\/product_cat?post=68286556"},{"taxonomy":"product_tag","embeddable":true,"href":"https:\/\/kraftwerk-shop.cc\/pl\/wp-json\/wp\/v2\/product_tag?post=68286556"}],"curies":[{"name":"wp","href":"https:\/\/api.w.org\/{rel}","templated":true}]}}