{"id":68286844,"date":"2023-03-31T20:26:41","date_gmt":"2023-03-31T18:26:41","guid":{"rendered":"https:\/\/kraftwerk-shop.cc\/?post_type=product&#038;p=68286844"},"modified":"2026-02-15T00:49:01","modified_gmt":"2026-02-14T23:49:01","slug":"pedalbox-tuning-chevrolet-cadillac","status":"publish","type":"product","link":"https:\/\/kraftwerk-shop.cc\/pl\/produkt\/pedalbox-tuning-chevrolet-cadillac\/","title":{"rendered":"Pedal Commander dla Chevrolet, Cadillac, Buick, Vanderhall"},"content":{"rendered":"<h1 class=\"h2 product-single__title\">Tuner peda\u0142u przyspieszenia PC49 od Pedal Commander odpowiedni dla Chevrolet, Cadillac, Buick, Vanderhall<\/h1>\n<div class=\"product-single__description rte\">\n<p>&nbsp;<\/p>\n<p>Jest to sprytna skrzynka tuningowa peda\u0142u przyspieszenia, kt\u00f3ra nie ingeruje w zarz\u0105dzanie silnikiem, a jedynie prze\u0142\u0105cza si\u0119 mi\u0119dzy peda\u0142em przyspieszenia a d\u017awigni\u0105 przepustnicy.<\/p>\n<ul>\n<li>Funkcja Plug-and-Play: pojazd jest gotowy do ponownego u\u017cycia w ci\u0105gu zaledwie kilku minut, bez konieczno\u015bci posiadania specjalistycznej wiedzy.<\/li>\n<li>Gwarancja pojazdu pozostaje nienaruszona, nie jest to tuning silnika.<\/li>\n<li>Sterowanie odbywa si\u0119 za pomoc\u0105 przycisk\u00f3w na urz\u0105dzeniu lub aplikacji Pedal Commander na smartfonie.<\/li>\n<\/ul>\n<p>Do wyboru s\u0105 cztery r\u00f3\u017cne tryby jazdy (ECO, CITY, SPORT i SPORT+)<\/p>\n<ul>\n<li><strong>ECO-MODE:<\/strong> Jest to najbardziej idealny tryb do jazdy w z\u0142ych warunkach pogodowych i terenowych. Zapewnia najbezpieczniejsz\u0105 reakcj\u0119 przepustnicy. Ci\u0105g\u0142e korzystanie z trybu Eco pomaga oszcz\u0119dza\u0107 paliwo.<\/li>\n<li><strong>TRYB MIEJSKI:<\/strong>\u00a0Jest to tryb najbardziej zbli\u017cony do standardowej reakcji przepustnicy.<\/li>\n<li><strong>TRYB SPORT:<\/strong>\u00a0Tryb ten zapewnia dynamiczn\u0105 jazd\u0119.<\/li>\n<li><strong>TRYB SPORT<\/strong>Mo\u017ce by\u0107 r\u00f3wnie\u017c zdefiniowany jako tryb wy\u015bcigowy.<\/li>\n<\/ul>\n<\/div>\n<p>&nbsp;<\/p>\n<p><strong>Odpowiedni dla:<\/strong><\/p>\n<table width=\"749\">\n<tbody>\n<tr>\n<td width=\"262\"><strong>Marka <\/strong><\/td>\n<td width=\"158\"><strong>Model<br \/>\n<\/strong><\/td>\n<td width=\"134\"><strong>Wariant<\/strong><\/td>\n<td width=\"112\"><strong>Silnik<\/strong><\/td>\n<td width=\"83\"><strong>Rok<\/strong><\/td>\n<\/tr>\n<tr>\n<td width=\"262\">Cadillac<\/td>\n<td width=\"158\">CT6<\/td>\n<td width=\"134\">1. generacja<\/td>\n<td width=\"112\">2.0, 3.0, 3.6, 4.2<\/td>\n<td width=\"83\">2016 \u2013<\/td>\n<\/tr>\n<tr>\n<td width=\"262\">Cadillac<\/td>\n<td width=\"158\">CTS<\/td>\n<td width=\"134\">3. generacja<\/td>\n<td width=\"112\">2.0, 3.0, 3.6, 6.2<\/td>\n<td width=\"83\">2014\u20132019<\/td>\n<\/tr>\n<tr>\n<td width=\"262\">Chevrolet<\/td>\n<td width=\"158\">Camaro<\/td>\n<td width=\"134\">6. generacja<\/td>\n<td width=\"112\">2.0 Turbo, 3.6, 6.2<\/td>\n<td width=\"83\">2016 \u2013<\/td>\n<\/tr>\n<tr>\n<td width=\"262\">Chevrolet<\/td>\n<td width=\"158\">Corvette<\/td>\n<td width=\"134\">C8 - 8. generacja<\/td>\n<td width=\"112\">6.2<\/td>\n<td width=\"83\">2020 \u2013<\/td>\n<\/tr>\n<tr>\n<td width=\"262\">Chevrolet<\/td>\n<td width=\"158\">Corvette<\/td>\n<td width=\"134\">C7 - 7. generacja<\/td>\n<td width=\"112\">6.2<\/td>\n<td width=\"83\">2014\u20132019<\/td>\n<\/tr>\n<\/tbody>\n<\/table>\n<p>&nbsp;<\/p>\n<p><a href=\"https:\/\/kraftwerk-shop.cc\/wp-content\/uploads\/2023\/03\/Pedal_Commander_PC49_Fahrzeugliste.pdf\" target=\"_blank\" rel=\"noopener\"><strong>Pobierz pe\u0142n\u0105 list\u0119 pojazd\u00f3w Pedal Commander PC49<\/strong><\/a><\/p>\n<p>&nbsp;<\/p>\n<p><iframe loading=\"lazy\" title=\"Skrzynka tuningowa peda\u0142u przepustnicy \/ kontroler reakcji przepustnicy od Pedal Commander\" src=\"https:\/\/www.youtube.com\/embed\/q3iPV2YuwXU\" width=\"882\" height=\"496\" frameborder=\"0\" allowfullscreen=\"allowfullscreen\"><\/iframe><\/p>","protected":false},"excerpt":{"rendered":"<p>Tuner peda\u0142u przyspieszenia PC49 od Pedal Commander dla Chevrolet, Cadillac, Buick i Vanderhall Jest to inteligentny tuner dla Chevrolet, Cadillac, Buick i Vanderhall.<\/p>","protected":false},"featured_media":68286850,"comment_status":"open","ping_status":"closed","template":"","meta":{"_acf_changed":false},"product_brand":[],"product_cat":[4954,5233,3083,3135,3144],"product_tag":[1203,4845,4869,278,191,189,281,4012,1204,4864,4842,4844,2934,4871,4872,4841,4843,4879,186,4865,4873,4874,4601,4868,4870],"class_list":{"0":"post-68286844","1":"product","2":"type-product","3":"status-publish","4":"has-post-thumbnail","6":"product_cat-camaro-20-2016-2024","7":"product_cat-camaro-36-2016-2024","8":"product_cat-camaro-62-2016-zubehoer","9":"product_cat-corvette-c7-zubehoer","10":"product_cat-corvette-c8-zubehoer","11":"product_tag-ats","12":"product_tag-bluetooth","13":"product_tag-buick","14":"product_tag-cadillac","15":"product_tag-camaro","16":"product_tag-chevrolet","17":"product_tag-corvette","18":"product_tag-ct6","19":"product_tag-cts","20":"product_tag-gasannahmeregler","21":"product_tag-gaspedal","22":"product_tag-gaspedaltuning","23":"product_tag-harder","24":"product_tag-lacrosse","25":"product_tag-malibu","26":"product_tag-padal-box","27":"product_tag-pedal-commander","28":"product_tag-pedalbox","29":"product_tag-performance","30":"product_tag-powerbox","31":"product_tag-spark","32":"product_tag-speedster","33":"product_tag-throttle","34":"product_tag-throttle-booster","35":"product_tag-vanderhall","37":"first","38":"outofstock","39":"taxable","40":"shipping-taxable","41":"purchasable","42":"product-type-simple"},"bundled_by":[],"bundle_stock_status":"outofstock","bundle_stock_quantity":0,"bundle_virtual":false,"bundle_layout":"","bundle_add_to_cart_form_location":"","bundle_editable_in_cart":false,"bundle_sold_individually_context":"","bundle_item_grouping":"","bundle_min_size":"","bundle_max_size":"","bundle_price":[],"bundled_items":[],"bundle_sell_ids":[],"exclude_global_add_ons":[],"addons":[],"acf":[],"_links":{"self":[{"href":"https:\/\/kraftwerk-shop.cc\/pl\/wp-json\/wp\/v2\/product\/68286844","targetHints":{"allow":["GET"]}}],"collection":[{"href":"https:\/\/kraftwerk-shop.cc\/pl\/wp-json\/wp\/v2\/product"}],"about":[{"href":"https:\/\/kraftwerk-shop.cc\/pl\/wp-json\/wp\/v2\/types\/product"}],"replies":[{"embeddable":true,"href":"https:\/\/kraftwerk-shop.cc\/pl\/wp-json\/wp\/v2\/comments?post=68286844"}],"version-history":[{"count":0,"href":"https:\/\/kraftwerk-shop.cc\/pl\/wp-json\/wp\/v2\/product\/68286844\/revisions"}],"wp:featuredmedia":[{"embeddable":true,"href":"https:\/\/kraftwerk-shop.cc\/pl\/wp-json\/wp\/v2\/media\/68286850"}],"wp:attachment":[{"href":"https:\/\/kraftwerk-shop.cc\/pl\/wp-json\/wp\/v2\/media?parent=68286844"}],"wp:term":[{"taxonomy":"product_brand","embeddable":true,"href":"https:\/\/kraftwerk-shop.cc\/pl\/wp-json\/wp\/v2\/product_brand?post=68286844"},{"taxonomy":"product_cat","embeddable":true,"href":"https:\/\/kraftwerk-shop.cc\/pl\/wp-json\/wp\/v2\/product_cat?post=68286844"},{"taxonomy":"product_tag","embeddable":true,"href":"https:\/\/kraftwerk-shop.cc\/pl\/wp-json\/wp\/v2\/product_tag?post=68286844"}],"curies":[{"name":"wp","href":"https:\/\/api.w.org\/{rel}","templated":true}]}}