{"id":68286872,"date":"2023-04-01T19:50:10","date_gmt":"2023-04-01T17:50:10","guid":{"rendered":"https:\/\/kraftwerk-shop.cc\/?post_type=product&#038;p=68286872"},"modified":"2026-03-30T11:29:13","modified_gmt":"2026-03-30T09:29:13","slug":"zestaw-montazowy-klockow-hamulcowych-ram-dt-przod","status":"publish","type":"product","link":"https:\/\/kraftwerk-shop.cc\/pl\/produkt\/befestigungssatz-bremsbelaege-ram-dt-vorne\/","title":{"rendered":"Zestaw monta\u017cowy do klock\u00f3w hamulcowych RAM"},"content":{"rendered":"<h1>Zestaw monta\u017cowy klock\u00f3w hamulcowych do RAM 3.0 EcoDiesel, 3.6, 5.7 i 6.2 TRX (przednia o\u015b), od 2019 r.<\/h1>\n<p>&nbsp;<\/p>\n<p>Klipsy mo\u017cna zazwyczaj wykorzysta\u0107 ponownie.<br \/>\nJe\u015bli klocki hamulcowe grzechocz\u0105, wymiana zacisk\u00f3w mocuj\u0105cych mo\u017ce pom\u00f3c.<\/p>\n<p>&nbsp;<\/p>\n<p><strong>Odpowiedni dla:<\/strong><\/p>\n<table width=\"596\">\n<tbody>\n<tr>\n<td width=\"114\"><strong>Marka<\/strong><\/td>\n<td width=\"121\"><strong>Model<\/strong><\/td>\n<td width=\"122\"><strong>Silnik<\/strong><\/td>\n<td width=\"141\"><strong>Rok<\/strong><\/td>\n<td width=\"98\"><strong>Kod hamulca<\/strong><\/td>\n<\/tr>\n<tr>\n<td width=\"114\">RAM<\/td>\n<td width=\"121\">1500<\/td>\n<td width=\"122\">3.0 EcoDiesel<\/td>\n<td width=\"141\">2020\u20132023<\/td>\n<td>BNN<\/td>\n<\/tr>\n<tr>\n<td width=\"114\">RAM<\/td>\n<td width=\"121\">1500<\/td>\n<td width=\"122\">3.6<\/td>\n<td width=\"141\">2019\u20132024<\/td>\n<td>BNN<\/td>\n<\/tr>\n<tr>\n<td width=\"114\">RAM<\/td>\n<td width=\"121\">1500<\/td>\n<td width=\"122\">5.7<\/td>\n<td width=\"141\">2019\u20132024<\/td>\n<td>BNN<\/td>\n<\/tr>\n<tr>\n<td width=\"114\">RAM<\/td>\n<td width=\"121\">1500<\/td>\n<td width=\"122\">6.2 TRX<\/td>\n<td width=\"141\">2020\u20132024<\/td>\n<td>BNN<\/td>\n<\/tr>\n<\/tbody>\n<\/table>\n<p>&nbsp;<\/p>","protected":false},"excerpt":{"rendered":"<p>2019\u20132024<\/p>","protected":false},"featured_media":68286876,"comment_status":"open","ping_status":"closed","template":"","meta":{"_acf_changed":false},"product_brand":[],"product_cat":[19406,19677,5012,4704],"product_tag":[4508,169,91,101,946,4066,590,795,4875,2448,839,840,4878,86,4444,947,2353,842,841],"class_list":{"0":"post-68286872","1":"product","2":"type-product","3":"status-publish","4":"has-post-thumbnail","6":"product_cat-1500-ecodiesel-2020-2023-bremsen-vorne","7":"product_cat-1500-36-dt-bremsen-vorne","8":"product_cat-1500-57-dt-bremsen-vorne","9":"product_cat-trx-bremsen-vorne","10":"product_tag-3-0-ecodiesel","11":"product_tag-3-6","12":"product_tag-5-7","13":"product_tag-6-2","14":"product_tag-befestigung","15":"product_tag-befestigungssatz","16":"product_tag-bremsbelaege","17":"product_tag-bremse","18":"product_tag-bremsenklappern","19":"product_tag-bremsenkleinteile","20":"product_tag-bremsklotz","21":"product_tag-bremskloetze","22":"product_tag-klappern","23":"product_tag-ram","24":"product_tag-ram-trx","25":"product_tag-revision","26":"product_tag-trx","27":"product_tag-vorderachse","28":"product_tag-vorne","30":"first","31":"instock","32":"taxable","33":"shipping-taxable","34":"purchasable","35":"product-type-simple"},"bundled_by":[],"bundle_stock_status":"instock","bundle_stock_quantity":4,"bundle_virtual":false,"bundle_layout":"","bundle_add_to_cart_form_location":"","bundle_editable_in_cart":false,"bundle_sold_individually_context":"","bundle_item_grouping":"","bundle_min_size":"","bundle_max_size":"","bundle_price":[],"bundled_items":[],"bundle_sell_ids":[],"exclude_global_add_ons":[],"addons":[],"acf":[],"_links":{"self":[{"href":"https:\/\/kraftwerk-shop.cc\/pl\/wp-json\/wp\/v2\/product\/68286872","targetHints":{"allow":["GET"]}}],"collection":[{"href":"https:\/\/kraftwerk-shop.cc\/pl\/wp-json\/wp\/v2\/product"}],"about":[{"href":"https:\/\/kraftwerk-shop.cc\/pl\/wp-json\/wp\/v2\/types\/product"}],"replies":[{"embeddable":true,"href":"https:\/\/kraftwerk-shop.cc\/pl\/wp-json\/wp\/v2\/comments?post=68286872"}],"version-history":[{"count":0,"href":"https:\/\/kraftwerk-shop.cc\/pl\/wp-json\/wp\/v2\/product\/68286872\/revisions"}],"wp:featuredmedia":[{"embeddable":true,"href":"https:\/\/kraftwerk-shop.cc\/pl\/wp-json\/wp\/v2\/media\/68286876"}],"wp:attachment":[{"href":"https:\/\/kraftwerk-shop.cc\/pl\/wp-json\/wp\/v2\/media?parent=68286872"}],"wp:term":[{"taxonomy":"product_brand","embeddable":true,"href":"https:\/\/kraftwerk-shop.cc\/pl\/wp-json\/wp\/v2\/product_brand?post=68286872"},{"taxonomy":"product_cat","embeddable":true,"href":"https:\/\/kraftwerk-shop.cc\/pl\/wp-json\/wp\/v2\/product_cat?post=68286872"},{"taxonomy":"product_tag","embeddable":true,"href":"https:\/\/kraftwerk-shop.cc\/pl\/wp-json\/wp\/v2\/product_tag?post=68286872"}],"curies":[{"name":"wp","href":"https:\/\/api.w.org\/{rel}","templated":true}]}}